{"id":15596,"date":"2012-10-11T15:25:29","date_gmt":"2012-10-11T15:25:29","guid":{"rendered":"http:\/\/www.labeljoy.com\/?page_id=15596"},"modified":"2020-06-07T13:01:56","modified_gmt":"2020-06-07T13:01:56","slug":"wiretransfer-de","status":"publish","type":"page","link":"https:\/\/www.labeljoy.com\/de\/shop-de\/wiretransfer-de\/","title":{"rendered":"Wire Transfer DE"},"content":{"rendered":"\t<h2 class=\"entry-title\">Vielen Dank f\u00fcr Ihren Einkauf!<\/h2>\n    <p>Ihre Bestellung  wurde erfolgreich aufgenommen; Sie haben als Zahlungsmethode \u00dcberweisung gew\u00e4hlt, daher wird Ihre Bestellung manuell bearbeitet sobald die Zahlung eingegangen ist.<\/p>\n<p>\tFirmenname: Delivery Tech Corp.<br \/>\nFirmenanschrift: 4411 Morena Blvd #230 San Diego, CA 92117<br \/>\nKontonummer: 610777168<br \/>\nRouting: 322271627<br \/>\nSwift: CHASUS33<br \/>\nBank: Chase, <\/p>\n<p>Bitte senden Sie eine Kopie des \u00dcberweisungsauftrages an:<br \/>\nE-Mail: bank@labeljoy.com<\/p>\n<p>\t<br \/>Wenn Sie keine Best\u00e4tigungsmail von uns erhalten haben, pr\u00fcfen Sie bitte auch Ihre Spamordner. <br \/>\n<strong>Bitte achten Sie darauf, Ihre Bestellnummer anzugeben<\/strong> \u00a0wenn Sie von Ihrem Bankkonto bezahlen, damit wir Ihre Zahlung richtig zuordnen k\u00f6nnen.<\/p>\n<p>\tBeachten Sie bitte, dass bei internationalen Zahlungen \u00fcblicherweise 4 bis 6 Tage ben\u00f6tigt werden, bis das Geld \u00fcbertragen ist. Sobald Ihre Zahlung auf unserem Konto eingegangen ist, werden wir Ihnen die Lizenzschl\u00fcssel und Ihre Rechnung zusenden.<\/p>","protected":false},"excerpt":{"rendered":"Vielen Dank f\u00fcr Ihren Einkauf! Ihre Bestellung wurde erfolgreich aufgenommen; Sie haben als Zahlungsmethode \u00dcberweisung gew\u00e4hlt, daher wird Ihre Bestellung manuell bearbeitet sobald die Zahlung eingegangen ist. Firmenname: Firmenanschrift: Delivery Tech Corp. Kontonummer: 4411 Morena Blvd #230 San Diego, CA 92117 Routing: 610777168 Swift: 322271627 Bank: CHASUS33 Bitte senden Sie eine Kopie des \u00dcberweisungsauftrages an: ... <a title=\"Wire Transfer DE\" class=\"read-more\" href=\"https:\/\/www.labeljoy.com\/de\/shop-de\/wiretransfer-de\/\" aria-label=\"Mehr Informationen \u00fcber Wire Transfer DE\">Read more<\/a>","protected":false},"author":2,"featured_media":0,"parent":15445,"menu_order":19,"comment_status":"open","ping_status":"closed","template":"","meta":{"inline_featured_image":false,"_monsterinsights_skip_tracking":false,"_monsterinsights_sitenote_active":false,"_monsterinsights_sitenote_note":"","_monsterinsights_sitenote_category":0,"footnotes":""},"class_list":{"0":"post-15596","1":"page","2":"type-page","3":"status-publish","5":"infinite-scroll-item"},"aioseo_notices":[],"_links":{"self":[{"href":"https:\/\/www.labeljoy.com\/de\/wp-json\/wp\/v2\/pages\/15596","targetHints":{"allow":["GET"]}}],"collection":[{"href":"https:\/\/www.labeljoy.com\/de\/wp-json\/wp\/v2\/pages"}],"about":[{"href":"https:\/\/www.labeljoy.com\/de\/wp-json\/wp\/v2\/types\/page"}],"author":[{"embeddable":true,"href":"https:\/\/www.labeljoy.com\/de\/wp-json\/wp\/v2\/users\/2"}],"replies":[{"embeddable":true,"href":"https:\/\/www.labeljoy.com\/de\/wp-json\/wp\/v2\/comments?post=15596"}],"version-history":[{"count":3,"href":"https:\/\/www.labeljoy.com\/de\/wp-json\/wp\/v2\/pages\/15596\/revisions"}],"predecessor-version":[{"id":33070,"href":"https:\/\/www.labeljoy.com\/de\/wp-json\/wp\/v2\/pages\/15596\/revisions\/33070"}],"up":[{"embeddable":true,"href":"https:\/\/www.labeljoy.com\/de\/wp-json\/wp\/v2\/pages\/15445"}],"wp:attachment":[{"href":"https:\/\/www.labeljoy.com\/de\/wp-json\/wp\/v2\/media?parent=15596"}],"curies":[{"name":"wp","href":"https:\/\/api.w.org\/{rel}","templated":true}]}}