{"id":15830,"date":"2013-05-22T13:41:24","date_gmt":"2013-05-22T13:41:24","guid":{"rendered":"http:\/\/www.labeljoy.com\/?page_id=15830"},"modified":"2023-03-09T08:22:41","modified_gmt":"2023-03-09T08:22:41","slug":"code-39-de","status":"publish","type":"page","link":"https:\/\/www.labeljoy.com\/de\/unterstutzung\/barcode-guide\/code-39-de\/","title":{"rendered":"Code 39"},"content":{"rendered":"<h1>Code 39 Barcode-Generator<\/h1>\n<blockquote><p>Der <strong>Code 39-Barcode<\/strong>, auch bekannt als Code 3 of 9 oder Code 3\/9, ist eine Art von linearem Barcode, der eine Kombination von Strichen und Leerzeichen zur Darstellung von Daten verwendet.<\/p><\/blockquote>\n<p>Er wird &#8220;3 aus 9&#8221; genannt, weil jedes Symbol im Code aus neun Elementen besteht, von denen drei Balken und sechs Leerzeichen sind. Jedes Zeichen im <strong>Code 39-Barcode<\/strong> wird durch eine einzigartige Kombination von Strichen und Leerzeichen dargestellt, und der Code kann Buchstaben, Zahlen und eine Reihe von Sonderzeichen enthalten.<\/p>\n<p>Der Code 39-Barcode wird nach wie vor in vielen Bereichen eingesetzt, z. B. in der <strong>Bestandsverwaltung<\/strong>, der <strong>Produktverfolgung<\/strong>, dem <strong>Versand<\/strong> und der <strong>Logistik<\/strong>. Er ist leicht zu lesen und zu dekodieren, und viele Drucker k\u00f6nnen Code 39-Barcodes direkt auf Dokumente drucken.<\/p>\n<p>Der Code 39-Barcode hat jedoch einige Einschr\u00e4nkungen, wie z. B. kann er nur eine relativ kleine Anzahl von Zeichen enthalten und es m\u00fcssen Leerzeichen zwischen den Zeichen vorhanden sein, um die Lesbarkeit zu gew\u00e4hrleisten. Aus diesem Grund wurde der Barcode <strong><a href=\"https:\/\/www.labeljoy.com\/de\/unterstutzung\/barcode-guide\/code-128-de\/\" title=\"Barcode Code 128\">Code 128<\/a><\/strong> entwickelt, der eine h\u00f6here Informationsdichte aufweist und mehr Zeichen enthalten kann.<\/p>\n<figure style=\"width: 245px\" class=\"wp-caption alignleft\"><img decoding=\"async\" alt=\"Code 39 Symbol\" src=\"http:\/\/www.labeljoy.com\/images\/barcodes\/code39_symbol.png\" width=\"255\" height=\"121\"><figcaption class=\"wp-caption-text\">Code 39 Symbol<\/figcaption><\/figure>\n<p>Um einen <strong>Code 39 Barcode zu generieren<\/strong>, k\u00f6nnen Sie in LabelJoy bis zu 255 Zeichen eingeben.<br \/>\nGeben Sie den Text in die TextBox ein und dr\u00fccken Sie die Enter-Taste um <em>Code 39 Bars zu generieren<\/em>.<\/p>\n<div class=\"column-clear\"><\/div>\n<h2>Code 39 symbol<\/h2>\n<p>Die Code 39 Barcodes k\u00f6nnen eine zus\u00e4tzliche <strong>optionale Pr\u00fcfziffer<\/strong> beinhalten. Die Pr\u00fcfziffer kann in den Barcode integriert werden, und <strong>optional <\/strong>auch im visuell lesbaren Text angezeigt werden.<\/p>\n<p>Definieren Sie Pr\u00fcfzifferneinstellungen \u00fcber das Kombinationsfeld <strong>Pr\u00fcfsumme<\/strong>. FF\u00fcr weitere Informationen sehen Sie sich das <a href=\"http:\/\/www.labeljoy.com\/de\/video-support\/strichcodes-und-qr-codes-generieren\/\" title=\"Strichcodes und QR-Codes generieren\">Video \u00fcber die Erstellung von Barcodes<\/a> an.<\/p>\n<div class=\"one_half\">\n<figure style=\"width: 270px\" class=\"wp-caption aligncenter\"><img decoding=\"async\" alt=\"Code 39 mit einer im Text angezeigten Pr\u00fcfziffer\" src=\"http:\/\/www.labeljoy.com\/images\/barcodes\/code39_check_digit.png\" width=\"280\" height=\"121\"><figcaption class=\"wp-caption-text\">Code 39 mit einer im Text angezeigten Pr\u00fcfziffer<\/figcaption><\/figure>\n<\/div>\n<div class=\"one_half\">\n<figure style=\"width: 270px\" class=\"wp-caption aligncenter\"><img decoding=\"async\" alt=\"Code 39 mit einer nicht im Text angezeigten Pr\u00fcfziffer\" src=\"http:\/\/www.labeljoy.com\/images\/barcodes\/code39_no_check_digit.png\" width=\"280\" height=\"121\"><figcaption class=\"wp-caption-text\">Code 39 mit einer nicht im Text angezeigten Pr\u00fcfziffer<\/figcaption><\/figure>\n<\/div>\n<div class=\"column-clear\"><\/div>\n<p>Code 39 kann erweitert werden, um <strong>alle ASCII-Zeichen unter 128<\/strong> zu verwenden, inklusive Kleinbuchstaben. Aktivieren sie den Haken unter <strong>Vollst\u00e4ndige Kodierung<\/strong> um den vollst\u00e4ndigen ASCII-Modus zu erm\u00f6glichen.<br \/>\nDer vollst\u00e4ndige ASCII-Modus geht zu Lasten der L\u00e4nge des Barcodes.<\/p>\n<figure style=\"width: 631px\" class=\"wp-caption aligncenter\"><img decoding=\"async\" alt=\"Code 39 in vollst\u00e4ndigem ASCII-Modus\" src=\"http:\/\/www.labeljoy.com\/images\/barcodes\/code39_ASCII.png\" width=\"641\" height=\"123\"><figcaption class=\"wp-caption-text\">Code 39 in vollst\u00e4ndigem ASCII-Modus.<\/figcaption><\/figure>\n<div class=\"tt-notification tip\"><p style=\"font-size:12px;\"> Textverkn\u00fcpfung:<br \/>\nWenn ein <strong>Code 39 Barcode durch Verkn\u00fcpfung von Feldern<\/strong> oder Z\u00e4hlern erstellt wird gelten die folgenden Regeln:<\/p>\n<ul class=\"barcode-ul\">\n<li>Im Standardmodus darf der zu kodierende Text nur Gro\u00dfbuchstaben (A bis Z), Ziffern (0 bis 9) und ein oder mehrere erlaubte Sonderzeichen (-,., $, \/, +,% und Leerzeichen) enthalten.<\/li>\n<li>Im Full-ASCII-Modus kann der zu kodierende Text beliebige Zeichen bis ASCII 127 enthalten.<\/li>\n<\/ul>\n<p>Wenn ein Wert gefunden wird, der den obigen Regeln nicht entspricht, wird der Barcode nicht angezeigt.<br \/>\n<\/p><\/div>\n<p>Der visuell lesbare Text kann auch \u00fcber dem Symbol angezeigt oder ausgeblendet werden, entsprechend der im Kombinationsfeld Text angegebenen Einstellung.<\/p>\n<div class=\"one_half\">\n<figure style=\"width: 245px\" class=\"wp-caption aligncenter\"><img decoding=\"async\" alt=\"Code 39 mit Text \u00fcberhalb des Symbols\" src=\"http:\/\/www.labeljoy.com\/images\/barcodes\/code39_above_symbol.png\" width=\"255\" height=\"121\"><figcaption class=\"wp-caption-text\">Code 39 mit Text \u00fcberhalb des Symbols<\/figcaption><\/figure>\n<\/div>\n<div class=\"one_half\">\n<figure style=\"width: 245px\" class=\"wp-caption aligncenter\"><img decoding=\"async\" alt=\"Code 39 mit verstecktem Text\" src=\"http:\/\/www.labeljoy.com\/images\/barcodes\/code39_hidden_text.png\" width=\"255\" height=\"124\"><figcaption class=\"wp-caption-text\">Code 39 mit verstecktem Text<\/figcaption><\/figure>\n<\/div>\n<div class=\"hr hr-dotted\">&nbsp;<\/div>\n<div class=\"one_half\">\n<p style=\"text-align: right\"><a href=\"\/de\/kauf\/\" class=\"large blue tt-button\" target=\"_self\"> Code 39-Generator Kaufen <\/a>\n<\/div>\n<div class=\"one_half\">\n<p style=\"text-align: left\">&nbsp;&nbsp;&nbsp;&nbsp; <a href=\"\/de\/download-de\/\" class=\"large green tt-button\" target=\"_self\"> Version kostenlos herunterladen <\/a>\n<\/div>\n","protected":false},"excerpt":{"rendered":"<p>Code 39 Barcode-Generator Der Code 39-Barcode, auch bekannt als Code 3 of 9 oder Code 3\/9, ist eine Art von linearem Barcode, der eine Kombination von Strichen und Leerzeichen zur Darstellung von Daten verwendet. Er wird &#8220;3 aus 9&#8221; genannt, weil jedes Symbol im Code aus neun Elementen besteht, von denen drei Balken und sechs &#8230; <a title=\"Code 39\" class=\"read-more\" href=\"https:\/\/www.labeljoy.com\/de\/unterstutzung\/barcode-guide\/code-39-de\/\" aria-label=\"Mehr Informationen \u00fcber Code 39\">Read more<\/a><\/p>\n","protected":false},"author":1,"featured_media":0,"parent":2342,"menu_order":0,"comment_status":"open","ping_status":"closed","template":"","meta":{"inline_featured_image":false,"_monsterinsights_skip_tracking":false,"_monsterinsights_sitenote_active":false,"_monsterinsights_sitenote_note":"","_monsterinsights_sitenote_category":0,"footnotes":""},"class_list":{"0":"post-15830","1":"page","2":"type-page","3":"status-publish","5":"infinite-scroll-item"},"aioseo_notices":[],"_links":{"self":[{"href":"https:\/\/www.labeljoy.com\/de\/wp-json\/wp\/v2\/pages\/15830","targetHints":{"allow":["GET"]}}],"collection":[{"href":"https:\/\/www.labeljoy.com\/de\/wp-json\/wp\/v2\/pages"}],"about":[{"href":"https:\/\/www.labeljoy.com\/de\/wp-json\/wp\/v2\/types\/page"}],"author":[{"embeddable":true,"href":"https:\/\/www.labeljoy.com\/de\/wp-json\/wp\/v2\/users\/1"}],"replies":[{"embeddable":true,"href":"https:\/\/www.labeljoy.com\/de\/wp-json\/wp\/v2\/comments?post=15830"}],"version-history":[{"count":5,"href":"https:\/\/www.labeljoy.com\/de\/wp-json\/wp\/v2\/pages\/15830\/revisions"}],"predecessor-version":[{"id":39655,"href":"https:\/\/www.labeljoy.com\/de\/wp-json\/wp\/v2\/pages\/15830\/revisions\/39655"}],"up":[{"embeddable":true,"href":"https:\/\/www.labeljoy.com\/de\/wp-json\/wp\/v2\/pages\/2342"}],"wp:attachment":[{"href":"https:\/\/www.labeljoy.com\/de\/wp-json\/wp\/v2\/media?parent=15830"}],"curies":[{"name":"wp","href":"https:\/\/api.w.org\/{rel}","templated":true}]}}