{"id":16150,"date":"2013-06-10T15:42:19","date_gmt":"2013-06-10T15:42:19","guid":{"rendered":"http:\/\/www.labeljoy.com\/?page_id=16150"},"modified":"2026-03-06T08:28:31","modified_gmt":"2026-03-06T08:28:31","slug":"software-zur-barcode-generierung","status":"publish","type":"page","link":"https:\/\/www.labeljoy.com\/de\/software-zur-barcode-generierung\/","title":{"rendered":"Barcode-Software"},"content":{"rendered":"<h1>Labeljoy Barcode-Software<\/h1>\n<p>LabelJoy ist eine <strong>professionelle Barcode-Software<\/strong>, die Benutzern erm\u00f6glicht, Barcodes und QR Codes einfach und schnell zu erstellen.<\/p>\n<ul>\n<li>Erstellen Sie <a title=\"Arten von Barcodes\" href=\"http:\/\/www.labeljoy.com\/de\/unterstutzung\/barcode-guide\/\">21 Arten von Barcodes<\/a> (1D und 2D Codes)<\/li>\n<li>Importieren Sie Barcodes aus externen Datenbanken (Excel, MySQL, txt, Access,\u2026)<\/li>\n<li>Automatische Errechnung von Pr\u00fcfsummen<\/li>\n<\/ul>\n<p>Erstellen Sie ganz einfach <strong>Barcodes die Sie brauchen und drucken Sie Etiketten aus<\/strong>. W\u00e4hlen Sie die Art des Barcodes, geben Sie die Ziffern des Codes ein, und klicken Sie auf \u201cOK\u201d. Anschlie\u00dfend k\u00f6nnen Sie Labels drucken oder exportieren.<\/p>\n<p style=\"text-align: center;\"><a class=\"jumbo green tt-button\" title=\"Downlaod Barcode software\" href=\"http:\/\/www.labeljoy.com\/de\/download-de\/\" target=\"_self\" rel=\"noopener noreferrer\">\u00a0 \u00a0 \u00a0 JETZT KOSTENLOS HERUNTERLADEN \u00a0 \u00a0 \u00a0<\/a><\/p>\n<div class=\"hr hr-solid\" style=\"margin-top: 1em; margin-bottom: 3em;\"><\/div>\n<h2>Mit Labeljoy Barcodes erstellen<\/h2>\n<p><em>Die Labeljoy-Software zur Erstellung von Barcodes<\/em> beinhaltet Funktionen die Ihnen erlauben, personalisierte Barcodes und Etiketten f\u00fcr jede Art von Unternehmen zu erstellen. Mit der Barcode-Label-Software k\u00f6nnen Sie sowohl lineare als auch 2D Codes erstellen (genauer gesagt 13 lineare Barcodes und 4 2D Barcodes, wie QR Codes).<\/p>\n<p><a title=\"Labeljoy barcode generator\" href=\"http:\/\/www.labeljoy.com\/images\/barcode-software\/de\/barcode-generator-b.jpg\"><img decoding=\"async\" width=\"1092\" height=\"608\" style=\"max-width: 80%; margin-left: 10%; margin-right: 10%;\" src=\"http:\/\/www.labeljoy.com\/images\/barcode-software\/de\/barcode-generator-b.jpg\" alt=\"Labeljoy barcode generator\" \/><br \/>\n<\/a><br \/>\nMit diesen einfachen Schritten k\u00f6nnen Sie mit Labeljoy Barcodes erstellen:<\/p>\n<ol>\n<li>\u00d6ffnen Sie Labeljoy und doppelklicken Sie auf den Barcode.<\/li>\n<li>W\u00e4hlen Sie die Art von Barcode aus, die Sie erstellen m\u00f6chten.<\/li>\n<li>Tragen Sie den alphanumerischen Code ein, der erstellt werden soll.<\/li>\n<li>Sobald Sie auf \u201cOK\u201d klicken, generiert die Software den Barcode.<\/li>\n<\/ol>\n<p>F\u00fcr weitere Informationen empfehlen wir unser Video-Tutorial \u201c<a title=\"Strichcodes und QR-Codes generieren\" href=\"https:\/\/www.labeljoy.com\/de\/video\/barcode-und-qr-code-generieren\/\">Wie man Barcodes und QR Codes erstellt<\/a>\u201c.<\/p>\n<div class=\"hr hr-solid\" style=\"margin-top: 1em; margin-bottom: 3em;\"><\/div>\n<div class=\"one_third\">\n<div class=\"img-frame full-fourth\">\n<div class=\"lightbox-zoom\"><a class=\"hover-item\" title=\"Barcode Label Software\" href=\"http:\/\/www.labeljoy.com\/images\/barcode-software\/de\/barcode-label-software.jpg\" data-gal=\"prettyPhoto[software-barcode]\"><img decoding=\"async\" width=\"1920\" height=\"1040\" src=\"http:\/\/www.labeljoy.com\/images\/barcode-software\/de\/barcode-label-software.jpg\" alt=\"Barcode Label Software\" \/><\/a><\/div>\n<\/div>\n<\/div>\n<div class=\"one_third\">\n<div class=\"img-frame full-fourth\">\n<div class=\"lightbox-zoom\"><a class=\"hover-item\" title=\"Diese Art Barcodes k\u00f6nnen Labeljoy erzeugen\" href=\"http:\/\/www.labeljoy.com\/images\/barcode-software\/de\/barcode-generator-software.jpg\" data-gal=\"prettyPhoto[software-barcode]\"><img decoding=\"async\" width=\"1920\" height=\"1040\" src=\"http:\/\/www.labeljoy.com\/images\/barcode-software\/de\/barcode-generator-software.jpg\" alt=\"Diese Art Barcodes k\u00f6nnen Labeljoy erzeugen\" \/><\/a><\/div>\n<\/div>\n<\/div>\n<div class=\"one_third\">\n<div class=\"img-frame full-fourth\">\n<div class=\"lightbox-zoom\"><a class=\"hover-item\" title=\"Beispiel Preisetiketten mit Barcode\" href=\"http:\/\/www.labeljoy.com\/images\/barcode-software\/de\/price-tag-barcode.jpg\" data-gal=\"prettyPhoto[software-barcode]\"><img decoding=\"async\" width=\"1332\" height=\"1040\" src=\"http:\/\/www.labeljoy.com\/images\/barcode-software\/de\/price-tag-barcode.jpg\" alt=\"Beispiel Preisetiketten mit Barcode\" \/><\/a><\/div>\n<\/div>\n<\/div>\n<p style=\"text-align: right;\"><a title=\"Screenshots von der Barcode Software\" href=\"http:\/\/www.labeljoy.com\/screenshots\/\">Mehr Screenshots von der Barcode Software &gt;&gt;&gt;<\/a><\/p>\n<p style=\"text-align: center;\"><a class=\"jumbo green tt-button\" href=\"http:\/\/www.labeljoy.com\/de\/download-de\/\" target=\"_self\" rel=\"noopener noreferrer\">\u00a0 \u00a0 \u00a0 SOFTWARE JETZT HERUNTERLADEN \u00a0 \u00a0 \u00a0<\/a><\/p>\n<div class=\"hr hr-solid\" style=\"margin-top: 1em; margin-bottom: 3em;\"><\/div>\n<h3>Funktionen zur Barcode-Erstellung<\/h3>\n<p>Mit LabelJoy k\u00f6nnen Sie Barcodes f\u00fcr jedes Einsatzgebiet und jede Art von Etikett erstellen, wie Etiketten f\u00fcr <a title=\"Wein etikett\" href=\"http:\/\/www.labeljoy.com\/de\/vorlagen\/wein-etikett\/\">Weinflaschen<\/a>, <a title=\"Flasche\" href=\"http:\/\/www.labeljoy.com\/de\/vorlagen\/flaschenetiketten\/\">Flaschenetiketten<\/a>, <a title=\"Strichcode Preis\" href=\"http:\/\/www.labeljoy.com\/de\/vorlagen\/strichcode-preisschild\/\">Preisschilder<\/a> und alle Arten von Labels, die einen Barcode ben\u00f6tigen. Hier finden Sie unsere Sammlung von <a title=\"Vorlagen\" href=\"http:\/\/www.labeljoy.com\/de\/vorlagen\/\">Vorlagen f\u00fcr Etiketten<\/a>.<\/p>\n<div class=\"one_half\">\n<p class=\"tt-icon icon-barcode\"><strong><a title=\"Kostenloser Online-Barcode-Generator\" href=\"https:\/\/www.labeljoy.com\/barcode-generieren-kostenlos\/\">BARCODES ERSTELLEN<\/a><\/strong><br \/>\nLabelJoy kann 21 verschiedene Arten von Barcodes erstellen: Code 39, Code 128, EAN 128, UPC code, Datamatrix, und viele andere Barcodes.<\/p>\n<\/div>\n<div class=\"one_half\">\n<p class=\"tt-icon icon-export\"><strong>BARCODES EXPORTIEREN<\/strong><br \/>\nSie k\u00f6nnen die erstellten Barcodes in die g\u00e4ngigen <a title=\"Externe Datenquellen verbinden\" href=\"http:\/\/www.labeljoy.com\/de\/video-support\/externe-datenquellen-verbinden\/\">Dateiformate exportieren<\/a>, wie zum Beispiel pdf, jpg, gif, png, tiff und ico.<\/p>\n<\/div>\n<div class=\"hr hr-dotted\">&nbsp;<\/div>\n<div class=\"one_half\">\n<p class=\"tt-icon icon-db2\"><strong>AUS DATENBANKEN ERSTELLEN<\/strong><br \/>\nSie k\u00f6nnen Barcodes aus externen Datenbanken importieren, wie zum Beispiel Excel, Access, Outlook, SQLite, csv, txt, wk1-2-3, Sql Server, MySQL, Oracle.<\/p>\n<\/div>\n<div class=\"one_half\">\n<p class=\"tt-icon icon-printer\"><strong>CODES DRUCKEN<\/strong><br \/>\nMit der LabelJoy Software k\u00f6nnen Sie Barcodes mit <a title=\"etikettendrucker\" href=\"http:\/\/www.labeljoy.com\/de\/video-support\/etikettendrucker-drucken\/\">Rollendruckern<\/a> oder normalen Standarddruckern drucken. Hierbei haben Sie die Wahl zwischen voreingestellten Vorlagen und Ihrer pers\u00f6nlichen Gestaltung.<\/p>\n<\/div>\n","protected":false},"excerpt":{"rendered":"<p>Labeljoy Barcode-Software LabelJoy ist eine professionelle Barcode-Software, die Benutzern erm\u00f6glicht, Barcodes und QR Codes einfach und schnell zu erstellen. Erstellen Sie 21 Arten von Barcodes (1D und 2D Codes) Importieren Sie Barcodes aus externen Datenbanken (Excel, MySQL, txt, Access,\u2026) Automatische Errechnung von Pr\u00fcfsummen Erstellen Sie ganz einfach Barcodes die Sie brauchen und drucken Sie Etiketten &#8230; <a title=\"Barcode-Software\" class=\"read-more\" href=\"https:\/\/www.labeljoy.com\/de\/software-zur-barcode-generierung\/\" aria-label=\"Mehr Informationen \u00fcber Barcode-Software\">Read more<\/a><\/p>\n","protected":false},"author":1,"featured_media":0,"parent":0,"menu_order":2,"comment_status":"closed","ping_status":"closed","template":"","meta":{"inline_featured_image":false,"_monsterinsights_skip_tracking":false,"_monsterinsights_sitenote_active":false,"_monsterinsights_sitenote_note":"","_monsterinsights_sitenote_category":0,"footnotes":""},"class_list":{"0":"post-16150","1":"page","2":"type-page","3":"status-publish","5":"infinite-scroll-item"},"aioseo_notices":[],"_links":{"self":[{"href":"https:\/\/www.labeljoy.com\/de\/wp-json\/wp\/v2\/pages\/16150","targetHints":{"allow":["GET"]}}],"collection":[{"href":"https:\/\/www.labeljoy.com\/de\/wp-json\/wp\/v2\/pages"}],"about":[{"href":"https:\/\/www.labeljoy.com\/de\/wp-json\/wp\/v2\/types\/page"}],"author":[{"embeddable":true,"href":"https:\/\/www.labeljoy.com\/de\/wp-json\/wp\/v2\/users\/1"}],"replies":[{"embeddable":true,"href":"https:\/\/www.labeljoy.com\/de\/wp-json\/wp\/v2\/comments?post=16150"}],"version-history":[{"count":19,"href":"https:\/\/www.labeljoy.com\/de\/wp-json\/wp\/v2\/pages\/16150\/revisions"}],"predecessor-version":[{"id":45162,"href":"https:\/\/www.labeljoy.com\/de\/wp-json\/wp\/v2\/pages\/16150\/revisions\/45162"}],"wp:attachment":[{"href":"https:\/\/www.labeljoy.com\/de\/wp-json\/wp\/v2\/media?parent=16150"}],"curies":[{"name":"wp","href":"https:\/\/api.w.org\/{rel}","templated":true}]}}