{"id":16157,"date":"2013-09-25T08:46:42","date_gmt":"2013-09-25T08:46:42","guid":{"rendered":"http:\/\/www.labeljoy.com\/?page_id=16157"},"modified":"2020-12-07T17:08:20","modified_gmt":"2020-12-07T17:08:20","slug":"runde-etiketten","status":"publish","type":"page","link":"https:\/\/www.labeljoy.com\/de\/vorlagen\/runde-etiketten\/","title":{"rendered":"Runde Etiketten"},"content":{"rendered":"<h1>Vorlagen f\u00fcr runde Etiketten<\/h1>\n<p><strong>Runde Etiketten<\/strong> verleihen Ihrem Produkt einen originellen und professionellen Aspekt und werden oft als <a href=\"http:\/\/www.labeljoy.com\/de\/vorlagen\/aufkleber\/\" title=\"Aufkleber\">Aufkleberetiketten<\/a> verwendet um spezielle Aufmerksamkeit auf ein Produkt zu lenken.<\/p>\n<p>Laden Sie <strong>kostenlos Vorlagen f\u00fcr runde Etiketten<\/strong> herunter und drucken Sie die Etiketten einfach mit einem Standard- oder Etikettendrucker. Sie k\u00f6nnen die Gr\u00f6\u00dfe der runden Etiketten jederzeit \u00e4ndern, um sie Ihren Bed\u00fcrfnissen anzupassen.<\/p>\n<h2>Gestalten und drucken Sie Ihre eigenen runden Etiketten.<\/h2>\n<p>H\u00e4ufig werden runde Etiketten f\u00fcr die Etikettierung von <a href=\"http:\/\/www.labeljoy.com\/de\/vorlagen\/kosmetiketiketten\/\" title=\"Kosmetika zu beschriften\">Kosmetika<\/a>&lt;!&#8211;, als <a href=\"http:\/\/www.labeljoy.com\/de\/vorlagen\/kleidungsschilde\/\" title=\"Kleidung\">Preisschilder f\u00fcr Kleidung<\/a>&#8211;&gt;, Sonderaktionen, <a href=\"http:\/\/www.labeljoy.com\/de\/vorlagen\/geschenkkarten\/\" title=\"Geschenk\">Geschenkanh\u00e4ngern<\/a>, Hochzeiten und vielen anderen speziellen Verpackungsarten verwendet.<\/p>\n<h3>Vorlagen f\u00fcr runde Etiketten<\/h3>\n<p>Mit LabelJoy k\u00f6nnen Sie aus einem der <strong>6500 vorinstallierten Layouts der wichtigsten Etikettenhersteller<\/strong> w\u00e4hlen oder selbst Dimensionen, Rahmen und Seitenr\u00e4nder manuell einstellen.<\/p>\n<p>Zu den vorinstallierten Layouts geh\u00f6ren auch die <em>einfachen runden Etiketten<\/em> von Avery. Damit k\u00f6nnen Sie Etikettenb\u00f6gen der Marke Avery verwenden und mit LabelJoy &#8211; der besten Etikettensoftware &#8211; Ihre eigenen, benutzerdefinierten runden Etiketten gestalten.<\/p>\n<div class=\"one_third\"> <div class=\"img-frame full-fourth\"><div class=\"lightbox-zoom\"><a title=\"Shop runde Etiketten\" href=\"http:\/\/www.labeljoy.com\/label-templates\/round\/round1b.jpg\" data-gal=\"prettyPhoto[runde]\" class=\"hover-item\"><img decoding=\"async\" width=\"197\" height=\"133\" alt=\"Shop runde Etiketten\" src=\"https:\/\/www.labeljoy.com\/wp-content\/plugins\/sterling-shortcodes\/\/timthumb\/timthumb.php?src=http:\/\/www.labeljoy.com\/label-templates\/round\/round1s.jpg&#038;h=133&#038;w=197\"><\/a><\/div><\/div>\n<p style=\"text-align: center\"><a href=\"http:\/\/www.labeljoy.com\/label-templates\/round\/round1.lpa\" class=\"small white tt-button\" target=\"_self\"> Herunterladen <\/a>\n<\/div>\n<div class=\"one_third\"> <div class=\"img-frame full-fourth\"><div class=\"lightbox-zoom\"><a title=\"Hochzeits-Kreis Etiketten\" href=\"http:\/\/www.labeljoy.com\/label-templates\/round\/round2b.jpg\" data-gal=\"prettyPhoto[runde]\" class=\"hover-item\"><img decoding=\"async\" width=\"197\" height=\"133\" alt=\"Hochzeits-Kreis Etiketten\" src=\"https:\/\/www.labeljoy.com\/wp-content\/plugins\/sterling-shortcodes\/\/timthumb\/timthumb.php?src=http:\/\/www.labeljoy.com\/label-templates\/round\/round2s.jpg&#038;h=133&#038;w=197\"><\/a><\/div><\/div>\n<p style=\"text-align: center\"><a href=\"http:\/\/www.labeljoy.com\/label-templates\/round\/round2.lpa\" class=\"small white tt-button\" target=\"_self\"> Herunterladen <\/a>\n<\/div>\n<div class=\"one_third\"> <div class=\"img-frame full-fourth\"><div class=\"lightbox-zoom\"><a title=\"Runde Etiketten mit Buchstaben\" href=\"http:\/\/www.labeljoy.com\/label-templates\/round\/round3b.jpg\" data-gal=\"prettyPhoto[runde]\" class=\"hover-item\"><img decoding=\"async\" width=\"197\" height=\"133\" alt=\"Runde Etiketten mit Buchstaben\" src=\"https:\/\/www.labeljoy.com\/wp-content\/plugins\/sterling-shortcodes\/\/timthumb\/timthumb.php?src=http:\/\/www.labeljoy.com\/label-templates\/round\/round3s.jpg&#038;h=133&#038;w=197\"><\/a><\/div><\/div>\n<p style=\"text-align: center\"><a href=\"http:\/\/www.labeljoy.com\/label-templates\/round\/round3.lpa\" class=\"small white tt-button\" target=\"_self\"> Herunterladen <\/a>\n<\/div>\n<div class=\"hr hr-dotted\">&nbsp;<\/div>\n<div class=\"one_third\"> <div class=\"img-frame full-fourth\"><div class=\"lightbox-zoom\"><a title=\"Etiketten f\u00fcr Glas\" href=\"http:\/\/www.labeljoy.com\/label-templates\/round\/round4b.jpg\" data-gal=\"prettyPhoto[runde]\" class=\"hover-item\"><img decoding=\"async\" width=\"197\" height=\"133\" alt=\"Etiketten f\u00fcr Glas\" src=\"https:\/\/www.labeljoy.com\/wp-content\/plugins\/sterling-shortcodes\/\/timthumb\/timthumb.php?src=http:\/\/www.labeljoy.com\/label-templates\/round\/round4s.jpg&#038;h=133&#038;w=197\"><\/a><\/div><\/div>\n<p style=\"text-align: center\"><a href=\"http:\/\/www.labeljoy.com\/label-templates\/round\/round4.lpa\" class=\"small white tt-button\" target=\"_self\"> Herunterladen <\/a>\n<\/div>\n<div class=\"one_third\"> <div class=\"img-frame full-fourth\"><div class=\"lightbox-zoom\"><a title=\"Aufkleber mit Logo\" href=\"http:\/\/www.labeljoy.com\/label-templates\/round\/round5b.jpg\" data-gal=\"prettyPhoto[runde]\" class=\"hover-item\"><img decoding=\"async\" width=\"197\" height=\"133\" alt=\"Aufkleber mit Logo\" src=\"https:\/\/www.labeljoy.com\/wp-content\/plugins\/sterling-shortcodes\/\/timthumb\/timthumb.php?src=http:\/\/www.labeljoy.com\/label-templates\/round\/round5s.jpg&#038;h=133&#038;w=197\"><\/a><\/div><\/div>\n<p style=\"text-align: center\"><a href=\"http:\/\/www.labeljoy.com\/label-templates\/round\/round5.lpa\" class=\"small white tt-button\" target=\"_self\"> Herunterladen <\/a>\n<\/div>\n<div class=\"one_third\"> <div class=\"img-frame full-fourth\"><div class=\"lightbox-zoom\"><a title=\"Danger Aufkleber\" href=\"http:\/\/www.labeljoy.com\/label-templates\/round\/round6b.jpg\" data-gal=\"prettyPhoto[runde]\" class=\"hover-item\"><img decoding=\"async\" width=\"197\" height=\"133\" alt=\"Danger Aufkleber\" src=\"https:\/\/www.labeljoy.com\/wp-content\/plugins\/sterling-shortcodes\/\/timthumb\/timthumb.php?src=http:\/\/www.labeljoy.com\/label-templates\/round\/round6s.jpg&#038;h=133&#038;w=197\"><\/a><\/div><\/div>\n<p style=\"text-align: center\"><a href=\"http:\/\/www.labeljoy.com\/label-templates\/round\/round6.lpa\" class=\"small white tt-button\" target=\"_self\"> Herunterladen <\/a>\n<\/div>\n<div class=\"hr hr-dotted\">&nbsp;<\/div>\n<div class=\"one_half\">\n<p style=\"text-align: right\"><a href=\"\/de\/kauf\/\" class=\"large blue tt-button\" target=\"\"> Software Kaufen <\/a>\n<\/div>\n<div class=\"one_half\">\n<p style=\"text-align: left\">oder &nbsp;&nbsp;&nbsp; <a href=\"\/de\/download-de\/\" class=\"large green tt-button\" target=\"\"> kostenloser Download  <\/a>\n<\/div>\n","protected":false},"excerpt":{"rendered":"<p>Vorlagen f\u00fcr runde Etiketten Runde Etiketten verleihen Ihrem Produkt einen originellen und professionellen Aspekt und werden oft als Aufkleberetiketten verwendet um spezielle Aufmerksamkeit auf ein Produkt zu lenken. Laden Sie kostenlos Vorlagen f\u00fcr runde Etiketten herunter und drucken Sie die Etiketten einfach mit einem Standard- oder Etikettendrucker. Sie k\u00f6nnen die Gr\u00f6\u00dfe der runden Etiketten jederzeit &#8230; <a title=\"Runde Etiketten\" class=\"read-more\" href=\"https:\/\/www.labeljoy.com\/de\/vorlagen\/runde-etiketten\/\" aria-label=\"Mehr Informationen \u00fcber Runde Etiketten\">Read more<\/a><\/p>\n","protected":false},"author":1,"featured_media":0,"parent":2186,"menu_order":0,"comment_status":"open","ping_status":"closed","template":"page-template-left-sidebar.php","meta":{"inline_featured_image":false,"_monsterinsights_skip_tracking":false,"_monsterinsights_sitenote_active":false,"_monsterinsights_sitenote_note":"","_monsterinsights_sitenote_category":0,"footnotes":""},"class_list":{"0":"post-16157","1":"page","2":"type-page","3":"status-publish","5":"infinite-scroll-item"},"aioseo_notices":[],"_links":{"self":[{"href":"https:\/\/www.labeljoy.com\/de\/wp-json\/wp\/v2\/pages\/16157","targetHints":{"allow":["GET"]}}],"collection":[{"href":"https:\/\/www.labeljoy.com\/de\/wp-json\/wp\/v2\/pages"}],"about":[{"href":"https:\/\/www.labeljoy.com\/de\/wp-json\/wp\/v2\/types\/page"}],"author":[{"embeddable":true,"href":"https:\/\/www.labeljoy.com\/de\/wp-json\/wp\/v2\/users\/1"}],"replies":[{"embeddable":true,"href":"https:\/\/www.labeljoy.com\/de\/wp-json\/wp\/v2\/comments?post=16157"}],"version-history":[{"count":6,"href":"https:\/\/www.labeljoy.com\/de\/wp-json\/wp\/v2\/pages\/16157\/revisions"}],"predecessor-version":[{"id":30973,"href":"https:\/\/www.labeljoy.com\/de\/wp-json\/wp\/v2\/pages\/16157\/revisions\/30973"}],"up":[{"embeddable":true,"href":"https:\/\/www.labeljoy.com\/de\/wp-json\/wp\/v2\/pages\/2186"}],"wp:attachment":[{"href":"https:\/\/www.labeljoy.com\/de\/wp-json\/wp\/v2\/media?parent=16157"}],"curies":[{"name":"wp","href":"https:\/\/api.w.org\/{rel}","templated":true}]}}