{"id":16159,"date":"2013-09-20T10:58:20","date_gmt":"2013-09-20T10:58:20","guid":{"rendered":"http:\/\/www.labeljoy.com\/?page_id=16159"},"modified":"2021-03-28T16:01:20","modified_gmt":"2021-03-28T16:01:20","slug":"bier-etikett","status":"publish","type":"page","link":"https:\/\/www.labeljoy.com\/de\/vorlagen\/bier-etikett\/","title":{"rendered":"Bieretiketten"},"content":{"rendered":"<h1>Vorlagen f\u00fcr Bieretiketten<\/h1>\n<p>Mit LabelJoy k\u00f6nnen Sie <strong>Ihre eigenen Etikettenvorlagen f\u00fcr Bierflaschen<\/strong> in nur wenigen Minuten erstellen. Ihr eigenes Etikett mit LabelJoy zu gestalten ist einfach und erfordert keinerlei Design-Vorwissen.<\/p>\n<p><img decoding=\"async\" src=\"http:\/\/www.labeljoy.com\/label-templates\/beer\/beer-labels.jpg\" width=\"670\" height=\"218\" alt=\"Bier Etikett\" class=\"aligncenter\" \/><\/p>\n<h2>Entwerfen Sie Ihre eigene Bierflasche<\/h2>\n<p>Etiketten sind die Seele einer Firma, denn sie machen sie wiedererkennbar. Es ist besonders wichtig, insbesondere im Bereich Bier, die M\u00f6glichkeit zur <em>Erstellung Ihres eigenen Flaschenetiketts zu haben<\/em>.<br \/>\n<div class=\"one_half\">\n<h3>Etiketten f\u00fcr selbstgebrautes Bier<\/h3>\n<p>LabelJoy ist ideal f\u00fcr kleine Hobbybrauer, die ihr Bier zu Hause produzieren.<\/p>\n<ul>\n<li><strong>Laden Sie Vorlagen f\u00fcr Bieretiketten herunter<\/strong> und passen Sie sie Ihren Anforderungen an.<\/li>\n<li><strong>Stellen Sie die Dimensionen<\/strong> ein oder w\u00e4hlen Sie aus den vorinstallierten Layouts.<\/li>\n<li>F\u00fcgen Sie ihre <strong>Fotos <\/strong>oder Grafikelemente hinzu.<\/li>\n<li><strong>Drucken Sie Etiketten<\/strong> auf Selbstklebepapier mit Ihrem Drucker zu Hause.<\/li>\n<\/ul>\n<\/div>\n<div class=\"one_half\">\n<h3>Professionelle Bieretiketten<\/h3>\n<p>LabelJoy, die Software zum Etikettendruck eignet sich auch f\u00fcr\u00a0<strong>professionelle Etikettenhersteller<\/strong>.<\/p>\n<ul>\n<li><strong>Bestimmen Sie die Dimensionen und passen Sie die Form an<\/strong>: Quadratisch, oval, rund.<\/li>\n<li>F\u00fcgen Sie <strong>Logo der Firma, Text, Grafikelemente oder Cliparts<\/strong> hinzu.<\/li>\n<li><a href=\"http:\/\/www.labeljoy.com\/de\/video-support\/externe-datenquellen-verbinden\/\" title=\"Daten aus Excel laden\">Importieren Sie Daten aus externen Datenbanken<\/a>.<\/li>\n<li>F\u00fcgen Sie die von der Software <a href=\"http:\/\/www.labeljoy.com\/de\/software-zur-barcode-generierung\/\" title=\"Software zur Barcode Generierung\">automatisch erstellten Barcodes<\/a> ein.<\/li>\n<li><strong>Exportieren Sie die Flaschenetiketten<\/strong> f\u00fcr den Versand an die Druckerei.<\/li>\n<\/ul>\n<\/div>\n<div class=\"column-clear\"> <\/div>\n<h2>Video-Tutorial: das Layout der Etiketten anpassen<\/h2>\n<p>Mit Labeljoy k\u00f6nnen Sie das Format und Layout Ihrer Etiketten individuell anpassen. In unserem Video-Tutorial erfahren Sie wie einfach das geht.<br \/>\n\n<div class=\"youtube-embed\" itemprop=\"video\" itemscope itemtype=\"https:\/\/schema.org\/VideoObject\">\n\t<meta itemprop=\"url\" content=\"https:\/\/www.youtube.com\/v\/hVcep4w5L7w\" \/>\n\t<meta itemprop=\"name\" content=\"Bieretiketten\" \/>\n\t<meta itemprop=\"description\" content=\"Bieretiketten\" \/>\n\t<meta itemprop=\"uploadDate\" content=\"2013-09-20T10:58:20+00:00\" \/>\n\t<meta itemprop=\"thumbnailUrl\" content=\"https:\/\/i.ytimg.com\/vi\/hVcep4w5L7w\/default.jpg\" \/>\n\t<meta itemprop=\"embedUrl\" content=\"https:\/\/www.youtube.com\/embed\/hVcep4w5L7w\" \/>\n\t<meta itemprop=\"height\" content=\"385\" \/>\n\t<meta itemprop=\"width\" content=\"640\" \/>\n\t<iframe style=\"border: 0;\" class=\"youtube-player\" width=\"640\" height=\"385\" src=\"https:\/\/www.youtube.com\/embed\/hVcep4w5L7w?modestbranding=1&fs=0&rel=0&loop=1&color=white&playlist=hVcep4w5L7w\"><\/iframe>\n<\/div>\n\n<div class=\"one_third\"> <div class=\"img-frame full-fourth\"><div class=\"lightbox-zoom\"><a title=\"Bock Bier-Etiketten\" href=\"http:\/\/www.labeljoy.com\/label-templates\/beer\/beer1b.jpg\" data-gal=\"prettyPhoto[Bier-Etikett]\" class=\"hover-item\"><img decoding=\"async\" width=\"197\" height=\"133\" alt=\"Bock Bier-Etiketten\" src=\"https:\/\/www.labeljoy.com\/wp-content\/plugins\/sterling-shortcodes\/\/timthumb\/timthumb.php?src=http:\/\/www.labeljoy.com\/label-templates\/beer\/beer1s.jpg&#038;h=133&#038;w=197\"><\/a><\/div><\/div>\n<p style=\"text-align: center\"><a href=\"http:\/\/www.labeljoy.com\/label-templates\/beer\/beer1.lpa\" class=\"small white tt-button\" target=\"_self\"> Herunterladen <\/a>\n<\/div>\n<div class=\"one_third\"> <div class=\"img-frame full-fourth\"><div class=\"lightbox-zoom\"><a title=\"Individuelle Bieretikettenvorlage\" href=\"http:\/\/www.labeljoy.com\/label-templates\/beer\/beer2b.jpg\" data-gal=\"prettyPhoto[Bier-Etikett]\" class=\"hover-item\"><img decoding=\"async\" width=\"197\" height=\"133\" alt=\"Individuelle Bieretikettenvorlage\" src=\"https:\/\/www.labeljoy.com\/wp-content\/plugins\/sterling-shortcodes\/\/timthumb\/timthumb.php?src=http:\/\/www.labeljoy.com\/label-templates\/beer\/beer2s.jpg&#038;h=133&#038;w=197\"><\/a><\/div><\/div>\n<p style=\"text-align: center\"><a href=\"http:\/\/www.labeljoy.com\/label-templates\/beer\/beer2.lpa\" class=\"small white tt-button\" target=\"_self\"> Herunterladen <\/a>\n<\/div>\n<div class=\"one_third\"> <div class=\"img-frame full-fourth\"><div class=\"lightbox-zoom\"><a title=\"Blonde Bieretiketten\" href=\"http:\/\/www.labeljoy.com\/label-templates\/beer\/beer3b.jpg\" data-gal=\"prettyPhoto[Bier-Etikett]\" class=\"hover-item\"><img decoding=\"async\" width=\"197\" height=\"133\" alt=\"Blonde Bieretiketten\" src=\"https:\/\/www.labeljoy.com\/wp-content\/plugins\/sterling-shortcodes\/\/timthumb\/timthumb.php?src=http:\/\/www.labeljoy.com\/label-templates\/beer\/beer3s.jpg&#038;h=133&#038;w=197\"><\/a><\/div><\/div>\n<p style=\"text-align: center\"><a href=\"http:\/\/www.labeljoy.com\/label-templates\/beer\/beer3.lpa\" class=\"small white tt-button\" target=\"_self\"> Herunterladen <\/a>\n<\/div>\n<div class=\"hr hr-dotted\">&nbsp;<\/div>\n<div class=\"one_third\"> <div class=\"img-frame full-fourth\"><div class=\"lightbox-zoom\"><a title=\"Ale Bieretiketten\" href=\"http:\/\/www.labeljoy.com\/label-templates\/beer\/beer4b.jpg\" data-gal=\"prettyPhoto[Bier-Etikett]\" class=\"hover-item\"><img decoding=\"async\" width=\"197\" height=\"133\" alt=\"Ale Bieretiketten\" src=\"https:\/\/www.labeljoy.com\/wp-content\/plugins\/sterling-shortcodes\/\/timthumb\/timthumb.php?src=http:\/\/www.labeljoy.com\/label-templates\/beer\/beer4s.jpg&#038;h=133&#038;w=197\"><\/a><\/div><\/div>\n<p style=\"text-align: center\"><a href=\"http:\/\/www.labeljoy.com\/label-templates\/beer\/beer4.lpa\" class=\"small white tt-button\" target=\"_self\"> Herunterladen <\/a>\n<\/div>\n<div class=\"one_third\"> <div class=\"img-frame full-fourth\"><div class=\"lightbox-zoom\"><a title=\"Individuelle Bieretikettenvorlage\" href=\"http:\/\/www.labeljoy.com\/label-templates\/beer\/beer5b.jpg\" data-gal=\"prettyPhoto[Bier-Etikett]\" class=\"hover-item\"><img decoding=\"async\" width=\"197\" height=\"133\" alt=\"Individuelle Bieretikettenvorlage\" src=\"https:\/\/www.labeljoy.com\/wp-content\/plugins\/sterling-shortcodes\/\/timthumb\/timthumb.php?src=http:\/\/www.labeljoy.com\/label-templates\/beer\/beer5s.jpg&#038;h=133&#038;w=197\"><\/a><\/div><\/div>\n<p style=\"text-align: center\"><a href=\"http:\/\/www.labeljoy.com\/label-templates\/beer\/beer5.lpa\" class=\"small white tt-button\" target=\"_self\"> Herunterladen <\/a>\n<\/div>\n<div class=\"one_third\"> <div class=\"img-frame full-fourth\"><div class=\"lightbox-zoom\"><a title=\"Personalisierte Label f\u00fcr Bier\" href=\"http:\/\/www.labeljoy.com\/label-templates\/beer\/beer6b.jpg\" data-gal=\"prettyPhoto[Bier-Etikett]\" class=\"hover-item\"><img decoding=\"async\" width=\"197\" height=\"133\" alt=\"Personalisierte Label f\u00fcr Bier\" src=\"https:\/\/www.labeljoy.com\/wp-content\/plugins\/sterling-shortcodes\/\/timthumb\/timthumb.php?src=http:\/\/www.labeljoy.com\/label-templates\/beer\/beer6s.jpg&#038;h=133&#038;w=197\"><\/a><\/div><\/div>\n<p style=\"text-align: center\"><a href=\"http:\/\/www.labeljoy.com\/label-templates\/beer\/beer6.lpa\" class=\"small white tt-button\" target=\"_self\"> Herunterladen <\/a>\n<\/div>\n<div class=\"hr hr-dotted\">&nbsp;<\/div>\n<div class=\"one_third\"> <div class=\"img-frame full-fourth\"><div class=\"lightbox-zoom\"><a title=\"Labels for beer bottle\" href=\"http:\/\/www.labeljoy.com\/label-templates\/beer\/beer7b.jpg\" data-gal=\"prettyPhoto[Bier-Etikett]\" class=\"hover-item\"><img decoding=\"async\" width=\"197\" height=\"133\" alt=\"Labels for beer bottle\" src=\"https:\/\/www.labeljoy.com\/wp-content\/plugins\/sterling-shortcodes\/\/timthumb\/timthumb.php?src=http:\/\/www.labeljoy.com\/label-templates\/beer\/beer7s.jpg&#038;h=133&#038;w=197\"><\/a><\/div><\/div>\n<p style=\"text-align: center\"><a href=\"http:\/\/www.labeljoy.com\/label-templates\/beer\/beer7.lpa\" class=\"small white tt-button\" target=\"_self\"> Herunterladen <\/a>\n<\/div>\n<div class=\"one_third\"> <div class=\"img-frame full-fourth\"><div class=\"lightbox-zoom\"><a title=\"Professionelle Bieraufkleber\" href=\"http:\/\/www.labeljoy.com\/label-templates\/beer\/beer8b.jpg\" data-gal=\"prettyPhoto[Bier-Etikett]\" class=\"hover-item\"><img decoding=\"async\" width=\"197\" height=\"133\" alt=\"Professionelle Bieraufkleber\" src=\"https:\/\/www.labeljoy.com\/wp-content\/plugins\/sterling-shortcodes\/\/timthumb\/timthumb.php?src=http:\/\/www.labeljoy.com\/label-templates\/beer\/beer8s.jpg&#038;h=133&#038;w=197\"><\/a><\/div><\/div>\n<p style=\"text-align: center\"><a href=\"http:\/\/www.labeljoy.com\/label-templates\/beer\/beer8.lpa\" class=\"small white tt-button\" target=\"_self\"> Download <\/a>\n<\/div>\n<div class=\"one_third\"> <div class=\"img-frame full-fourth\"><div class=\"lightbox-zoom\"><a title=\"Oval Bier Label\" href=\"http:\/\/www.labeljoy.com\/label-templates\/beer\/beer9b.jpg\" data-gal=\"prettyPhoto[Bier-Etikett]\" class=\"hover-item\"><img decoding=\"async\" width=\"197\" height=\"133\" alt=\"Oval Bier Label\" src=\"https:\/\/www.labeljoy.com\/wp-content\/plugins\/sterling-shortcodes\/\/timthumb\/timthumb.php?src=http:\/\/www.labeljoy.com\/label-templates\/beer\/beer9s.jpg&#038;h=133&#038;w=197\"><\/a><\/div><\/div>\n<p style=\"text-align: center\"><a href=\"http:\/\/www.labeljoy.com\/label-templates\/beer\/beer9.lpa\" class=\"small white tt-button\" target=\"_self\"> Download <\/a>\n<\/div>\n<div class=\"hr hr-dotted\">&nbsp;<\/div>\n<div class=\"one_third\"> <div class=\"img-frame full-fourth\"><div class=\"lightbox-zoom\"><a title=\"Label-Bier Runde\" href=\"http:\/\/www.labeljoy.com\/label-templates\/beer\/beer10b.jpg\" data-gal=\"prettyPhoto[Bier-Etikett]\" class=\"hover-item\"><img decoding=\"async\" width=\"197\" height=\"133\" alt=\"Label-Bier Runde\" src=\"https:\/\/www.labeljoy.com\/wp-content\/plugins\/sterling-shortcodes\/\/timthumb\/timthumb.php?src=http:\/\/www.labeljoy.com\/label-templates\/beer\/beer10s.jpg&#038;h=133&#038;w=197\"><\/a><\/div><\/div>\n<p style=\"text-align: center\"><a href=\"http:\/\/www.labeljoy.com\/label-templates\/beer\/beer10.lpa\" class=\"small white tt-button\" target=\"_self\"> Download <\/a>\n<\/div>\n<div class=\"one_third\"> <\/div>\n<div class=\"one_third\"> <\/div>\n<div class=\"hr hr-dotted\">&nbsp;<\/div>\n<div class=\"one_half\">\n<p style=\"text-align: right\"><a href=\"\/de\/kauf\/\" class=\"large blue tt-button\" target=\"\"> Software Kaufen  <\/a>\n<\/div>\n<div class=\"one_half\">\n<p style=\"text-align: left\">oder &nbsp;&nbsp;&nbsp; <a href=\"\/de\/download-de\/\" class=\"large green tt-button\" target=\"\"> kostenloser Download  <\/a>\n<\/div>\n","protected":false},"excerpt":{"rendered":"<p>Vorlagen f\u00fcr Bieretiketten Mit LabelJoy k\u00f6nnen Sie Ihre eigenen Etikettenvorlagen f\u00fcr Bierflaschen in nur wenigen Minuten erstellen. Ihr eigenes Etikett mit LabelJoy zu gestalten ist einfach und erfordert keinerlei Design-Vorwissen. Entwerfen Sie Ihre eigene Bierflasche Etiketten sind die Seele einer Firma, denn sie machen sie wiedererkennbar. Es ist besonders wichtig, insbesondere im Bereich Bier, die &#8230; <a title=\"Bieretiketten\" class=\"read-more\" href=\"https:\/\/www.labeljoy.com\/de\/vorlagen\/bier-etikett\/\" aria-label=\"Mehr Informationen \u00fcber Bieretiketten\">Read more<\/a><\/p>\n","protected":false},"author":1,"featured_media":0,"parent":2186,"menu_order":0,"comment_status":"open","ping_status":"closed","template":"page-template-left-sidebar.php","meta":{"inline_featured_image":false,"_monsterinsights_skip_tracking":false,"_monsterinsights_sitenote_active":false,"_monsterinsights_sitenote_note":"","_monsterinsights_sitenote_category":0,"footnotes":""},"class_list":{"0":"post-16159","1":"page","2":"type-page","3":"status-publish","5":"infinite-scroll-item"},"aioseo_notices":[],"_links":{"self":[{"href":"https:\/\/www.labeljoy.com\/de\/wp-json\/wp\/v2\/pages\/16159","targetHints":{"allow":["GET"]}}],"collection":[{"href":"https:\/\/www.labeljoy.com\/de\/wp-json\/wp\/v2\/pages"}],"about":[{"href":"https:\/\/www.labeljoy.com\/de\/wp-json\/wp\/v2\/types\/page"}],"author":[{"embeddable":true,"href":"https:\/\/www.labeljoy.com\/de\/wp-json\/wp\/v2\/users\/1"}],"replies":[{"embeddable":true,"href":"https:\/\/www.labeljoy.com\/de\/wp-json\/wp\/v2\/comments?post=16159"}],"version-history":[{"count":10,"href":"https:\/\/www.labeljoy.com\/de\/wp-json\/wp\/v2\/pages\/16159\/revisions"}],"predecessor-version":[{"id":35530,"href":"https:\/\/www.labeljoy.com\/de\/wp-json\/wp\/v2\/pages\/16159\/revisions\/35530"}],"up":[{"embeddable":true,"href":"https:\/\/www.labeljoy.com\/de\/wp-json\/wp\/v2\/pages\/2186"}],"wp:attachment":[{"href":"https:\/\/www.labeljoy.com\/de\/wp-json\/wp\/v2\/media?parent=16159"}],"curies":[{"name":"wp","href":"https:\/\/api.w.org\/{rel}","templated":true}]}}