{"id":16164,"date":"2012-11-21T11:30:53","date_gmt":"2012-11-21T11:30:53","guid":{"rendered":"http:\/\/www.labeljoy.com\/?page_id=16164"},"modified":"2020-12-09T14:23:29","modified_gmt":"2020-12-09T14:23:29","slug":"barcode-etikett","status":"publish","type":"page","link":"https:\/\/www.labeljoy.com\/de\/vorlagen\/barcode-etikett\/","title":{"rendered":"Vorlagen f\u00fcr Barcode-Etiketten"},"content":{"rendered":"<h1>Vorlagen f\u00fcr Barcode-Etiketten<\/h1>\n<p>Mit LabelJoy ist die Erstellung von <strong>Etiketten mit Barcode und QR-Code<\/strong> sehr einfach.<\/p>\n<h2>Drucken Sie Ihr professionelles Barcode-Etikett in ein paar einfachen Schritten<\/h2>\n<p>Mit der <a href=\"http:\/\/www.labeljoy.com\/de\/barcode-druck-software\/\" title=\"barcode druck software\/\">von LabelJoy k\u00f6nnen Sie mit wenigen Klicks 20 Arten von Barcodes automatisch generieren. <a href=\"http:\/\/www.labeljoy.com\/de\/video-support\/strichcodes-und-qr-codes-generieren\/\" title=\"strichcodes und qr codes generieren\">Sehen Sie sich das Tutorial-Video \u00fcber Barcodes an<\/a> oder <a href=\"http:\/\/www.labeljoy.com\/de\/unterstutzung\/anleitungen\/\" title=\"Anleitungen\">lesen Sie unsere Anleitung<\/a>, die Ihnen Schritt f\u00fcr Schritt den gesamten Prozess zur Erstellung Ihres <em>eigenen professionellen Barcode-Etiketts<\/em> oder benutzerdefinierten <a href=\"http:\/\/www.labeljoy.com\/de\/vorlagen\/strichcode-preisschild\/\" title=\"Barcode Preis\">Preisetiketts<\/a> zeigt.<\/p>\n<p>LabelJoy erm\u00f6glicht auch, <a href=\"http:\/\/www.labeljoy.com\/de\/video-support\/externe-datenquellen-verbinden\/\" title=\"Externe Datenquellen verbinden\">externe Barcode-Datenbanken<\/a>, in verschiedenen Formaten, wie Outlook, <a href=\"http:\/\/www.labeljoy.com\/de\/video-support\/daten-aus-excel-laden\/\" title=\"Daten aus Excel laden\">Excel<\/a>, Textdateien und vielen anderen zu importieren!<\/p>\n<p>Auf diese Weise k\u00f6nnen Sie Barcodes mithilfe von Daten aus externen Datenquellen generieren.<\/p>\n<h3>Barcode-Etiketten druckbereit!<\/h3>\n<p>LabelJoy erm\u00f6glicht das Drucken von Barcode-Etiketten mit allen Elementen, die Sie hinzuf\u00fcgen m\u00f6chten:<\/p>\n<div class=\"one_third\">\n<ul>\n<li>Texte<\/li>\n<li>Bilder<\/li>\n<li><a href=\"http:\/\/www.labeljoy.com\/de\/unterstutzung\/barcode-guide\/\" title=\"Barcode guide\">Barcodes<\/a><\/li>\n<\/ul>\n<\/div>\n<div class=\"one_third\">\n<ul>\n<li>QR-Codes<\/li>\n<li>Daten aus externen Datenbanken<\/li>\n<li>Grafische Effekte<\/li>\n<\/ul>\n<\/div>\n<div class=\"one_third\">\n<\/div>\n<div class=\"column-clear\"><\/div>\n<div class=\"one_third\"> <div class=\"img-frame full-fourth\"><div class=\"lightbox-zoom\"><a title=\"Zange Barcode-Etikett\" href=\"http:\/\/www.labeljoy.com\/label-templates\/barcode\/barcode1b.jpg\" data-gal=\"prettyPhoto[Barcode-Etikett]\" class=\"hover-item\"><img decoding=\"async\" width=\"197\" height=\"133\" alt=\"Zange Barcode-Etikett\" src=\"https:\/\/www.labeljoy.com\/wp-content\/plugins\/sterling-shortcodes\/\/timthumb\/timthumb.php?src=http:\/\/www.labeljoy.com\/label-templates\/barcode\/barcode1s.jpg&#038;h=133&#038;w=197\"><\/a><\/div><\/div>\n<p style=\"text-align: center\"><a href=\"http:\/\/www.labeljoy.com\/label-templates\/barcode\/barcode1.lpa\" class=\"small white tt-button\" target=\"_self\"> Herunterladen <\/a>\n<\/div>\n<div class=\"one_third\"> <div class=\"img-frame full-fourth\"><div class=\"lightbox-zoom\"><a title=\"Preisschild mit Barcode\" href=\"http:\/\/www.labeljoy.com\/label-templates\/barcode\/barcode2b.jpg\" data-gal=\"prettyPhoto[Barcode-Etikett]\" class=\"hover-item\"><img decoding=\"async\" width=\"197\" height=\"133\" alt=\"Preisschild mit Barcode\" src=\"https:\/\/www.labeljoy.com\/wp-content\/plugins\/sterling-shortcodes\/\/timthumb\/timthumb.php?src=http:\/\/www.labeljoy.com\/label-templates\/barcode\/barcode2s.jpg&#038;h=133&#038;w=197\"><\/a><\/div><\/div>\n<p style=\"text-align: center\"><a href=\"http:\/\/www.labeljoy.com\/label-templates\/barcode\/barcode2.lpa\" class=\"small white tt-button\" target=\"_self\"> Herunterladen <\/a>\n<\/div>\n<div class=\"one_third\"> <div class=\"img-frame full-fourth\"><div class=\"lightbox-zoom\"><a title=\"Etiketten mit Barcode\" href=\"http:\/\/www.labeljoy.com\/label-templates\/barcode\/barcode3b.jpg\" data-gal=\"prettyPhoto[Barcode-Etikett]\" class=\"hover-item\"><img decoding=\"async\" width=\"197\" height=\"133\" alt=\"Etiketten mit Barcode\" src=\"https:\/\/www.labeljoy.com\/wp-content\/plugins\/sterling-shortcodes\/\/timthumb\/timthumb.php?src=http:\/\/www.labeljoy.com\/label-templates\/barcode\/barcode3s.jpg&#038;h=133&#038;w=197\"><\/a><\/div><\/div>\n<p style=\"text-align: center\"><a href=\"http:\/\/www.labeljoy.com\/label-templates\/barcode\/barcode3.lpa\" class=\"small white tt-button\" target=\"_self\"> Herunterladen <\/a>\n<\/div>\n<div class=\"hr hr-dotted\">&nbsp;<\/div>\n<div class=\"one_third\"> <div class=\"img-frame full-fourth\"><div class=\"lightbox-zoom\"><a title=\"Produkt-Etiketten mit Barcode\" href=\"http:\/\/www.labeljoy.com\/label-templates\/barcode\/barcode4b.jpg\" data-gal=\"prettyPhoto[Barcode-Etikett]\" class=\"hover-item\"><img decoding=\"async\" width=\"197\" height=\"133\" alt=\"Produkt-Etiketten mit Barcode\" src=\"https:\/\/www.labeljoy.com\/wp-content\/plugins\/sterling-shortcodes\/\/timthumb\/timthumb.php?src=http:\/\/www.labeljoy.com\/label-templates\/barcode\/barcode4s.jpg&#038;h=133&#038;w=197\"><\/a><\/div><\/div>\n<p style=\"text-align: center\"><a href=\"http:\/\/www.labeljoy.com\/label-templates\/barcode\/barcode4.lpa\" class=\"small white tt-button\" target=\"_self\"> Herunterladen <\/a>\n<\/div>\n<div class=\"one_third\"> <div class=\"img-frame full-fourth\"><div class=\"lightbox-zoom\"><a title=\"Barcode-Etikettenvorlage\" href=\"http:\/\/www.labeljoy.com\/label-templates\/barcode\/barcode5b.jpg\" data-gal=\"prettyPhoto[Barcode-Etikett]\" class=\"hover-item\"><img decoding=\"async\" width=\"197\" height=\"133\" alt=\"Barcode-Etikettenvorlage\" src=\"https:\/\/www.labeljoy.com\/wp-content\/plugins\/sterling-shortcodes\/\/timthumb\/timthumb.php?src=http:\/\/www.labeljoy.com\/label-templates\/barcode\/barcode5s.jpg&#038;h=133&#038;w=197\"><\/a><\/div><\/div>\n<p style=\"text-align: center\"><a href=\"http:\/\/www.labeljoy.com\/label-templates\/barcode\/barcode5.lpa\" class=\"small white tt-button\" target=\"_self\"> Herunterladen <\/a>\n<\/div>\n<div class=\"one_third\"> <div class=\"img-frame full-fourth\"><div class=\"lightbox-zoom\"><a title=\"Doppel Barcode-Etikett\" href=\"http:\/\/www.labeljoy.com\/label-templates\/barcode\/barcode6b.jpg\" data-gal=\"prettyPhoto[Barcode-Etikett]\" class=\"hover-item\"><img decoding=\"async\" width=\"197\" height=\"133\" alt=\"Doppel Barcode-Etikett\" src=\"https:\/\/www.labeljoy.com\/wp-content\/plugins\/sterling-shortcodes\/\/timthumb\/timthumb.php?src=http:\/\/www.labeljoy.com\/label-templates\/barcode\/barcode6s.jpg&#038;h=133&#038;w=197\"><\/a><\/div><\/div>\n<p style=\"text-align: center\"><a href=\"http:\/\/www.labeljoy.com\/label-templates\/barcode\/barcode6.lpa\" class=\"small white tt-button\" target=\"_self\"> Herunterladen <\/a>\n<\/div>\n<div class=\"hr hr-dotted\">&nbsp;<\/div>\n<div class=\"one_third\"> <div class=\"img-frame full-fourth\"><div class=\"lightbox-zoom\"><a title=\"EAN Barcode-Etikettenvorlage\" href=\"http:\/\/www.labeljoy.com\/label-templates\/barcode\/barcode7b.jpg\" data-gal=\"prettyPhoto[Barcode-Etikett]\" class=\"hover-item\"><img decoding=\"async\" width=\"197\" height=\"133\" alt=\"EAN Barcode-Etikettenvorlage\" src=\"https:\/\/www.labeljoy.com\/wp-content\/plugins\/sterling-shortcodes\/\/timthumb\/timthumb.php?src=http:\/\/www.labeljoy.com\/label-templates\/barcode\/barcode7s.jpg&#038;h=133&#038;w=197\"><\/a><\/div><\/div>\n<p style=\"text-align: center\"><a href=\"http:\/\/www.labeljoy.com\/label-templates\/barcode\/barcode7.lpa\" class=\"small white tt-button\" target=\"_self\"> Herunterladen <\/a>\n<\/div>\n<div class=\"one_third\"> <div class=\"img-frame full-fourth\"><div class=\"lightbox-zoom\"><a title=\"Code Barcode-Etikettenvorlage\" href=\"http:\/\/www.labeljoy.com\/label-templates\/barcode\/barcode8b.jpg\" data-gal=\"prettyPhoto[Barcode-Etikett]\" class=\"hover-item\"><img decoding=\"async\" width=\"197\" height=\"133\" alt=\"Code Barcode-Etikettenvorlage\" src=\"https:\/\/www.labeljoy.com\/wp-content\/plugins\/sterling-shortcodes\/\/timthumb\/timthumb.php?src=http:\/\/www.labeljoy.com\/label-templates\/barcode\/barcode8s.jpg&#038;h=133&#038;w=197\"><\/a><\/div><\/div>\n<p style=\"text-align: center\"><a href=\"http:\/\/www.labeljoy.com\/label-templates\/barcode\/barcode8.lpa\" class=\"small white tt-button\" target=\"_self\"> Herunterladen <\/a>\n<\/div>\n<div class=\"one_third\"> <div class=\"img-frame full-fourth\"><div class=\"lightbox-zoom\"><a title=\"Code 128 Barcode-Etikett\" href=\"http:\/\/www.labeljoy.com\/label-templates\/barcode\/barcode9b.jpg\" data-gal=\"prettyPhoto[Barcode-Etikett]\" class=\"hover-item\"><img decoding=\"async\" width=\"197\" height=\"133\" alt=\"Code 128 Barcode-Etikett\" src=\"https:\/\/www.labeljoy.com\/wp-content\/plugins\/sterling-shortcodes\/\/timthumb\/timthumb.php?src=http:\/\/www.labeljoy.com\/label-templates\/barcode\/barcode9s.jpg&#038;h=133&#038;w=197\"><\/a><\/div><\/div>\n<p style=\"text-align: center\"><a href=\"http:\/\/www.labeljoy.com\/label-templates\/barcode\/barcode9.lpa\" class=\"small white tt-button\" target=\"_self\"> Herunterladen <\/a>\n<\/div>\n<div class=\"hr hr-dotted\">&nbsp;<\/div>\n<div class=\"one_half\">\n<p style=\"text-align: right\"><a href=\"\/de\/kauf\/\" class=\"large blue tt-button\" target=\"\"> Software Kaufen <\/a>\n<\/div>\n<div class=\"one_half\">\n<p style=\"text-align: left\">oder &nbsp;&nbsp;&nbsp; <a href=\"\/de\/download-de\/\" class=\"large green tt-button\" target=\"\"> kostenloser Download  <\/a>\n<\/div>\n","protected":false},"excerpt":{"rendered":"<p>Vorlagen f\u00fcr Barcode-Etiketten Mit LabelJoy ist die Erstellung von Etiketten mit Barcode und QR-Code sehr einfach. Drucken Sie Ihr professionelles Barcode-Etikett in ein paar einfachen Schritten Mit der von LabelJoy k\u00f6nnen Sie mit wenigen Klicks 20 Arten von Barcodes automatisch generieren. Sehen Sie sich das Tutorial-Video \u00fcber Barcodes an oder lesen Sie unsere Anleitung, die &#8230; <a title=\"Vorlagen f\u00fcr Barcode-Etiketten\" class=\"read-more\" href=\"https:\/\/www.labeljoy.com\/de\/vorlagen\/barcode-etikett\/\" aria-label=\"Mehr Informationen \u00fcber Vorlagen f\u00fcr Barcode-Etiketten\">Read more<\/a><\/p>\n","protected":false},"author":1,"featured_media":0,"parent":2186,"menu_order":0,"comment_status":"open","ping_status":"closed","template":"page-template-left-sidebar.php","meta":{"inline_featured_image":false,"_monsterinsights_skip_tracking":false,"_monsterinsights_sitenote_active":false,"_monsterinsights_sitenote_note":"","_monsterinsights_sitenote_category":0,"footnotes":""},"class_list":{"0":"post-16164","1":"page","2":"type-page","3":"status-publish","5":"infinite-scroll-item"},"aioseo_notices":[],"_links":{"self":[{"href":"https:\/\/www.labeljoy.com\/de\/wp-json\/wp\/v2\/pages\/16164","targetHints":{"allow":["GET"]}}],"collection":[{"href":"https:\/\/www.labeljoy.com\/de\/wp-json\/wp\/v2\/pages"}],"about":[{"href":"https:\/\/www.labeljoy.com\/de\/wp-json\/wp\/v2\/types\/page"}],"author":[{"embeddable":true,"href":"https:\/\/www.labeljoy.com\/de\/wp-json\/wp\/v2\/users\/1"}],"replies":[{"embeddable":true,"href":"https:\/\/www.labeljoy.com\/de\/wp-json\/wp\/v2\/comments?post=16164"}],"version-history":[{"count":9,"href":"https:\/\/www.labeljoy.com\/de\/wp-json\/wp\/v2\/pages\/16164\/revisions"}],"predecessor-version":[{"id":34538,"href":"https:\/\/www.labeljoy.com\/de\/wp-json\/wp\/v2\/pages\/16164\/revisions\/34538"}],"up":[{"embeddable":true,"href":"https:\/\/www.labeljoy.com\/de\/wp-json\/wp\/v2\/pages\/2186"}],"wp:attachment":[{"href":"https:\/\/www.labeljoy.com\/de\/wp-json\/wp\/v2\/media?parent=16164"}],"curies":[{"name":"wp","href":"https:\/\/api.w.org\/{rel}","templated":true}]}}