{"id":16169,"date":"2012-11-20T11:53:39","date_gmt":"2012-11-20T11:53:39","guid":{"rendered":"http:\/\/www.labeljoy.com\/?page_id=16169"},"modified":"2026-03-06T07:17:51","modified_gmt":"2026-03-06T07:17:51","slug":"schablone-adressetiketten","status":"publish","type":"page","link":"https:\/\/www.labeljoy.com\/de\/vorlagen\/schablone-adressetiketten\/","title":{"rendered":"Vorlage f\u00fcr Adressetiketten"},"content":{"rendered":"<h1>Vorlage f\u00fcr Adressetiketten<\/h1>\n<h2>Drucken Sie Adressetiketten und erstellen Sie Ihre eigenen Mailinglisten<\/h2>\n<p>Mit LabelJoy k\u00f6nnen Sie <strong>Adressetiketten<\/strong> f\u00fcr jede Gelegenheit benutzerdefiniert gestalten.<\/p>\n<p>Laden Sie die Vorlage f\u00fcr <em>Adressetiketten herunter und<\/em> passen Sie sie Ihren Anforderungen an. Sie k\u00f6nnen den Text bearbeiten und Bilder, Cliparts oder Barcodes hinzuf\u00fcgen.<\/p>\n<p>Mit LabelJoy ist das Erstellen von <strong> Etiketten mit vielen Adressen sehr einfach<\/strong>. Mit LabelJoy k\u00f6nnen Sie <a title=\"Externe Datenquellen verbinden\" href=\"https:\/\/www.labeljoy.com\/de\/video\/verbindung-externer-datenquellen\/\">Adressen aus verschiedenen Datenbanken importieren<\/a>, z. B. aus Outlook oder SQLite,\u00a0oder sogar aus externen Dateien wie Excel und Textdateien. F\u00fcr weitere Informationen sehen Sie sich das <a title=\"Video support\" href=\"http:\/\/www.labeljoy.com\/de\/video\/\">Tutorial-Video<\/a> an oder lesen <a title=\"Anleitungen\" href=\"http:\/\/www.labeljoy.com\/de\/unterstutzung\/anleitungen\/\">Sie unsere Anleitungen<\/a>.<\/p>\n<h3>Gestalten Sie Ihre eigenen Adressetiketten in nur wenigen Minuten!<\/h3>\n<p>&nbsp;<\/p>\n<h2>Sehen Sie sich das Video-Tutorial \u00fcber den Import von Adressen aus externen Datenbanken an<\/h2>\n<p>Dieses Labeljoy-Video-Tutorial zeigt Ihnen, wie Sie Ihre Etikettenfelder mit einer externen TXT-Textdatei verkn\u00fcpfen.<\/p>\n\n<div class=\"youtube-embed\" itemprop=\"video\" itemscope itemtype=\"https:\/\/schema.org\/VideoObject\">\n\t<meta itemprop=\"url\" content=\"https:\/\/www.youtube.com\/v\/vJzxQxugD5M\" \/>\n\t<meta itemprop=\"name\" content=\"Vorlage f\u00fcr Adressetiketten\" \/>\n\t<meta itemprop=\"description\" content=\"Vorlage f\u00fcr Adressetiketten\" \/>\n\t<meta itemprop=\"uploadDate\" content=\"2012-11-20T11:53:39+00:00\" \/>\n\t<meta itemprop=\"thumbnailUrl\" content=\"https:\/\/i.ytimg.com\/vi\/vJzxQxugD5M\/default.jpg\" \/>\n\t<meta itemprop=\"embedUrl\" content=\"https:\/\/www.youtube.com\/embed\/vJzxQxugD5M\" \/>\n\t<meta itemprop=\"height\" content=\"385\" \/>\n\t<meta itemprop=\"width\" content=\"640\" \/>\n\t<iframe style=\"border: 0;\" class=\"youtube-player\" width=\"640\" height=\"385\" src=\"https:\/\/www.youtube.com\/embed\/vJzxQxugD5M?modestbranding=1&fs=0&rel=0&loop=1&color=white&playlist=vJzxQxugD5M\"><\/iframe>\n<\/div>\n\n<div class=\"one_third\"> <div class=\"img-frame full-fourth\"><div class=\"lightbox-zoom\"><a title=\"Blumen-Adressen-Etiketten\" href=\"http:\/\/www.labeljoy.com\/label-templates\/address\/address1b.jpg\" data-gal=\"prettyPhoto[Adressetiketten]\" class=\"hover-item\"><img decoding=\"async\" width=\"197\" height=\"133\" alt=\"Blumen-Adressen-Etiketten\" src=\"https:\/\/www.labeljoy.com\/wp-content\/plugins\/sterling-shortcodes\/\/timthumb\/timthumb.php?src=http:\/\/www.labeljoy.com\/label-templates\/address\/address1s.jpg&#038;h=133&#038;w=197\"><\/a><\/div><\/div>\n<p style=\"text-align: center;\"><a href=\"http:\/\/www.labeljoy.com\/label-templates\/address\/address1.lpa\" class=\"small white tt-button\" target=\"_self\"> Herunterladen <\/a>\n<\/div>\n<div class=\"one_third\"> <div class=\"img-frame full-fourth\"><div class=\"lightbox-zoom\"><a title=\"Kreis Adressetiketten\" href=\"http:\/\/www.labeljoy.com\/label-templates\/address\/address2b.jpg\" data-gal=\"prettyPhoto[Adressetiketten]\" class=\"hover-item\"><img decoding=\"async\" width=\"197\" height=\"133\" alt=\"Kreis Adressetiketten\" src=\"https:\/\/www.labeljoy.com\/wp-content\/plugins\/sterling-shortcodes\/\/timthumb\/timthumb.php?src=http:\/\/www.labeljoy.com\/label-templates\/address\/address2s.jpg&#038;h=133&#038;w=197\"><\/a><\/div><\/div>\n<p style=\"text-align: center;\"><a href=\"http:\/\/www.labeljoy.com\/label-templates\/address\/address2.lpa\" class=\"small white tt-button\" target=\"_self\"> Herunterladen <\/a>\n<\/div>\n<div class=\"one_third\"> <div class=\"img-frame full-fourth\"><div class=\"lightbox-zoom\"><a title=\"Einfache Adressaufkleber\" href=\"http:\/\/www.labeljoy.com\/label-templates\/address\/address3b.jpg\" data-gal=\"prettyPhoto[Adressetiketten]\" class=\"hover-item\"><img decoding=\"async\" width=\"197\" height=\"133\" alt=\"Einfache Adressaufkleber\" src=\"https:\/\/www.labeljoy.com\/wp-content\/plugins\/sterling-shortcodes\/\/timthumb\/timthumb.php?src=http:\/\/www.labeljoy.com\/label-templates\/address\/address3s.jpg&#038;h=133&#038;w=197\"><\/a><\/div><\/div>\n<p style=\"text-align: center;\"><a href=\"http:\/\/www.labeljoy.com\/label-templates\/address\/address3.lpa\" class=\"small white tt-button\" target=\"_self\"> Herunterladen <\/a>\n<\/div>\n<div class=\"hr hr-dotted\">&nbsp;<\/div>\n<div class=\"one_third\"> <div class=\"img-frame full-fourth\"><div class=\"lightbox-zoom\"><a title=\"Von - bis Labels Adresse zu schreiben\" href=\"http:\/\/www.labeljoy.com\/label-templates\/address\/address4b.jpg\" data-gal=\"prettyPhoto[Adressetiketten]\" class=\"hover-item\"><img decoding=\"async\" width=\"197\" height=\"133\" alt=\"Von - bis Labels Adresse zu schreiben\" src=\"https:\/\/www.labeljoy.com\/wp-content\/plugins\/sterling-shortcodes\/\/timthumb\/timthumb.php?src=http:\/\/www.labeljoy.com\/label-templates\/address\/address4s.jpg&#038;h=133&#038;w=197\"><\/a><\/div><\/div>\n<p style=\"text-align: center;\"><a href=\"http:\/\/www.labeljoy.com\/label-templates\/address\/address4.lpa\" class=\"small white tt-button\" target=\"_self\"> Herunterladen <\/a>\n<\/div>\n<div class=\"one_third\"> <div class=\"img-frame full-fourth\"><div class=\"lightbox-zoom\"><a title=\"Umschlag Adressetiketten\" href=\"http:\/\/www.labeljoy.com\/label-templates\/address\/address5b.jpg\" data-gal=\"prettyPhoto[Adressetiketten]\" class=\"hover-item\"><img decoding=\"async\" width=\"197\" height=\"133\" alt=\"Umschlag Adressetiketten\" src=\"https:\/\/www.labeljoy.com\/wp-content\/plugins\/sterling-shortcodes\/\/timthumb\/timthumb.php?src=http:\/\/www.labeljoy.com\/label-templates\/address\/address5s.jpg&#038;h=133&#038;w=197\"><\/a><\/div><\/div>\n<p style=\"text-align: center;\"><a href=\"http:\/\/www.labeljoy.com\/label-templates\/address\/address5.lpa\" class=\"small white tt-button\" target=\"_self\"> Herunterladen <\/a>\n<\/div>\n<div class=\"one_third\">\n<\/div>\n<div class=\"hr hr-dotted\">&nbsp;<\/div>\n<div class=\"one_half\">\n<p style=\"text-align: right;\"><a href=\"\/de\/kauf\/\" class=\"large blue tt-button\" target=\"\"> Software kaufen <\/a>\n<\/div>\n<div class=\"one_half\">\n<p style=\"text-align: left;\">oder \u00a0\u00a0\u00a0 <a href=\"\/de\/download-de\/\" class=\"large green tt-button\" target=\"\"> Kostenlos herunterladen <\/a>\n<\/div>\n","protected":false},"excerpt":{"rendered":"<p>Vorlage f\u00fcr Adressetiketten Drucken Sie Adressetiketten und erstellen Sie Ihre eigenen Mailinglisten Mit LabelJoy k\u00f6nnen Sie Adressetiketten f\u00fcr jede Gelegenheit benutzerdefiniert gestalten. Laden Sie die Vorlage f\u00fcr Adressetiketten herunter und passen Sie sie Ihren Anforderungen an. Sie k\u00f6nnen den Text bearbeiten und Bilder, Cliparts oder Barcodes hinzuf\u00fcgen. Mit LabelJoy ist das Erstellen von Etiketten mit &#8230; <a title=\"Vorlage f\u00fcr Adressetiketten\" class=\"read-more\" href=\"https:\/\/www.labeljoy.com\/de\/vorlagen\/schablone-adressetiketten\/\" aria-label=\"Mehr Informationen \u00fcber Vorlage f\u00fcr Adressetiketten\">Read more<\/a><\/p>\n","protected":false},"author":1,"featured_media":0,"parent":2186,"menu_order":0,"comment_status":"closed","ping_status":"closed","template":"","meta":{"inline_featured_image":false,"_monsterinsights_skip_tracking":false,"_monsterinsights_sitenote_active":false,"_monsterinsights_sitenote_note":"","_monsterinsights_sitenote_category":0,"footnotes":""},"class_list":{"0":"post-16169","1":"page","2":"type-page","3":"status-publish","5":"infinite-scroll-item"},"aioseo_notices":[],"_links":{"self":[{"href":"https:\/\/www.labeljoy.com\/de\/wp-json\/wp\/v2\/pages\/16169","targetHints":{"allow":["GET"]}}],"collection":[{"href":"https:\/\/www.labeljoy.com\/de\/wp-json\/wp\/v2\/pages"}],"about":[{"href":"https:\/\/www.labeljoy.com\/de\/wp-json\/wp\/v2\/types\/page"}],"author":[{"embeddable":true,"href":"https:\/\/www.labeljoy.com\/de\/wp-json\/wp\/v2\/users\/1"}],"replies":[{"embeddable":true,"href":"https:\/\/www.labeljoy.com\/de\/wp-json\/wp\/v2\/comments?post=16169"}],"version-history":[{"count":10,"href":"https:\/\/www.labeljoy.com\/de\/wp-json\/wp\/v2\/pages\/16169\/revisions"}],"predecessor-version":[{"id":45129,"href":"https:\/\/www.labeljoy.com\/de\/wp-json\/wp\/v2\/pages\/16169\/revisions\/45129"}],"up":[{"embeddable":true,"href":"https:\/\/www.labeljoy.com\/de\/wp-json\/wp\/v2\/pages\/2186"}],"wp:attachment":[{"href":"https:\/\/www.labeljoy.com\/de\/wp-json\/wp\/v2\/media?parent=16169"}],"curies":[{"name":"wp","href":"https:\/\/api.w.org\/{rel}","templated":true}]}}