{"id":16220,"date":"2012-10-02T08:58:49","date_gmt":"2012-10-02T08:58:49","guid":{"rendered":"http:\/\/www.labeljoy.com\/?page_id=16220"},"modified":"2026-03-20T11:33:37","modified_gmt":"2026-03-20T11:33:37","slug":"gs1-128-barcodes-generieren","status":"publish","type":"page","link":"https:\/\/www.labeljoy.com\/de\/unterstutzung\/anleitungen\/gs1-128-barcodes-generieren\/","title":{"rendered":"GS1-128 Barcodes generieren"},"content":{"rendered":"<h1>GS1-128 Barcodes erstellen<\/h1>\n<p>GS1-128 wurde definiert, um einen globalen Standard f\u00fcr den Informationsaustausch in der gesamten Lieferkette zu gew\u00e4hrleisten. Dieser Standard wird als ein oder mehrere Barcode-Symbole dargestellt, die Daten verschl\u00fcsseln und Informationen \u00fcber versandte G\u00fcter enthalten, wie beispielsweise weltweite Lokalisierung, Menge, Gewicht, Haltbarkeitsdaten, und vieles mehr.<br \/>\nGS1-128 ist keine eigene Barcode Symbologie, sondern vielmehr eine Sammlung von Applikationsidentifikatoren (AI) die bestimmte Teile von Informationen und Zusammenh\u00e4ngen definieren.<\/p>\n<p>Sobald die Information definiert wurde, wird sie unter Verwendung der Code-128-Barcode-Symbologie kodiert. Ein Sonderzeichen (FNC1) wird am oberen Rand jedes GS1-128-Barcodesymbols und als Abschlusszeichen f\u00fcr AI mit variabler L\u00e4nge verwendet.<\/p>\n<p style=\"text-align: center;\"><a class=\"large orange tt-button\" title=\"Barcode-Erstellungssoftware\" href=\"https:\/\/www.labeljoy.com\/de\/software-zur-barcode-generierung\/\">Mehr Informationen \u00fcber die Barcode-Software<\/a><\/p>\n<h2>1 &#8211; GS1-128 und LabelJoy<\/h2>\n<p>LabelJoy kann (in Full- oder Testversion) <strong>GS1-128-Barcodes generieren<\/strong> und l\u00f6st im Hintergrund die meisten Komplikationen die mit der Generierung eines vollst\u00e4ndig kompatiblen GS1-128-Barcodesymbols verbunden sind.<br \/>\nDas beinhaltet:<\/p>\n<ul>\n<li><strong>Vereinfachte Dateneingabe<\/strong><br \/>\nGeben Sie einfach die AI-Sequenz in lesbarem Format ein und LabelJoy wird sie \u00fcber das interne GS1-128-Engine validieren und entweder das entsprechende Symbol generieren oder eine Fehlermeldung anzeigen, die das Problem erl\u00e4utert.<\/li>\n<li><strong>Modul 10 Pr\u00fcfzifferngenerierung<\/strong><br \/>\nWenn der AI eine Pr\u00fcfziffer ben\u00f6tigt, geben Sie einfach irgendeine Ziffer ein. LabelJoy wird diese mit der entsprechenden Modul-10 Pr\u00fcfnummer ersetzen.<\/li>\n<li><strong>AI Sequenzpr\u00fcfer<\/strong><br \/>\nEine AI-Verkettung unterliegt bestimmten Regeln. Wenn Sie beispielsweise AI 02 (Anzahl der Container) verwenden, sollte das Symbol auch den Code AI 00 (Serial Shipping Container Code) oder AI 37 (Number of Units Contained) enthalten. LabelJoy \u00fcberpr\u00fcft optional, ob die eingegebene AI-Sequenz vollst\u00e4ndig kompatibel ist.<\/li>\n<li><strong>FNC1-Verwaltung<\/strong><br \/>\nDas FNC1-Sonderzeichen wird automatisch hinzugef\u00fcgt, wo immer es ben\u00f6tigt wird.<\/li>\n<\/ul>\n<p>Grunds\u00e4tzlich m\u00fcssen Sie nur Ihre AI-Sequenz und die Daten eingeben. Wenn Sie beispielsweise den Text (00) 123456789012345678 eingeben, erstellt LabelJoy ein GS1-128-Barcode-Symbol, das dem Application Identifier (00) Code f\u00fcr die Serienversandverpackung (SSCC-18) entspricht.<\/p>\n<p><a class=\"hover-item\" href=\"http:\/\/www.labeljoy.com\/images\/how-to\/gs1-128\/image001.png\" target=\"_blank\" rel=\"noopener noreferrer\"><img decoding=\"async\" width=\"522\" height=\"177\" style=\"max-width: 640px;\" src=\"http:\/\/www.labeljoy.com\/images\/how-to\/gs1-128\/image001.png\" alt=\"GS1-128 Beispiel\" \/><\/a><\/p>\n<p><span style=\"font-size: small;\">Von LabelJoy generiertes GS1-128 Symbol, das den Text (00)123456789012345678 kodiert, der mit AI 00 (SSCC-18) \u00fcbereinstimmt.<br \/>\nBeachten Sie, dass die letzte Ziffer im Symbol 5 (nicht 8) ist, da es sich um die korrekte Modul 10-Pr\u00fcfziffer handelt.<\/span><\/p>\n<h2>2 \u2013\u00a0Erstellung eines SSCC-18 Barcodes<\/h2>\n<p>Bitte <a href=\"https:\/\/www.labeljoy.com\/de\/unterstutzung\/anleitungen\/sscc-18-barcodes-generieren\/\">gehen Sie zur <strong>SSCC-18-Seite<\/strong><\/a>.<\/p>\n<h2>3 &#8211; Die globale Handelsartikelnummer (GTIN)<\/h2>\n<p>GTIN ist eine Nummer, die ein Produkt auf der ganzen Welt eindeutig identifiziert. Im GS1-System entspricht sie AI 01.<br \/>\nSie besteht aus 14 Ziffern, wobei die letzte die Pr\u00fcfziffer ist.<\/p>\n<p>Grunds\u00e4tzlich ist es die GS1-Version der globalen Produktkennung, egal ob es sich um das Format EAN-13, UPC-A, UPC-E, EAN-8 oder ITF-14 handelt. Auch die GTIN Nummer wird von lokalen Handelsbeh\u00f6rden herausgegeben, die von Land zu Land variieren.<\/p>\n<p>Wenn Sie sich zum Beispiel in Nordamerika befinden, wird Ihr Produkt h\u00f6chstwahrscheinlich global durch eine 12-stellige UPC-A-Nummer identifiziert. Um diese Informationen in die GS1-Version zu konvertieren, setzen Sie dieser Nummer einfach zwei Nullen voran. Wenn Sie in Europa sind, wird Ihr Produkt durch eine eindeutige EAN-13-Nummer identifiziert. In diesem Fall m\u00fcssen Sie eine einzelne Null an den Anfang setzen, um sie zu einer GTIN-kompatiblen Nummer zu konvertieren.<\/p>\n<p>Beachten Sie, dass die Null-Pr\u00e4fixierung Ihres vorhandenen IDs die Modul-10-Pr\u00fcfziffer nicht beeinflusst. LabelJoy wird dies trotzdem pr\u00fcfen, aber wahrscheinlich \u00e4ndert sich nichts.<\/p>\n<p>In diesem Beispiel nehmen wir an, dass wir ein europ\u00e4isches Unternehmen sind dessen Produkt folgende EAN-13 weltweite Identifikationsnummer besitzt: 2003659821451.<\/p>\n<p>Wir werden diese in eine GTIN Nummer umwandeln, indem wir die entsprechende AI Nummer voranstellen und au\u00dferdem die Null hinzuf\u00fcgen, sodass wir die richtige Anzahl von Ziffern erhalten: (01)02003659821451.<\/p>\n<p>Wenn Sie nun diese Nummer in LabelJoy eingeben w\u00e4hrend die Option AI Sequenz pr\u00fcfen aktiviert ist, werden Sie Folgendes erhalten:<\/p>\n<p><a class=\"hover-item\" href=\"http:\/\/www.labeljoy.com\/images\/how-to\/gs1-128\/de\/image004.png\"><img decoding=\"async\" width=\"730\" height=\"701\" style=\"max-width: 640px;\" src=\"http:\/\/www.labeljoy.com\/images\/how-to\/gs1-128\/de\/image004.png\" alt=\"Labeljoy Fehler f\u00fcr GTIN Barcode\" \/><\/a><\/p>\n<p>LabelJoy hat erkannt, dass diese spezifische AI Nummer nicht selbstst\u00e4ndig existiert, da sie in der GS1 Welt keine Bedeutung haben w\u00fcrde. AI 01 wurde entwickelt, um mit mindestens einer anderen AI-Nummer gepaart zu werden, die zus\u00e4tzliche Informationen \u00fcber diesen speziellen Artikel enth\u00e4lt.<br \/>\nBeispielsweise k\u00f6nnten wir Informationen \u00fcber Gewicht, Ma\u00dfe oder die Menge der versandten Artikel hinzuf\u00fcgen.<br \/>\nAlso f\u00fcgen wir AI 30 (Anzahl der Artikel) hinzu, die die Anzahl der Artikel angibt, die in der Versandeinheit enthalten sind.<br \/>\nNehmen wir an, wir w\u00fcrden wir 1200 Einheiten unseres Produkts verschicken.<br \/>\nDa AI 30 eine variable L\u00e4nge hat, m\u00fcssen wir keine Nullen hinzuf\u00fcgen. Der Text, den wir eingeben, sieht so aus:<br \/>\n(01)02003659821451(30)1200.<br \/>\nIn GS1-Sprache ausgedr\u00fcckt: enth\u00e4lt diese Versandeinheit 1200 St\u00fcck des EAN-13 Artikels 2003659821451.<\/p>\n<p><a class=\"hover-item\" href=\"http:\/\/www.labeljoy.com\/images\/how-to\/gs1-128\/de\/image005.png\"><img decoding=\"async\" width=\"871\" height=\"566\" style=\"max-width: 640px;\" src=\"http:\/\/www.labeljoy.com\/images\/how-to\/gs1-128\/de\/image005.png\" alt=\"GS1 128 Barcode-Konfiguration\" \/><\/a><\/p>\n<p>LabelJoy validiert diese Eingabe, erkennt keine Probleme und generiert folgendes Barcode-Symbol:<\/p>\n<p><a class=\"hover-item\" href=\"http:\/\/www.labeljoy.com\/images\/how-to\/gs1-128\/image006.png\"><img decoding=\"async\" width=\"475\" height=\"161\" class=\"aligncenter\" style=\"max-width: 640px;\" src=\"http:\/\/www.labeljoy.com\/images\/how-to\/gs1-128\/image006.png\" alt=\"GTIN GS1 barcode\" \/><\/a><\/p>\n<p style=\"text-align: center;\"><a href=\"http:\/\/www.labeljoy.com\/images\/how-to\/gs1-128\/GS1-128b.lpa\" class=\"large green tt-button\" target=\"\">\u00a0Diese Datei herunterladen <\/a>\n<h2>4 &#8211; Ein reales Beispiel<\/h2>\n<p>Jetzt schaffen wir ein echtes Logistik-Label nach den GS1-Richtlinien.<\/p>\n<p>Wir beginnen damit LabelJoy so einzustellen, dass es ein 105 mal 148mm gro\u00dfes Etikett erstellt (wie auf Seite 24 im GS1-Dokument beschrieben):<\/p>\n<p><a class=\"hover-item\" href=\"http:\/\/www.labeljoy.com\/images\/how-to\/gs1-128\/de\/image007.png\"><img decoding=\"async\" width=\"872\" height=\"568\" style=\"max-width: 640px;\" src=\"http:\/\/www.labeljoy.com\/images\/how-to\/gs1-128\/de\/image007.png\" alt=\"Individuelle Konfiguration Etikett\" \/><\/a><\/p>\n<p>Beachten Sie, dass die Seitengr\u00f6\u00dfe etwas gr\u00f6\u00dfer ist, um Platz f\u00fcr R\u00e4nder zu lassen. Das Layout muss unter Ber\u00fccksichtigung Ihrer Drucker- und Papieranforderungen erstellt werden.<br \/>\nWir f\u00fcgen nun alle Elemente des Logistik-Etiketts hinzu, das wir auf Seite 14 des GS1 Dokumentes finden:<\/p>\n<p><a class=\"hover-item\" href=\"http:\/\/www.labeljoy.com\/images\/how-to\/gs1-128\/de\/image008.png\"><img decoding=\"async\" width=\"1916\" height=\"1019\" style=\"max-width: 640px;\" src=\"http:\/\/www.labeljoy.com\/images\/how-to\/gs1-128\/de\/image008.png\" alt=\"Ein echtes Beispiel GS1-128\" \/><\/a><\/p>\n<p>&nbsp;<\/p>\n<p style=\"text-align: center;\"><a href=\"http:\/\/www.labeljoy.com\/images\/how-to\/gs1-128\/GS1-128c.lpa\" class=\"large green tt-button\" target=\"_self\">\u00a0\u00a0Diese Datei herunterladen <\/a>\n<p>Dies ist ein typisches GS1-128 Logistik-Etikett, das drei Gruppen von Informationen enth\u00e4lt: Lieferant, Kunde und Frachtf\u00fchrer.<br \/>\nDer obere Abschnitt enth\u00e4lt Versandinformationen, der mittlere Abschnitt die visuell lesbaren Daten und der untere Abschnitt die Barcode-Symbole.<\/p>\n<h2>5 &#8211; Datenverkn\u00fcpfung<\/h2>\n<p>Wenn die auf Ihrem GS1-Label dargestellten Daten in einer Datenquelle (Excel- oder Access-Datei, SQL-Server, MySQL usw.) enthalten sind, m\u00fcssen Sie Ihre LabelJoy-Datei mit der Datenquelle verkn\u00fcpfen und jedes Element mit dem entsprechenden Datenset verbinden. Weitere Informationen finden Sie in <a title=\"Daten aus Excel laden\" href=\"http:\/\/www.labeljoy.com\/de\/video-support\/daten-aus-excel-laden\/\">diesem Tutorial -Video<\/a>.<\/p>\n<p>F\u00fcr unser Beispiel wird eine Excel-Datei verwendet:<\/p>\n<p><a class=\"hover-item\" href=\"http:\/\/www.labeljoy.com\/images\/how-to\/gs1-128\/de\/image009.png\"><img decoding=\"async\" width=\"1518\" height=\"223\" style=\"max-width: 640px;\" src=\"http:\/\/www.labeljoy.com\/images\/how-to\/gs1-128\/de\/image009.png\" alt=\"Excel-Datei zu Schlie\u00dfen\" \/><\/a><\/p>\n<p>Nicht alle Informationen, die wir auf unserem Etikett ben\u00f6tigen, sind direkt zum Einf\u00fcgen bereit. Einige der Daten m\u00fcssen zuerst verarbeitet werden, indem sie an existierende Elemente angeh\u00e4ngt werden. Dazu kommen wir gleich.<\/p>\n<p>Aber zun\u00e4chst verkn\u00fcpfen wir das Etikett mit der Datenquelle. Wir k\u00f6nnten daf\u00fcr auch den Datenassistenten verwenden, aber vorl\u00e4ufig richten wir die Verbindung manuell ein, indem wir das Gruppen-Einstellungsformular aufrufen:<\/p>\n<p><a class=\"hover-item\" href=\"http:\/\/www.labeljoy.com\/images\/how-to\/gs1-128\/de\/image010.png\"><img decoding=\"async\" width=\"775\" height=\"588\" style=\"max-width: 640px;\" src=\"http:\/\/www.labeljoy.com\/images\/how-to\/gs1-128\/de\/image010.png\" alt=\"Excel-Datei Importkonfiguration\" \/><\/a><\/p>\n<p>Sobald die Daten geladen wurden, sollte die Registerkarte Filter und Sortierung ein Gitter mit den Feldern und den Daten der Excel-Datei anzeigen:<\/p>\n<p><a class=\"hover-item\" href=\"http:\/\/www.labeljoy.com\/images\/how-to\/gs1-128\/de\/image011.png\"><img decoding=\"async\" width=\"774\" height=\"589\" style=\"max-width: 640px;\" src=\"http:\/\/www.labeljoy.com\/images\/how-to\/gs1-128\/de\/image011.png\" alt=\"Filter und Sortierung von Excel-Datei\" \/><\/a><\/p>\n<p>Wenn wir die gerade vorgenommenen Datenverkn\u00fcpfungs\u00e4nderungen best\u00e4tigen, werden die Seitenschaltfl\u00e4chen in der oberen Symbolleiste aktiv. Wir haben ein einzelnes Etikett pro Seite und da unsere Datenquelle 7 Zeilen enth\u00e4lt, erm\u00f6glicht LabelJoy das Scrollen durch 7 Seiten, 1 Zeile pro Seite.<\/p>\n<p>Jetzt muss jedes variable Element auf dem Etikett mit dem richtigen Feld in der Datenquelle verkn\u00fcpft werden. Wir beginnen mit dem gro\u00dfen PLZ-Feld im oberen rechten Bereich:<\/p>\n<p><a class=\"hover-item\" href=\"http:\/\/www.labeljoy.com\/images\/how-to\/gs1-128\/de\/image012.png\"><img decoding=\"async\" width=\"1916\" height=\"1018\" style=\"max-width: 640px;\" src=\"http:\/\/www.labeljoy.com\/images\/how-to\/gs1-128\/de\/image012.png\" alt=\"Gs1 128 Barcode aus Excel-Datei\" \/><\/a><\/p>\n<p>Wie Sie sehen, wird durch Klicken auf die Schaltfl\u00e4che Feld ein Men\u00fc mit der Liste der verf\u00fcgbaren Felder angezeigt. In diesem Fall m\u00fcssen wir die Pr\u00e4fix- und Postleitzahlfelder miteinander verkn\u00fcpfen, indem wir sie nacheinander ausw\u00e4hlen:<\/p>\n<p><a class=\"hover-item\" href=\"http:\/\/www.labeljoy.com\/images\/how-to\/gs1-128\/de\/image013.png\"><img decoding=\"async\" width=\"872\" height=\"566\" style=\"max-width: 640px;\" src=\"http:\/\/www.labeljoy.com\/images\/how-to\/gs1-128\/de\/image013.png\" alt=\"Abgelegt im Barcode-Label\" \/><\/a><\/p>\n<p>Als n\u00e4chstes bearbeiten wir die Zieladresse. Die Absenderadresse bleibt unber\u00fchrt. Nachdem immer die gleiche Firma der Absender ist, k\u00f6nnen wir das Von Feld in seiner statischen Form belassen.<br \/>\nDas An Feld muss entsprechend verkn\u00fcpft werden:<\/p>\n<p><a class=\"hover-item\" href=\"http:\/\/www.labeljoy.com\/images\/how-to\/gs1-128\/de\/image014.png\"><img decoding=\"async\" width=\"872\" height=\"567\" style=\"max-width: 640px;\" src=\"http:\/\/www.labeljoy.com\/images\/how-to\/gs1-128\/de\/image014.png\" alt=\"Verbindungsdaten\" \/><\/a><\/p>\n<p>Achten Sie auf den Bindestrich zwischen den Feldern Pr\u00e4fix und PLZ sowie auf das Leerzeichen zwischen PLZ und Stadt.<\/p>\n<p>Die Felder Frachtf\u00fchrer, Bestellnummer und Bruttogewicht k\u00f6nnen direkt mit den entsprechenden Feldern der Datenquelle verkn\u00fcpft werden, es ist keine zus\u00e4tzliche Verkn\u00fcpfung erforderlich.<\/p>\n<p>Das Feld Lieferdatum bedarf besonderer Aufmerksamkeit: das Format des Datums muss definiert werden. Wie auf dem Logistik-Etikett angegeben, muss dieses Datum im Format YYYY-MM-DD sein. Mit LabelJoy k\u00f6nnen spezielle Formatierungen f\u00fcr jedes Feld das dem Element hinzugef\u00fcgt wird, definiert werden.<\/p>\n<p>Doppelklicken Sie auf das Element Lieferdatum, verkn\u00fcpfen Sie es mit dem Feld Lieferdatum und klicken Sie auf den Link im Textfeld, um das Fenster Feldbearbeitung aufzurufen:<\/p>\n<p>W\u00e4hlen Sie das Feld Menge aus dem Men\u00fc:<\/p>\n<p><a class=\"hover-item\" href=\"http:\/\/www.labeljoy.com\/images\/how-to\/gs1-128\/de\/image015.png\"><img decoding=\"async\" width=\"872\" height=\"568\" style=\"max-width: 640px;\" src=\"http:\/\/www.labeljoy.com\/images\/how-to\/gs1-128\/de\/image015.png\" alt=\"Liefertermin Feldkonfiguration\" \/><\/a><\/p>\n<p>Wie Sie sehen, haben wir das richtige Datumsformat in das Textfeld Format eingegeben. Dadurch wird LabelJoy angewiesen, das Datum in diesem bestimmten Format anzuzeigen.<\/p>\n<p>Das Feld An Post senden ist die Verkn\u00fcpfung der Felder ISO 3366 und PLZ.<\/p>\n<p>Die gleiche Verkn\u00fcpfung muss in das entsprechende Barcode-Element eingegeben werden, nur dass der statische Text (421) allem vorangestellt werden muss, um LabelJoy anzuweisen, es als AI 421 zu behandeln:<\/p>\n<p><a class=\"hover-item\" href=\"http:\/\/www.labeljoy.com\/images\/how-to\/gs1-128\/de\/image016.png\"><img decoding=\"async\" width=\"870\" height=\"566\" style=\"max-width: 640px;\" src=\"http:\/\/www.labeljoy.com\/images\/how-to\/gs1-128\/de\/image016.png\" alt=\"GS1 128 Schiff zu ver\u00f6ffentlichen\" \/><\/a><\/p>\n<p>Das SSCC-Textelement muss den statischen Text 0 (Pr\u00e4fix) 3453128 (eine 7-stellige Firmenidentifikationsnummer) verkn\u00fcpfen, den Wert aus dem Feld SSCC lesen und die Pr\u00fcfziffer verwalten.<br \/>\nNachdem Pr\u00e4fix + Firmenidentifikationsnummer + Pr\u00fcfziffer gemeinsam insgesamt 9 Ziffern haben, muss sichergestellt werden, dass der von der Datenquelle gelesene SSCC-Wert richtig (mit Nullen) aufgef\u00fcllt wird, so dass die Gesamtzahl der Ziffern immer 18 ist.<br \/>\nDoppelklicken Sie auf das SSCC-Textelement und geben Sie den statischen Text 03453128 ein. Klicken Sie nun auf die Schaltfl\u00e4che Feld und w\u00e4hlen Sie das SSCC-Feld. Klicken Sie abschlie\u00dfend auf die Schaltfl\u00e4che Referenz und w\u00e4hlen Sie die Modul-10 Pr\u00fcfsumme.<\/p>\n<p>Klicken Sie nun auf das graue SSCC-Feld, um dessen Eigenschaften aufzurufen. Im Feld Format geben Sie 000000000 (9 Nullen) ein. Auf diese Weise wird LabelJoy jeden Wert mit Nullen auff\u00fcllen, bis insgesamt 9 Ziffern erreicht werden. Somit wird auch die letzte Zeile der Datenquelle richtig verarbeitet, die f\u00fcnf Ziffern enth\u00e4lt, anstatt vier, wie alle anderen Zeilen.<\/p>\n<p><a class=\"hover-item\" href=\"http:\/\/www.labeljoy.com\/images\/how-to\/gs1-128\/de\/image017.png\"><img decoding=\"async\" width=\"870\" height=\"667\" style=\"max-width: 640px;\" src=\"http:\/\/www.labeljoy.com\/images\/how-to\/gs1-128\/de\/image017.png\" alt=\"Modulo-10-Konfiguration\" \/><\/a><\/p>\n<p>Die Modul-10 Pr\u00fcfsummen-Referenz f\u00fcgt der Nummernfolge unmittelbar vor dem Einf\u00fcgepunkt eine Modul-10-Pr\u00fcfziffer hinzu.<\/p>\n<p>F\u00fcr das SSCC-Barcode-Element gilt dasselbe. Es muss nur der Text (00) allem vorangestellt werden, um LabelJoy mitzuteilen, dass es als AI 00 behandelt werden soll.<\/p>\n<p>F\u00fcr Demonstrationszwecke w\u00e4hlen wir einen anderen Ansatz. Da LabelJoy wei\u00df, dass es sich um ein GS1-128 SSCC Barcode-Element handelt, m\u00fcssen wir die Modul-10 Pr\u00fcfsummen-Referenz am Ende der Sequenz nicht hinzuf\u00fcgen. Wir geben nur eine statische 0 ein, die in die richtige Modul-10 Pr\u00fcfziffer konvertiert wird.<\/p>\n<p><a class=\"hover-item\" href=\"http:\/\/www.labeljoy.com\/images\/how-to\/gs1-128\/de\/image018.png\"><img decoding=\"async\" width=\"870\" height=\"714\" style=\"max-width: 640px;\" src=\"http:\/\/www.labeljoy.com\/images\/how-to\/gs1-128\/de\/image018.png\" alt=\"SSCC Konfiguration\" \/><\/a><\/p>\n<p>Das Endergebnis sind sieben druckfertige Seiten:<\/p>\n<p style=\"text-align: center;\"><a href=\"http:\/\/www.labeljoy.com\/images\/how-to\/gs1-128\/GS1-128d.zip\" class=\"large green tt-button\" target=\"_self\">\u00a0Diese LabelJoy Datei herunterladen <\/a>\n<p>&nbsp;<\/p>\n<table border=\"0\" width=\"100%\" cellspacing=\"20\" cellpadding=\"20\">\n<tbody>\n<tr>\n<td>\u00a0<a class=\"hover-item\" href=\"http:\/\/www.labeljoy.com\/images\/how-to\/gs1-128\/image019.png\"><img decoding=\"async\" src=\"http:\/\/www.labeljoy.com\/images\/how-to\/gs1-128\/image019.png\" alt=\"Endergebnis 1\" width=\"234\" height=\"329\" \/><\/a><\/td>\n<td>\u00a0<a class=\"hover-item\" href=\"http:\/\/www.labeljoy.com\/images\/how-to\/gs1-128\/image020.png\"><img decoding=\"async\" src=\"http:\/\/www.labeljoy.com\/images\/how-to\/gs1-128\/image020.png\" alt=\"Endergebnis 2\" width=\"234\" height=\"329\" \/><\/a><\/td>\n<\/tr>\n<tr>\n<td>\u00a0<a class=\"hover-item\" href=\"http:\/\/www.labeljoy.com\/images\/how-to\/gs1-128\/image021.png\"><img decoding=\"async\" src=\"http:\/\/www.labeljoy.com\/images\/how-to\/gs1-128\/image021.png\" alt=\"Endergebnis 3\" width=\"234\" height=\"329\" \/><\/a><\/td>\n<td>\u00a0<a class=\"hover-item\" href=\"http:\/\/www.labeljoy.com\/images\/how-to\/gs1-128\/image022.png\"><img decoding=\"async\" src=\"http:\/\/www.labeljoy.com\/images\/how-to\/gs1-128\/image022.png\" alt=\"Endergebnis 4\" width=\"234\" height=\"329\" \/><\/a><\/td>\n<\/tr>\n<tr>\n<td>\u00a0<a class=\"hover-item\" href=\"http:\/\/www.labeljoy.com\/images\/how-to\/gs1-128\/image023.png\"><img decoding=\"async\" src=\"http:\/\/www.labeljoy.com\/images\/how-to\/gs1-128\/image023.png\" alt=\"Endergebnis 5\" width=\"234\" height=\"329\" \/><\/a><\/td>\n<td>\u00a0<a class=\"hover-item\" href=\"http:\/\/www.labeljoy.com\/images\/how-to\/gs1-128\/image024.png\"><img decoding=\"async\" src=\"http:\/\/www.labeljoy.com\/images\/how-to\/gs1-128\/image024.png\" alt=\"Endergebnis 6\" width=\"234\" height=\"329\" \/><\/a><\/td>\n<\/tr>\n<tr>\n<td>\u00a0<a class=\"hover-item\" href=\"http:\/\/www.labeljoy.com\/images\/how-to\/gs1-128\/image025.png\"><img decoding=\"async\" src=\"http:\/\/www.labeljoy.com\/images\/how-to\/gs1-128\/image025.png\" alt=\"Endergebnis 7\" width=\"234\" height=\"329\" \/><\/a><\/td>\n<td><\/td>\n<\/tr>\n<\/tbody>\n<\/table>\n","protected":false},"excerpt":{"rendered":"<p>GS1-128 Barcodes erstellen GS1-128 wurde definiert, um einen globalen Standard f\u00fcr den Informationsaustausch in der gesamten Lieferkette zu gew\u00e4hrleisten. Dieser Standard wird als ein oder mehrere Barcode-Symbole dargestellt, die Daten verschl\u00fcsseln und Informationen \u00fcber versandte G\u00fcter enthalten, wie beispielsweise weltweite Lokalisierung, Menge, Gewicht, Haltbarkeitsdaten, und vieles mehr. GS1-128 ist keine eigene Barcode Symbologie, sondern vielmehr &#8230; <a title=\"GS1-128 Barcodes generieren\" class=\"read-more\" href=\"https:\/\/www.labeljoy.com\/de\/unterstutzung\/anleitungen\/gs1-128-barcodes-generieren\/\" aria-label=\"Mehr Informationen \u00fcber GS1-128 Barcodes generieren\">Read more<\/a><\/p>\n","protected":false},"author":1,"featured_media":0,"parent":2172,"menu_order":16,"comment_status":"closed","ping_status":"closed","template":"","meta":{"inline_featured_image":false,"_monsterinsights_skip_tracking":false,"_monsterinsights_sitenote_active":false,"_monsterinsights_sitenote_note":"","_monsterinsights_sitenote_category":0,"footnotes":""},"class_list":{"0":"post-16220","1":"page","2":"type-page","3":"status-publish","5":"infinite-scroll-item"},"aioseo_notices":[],"_links":{"self":[{"href":"https:\/\/www.labeljoy.com\/de\/wp-json\/wp\/v2\/pages\/16220","targetHints":{"allow":["GET"]}}],"collection":[{"href":"https:\/\/www.labeljoy.com\/de\/wp-json\/wp\/v2\/pages"}],"about":[{"href":"https:\/\/www.labeljoy.com\/de\/wp-json\/wp\/v2\/types\/page"}],"author":[{"embeddable":true,"href":"https:\/\/www.labeljoy.com\/de\/wp-json\/wp\/v2\/users\/1"}],"replies":[{"embeddable":true,"href":"https:\/\/www.labeljoy.com\/de\/wp-json\/wp\/v2\/comments?post=16220"}],"version-history":[{"count":17,"href":"https:\/\/www.labeljoy.com\/de\/wp-json\/wp\/v2\/pages\/16220\/revisions"}],"predecessor-version":[{"id":45216,"href":"https:\/\/www.labeljoy.com\/de\/wp-json\/wp\/v2\/pages\/16220\/revisions\/45216"}],"up":[{"embeddable":true,"href":"https:\/\/www.labeljoy.com\/de\/wp-json\/wp\/v2\/pages\/2172"}],"wp:attachment":[{"href":"https:\/\/www.labeljoy.com\/de\/wp-json\/wp\/v2\/media?parent=16220"}],"curies":[{"name":"wp","href":"https:\/\/api.w.org\/{rel}","templated":true}]}}