{"id":16231,"date":"2012-09-14T12:51:43","date_gmt":"2012-09-14T12:51:43","guid":{"rendered":"http:\/\/www.labeljoy.com\/?page_id=16231"},"modified":"2020-12-09T17:48:18","modified_gmt":"2020-12-09T17:48:18","slug":"mit-rollendruckern-arbeiten","status":"publish","type":"page","link":"https:\/\/www.labeljoy.com\/de\/unterstutzung\/anleitungen\/mit-rollendruckern-arbeiten\/","title":{"rendered":"Verwendung von Etikettendruckern"},"content":{"rendered":"<h1>Verwendung von Etikettendruckern<\/h1>\n<p>Etikettendrucker sind die beste Wahl, wenn Sie viele Etiketten drucken m\u00fcssen. Die Kosten pro Etikett sind in der Regel geringer und durch den Einsatz eines speziell daf\u00fcr zugeordneten Druckers k\u00f6nnen Sie Probleme vermeiden, die oft mit einem Standarddrucker verbunden sind, wie z. B. jedes Mal das richtige Papier einlegen zu m\u00fcssen.<br \/>\nWenn Sie mit einem Etikettendrucker arbeiten, wird Ihnen dieses Tutorial helfen, die n\u00f6tigen Schritte zu verstehen mit denen Sie LabelJoy so aufsetzen k\u00f6nnen, dass mit einem Etikettendrucker gedruckt werden kann.<br \/>\nWir werden ein typisches Etikett zur internen Nutzung mit Text und einem Barcode erstellen und werden es auf einem Zebra TLP 3842 Etikettendrucker drucken.<\/p>\n<p><a class=\"hover-item\" data-gal=\"prettyPhoto[Roll-Drucker]\" title=\"The Zebra TLP 3842 roll printer\" href=\"http:\/\/www.labeljoy.com\/images\/how-to\/roll-printer\/roll-print001.jpg\"><img decoding=\"async\" src=\"http:\/\/www.labeljoy.com\/images\/how-to\/roll-printer\/roll-print001.jpg\" alt=\"The Zebra TLP 3842 Rollendrucker\" width=\"200\" height=\"200\" \/><\/a><\/p>\n<p><span style=\"font-size: 8pt\">Der Zebra TLP 3842 Etikettendrucker<\/span><\/p>\n<p>&nbsp;<\/p>\n<h2>1 &#8211; Layout definieren<\/h2>\n<p>Etikettendrucker sehen jedes Etikett als eine einzelne Seite an, deshalb muss das Layout auf 1 Spalte und 1 Zeile, entsprechend der Gr\u00f6\u00dfe des Etiketts einschlie\u00dflich der R\u00e4nder eingerichtet werden.<br \/>\nIn dieser Anleitung arbeiten wir mit einer Rolle von 5 mal 3 cm Etiketten mit einem horizontalen Rand von 0,15 cm auf jeder Seite.<\/p>\n<p><a class=\"hover-item\" data-gal=\"prettyPhoto[Roll-Drucker]\" title=\"Defining the layout\" href=\"http:\/\/www.labeljoy.com\/images\/how-to\/roll-printer\/roll-print002.png\"><img decoding=\"async\" src=\"http:\/\/www.labeljoy.com\/images\/how-to\/roll-printer\/roll-print002.png\" alt=\"Beispiel f\u00fcr die Rolle\" width=\"162\" height=\"162\" \/><\/a><\/p>\n<p><span style=\"font-size: 8pt\">Eine 5 x 3 cm gro\u00dfe Etikettenrolle<\/span><\/p>\n<p>Beachten Sie, dass zwischen jedem Etikett eine vertikaler Abstand liegt. In diesem Fall wird dies jedoch nicht ber\u00fccksichtigt, da der Druckertreiber diesen Abstand zur Erkennung der Start- \/ Endposition jedes Etiketts verwendet.<\/p>\n<p>Dies ben\u00f6tigt \u00fcblicherweise etwas genauere Anpassung, da jeder Drucker sich anders verh\u00e4lt. Unter Umst\u00e4nden k\u00f6nnten einige Tests n\u00f6tig sein.<\/p>\n<p>So sollte unser Layout-Formular aussehen, um dieses spezifische Szenario zu ber\u00fccksichtigen:<\/p>\n<p><a class=\"hover-item\" data-gal=\"prettyPhoto[Roll-Drucker]\" title=\"Defining the layout\" href=\"http:\/\/www.labeljoy.com\/images\/how-to\/roll-printer\/roll-print003.png\"><img decoding=\"async\" src=\"http:\/\/www.labeljoy.com\/images\/how-to\/roll-printer\/roll-print003.png\" alt=\"Definieren Sie das Layout\" width=\"509\" height=\"386\" \/><\/a><\/p>\n<p>Wie Sie sehen, wurde im Seitenrahmen <em>Benutzerdefiniert<\/em> als Papiergr\u00f6\u00dfe ausgew\u00e4hlt und die Gesamtbreite des Etiketts (inkl. der R\u00e4nder) und die H\u00f6he (excl. des Abstands zwischen den Etiketten) eingegeben.<\/p>\n<p>Im Etikettenrahmen wurde 1 Spalte und 1 Zeile eingegeben, da der Drucker jedes Etikett als einzelne Seite betrachtet.<br \/>\nSchlie\u00dflich wurde f\u00fcr die linken und rechten Seitenr\u00e4nder 0,15 cm und f\u00fcr den oberen und unteren Rand 0,00 cm eingegeben.<\/p>\n<p>Sobald die \u00c4nderungen best\u00e4tigt werden, sollte LabelJoy ein einzelnes leeres Etikett wie das Folgende anzeigen:<\/p>\n<p><a class=\"hover-item\" data-gal=\"prettyPhoto[Roll-Drucker]\" title=\"Defining the layout\" href=\"http:\/\/www.labeljoy.com\/images\/how-to\/roll-printer\/roll-print004.png\"><img decoding=\"async\" src=\"http:\/\/www.labeljoy.com\/images\/how-to\/roll-printer\/roll-print004.png\" alt=\"Layout-Label\" width=\"645\" height=\"460\" \/><\/a><\/p>\n<p>&nbsp;<\/p>\n<h2>2 &#8211; Etikett gestalten<\/h2>\n<p>Es m\u00fcssen jetzt alle Elemente hinzugef\u00fcgt werden, die auf das Etikett gedruckt werden sollen. W\u00e4hlen Sie dazu einfach den Elementtyp aus der linken Toolbox und zeichnen Sie einen rechteckigen Auswahlrahmen auf den Bereich, in dem das neue Element angezeigt werden soll. Doppelklicken Sie dann auf jedes Element, um seine Eigenschaften zu definieren.<\/p>\n<p>Denken Sie daran, dass die am Bildschirm angezeigten Werte je nach verwendetem Zoomeinstellungen wahrscheinlich gr\u00f6\u00dfer sind als auf dem gedruckten Etikett.<\/p>\n<p>Dies ist unser Endergebnis: ein typisches Produktionsetikett aus einem Reparaturzentrum mit verschiedenen Informationen, einer Seriennummer, und einem Barcode.<\/p>\n<p><a class=\"hover-item\" data-gal=\"prettyPhoto[Roll-Drucker]\" title=\"Designing the label\" href=\"http:\/\/www.labeljoy.com\/images\/how-to\/roll-printer\/roll-print005.png\"><img decoding=\"async\" src=\"http:\/\/www.labeljoy.com\/images\/how-to\/roll-printer\/roll-print005.png\" alt=\"Etikettendruck mit Rollendrucker\" width=\"645\" height=\"460\" \/><\/a><\/p>\n<p style=\"text-align: center\"><a href=\"http:\/\/www.labeljoy.com\/images\/how-to\/roll-printer\/production.lpa\" class=\"large green tt-button\" target=\"_self\"> Diese Datei herunterladen <\/a>\n<p>&nbsp;<\/p>\n<h2>3 &#8211; Datenverkn\u00fcpfung<\/h2>\n<p>Wenn Sie eine Reihe von Etiketten mit Daten drucken m\u00fcssen, m\u00fcssen Sie in LabelJoy eine Datenquelle definieren. Weitere Informationen hierzu finden Sie in diesem <a href=\"http:\/\/www.labeljoy.com\/de\/video-support\/daten-aus-excel-laden\/\" title=\"Daten aus Excel laden\">Tutorial-Video<\/a>.<\/p>\n<p>Sobald die Datenquelle verkn\u00fcpft ist, kann jedes Element bearbeitet werden, um sicherzustellen, dass die Daten aus der zugrundeliegenden Quelle richtig gelesen werden. Klicken Sie auf die Schaltfl\u00e4che Feld und erstellen Sie die richtige Textverkn\u00fcpfung.<\/p>\n<p><a class=\"hover-item\" data-gal=\"prettyPhoto[Roll-Drucker]\" href=\"http:\/\/www.labeljoy.com\/images\/how-to\/roll-printer\/roll-print006.png\"><img decoding=\"async\" width=\"700\" height=\"460\" src=\"http:\/\/www.labeljoy.com\/images\/how-to\/roll-printer\/roll-print006.png\" alt=\"verketten Text\" \/><\/a><\/p>\n<p>Beachten Sie,  dass in diesem Projekt ein Etikett pro Seite gedruckt wird. Wenn Ihre Datenquelle 300 Zeilen enth\u00e4lt, wird LabelJoy es als 300-Seiten-Projekt betrachten. Um daher durch die einzelnen Etiketten bl\u00e4ttern zu k\u00f6nnen, m\u00fcssen die Seitenschaltfl\u00e4chen in der oberen Symbolleiste verwendet werden.<\/p>\n<p>\r\n\r\njQuery(document).ready(function () {\r\n    jQuery(window).scroll(function () {\r\n        if (jQuery(this).scrollTop() &gt; 100) {\r\njQuery('.scrollup').fadeIn();\r\n        } else {\r\n            jQuery('.scrollup').fadeOut();\r\n        }\r\n    });\r\n    jQuery('.scrollup').click(function () {\r\n        jQuery(\"html, body\").animate({\r\n            scrollTop: 0\r\n        }, 600);\r\n        return false;\r\n    });\r\n});\r\n\r\n<br \/>\n<a href=\"#\" class=\"scrollup\">Scroll<\/a><\/p>\n","protected":false},"excerpt":{"rendered":"<p>Verwendung von Etikettendruckern Etikettendrucker sind die beste Wahl, wenn Sie viele Etiketten drucken m\u00fcssen. Die Kosten pro Etikett sind in der Regel geringer und durch den Einsatz eines speziell daf\u00fcr zugeordneten Druckers k\u00f6nnen Sie Probleme vermeiden, die oft mit einem Standarddrucker verbunden sind, wie z. B. jedes Mal das richtige Papier einlegen zu m\u00fcssen. Wenn &#8230; <a title=\"Verwendung von Etikettendruckern\" class=\"read-more\" href=\"https:\/\/www.labeljoy.com\/de\/unterstutzung\/anleitungen\/mit-rollendruckern-arbeiten\/\" aria-label=\"Mehr Informationen \u00fcber Verwendung von Etikettendruckern\">Read more<\/a><\/p>\n","protected":false},"author":1,"featured_media":0,"parent":2172,"menu_order":16,"comment_status":"open","ping_status":"closed","template":"page-template-left-sidebar.php","meta":{"inline_featured_image":false,"_monsterinsights_skip_tracking":false,"_monsterinsights_sitenote_active":false,"_monsterinsights_sitenote_note":"","_monsterinsights_sitenote_category":0,"footnotes":""},"class_list":{"0":"post-16231","1":"page","2":"type-page","3":"status-publish","5":"infinite-scroll-item"},"aioseo_notices":[],"_links":{"self":[{"href":"https:\/\/www.labeljoy.com\/de\/wp-json\/wp\/v2\/pages\/16231","targetHints":{"allow":["GET"]}}],"collection":[{"href":"https:\/\/www.labeljoy.com\/de\/wp-json\/wp\/v2\/pages"}],"about":[{"href":"https:\/\/www.labeljoy.com\/de\/wp-json\/wp\/v2\/types\/page"}],"author":[{"embeddable":true,"href":"https:\/\/www.labeljoy.com\/de\/wp-json\/wp\/v2\/users\/1"}],"replies":[{"embeddable":true,"href":"https:\/\/www.labeljoy.com\/de\/wp-json\/wp\/v2\/comments?post=16231"}],"version-history":[{"count":8,"href":"https:\/\/www.labeljoy.com\/de\/wp-json\/wp\/v2\/pages\/16231\/revisions"}],"predecessor-version":[{"id":34561,"href":"https:\/\/www.labeljoy.com\/de\/wp-json\/wp\/v2\/pages\/16231\/revisions\/34561"}],"up":[{"embeddable":true,"href":"https:\/\/www.labeljoy.com\/de\/wp-json\/wp\/v2\/pages\/2172"}],"wp:attachment":[{"href":"https:\/\/www.labeljoy.com\/de\/wp-json\/wp\/v2\/media?parent=16231"}],"curies":[{"name":"wp","href":"https:\/\/api.w.org\/{rel}","templated":true}]}}