{"id":16263,"date":"2013-05-22T13:45:23","date_gmt":"2013-05-22T13:45:23","guid":{"rendered":"http:\/\/www.labeljoy.com\/?page_id=16263"},"modified":"2023-03-28T08:22:37","modified_gmt":"2023-03-28T08:22:37","slug":"ean-128-de","status":"publish","type":"page","link":"https:\/\/www.labeljoy.com\/de\/unterstutzung\/barcode-guide\/ean-128-de\/","title":{"rendered":"EAN 128"},"content":{"rendered":"<h1>EAN 128 Barcode-Generator<\/h1>\n<blockquote><p><strong>EAN-128<\/strong>, auch bekannt als <strong>GS1-128<\/strong>, ist ein Barcode-Standard, der zur <strong>Identifizierung und Verfolgung von Produkten und Waren verwendet wird<\/strong>. Es handelt sich um einen linearen Barcode, der eine Kombination aus Zahlen und ASCII-Zeichen verwendet, um Angaben zur Ware, wie Chargennummer, Verfallsdatum, Gewicht und andere relevante Informationen, darzustellen.<\/p><\/blockquote>\n<p>Der EAN-128 basiert auf dem <strong><a href=\"https:\/\/www.labeljoy.com\/de\/unterstutzung\/barcode-guide\/ean-13-de\/\" title=\"EAN-13-Barcode\">EAN-13-Barcode<\/a><\/strong>, kann aber wesentlich mehr Informationen enthalten. Dieser <strong>Barcode<\/strong> wird vor allem in der Transport- und Logistikbranche zur Versandverwaltung eingesetzt, findet aber auch in anderen Branchen wie der Fertigung, dem Einzelhandel und dem Gesundheitswesen Anwendung.<\/p>\n<p><strong>Der EAN-128 ist ein flexibler Barcode<\/strong>, der an die spezifischen Anforderungen eines Unternehmens oder einer Anwendung angepasst werden kann. Er wurde von GS1 entwickelt, einer internationalen Organisation, die Standards f\u00fcr Barcodierung und andere automatische Identifikationssysteme verwaltet.<\/p>\n<p><img decoding=\"async\" class=\"alignleft\" alt=\"EAN 128 Barcode\" src=\"http:\/\/www.labeljoy.com\/images\/about-barcode\/ean-128.jpg\" width=\"120\" height=\"68\"><strong>EAN 128 Symbole<\/strong> unterscheiden sich von <strong>Code 128 Symbolen<\/strong> aufgrund der Implementierung des FNC1-Zeichens, das als Datenstart und -trennzeichen verwendet wird.<\/p>\n<div class=\"column-clear\"><\/div>\n<ul>\n<li><strong>Das FNC1-Zeichen wird implizit<\/strong> am Anfang des Symbols <strong>hinzugef\u00fcgt<\/strong>, gem\u00e4\u00df der EAN 128-Spezifikation. Ab Version 4.5 unterst\u00fctzen von LabelJoy generierte EAN 128-Barcode-Symbole den FNC1-Separator.<\/li>\n<li>Definieren Sie die Stellen, an denen das FNC1-Trennzeichen dargestellt werden soll mit dem | (senkrechten Strich)-Zeichen.<\/li>\n<\/ul>\n<p>Zum Beispiel wird der Text 123456|ABCDE von LabelJoy als 123456[FNC1]ABCDE interpretiert und das <em>Barcode-Symbol wird entsprechend generiert<\/em>.<\/p>\n<h2>Wie Sie EAN 128 Code mit LabelJoy erstellen<\/h2>\n<p>Mit LabelJoy k\u00f6nnen Sie die <strong>EAN 128-Symbologie verwenden um Barcodes zu erzeugen<\/strong>, die<a href=\"http:\/\/www.labeljoy.com\/de\/unterstutzung\/barcode-guide\/gs1-128-de\/\" title=\"gs1-128\">GS1 128<\/a> \u00e4hnlich, aber vollst\u00e4ndig anpassbar sind und  nicht den Beschr\u00e4nkungen der GS1-128-Spezifikationen unterliegen.<\/p>\n<ul>\n<li>LabelJoy verlangt die Eingabe eines bis zu 48 Zeichen langen alphanumerischen Textes zur Erzeugung des Barcodes. Geben Sie den Text in das Textfeld ein.<\/li>\n<li>Der visuell lesbare Text kann unterhalb oder oberhalb des Symbols angezeigt oder ausgeblendet werden, entsprechend der im Kombinationsfeld Text festgelegten Einstellung.<\/li>\n<\/ul>\n<div class=\"column-clear\"><\/div>\n<div class=\"tt-notification tip\"><p style=\"font-size:12px;\"> Textverkn\u00fcpfung:<br \/>\nWenn ein <strong>EAN-128-Barcodeelement<\/strong> durch Verkn\u00fcpfung von Feldern oder Z\u00e4hlern generiert wird, gilt folgende Regel:<\/p>\n<ul class=\"barcode-ul\">\n<li>Die Textl\u00e4nge darf 48 Zeichen nicht \u00fcberschreiten.<\/li>\n<\/ul>\n<p>Wenn ein Wert gefunden wird, der den obigen Regeln nicht entspricht, wird der Barcode nicht angezeigt.<br \/>\nAu\u00dferdem werden alle ASCII-Zeichen \u00fcber 127, mit Ausnahme des | (senkrechten Strich)-Zeichens entfernt, das als Platzhalter f\u00fcr das FNC1-Zeichen interpretiert wird.<br \/>\n<\/p><\/div>\n<figure style=\"width: 279px\" class=\"wp-caption aligncenter\"><img decoding=\"async\" alt=\"EAN-128 code\" src=\"http:\/\/www.labeljoy.com\/images\/barcodes\/ean128_code.png\" width=\"289\" height=\"101\"><figcaption class=\"wp-caption-text\">EAN 128-Kodierung des Textes 20abcd40ABCD60 (ohne FNC1-Separatoren)<\/figcaption><\/figure>\n<figure style=\"width: 295px\" class=\"wp-caption aligncenter\"><img decoding=\"async\" alt=\"EAN-128 one FNC1 separator\" src=\"http:\/\/www.labeljoy.com\/images\/barcodes\/ean128_fnc1.png\" width=\"305\" height=\"101\"><figcaption class=\"wp-caption-text\">EAN 128-Kodierung des Textes  20abcd40 ABCD60, der als 20abcd40[FNC1]ABCD60 (ein FNC1-Separator) dargestellt wird<\/figcaption><\/figure>\n<figure style=\"width: 359px\" class=\"wp-caption aligncenter\"><img decoding=\"async\" alt=\"EAN-128 (four FNC1 separators)\" src=\"http:\/\/www.labeljoy.com\/images\/barcodes\/ean128_fnc1_barcode.png\" width=\"369\" height=\"101\"><figcaption class=\"wp-caption-text\">EAN 128-Kodierung des Textes 20|abcd|40|ABCD|60, der als 20[FNC1]abcd[FNC1]40[FNC1]ABCD[FNC1]60 dargestellt wird (vier FNC1-Separatoren)<\/figcaption><\/figure>\n<div class=\"hr hr-dotted\">&nbsp;<\/div>\n<div class=\"one_half\">\n<p style=\"text-align: right\"><a href=\"\/de\/kauf\/\" class=\"large blue tt-button\" target=\"_self\"> EAN 128-Generator kaufen <\/a>\n<\/div>\n<div class=\"one_half\">\n<p style=\"text-align: left\">&nbsp;&nbsp;&nbsp;&nbsp; <a href=\"\/de\/download-de\/\" class=\"large green tt-button\" target=\"_self\"> Version kostenlos herunterladen <\/a>\n<\/div>\n","protected":false},"excerpt":{"rendered":"<p>EAN 128 Barcode-Generator EAN-128, auch bekannt als GS1-128, ist ein Barcode-Standard, der zur Identifizierung und Verfolgung von Produkten und Waren verwendet wird. Es handelt sich um einen linearen Barcode, der eine Kombination aus Zahlen und ASCII-Zeichen verwendet, um Angaben zur Ware, wie Chargennummer, Verfallsdatum, Gewicht und andere relevante Informationen, darzustellen. Der EAN-128 basiert auf dem &#8230; <a title=\"EAN 128\" class=\"read-more\" href=\"https:\/\/www.labeljoy.com\/de\/unterstutzung\/barcode-guide\/ean-128-de\/\" aria-label=\"Mehr Informationen \u00fcber EAN 128\">Read more<\/a><\/p>\n","protected":false},"author":1,"featured_media":0,"parent":2342,"menu_order":0,"comment_status":"open","ping_status":"closed","template":"","meta":{"inline_featured_image":false,"_monsterinsights_skip_tracking":false,"_monsterinsights_sitenote_active":false,"_monsterinsights_sitenote_note":"","_monsterinsights_sitenote_category":0,"footnotes":""},"class_list":{"0":"post-16263","1":"page","2":"type-page","3":"status-publish","5":"infinite-scroll-item"},"aioseo_notices":[],"_links":{"self":[{"href":"https:\/\/www.labeljoy.com\/de\/wp-json\/wp\/v2\/pages\/16263","targetHints":{"allow":["GET"]}}],"collection":[{"href":"https:\/\/www.labeljoy.com\/de\/wp-json\/wp\/v2\/pages"}],"about":[{"href":"https:\/\/www.labeljoy.com\/de\/wp-json\/wp\/v2\/types\/page"}],"author":[{"embeddable":true,"href":"https:\/\/www.labeljoy.com\/de\/wp-json\/wp\/v2\/users\/1"}],"replies":[{"embeddable":true,"href":"https:\/\/www.labeljoy.com\/de\/wp-json\/wp\/v2\/comments?post=16263"}],"version-history":[{"count":8,"href":"https:\/\/www.labeljoy.com\/de\/wp-json\/wp\/v2\/pages\/16263\/revisions"}],"predecessor-version":[{"id":39716,"href":"https:\/\/www.labeljoy.com\/de\/wp-json\/wp\/v2\/pages\/16263\/revisions\/39716"}],"up":[{"embeddable":true,"href":"https:\/\/www.labeljoy.com\/de\/wp-json\/wp\/v2\/pages\/2342"}],"wp:attachment":[{"href":"https:\/\/www.labeljoy.com\/de\/wp-json\/wp\/v2\/media?parent=16263"}],"curies":[{"name":"wp","href":"https:\/\/api.w.org\/{rel}","templated":true}]}}