{"id":16264,"date":"2013-05-22T13:45:51","date_gmt":"2013-05-22T13:45:51","guid":{"rendered":"http:\/\/www.labeljoy.com\/?page_id=16264"},"modified":"2022-06-23T08:11:13","modified_gmt":"2022-06-23T08:11:13","slug":"ean-8-de","status":"publish","type":"page","link":"https:\/\/www.labeljoy.com\/de\/unterstutzung\/barcode-guide\/ean-8-de\/","title":{"rendered":"EAN 8"},"content":{"rendered":"<h1>EAN 8 Barcode-Generator<\/h1>\n<p>Ein EAN 8 ist ein Barcode, der von dem l\u00e4ngeren europ\u00e4ischen Artikelnummerncode (<a href=\"http:\/\/www.labeljoy.com\/de\/unterstutzung\/barcode-guide\/ean-13-de\/\" title=\"EAN 13\">EAN 13<\/a>) abgeleitet ist.<br \/>\nEr wurde f\u00fcr die Verwendung auf kleinen Paketen eingef\u00fchrt, f\u00fcr die ein EAN 13-Barcode zu lang w\u00e4re; zum Beispiel auf Zigarettenschachteln, Bleistiften oder Kaugummipaketen<br \/>\nEin EAN 8-Barcode besteht aus:<\/p>\n<ul>\n<li>Einem 2- oder 3-stelligen GS1-Pr\u00e4fix (das jeder nationalen GS1-Beh\u00f6rde zugewiesen wird).<\/li>\n<li>Einem 4- oder 5-stelligem Referenzelement in Abh\u00e4ngigkeit von der L\u00e4nge der GS1-Pr\u00e4fix.<\/li>\n<li>Einer Pr\u00fcfziffer.<\/li>\n<\/ul>\n<p>Die Ziffern werden formatiert als: 0xxx xxxx oder 2xxx xxxx.<\/p>\n<figure style=\"width: 119px\" class=\"wp-caption alignleft\"><img decoding=\"async\" alt=\"EAN-8 symbol\" src=\"http:\/\/www.labeljoy.com\/images\/barcodes\/ean8_symbol.png\" width=\"129\" height=\"148\"><figcaption class=\"wp-caption-text\">EAN-8 symbol<\/figcaption><\/figure>\n<p>Die 8te Zahl (Pr\u00fcfziffer) wird automatisch erstellt.<br \/>\nErstellung eines <em>EAN 8 Barcodes<br \/>\nLabelJoy verlangt die Eingabe<\/em> von 7 Ziffern, um den Barcode zu generieren.<br \/>\nGeben Sie die 7 Ziffern in das Textfeld ein.<br \/>\nDie 8. Ziffer (oder Pr\u00fcfziffer) wird automatisch berechnet.<\/p>\n<div class=\"column-clear\"><\/div>\n<h3>CODE 8 Symbolik in Labeljoy<\/h3>\n<p><strong>EAN 8-Barcodes k\u00f6nnen ebenfalls 2 oder 5 zus\u00e4tzliche Ziffern kodieren.<\/strong> Geben Sie die zus\u00e4tzlichen Ziffern in das rechte Textfeld ein<br \/>\n<div class=\"one_half\">\n<figure style=\"width: 177px\" class=\"wp-caption aligncenter\"><img decoding=\"async\" alt=\"EAN-8 2-digit \" src=\"http:\/\/www.labeljoy.com\/images\/barcodes\/ean8_2_digit.png\" width=\"187\" height=\"148\"><figcaption class=\"wp-caption-text\">EAN 8 mit einem 2-stelligen Add-On<\/figcaption><\/figure>\n<\/div>\n<div class=\"one_half\">\n<figure style=\"width: 177px\" class=\"wp-caption aligncenter\"><img decoding=\"async\" width=\"240\" height=\"148\" alt=\"EAN-8 5-digit\" src=\"http:\/\/www.labeljoy.com\/images\/barcodes\/ean8_5_digit.png\"><figcaption class=\"wp-caption-text\">EAN 8 mit einem 5-stelligen Add-On<\/figcaption><\/figure>\n<\/div>\n<div class=\"tt-notification tip\"><p style=\"font-size:12px;\">Textverkn\u00fcpfung:<br \/>\nWenn ein EAN 8 Barcode durch die Verkn\u00fcpfung von Feldern oder Z\u00e4hlern generiert wird gelten folgende Regeln:<\/p>\n<ul class=\"barcode-ul\">\n<li>F\u00fcr den Haupt-Barcode werden nur die ersten 7 erkannten Ziffern ber\u00fccksichtigt.<\/li>\n<li>F\u00fcr das Add-on ist ein Trennstrich (-) erforderlich, gefolgt von 2 oder 5 Ziffern.<\/li>\n<\/ul>\n<p>Wenn ein Wert gefunden wird, der den obigen Regeln nicht entspricht, wird der Barcode nicht angezeigt.<br \/>\n<\/p><\/div>\nDer visuell lesbare Text kann auch \u00fcber dem Symbol angezeigt oder ausgeblendet werden, entsprechend der im Kombinationsfeld Text angegebenen Einstellung.<\/p>\n<figure style=\"width: 119px\" class=\"wp-caption aligncenter\"><img decoding=\"async\" alt=\"EAN 8 mit Text \u00fcberhalb des Symbols\" src=\"http:\/\/www.labeljoy.com\/images\/barcodes\/ean8_text_above.png\" width=\"129\" height=\"148\"><figcaption class=\"wp-caption-text\">EAN 8 mit Text \u00fcber dem Symbol<\/figcaption><\/figure>\n[\/one_half]\n<div class=\"one_half\">\n<figure style=\"width: 119px\" class=\"wp-caption aligncenter\"><img decoding=\"async\" alt=\"EAN 8 mit ausgeblendetm Text\" src=\"http:\/\/www.labeljoy.com\/images\/barcodes\/ean8_hidden-text.png\" width=\"129\" height=\"151\"><figcaption class=\"wp-caption-text\">EAN 8 mit ausgeblendetem Text<\/figcaption><\/figure>\n<\/div>\n<div class=\"column-clear\"><\/div>\n<p>Geben Sie 7 Ziffern ein, um den Barcode zu erstellen. Die 8te Ziffer (Pr\u00fcfziffer) wird automatisch erstellt.<\/p>\n<div class=\"hr hr-dotted\">&nbsp;<\/div>\n<div class=\"one_half\">\n<p style=\"text-align: right\"><a href=\"\/de\/kauf\/\" class=\"large blue tt-button\" target=\"_self\"> EAN 8-Generator kaufen <\/a>\n<\/div>\n<div class=\"one_half\">\n<p style=\"text-align: left\">&nbsp;&nbsp;&nbsp;&nbsp; <a href=\"\/de\/download-de\/\" class=\"large green tt-button\" target=\"_self\"> Version kostenlos herunterladen <\/a>\n<\/div>\n<div class=\"hr hr-dotted\">&nbsp;<\/div>\n<div class=\"also-like\">\n<strong>K\u00f6nnte Sie auch interessieren:<\/strong><\/p>\n<ul>\n<li><a href=\"https:\/\/www.labeljoy.com\/barcode-generieren-kostenlos\/\" title=\"Kostenloser Online-Barcode-Generator\">Kostenloser Online-Barcode-Generator<\/a><\/li>\n<\/ul>\n<\/div>\n","protected":false},"excerpt":{"rendered":"<p>EAN 8 Barcode-Generator Ein EAN 8 ist ein Barcode, der von dem l\u00e4ngeren europ\u00e4ischen Artikelnummerncode (EAN 13) abgeleitet ist. Er wurde f\u00fcr die Verwendung auf kleinen Paketen eingef\u00fchrt, f\u00fcr die ein EAN 13-Barcode zu lang w\u00e4re; zum Beispiel auf Zigarettenschachteln, Bleistiften oder Kaugummipaketen Ein EAN 8-Barcode besteht aus: Einem 2- oder 3-stelligen GS1-Pr\u00e4fix (das jeder &#8230; <a title=\"EAN 8\" class=\"read-more\" href=\"https:\/\/www.labeljoy.com\/de\/unterstutzung\/barcode-guide\/ean-8-de\/\" aria-label=\"Mehr Informationen \u00fcber EAN 8\">Read more<\/a><\/p>\n","protected":false},"author":1,"featured_media":0,"parent":2342,"menu_order":0,"comment_status":"open","ping_status":"closed","template":"","meta":{"inline_featured_image":false,"_monsterinsights_skip_tracking":false,"_monsterinsights_sitenote_active":false,"_monsterinsights_sitenote_note":"","_monsterinsights_sitenote_category":0,"footnotes":""},"class_list":{"0":"post-16264","1":"page","2":"type-page","3":"status-publish","5":"infinite-scroll-item"},"aioseo_notices":[],"_links":{"self":[{"href":"https:\/\/www.labeljoy.com\/de\/wp-json\/wp\/v2\/pages\/16264","targetHints":{"allow":["GET"]}}],"collection":[{"href":"https:\/\/www.labeljoy.com\/de\/wp-json\/wp\/v2\/pages"}],"about":[{"href":"https:\/\/www.labeljoy.com\/de\/wp-json\/wp\/v2\/types\/page"}],"author":[{"embeddable":true,"href":"https:\/\/www.labeljoy.com\/de\/wp-json\/wp\/v2\/users\/1"}],"replies":[{"embeddable":true,"href":"https:\/\/www.labeljoy.com\/de\/wp-json\/wp\/v2\/comments?post=16264"}],"version-history":[{"count":6,"href":"https:\/\/www.labeljoy.com\/de\/wp-json\/wp\/v2\/pages\/16264\/revisions"}],"predecessor-version":[{"id":37643,"href":"https:\/\/www.labeljoy.com\/de\/wp-json\/wp\/v2\/pages\/16264\/revisions\/37643"}],"up":[{"embeddable":true,"href":"https:\/\/www.labeljoy.com\/de\/wp-json\/wp\/v2\/pages\/2342"}],"wp:attachment":[{"href":"https:\/\/www.labeljoy.com\/de\/wp-json\/wp\/v2\/media?parent=16264"}],"curies":[{"name":"wp","href":"https:\/\/api.w.org\/{rel}","templated":true}]}}