{"id":16265,"date":"2013-05-22T13:49:41","date_gmt":"2013-05-22T13:49:41","guid":{"rendered":"http:\/\/www.labeljoy.com\/?page_id=16265"},"modified":"2022-06-23T08:09:42","modified_gmt":"2022-06-23T08:09:42","slug":"gs1-128-de","status":"publish","type":"page","link":"https:\/\/www.labeljoy.com\/de\/unterstutzung\/barcode-guide\/gs1-128-de\/","title":{"rendered":"GS1 128"},"content":{"rendered":"<h1>GS1-128 Barcode-Generator<\/h1>\n<p>Mit LabelJoy k\u00f6nnen Sie <a href=\"https:\/\/www.labeljoy.com\/barcode-generieren-kostenlos\/\" title=\"Kostenloser Online-Barcode-Generator\">GS1-128 Barcodes ganz einfach generieren<\/a>. GS1-128 ist ein Anwendungsstandard der GS1-Implementierung, der die <a href=\"http:\/\/www.labeljoy.com\/de\/unterstutzung\/barcode-guide\/code-128-de\/\" title=\"Code 128\">Barcode-Spezifikation Code-128 <\/a> verwendet.<\/p>\n<p>GS1-128 verwendet eine Reihe von &#8220;Amplification Identifiers&#8221;, um zus\u00e4tzliche Daten wie Mindesthaltbarkeitsdaten, Chargennummern, Mengen, Gewichte und viele andere Attribute, die der Benutzer ben\u00f6tigt, aufzunehmen.<\/p>\n<h3>GS1-128 Barcodes<\/h3>\n<p>Der GS1-128 Barcode wurde entwickelt, um einen globalen Standard f\u00fcr den Datenaustausch zwischen verschiedenen Unternehmen zu erm\u00f6glichen. GS1-128 kodiert nicht nur die Daten, sondern bietet auch eine Methode zur Definition der Bedeutung der Daten durch die Festlegung einer Reihe von Datenbezeichnern (Application Identifiers, AI\u2019s).<\/p>\n<p>Dieser GS1-Standard definiert sowohl die Art der Daten als auch das Datenformat. Bei GS1-128 (fr\u00fcher auch als UCC\/EAN-128 bekannt), handelt es sich im Wesentlichen um eine von der Code 128-Symbologie abgeleitete Sprache, die ein Sonderzeichen (Function Code 1 (FNC1)) und Datenbezeichner (Application Identifier) zur Definition der Datenfelder verwendet.<\/p>\n<h3>Beispiel GS1-128 Barcode<\/h3>\n<p>Die f\u00fcr den Menschen lesbaren Datenbezeichner werden wie unten abgebildet, in Klammern (01) und (10) dargestellt. Es ist auch m\u00f6glich, mehrere Datenbezeichner in den Barcodedaten zu verketten, wodurch neben der eindeutigen Artikelnummer GTIN auch die dazugeh\u00f6rige Chargennummer oder das Mindesthaltbarkeitsdatum kodiert werden k\u00f6nnen.<\/p>\n<p><img decoding=\"async\" width=\"310\" height=\"153\" src=\"https:\/\/www.labeljoy.com\/wp-content\/uploads\/2022\/05\/gs1-128-barcode-example.jpg\" alt=\"Beispiel GS1-128 Barcode\"><\/p>\n<h3>Aufbau des GS1-128-Barcodes<\/h3>\n<ul>\n<li>Start-Zeichen (START-A, START-B oder START-C)<\/li>\n<li>FNC1-Zeichen<\/li>\n<li>Application Identifier (AI)<\/li>\n<li>Kodierte Daten<\/li>\n<li>Symbol Pr\u00fcfzeichen<\/li>\n<li>Stop-Zeichen<\/li>\n<\/ul>\n<p><a href=\"https:\/\/www.labeljoy.com\/wp-content\/uploads\/2022\/05\/gs1-128-barcode-structure.jpg\" title=\"Aufbau des GS1-128-Barcodes\"><img decoding=\"async\" width=\"588\" height=\"263\" src=\"https:\/\/www.labeljoy.com\/wp-content\/uploads\/2022\/05\/gs1-128-barcode-structure.jpg\" alt=\"Aufbau des GS1-128-Barcodes\"><\/a><\/p>\n<h3>GS1-128 Barcode-Versandetikett<\/h3>\n<p>GS1-128-Barcode-Versandetiketten werden zur Identifizierung von Kartons in der gesamten Versandkette verwendet und werden von den meisten gro\u00dfen Einzelh\u00e4ndlern eingesetzt.<\/p>\n<p>\u00dcblicherweise werden mehrere GS1-128 Barcodes auf einem einzigen Etikett verwendet. Weitere Informationen \u00fcber das GS1-128 Versandetikett finden Sie unter <a href=\"https:\/\/www.labeljoy.com\/de\/unterstutzung\/anleitungen\/gs1-128-barcodes-generieren\/\" title=\"GS1-128 Barcodes erstellen\">GS1-128 Barcodes erstellen<\/a>.<\/p>\n<p>Versandetiketten mit GS1-128-Barcodes sind ein wesentlicher Bestandteil der Logistik in der Lieferkette des Einzelhandels. Der prim\u00e4re Barcode auf dem Versandetikett wird als Serialized Shipping Container Code (SSCC-18) bezeichnet und ist in EDI-Datentransaktionen integriert. Durch die Verwendung dieser Etiketten k\u00f6nnen Einzelh\u00e4ndler den Inhalt jedes Kartons genau identifizieren.<\/p>\n<div class=\"tt-notification warning\"><p style=\"font-size:12px;\"> <strong>Hinweis<\/strong>: Alle Details der GS1-128 Symbologie-Spezifikation zu erl\u00e4utern ginge \u00fcber den Rahmen dieser Anleitung hinaus.<br \/>\nWeitere Informationen entnehmen Sie bitte der offiziellen Website der GS1-Beh\u00f6rde: <a title=\"gs1 page\" href=\"http:\/\/www.gs1.org\" target=\"_blank\" rel=\"noopener noreferrer\">www.gs1.org<\/a> <\/p><\/div>\n<p><img decoding=\"async\" class=\"alignleft\" alt=\"GS1 Barcode\" src=\"http:\/\/www.labeljoy.com\/images\/about-barcode\/gs1-128.jpg\" width=\"120\" height=\"68\"><\/p>\n<h3>Erstellung eines GS1-128 Barcodes<\/h3>\n<p>Um ein <strong>GS1-128-konformes Barcode-Symbol<\/strong> mit LabelJoy zu generieren, m\u00fcssen Sie den Text in einem visuell lesbaren Format eingeben. LabelJoy validiert den Text \u00fcber sein internes <strong>GS1-128-Validierungsmodul<\/strong> und generiert das entsprechende Symbol oder zeigt eine Fehlermeldung unter Beschreibung des Problems an.<\/p>\n<p>Zum Beispiel erstellt LabelJoy durch Eingabe des Textes <strong>(00)123456789012345678<\/strong>, ein GS1-128-Barcode-Symbol, das dem <strong>Application Identifier (00) Serial Shipping Container Code (SSCC-18)<\/strong> entspricht.<\/p>\n<p>Weiter Informationen entnehmen Sie bitte der Anleitung \u201c<a href=\"http:\/\/www.labeljoy.com\/de\/unterstutzung\/anleitungen\/gs1-128-barcodes-generieren\/\" title=\"GS1-128 Barcodes Generieren\">Erstellen von GS1-128 Barcodes<\/a>\u201d.<\/p>\n<p>UCC\/EAN-128 wurde entwickelt, um ein Standardformat f\u00fcr den Datenaustausch zwischen verschiedenen Unternehmen zu schaffen. W\u00e4hrend andere Standards die Daten einfach kodieren, ohne anzugeben, worum es sich handelt, kodiert UCC\/EAN-128 die Daten und was sie darstellen; UCC\/EAN-128 ist jedoch keine Codeart oder Symbologie, sondern ein Codeformatierungssystem, das den Code 128 f\u00fcr den Druck verwendet. Jedes Leseger\u00e4t, das den Code 128 lesen kann, kann auch den UCC\/EAN-128 lesen; es ist die UCC\/EAN-128-konforme Anwendung, die die Formatierung des Codes interpretieren muss.<\/p>\n<p>Es ist zum Beispiel m\u00f6glich, das Gewicht von <strong>10,97<\/strong> kg mit einem beliebigen Standard wie einem 2 von 5 Barcode zu kodieren, indem man einfach <strong>1097<\/strong> kodiert, aber w\u00e4hrend der Lesephase ist es nicht m\u00f6glich festzustellen, ob es sich um ein Gewicht, eine Zeit, einen Preis oder etwas anderes handelt, mit anderen Worten, die Anwendung ist nicht in der Lage zu identifizieren, was sie liest.<\/p>\n<p>Beim Formatierungssystem UCC\/EAN-128 werden AI-Anwendungs-Identifizierer (Application Identifier) eingef\u00fcgt, um der Anwendung mitzuteilen, was sie gerade liest, da beim Lesen des Barcodes h\u00e4ufiger Probleme auftreten als beim Drucken. Um zu unserem Beispiel zur\u00fcckzukehren, kann man mit dem AI 310y angeben, dass es sich bei den folgenden Daten um ein Nettogewicht in kg handelt; die darauf folgende Ziffer gibt die Anzahl der Dezimalstellen an, w\u00e4hrend das Gewicht aus 6 Ziffern bestehen muss; in unserem Beispiel wird das Nettogewicht von <strong>10,97<\/strong> kg als 3102<strong>001097<\/strong> kodiert.<\/p>\n<div class=\"tt-contentbox\"><div class=\"tt-contentbox-title tt-cb-title-grey\"><span>MODUL 10 PR\u00dcFZIFFERN:<\/span><\/div><div class=\"tt-contentbox-content tt-content-style-grey\">\n<ul>\n<li>Einige AI (Application Identifier) ben\u00f6tigen eine Modul-10 Pr\u00fcfziffer. Bei Bedarf berechnet LabelJoy die Pr\u00fcfziffer unabh\u00e4ngig von der Eingabe.<\/li>\n<li>Zum Beispiel ben\u00f6tigt der obige SSCC-18-Code eine Pr\u00fcfziffer an der letzten Position, die tats\u00e4chlich 5 und nicht 8 ist. In diesem Szenario wird keine Fehlermeldung angezeigt, stattdessen ersetzt LabelJoy einfach die Pr\u00fcfziffer mit dem korrekten Wert.<\/li>\n<li>Wenn Sie also nicht wissen, wie Sie die Pr\u00fcfziffer berechnen, geben Sie einfach irgendeine Ziffer ein.<\/li>\n<\/ul>\n<\/div><\/div>\n<div class=\"tt-contentbox\"><div class=\"tt-contentbox-title tt-cb-title-grey\"><span>FNC1-Trennzeichen:<\/span><\/div><div class=\"tt-contentbox-content tt-content-style-grey\">\n<ul>\n<li>Wenn zwei oder mehr AI (Application Identifiers) in einem einzigen Symbol kodiert werden m\u00fcssen, erfordert die GS1-128-Spezifikation m\u00f6glicherweise ein oder mehrere FNC1-Trennzeichen. LabelJoy erkennt automatisch, wo FNC1-Trennzeichen ben\u00f6tigt werden und f\u00fcgt sie entsprechend hinzu.<\/li>\n<li>LabelJoy ben\u00f6tigt keine zus\u00e4tzliche Eingabe, um FNC1-Trennzeichen korrekt zu handhaben.<\/li>\n<li>WICHTIG: FNC1-Trennzeichen haben keinen entsprechenden visuell lesbaren Text, sie sind nur als Barcode-Symbol kodiert. Die Interpretation des FNC1-Zeichens kann abh\u00e4ngig von den Einstellungen des Barcodescanners variieren, obwohl es oft als ASCII-Zeichen 29 ausgegeben wird.<\/li>\n<li>Wenn Sie ein benutzerdefiniertes Symbol mithilfe des FNC1-Trennzeichens erstellen m\u00fcssen, lesen Sie bitte die EAN-128-Symbologie.<\/li>\n<\/ul>\n<\/div><\/div>\n<h3>GS1 Barcode Symbologie<\/h3>\n<div class=\"tt-notification tip\"><p style=\"font-size:12px;\"> Textverkn\u00fcpfung:<br \/>\nWenn ein GS1-128 Barcode Element durch die Verkn\u00fcpfung von Feldern oder Z\u00e4hlern generiert wird, gelten die folgenden Regeln:<\/p>\n<ul class=\"barcode-ul\">\n<li>Die Textl\u00e4nge darf 255 Zeichen nicht \u00fcberschreiten.<\/li>\n<li>Der Text muss die GS1-128-Spezifikation ber\u00fccksichtigen.<\/li>\n<\/ul>\n<p>Wenn ein Wert gefunden wird, der den obigen Regeln nicht entspricht, wird der Barcode nicht angezeigt.<br \/>\n<\/p><\/div>\n<figure style=\"width: 216px\" class=\"wp-caption aligncenter\"><img decoding=\"async\" alt=\"GS1-128 Barcode\" src=\"http:\/\/www.labeljoy.com\/images\/barcodes\/gs1-128_barcode.png\" width=\"226\" height=\"103\"><figcaption class=\"wp-caption-text\">GS1-128 Symbol kodiert den Text (00)123456789012345678, welches dem AI 00 (SSCC-18) entspricht. Beachten Sie dass die letzte Ziffer im Barcode eine 5 ist, da dies die korrekte Modul 10 Pr\u00fcfziffer ist.<\/figcaption><\/figure>\n<figure style=\"width: 216px\" class=\"wp-caption aligncenter\"><img decoding=\"async\" alt=\"GS1-128 symbol - two Application Identifiers\" src=\"http:\/\/www.labeljoy.com\/images\/barcodes\/gs1-128_symbol.png\" width=\"226\" height=\"103\"><figcaption class=\"wp-caption-text\">GS1- 128 kodiert eine Verkn\u00fcpfung von zwei Application Identifiers: AI 30 (Jeweilige Menge) und AI 21 (Seriennummer). Beachten Sie, dass in diesem Fall ein FNC1-Trennzeichen direkt vor dem Anfang von AI 21 eingef\u00fcgt ist (im visuell lesbaren Text nicht sichtbar).<\/figcaption><\/figure>\n<figure style=\"width: 343px\" class=\"wp-caption aligncenter\"><img decoding=\"async\" alt=\"GS1-128 symbol - 3 Application Identifiers\" src=\"http:\/\/www.labeljoy.com\/images\/barcodes\/gs1-128_symbol2.png\" width=\"353\" height=\"103\"><figcaption class=\"wp-caption-text\">GS1-128 kodiert eine Verkn\u00fcpfung von drei Application Identifiers: AI 01 (Versandcontainer-Code) und zwei weiteren wie im vorherigen Bild. Beachten Sie, dass in diesem Fall kein FNC1-Trennzeichen vor dem Anfang von AI 30 notwendig ist.<\/figcaption><\/figure>\n<ul>\n<li>LabelJoy verlangt die Eingabe eines bis zu 255 Zeichen langen alphanumerischen Textes zur Erzeugung des Barcodes. Geben Sie den Text in das Textfeld ein.<\/li>\n<li>Der visuell lesbare Text kann unterhalb des Symbols oder dar\u00fcber angezeigt oder ausgeblendet werden, entsprechend der im Kombinationsfeld Text festgelegten Einstellungen.<\/li>\n<li>Das Kontrollk\u00e4stchen &#8220;Check AI Sequenz&#8221; bestimmt eine zus\u00e4tzliche GS1-128-Regel, die die Verkettung bestimmter AI regelt.<\/li>\n<li>Wenn Sie beispielsweise AI 02 (Anzahl der Container) verwenden, sollte das Symbol auch AI 00 (Serial Shipping Container Code) und AI 37 (Anzahl der enthaltenen Einheiten) kodieren.<\/li>\n<li>Au\u00dferdem sollte AI 02 niemals mit AI 01 (Versandcontainer-Code) und 8006 (Bestandteil eines Artikels) in demselben Symbol kodiert werden, da sich diese auf Daten beziehen, die beim Mischen als bedeutungslos betrachtet werden.<\/li>\n<li>Aktivieren Sie dieses Kontrollk\u00e4stchen, um GS1-128-Symbole zu erstellen, die vollst\u00e4ndig dem Originalstandard entsprechen.<\/li>\n<\/ul>\n<div class=\"hr hr-dotted\">&nbsp;<\/div>\n<div class=\"one_half\">\n<p style=\"text-align: right\"><a href=\"\/de\/kauf\/\" class=\"large blue tt-button\" target=\"_self\"> GS1-128-Generator-kaufen<\/a>\n<\/div>\n<div class=\"one_half\">\n<p style=\"text-align: left\">&nbsp;&nbsp;&nbsp;&nbsp; <a href=\"\/de\/download-de\/\" class=\"large green tt-button\" target=\"_self\"> Version kostenlos herunterladen <\/a>\n<\/div>\n","protected":false},"excerpt":{"rendered":"<p>GS1-128 Barcode-Generator Mit LabelJoy k\u00f6nnen Sie GS1-128 Barcodes ganz einfach generieren. GS1-128 ist ein Anwendungsstandard der GS1-Implementierung, der die Barcode-Spezifikation Code-128 verwendet. GS1-128 verwendet eine Reihe von &#8220;Amplification Identifiers&#8221;, um zus\u00e4tzliche Daten wie Mindesthaltbarkeitsdaten, Chargennummern, Mengen, Gewichte und viele andere Attribute, die der Benutzer ben\u00f6tigt, aufzunehmen. GS1-128 Barcodes Der GS1-128 Barcode wurde entwickelt, um einen &#8230; <a title=\"GS1 128\" class=\"read-more\" href=\"https:\/\/www.labeljoy.com\/de\/unterstutzung\/barcode-guide\/gs1-128-de\/\" aria-label=\"Mehr Informationen \u00fcber GS1 128\">Read more<\/a><\/p>\n","protected":false},"author":1,"featured_media":0,"parent":2342,"menu_order":0,"comment_status":"open","ping_status":"closed","template":"","meta":{"inline_featured_image":false,"_monsterinsights_skip_tracking":false,"_monsterinsights_sitenote_active":false,"_monsterinsights_sitenote_note":"","_monsterinsights_sitenote_category":0,"footnotes":""},"class_list":{"0":"post-16265","1":"page","2":"type-page","3":"status-publish","5":"infinite-scroll-item"},"aioseo_notices":[],"_links":{"self":[{"href":"https:\/\/www.labeljoy.com\/de\/wp-json\/wp\/v2\/pages\/16265","targetHints":{"allow":["GET"]}}],"collection":[{"href":"https:\/\/www.labeljoy.com\/de\/wp-json\/wp\/v2\/pages"}],"about":[{"href":"https:\/\/www.labeljoy.com\/de\/wp-json\/wp\/v2\/types\/page"}],"author":[{"embeddable":true,"href":"https:\/\/www.labeljoy.com\/de\/wp-json\/wp\/v2\/users\/1"}],"replies":[{"embeddable":true,"href":"https:\/\/www.labeljoy.com\/de\/wp-json\/wp\/v2\/comments?post=16265"}],"version-history":[{"count":9,"href":"https:\/\/www.labeljoy.com\/de\/wp-json\/wp\/v2\/pages\/16265\/revisions"}],"predecessor-version":[{"id":37641,"href":"https:\/\/www.labeljoy.com\/de\/wp-json\/wp\/v2\/pages\/16265\/revisions\/37641"}],"up":[{"embeddable":true,"href":"https:\/\/www.labeljoy.com\/de\/wp-json\/wp\/v2\/pages\/2342"}],"wp:attachment":[{"href":"https:\/\/www.labeljoy.com\/de\/wp-json\/wp\/v2\/media?parent=16265"}],"curies":[{"name":"wp","href":"https:\/\/api.w.org\/{rel}","templated":true}]}}