{"id":16274,"date":"2013-05-22T13:50:48","date_gmt":"2013-05-22T13:50:48","guid":{"rendered":"http:\/\/www.labeljoy.com\/?page_id=16274"},"modified":"2020-12-03T16:05:16","modified_gmt":"2020-12-03T16:05:16","slug":"upc-code-de","status":"publish","type":"page","link":"https:\/\/www.labeljoy.com\/de\/unterstutzung\/barcode-guide\/upc-code-de\/","title":{"rendered":"UPC code"},"content":{"rendered":"<h1>UPC-Code Barcode-Generator<\/h1>\n<h2>Was ist ein UPC-Code<\/h2>\n<p>Der Universal Product Code (UPC) ist eine Barcode-Symbologie, die in Nordamerika, Gro\u00dfbritannien, Australien und Neuseeland zur Verfolgung von Handelsartikeln in Gesch\u00e4ften weit verbreitet ist. Der Barcode besteht aus 12 Ziffern und \u00e4hnelt dem EAN 13.<br \/>\nDie Struktur des Codes ist wie folgt:<\/p>\n<ul>\n<li>Die erste Ziffer ist ein variabler Code, abh\u00e4ngig von der Anwendung und der Art des Produkts, entsprechend einer Tabelle mit verschiedenen Werten.<\/li>\n<li>Die folgenden 5 Ziffern sind daf\u00fcr gedacht, den Hersteller des Produkts zu benennen.<\/li>\n<li>Die weiteren 5 Ziffern benennen das Produkt oder die Waren des gleichen Herstellers.<\/li>\n<li>Die letzte Ziffer ist die Pr\u00fcfziffer; sie wird von der UPC-Code-Erzeugersoftware automatisch berechnet.<\/li>\n<\/ul>\n<h2>Erstellung eines UPC Codes<\/h2>\n<figure style=\"width: 161px\" class=\"wp-caption alignleft\"><img decoding=\"async\" alt=\"UPC-A Symbol\" src=\"http:\/\/www.labeljoy.com\/images\/barcodes\/upc_a_code.png\" width=\"171\" height=\"123\" \/><figcaption class=\"wp-caption-text\">UPC-A Symbol<\/figcaption><\/figure>\n<p>LabelJoy verlangt die Eingabe von 11 Ziffern, <strong>um den Barcode zu generieren<\/strong>.<br \/>\nGeben Sie die 11 Ziffern in das Textfeld ein.<br \/>\nDie 12. Stelle (oder Pr\u00fcfziffer) wird automatisch berechnet.<\/p>\n<div class=\"column-clear\"><\/div>\n<p>&nbsp;<br \/>\nMit LabelJoy k\u00f6nnen Sie <a href=\"http:\/\/www.labeljoy.com\/de\/vorlagen\/barcode-etikett\/\" title=\"Barcode-Etiketten\">benutzerdefinierte Barcode-Etiketten <\/a> und <a href=\"http:\/\/www.labeljoy.com\/de\/vorlagen\/produktetikett\/\" title=\"Produktetiketten\">Produktetiketten mit UPC-Code<\/a> erstellen und drucken.<\/p>\n<figure style=\"width: 90px\" class=\"wp-caption alignleft\"><img decoding=\"async\" alt=\"UPC-E barcode\" src=\"http:\/\/www.labeljoy.com\/images\/barcodes\/upc_e_code.png\" width=\"100\" height=\"123\" \/><figcaption class=\"wp-caption-text\">UPC-E symbol<\/figcaption><\/figure>\n<p>Um die <strong>Verwendung von UPC-Barcodes<\/strong> auf kleineren Paketen zu erm\u00f6glichen, auf die ein voller 12-stelliger Barcode m\u00f6glicherweise nicht passt, wurde eine \u201eNull-komprimierte\u201c Version von UPC entwickelt, genannt UPC-E.<\/p>\n<p>Aktivieren Sie das Kontrollk\u00e4stchen \u201cUPC-E verwenden, wenn m\u00f6glich\u201e um LabelJoy anzuweisen, den Komprimierungsalgorithmus anzuwenden.<br \/>\nDas Symbol wird dann automatisch in die kleinere UPC-E-Version konvertiert, wenn die Ziffernkombination es erlaubt.<\/p>\n<div class=\"tt-notification tip\"><p style=\"font-size:12px;\">Textkn\u00fcpfung:<br \/>\nWenn ein UPC-A-Barcode-Element durch Verkn\u00fcpfung von Feldern oder Z\u00e4hlern generiert wird, gelten folgende Regeln:<\/p>\n<ul class=\"barcode-ul\">\n<li>F\u00fcr den Haupt-Barcode werden nur die ersten 11 gefundenen Stellen ber\u00fccksichtigt.<\/li>\n<li>F\u00fcr das Add-on ist ein Trennstrich (-) erforderlich, gefolgt von 2 oder 5 Stellen.<\/li>\n<\/ul>\n<p>Wenn ein Wert gefunden wird, der den obigen Regeln nicht entspricht, wird der Barcode nicht angezeigt.<br \/>\n<\/p><\/div>\n<h3>UPC Barcodes f\u00fcr Ihre Produkte<\/h3>\n<p><strong>UPC-A-Symbole<\/strong> m\u00fcssen m\u00f6glicherweise die visuell lesbaren Stellen als spezifische Gruppierung anzeigen. Verwenden Sie das Kombinationsfeld Text Stil, um alternative Arten der Textdarstellung anzuzeigen:<br \/>\n<div class=\"one_half\">\n<figure style=\"width: 161px\" class=\"wp-caption aligncenter\"><img decoding=\"async\" alt=\"UPC-A mit dem 5-5-2-Textstil\" src=\"http:\/\/www.labeljoy.com\/images\/barcodes\/upc_a_symbol1.png\" width=\"171\" height=\"131\" \/><figcaption class=\"wp-caption-text\">UPC-A mit dem 5-5-2-Textstil<\/figcaption><\/figure>\n<\/div>\n<div class=\"one_half\">\n<figure style=\"width: 161px\" class=\"wp-caption aligncenter\"><img decoding=\"async\" alt=\"UPC-A mit dem 5-4-3-Textstil\" src=\"http:\/\/www.labeljoy.com\/images\/barcodes\/upc_barcode.png\" width=\"171\" height=\"131\" \/><figcaption class=\"wp-caption-text\">UPC-A mit dem 5-4-3-Textstil<\/figcaption><\/figure>\n<\/div>\n<p><strong>UPC-A und UPC-E Barcodes k\u00f6nnen zus\u00e4tzlich 2 oder 5 weitere Ziffern kodieren<\/strong>. Geben sie die zus\u00e4tzlichen Ziffern in der rechten Textbox ein:<\/p>\n<div class=\"one_half\">\n<figure style=\"width: 204px\" class=\"wp-caption aligncenter\"><img decoding=\"async\" alt=\"UPC-A mit 2 zus\u00e4tzlichen Ziffern\" src=\"http:\/\/www.labeljoy.com\/images\/barcodes\/upc_code.png\" width=\"214\" height=\"123\" \/><figcaption class=\"wp-caption-text\">UPC-A mit 2 zus\u00e4tzlichen Ziffern<\/figcaption><\/figure>\n<\/div>\n<div class=\"one_half\">\n<figure style=\"width: 174px\" class=\"wp-caption aligncenter\"><img decoding=\"async\" alt=\"UPC-E mit 5 zus\u00e4tzlichen Ziffern\" src=\"http:\/\/www.labeljoy.com\/images\/barcodes\/upc_digit.png\" width=\"184\" height=\"123\" \/><figcaption class=\"wp-caption-text\">UPC-E mit 5 zus\u00e4tzlichen Ziffern<\/figcaption><\/figure>\n<\/div>\n<p>Der visuell lesbare Text kann auch oberhalb des Symbols angezeigt oder ausgeblendet werden, abh\u00e4ngig von den Einstellungen im Kombinationsfeld Text.<\/p>\n<div class=\"one_half\">\n<figure style=\"width: 161px\" class=\"wp-caption aligncenter\"><img decoding=\"async\" alt=\"UPC-A mit dem Text \u00fcberhalb des Symbols\" src=\"http:\/\/www.labeljoy.com\/images\/barcodes\/upc_text_above.png\" width=\"171\" height=\"124\" \/><figcaption class=\"wp-caption-text\">UPC-A mit dem Text oberhalb des Symbols<\/figcaption><\/figure>\n<\/div>\n<div class=\"one_half\">\n<figure style=\"width: 143px\" class=\"wp-caption aligncenter\"><img decoding=\"async\" alt=\"UPC-A mit ausgeblendetem Text\" src=\"http:\/\/www.labeljoy.com\/images\/barcodes\/upc_hidden_text.png\" width=\"153\" height=\"126\" \/><figcaption class=\"wp-caption-text\">UPC-A mit ausgeblendetem Text<\/figcaption><\/figure>\n<\/div>\n<div class=\"hr hr-dotted\">&nbsp;<\/div>\n<div class=\"one_half\">\n<p style=\"text-align: right\"><a href=\"\/de\/kauf\/\" class=\"large blue tt-button\" target=\"_self\"> UPC Code-Generator kaufen<\/a>\n<\/div>\n<div class=\"one_half\">\n<p style=\"text-align: left\">&nbsp;&nbsp;&nbsp;&nbsp; <a href=\"\/de\/download-de\/\" class=\"large green tt-button\" target=\"_self\"> Version kostenlos herunterladen <\/a>\n<\/div>\n","protected":false},"excerpt":{"rendered":"<p>UPC-Code Barcode-Generator Was ist ein UPC-Code Der Universal Product Code (UPC) ist eine Barcode-Symbologie, die in Nordamerika, Gro\u00dfbritannien, Australien und Neuseeland zur Verfolgung von Handelsartikeln in Gesch\u00e4ften weit verbreitet ist. Der Barcode besteht aus 12 Ziffern und \u00e4hnelt dem EAN 13. Die Struktur des Codes ist wie folgt: Die erste Ziffer ist ein variabler Code, &#8230; <a title=\"UPC code\" class=\"read-more\" href=\"https:\/\/www.labeljoy.com\/de\/unterstutzung\/barcode-guide\/upc-code-de\/\" aria-label=\"Mehr Informationen \u00fcber UPC code\">Read more<\/a><\/p>\n","protected":false},"author":1,"featured_media":0,"parent":2342,"menu_order":0,"comment_status":"open","ping_status":"closed","template":"page-template-left-sidebar.php","meta":{"inline_featured_image":false,"_monsterinsights_skip_tracking":false,"_monsterinsights_sitenote_active":false,"_monsterinsights_sitenote_note":"","_monsterinsights_sitenote_category":0,"footnotes":""},"class_list":{"0":"post-16274","1":"page","2":"type-page","3":"status-publish","5":"infinite-scroll-item"},"aioseo_notices":[],"_links":{"self":[{"href":"https:\/\/www.labeljoy.com\/de\/wp-json\/wp\/v2\/pages\/16274","targetHints":{"allow":["GET"]}}],"collection":[{"href":"https:\/\/www.labeljoy.com\/de\/wp-json\/wp\/v2\/pages"}],"about":[{"href":"https:\/\/www.labeljoy.com\/de\/wp-json\/wp\/v2\/types\/page"}],"author":[{"embeddable":true,"href":"https:\/\/www.labeljoy.com\/de\/wp-json\/wp\/v2\/users\/1"}],"replies":[{"embeddable":true,"href":"https:\/\/www.labeljoy.com\/de\/wp-json\/wp\/v2\/comments?post=16274"}],"version-history":[{"count":7,"href":"https:\/\/www.labeljoy.com\/de\/wp-json\/wp\/v2\/pages\/16274\/revisions"}],"predecessor-version":[{"id":31040,"href":"https:\/\/www.labeljoy.com\/de\/wp-json\/wp\/v2\/pages\/16274\/revisions\/31040"}],"up":[{"embeddable":true,"href":"https:\/\/www.labeljoy.com\/de\/wp-json\/wp\/v2\/pages\/2342"}],"wp:attachment":[{"href":"https:\/\/www.labeljoy.com\/de\/wp-json\/wp\/v2\/media?parent=16274"}],"curies":[{"name":"wp","href":"https:\/\/api.w.org\/{rel}","templated":true}]}}