{"id":16278,"date":"2013-05-22T14:27:33","date_gmt":"2013-05-22T14:27:33","guid":{"rendered":"http:\/\/www.labeljoy.com\/?page_id=16278"},"modified":"2022-06-23T07:40:56","modified_gmt":"2022-06-23T07:40:56","slug":"datamatrix-de","status":"publish","type":"page","link":"https:\/\/www.labeljoy.com\/de\/unterstutzung\/barcode-guide\/datamatrix-de\/","title":{"rendered":"Datamatrix"},"content":{"rendered":"<h1>Data Matrix-Generator<\/h1>\n<p>Data Matrix ist ein zweidimensionaler Matrix-Barcode, der aus schwarzen und wei\u00dfen \u201eZellen\u201c oder Modulen besteht, die entweder in einem quadratischen oder rechteckigen Muster angeordnet sind. Die zu kodierende Information kann aus Text oder Rohdaten bestehen. Die L\u00e4nge der kodierten Daten h\u00e4ngt von den verwendeten Symboldimension ab.<\/p>\n<p>Es ist  m\u00f6glich Fehlerkorrekturcodes einzuf\u00fcgen, um die Symbolst\u00e4rke zu erh\u00f6hen: selbst bei teilweiser Besch\u00e4digung k\u00f6nnen sie noch gelesen werden. Ein Data Matrix-Symbol kann bis zu 2.335 alphanumerische Zeichen speichern.<\/p>\n<div class=\"tt-notification warning\"><p style=\"font-size:12px;\"><strong>Hinweis<\/strong>: Bei dieser Art von Symbologie wird kein visuell lesbarer Text angezeigt.<\/p><\/div>\n<figure style=\"width: 170px\" class=\"wp-caption alignleft\"><img decoding=\"async\" alt=\"Data Matrix Barcode\" src=\"http:\/\/www.labeljoy.com\/images\/about-qr-code\/datamatrix.jpg\" width=\"180\" height=\"55\"><figcaption class=\"wp-caption-text\">Data Matrix Barcode<\/figcaption><\/figure>\n<h2><a href=\"https:\/\/www.labeljoy.com\/barcode-generieren-kostenlos\/\" title=\"Kostenloser Online-Barcode-Generator\">Erstellung eines Data Matrix-Barcodes<\/a><\/h2>\n<p><strong>Data Matrix Symbole k\u00f6nnen Text auf verschiedene Weisen kodieren<\/strong>. Benutzen Sie die Combobx Kodierung der Labeljoy Barcode-Software um den passenden Kodierungsalgorithmus f\u00fcr Ihren Text zu bestimmen:<\/p>\n<ul>\n<li>(Gemischt\/Mixed): Standarteinstellung. Erlaubt die Kodierung der Daten mit einer Kombination aller folgenden Kodierungsmodi abh\u00e4ngig von den erkannten Daten. Normalerweise erzielen Sie mit dieser Einstellung die besten Ergebnisse.<\/li>\n<li>ASCII: Erlaubt die Kodierung aller 256 Zeichen der Standart-ASCII-Tabelle. Erzielt die besten Ergebnisse bei numerischen Zeichen und ASCII-Werten zwischen 0 und 127.<\/li>\n<li>C40: Erlaubt die Kodierung von Zahlen, Buchstaben und einigen Sonderzeichen. Am besten geeignet f\u00fcr alphanumerische Codes mit Text aus haupts\u00e4chlich Gro\u00dfbuchstaben.<\/li>\n<li>Text: Erlaubt die Kodierung von Zahlen, Buchstaben und einigen Sonderzeichen. Am besten geeignet f\u00fcr alphanumerische Codes mit Text aus haupts\u00e4chlich Kleinbuchstaben.<\/li>\n<li>X12: Erlaubt die Kodierung der Zeichen im ANSI X 12-Satz.<\/li>\n<li>Edifact: Erlaubt die Kodierung von ASCII Zeichen zwischen 32 und 94. Gr\u00f6\u00dftenteils \u00fcberfl\u00fcssig, nur f\u00fcr R\u00fcckw\u00e4rtskompatibilit\u00e4t beinhaltet.<\/li>\n<li>Base 256: Spezifische Kodierung f\u00fcr Byte-Daten zwischen 0 und 255. Durch die Verwendugn dieses Kodierungs-Algorithmus ist es m\u00f6glich jeden Wert zwischen 0x00 und 0xFF (dezimal: 0~255) zu kodieren. Um diese Kodierung zu benutzen m\u00fcssen sie einen Strang aus 2-Ziffern Hexadezimalwerten eingeben, getrennt durch eine Leerzeile. Beispiel: 32 FA 56 E8 12&#8230; etc.<\/li>\n<\/ul>\n<h3>Data Matrix Codes<\/h3>\n<p style=\"text-align: center\">Data Matrix Kodierung: http:\/\/www.labeljoy.com\/free-label-software\/<\/p>\n<div class=\"one_half\">\n<figure style=\"width: 102px\" class=\"wp-caption aligncenter\"><img decoding=\"async\" alt=\"Data Matrix Mit ASCII Kodierung\" src=\"http:\/\/www.labeljoy.com\/images\/barcodes\/datamatrix_ASCII.png\" width=\"112\" height=\"112\"><figcaption class=\"wp-caption-text\">Mit ASCII Kodierung<\/figcaption><\/figure>\n<\/div>\n<div class=\"one_half\">\n<figure style=\"width: 89px\" class=\"wp-caption aligncenter\"><img decoding=\"async\" alt=\"Data Matrix Mit Text Kodierung\" src=\"http:\/\/www.labeljoy.com\/images\/barcodes\/datamatrix_text.png\" width=\"99\" height=\"98\"><figcaption class=\"wp-caption-text\">Mit Text Kodierung<\/figcaption><\/figure>\n<\/div>\n<div class=\"column-clear\"><\/div>\n<p>Im Kombinationsfeld Symbolgr\u00f6\u00dfe k\u00f6nnen Sie die minimale Symbolgr\u00f6\u00dfe eingeben.<strong> Die Data Matrix-Architektur organisiert<\/strong> Daten in einer Reihe von quadratischen oder rechteckigen Matrizen, die zur Darstellung der kodierten Daten kombiniert werden. Die Anzahl der ben\u00f6tigten Matrizen h\u00e4ngt von der Menge der kodierten Daten ab.<\/p>\n<p>Normalerweise wird das Symbol mit der geringstm\u00f6glichen Anzahl von Matrizen erzeugt, die ben\u00f6tigt werden, um die kodierten Daten darzustellen. In einigen F\u00e4llen kann es jedoch w\u00fcnschenswert sein, die Mindestzahl der gezogenen Matrizen zu erh\u00f6hen, um sicherzustellen, dass alle gedruckten Symbole die gleiche Gr\u00f6\u00dfe haben, unabh\u00e4ngig von der Menge der kodierten Daten. Wenn Sie beispielsweise einen Data Matrix-Barcode mit dem Adressfeld einer Datenquelle verbinden, m\u00fcssen m\u00f6glicherweise alle Symbole unabh\u00e4ngig von der L\u00e4nge der einzelnen Adressen, dieselbe Gr\u00f6\u00dfe haben. In einem solchen Szenario k\u00f6nnen Sie eine minimale Symbolgr\u00f6\u00dfe f\u00fcr alle generierten Barcodes definieren.<\/p>\n<p style=\"text-align: center\">Data Matrix kodiert: 12345<\/p>\n<div class=\"one_half\">\n<figure style=\"width: 80px\" class=\"wp-caption aligncenter\"><img decoding=\"async\" alt=\"Mit (Auto) Symbolgr\u00f6\u00dfe\" src=\"http:\/\/www.labeljoy.com\/images\/barcodes\/datamatrix_auto_size.png\" width=\"31\" height=\"30\"><figcaption class=\"wp-caption-text\">Mit (Auto) Symbolgr\u00f6\u00dfe<\/figcaption><\/figure>\n<\/div>\n<div class=\"one_half\">\n<figure style=\"width: 136px\" class=\"wp-caption aligncenter\"><img decoding=\"async\" alt=\"Mit 16x48 minimaler Symbolgr\u00f6\u00dfe\" src=\"http:\/\/www.labeljoy.com\/images\/barcodes\/datamatrix_symbol_size.png\" width=\"146\" height=\"50\"><figcaption class=\"wp-caption-text\">Mit 16&#215;48 minimaler Symbolgr\u00f6\u00dfe<\/figcaption><\/figure>\n<\/div>\n<div class=\"column-clear\"><\/div>\n<div class=\"tt-notification tip\"><p style=\"font-size:12px;\">Textverkn\u00fcpfung:<br \/>\nWenn ein Data Matrix-Barcode durch die Verkn\u00fcpfung von Feldern oder Z\u00e4hlern generiert wird, gelten die folgenden Regeln:<\/p>\n<ul class=\"barcode-ul\">\n<li>Der Textinhalt muss dem ausgew\u00e4hlten Kodierungsalgorithmus entsprechen.<\/li>\n<li>Die Textl\u00e4nge darf die maximale Kapazit\u00e4t nicht \u00fcberschreiten.<\/li>\n<\/ul>\n<p>Wenn ein Wert gefunden wird, der den obigen Regeln nicht entspricht, wird der Barcode nicht angezeigt.<br \/>\n<\/p><\/div>\n<div class=\"tt-notification neutral\"><p style=\"font-size:12px;\"> Einschr\u00e4nkungen:<br \/>\nMit LabelJoy erstellte Data Matrix-Symbole unterst\u00fctzen nicht: Extended Channel Interpretation (ECI), FNC1-Modus und Structure Append-Modus.<br \/>\n<\/p><\/div>\n<div class=\"hr hr-dotted\">&nbsp;<\/div>\n<div class=\"one_half\">\n<p style=\"text-align: center\"><a href=\"\/de\/kauf\/\" class=\"large blue tt-button\" target=\"_self\"> Data Matrix-Generator kaufen<\/a>\n<\/div>\n<div class=\"one_half\">\n<p style=\"text-align: center\"><a href=\"\/de\/download-de\/\" class=\"large green tt-button\" target=\"_self\"> Version kostenlos herunterladen <\/a>\n<\/div>\n","protected":false},"excerpt":{"rendered":"<p>Data Matrix-Generator Data Matrix ist ein zweidimensionaler Matrix-Barcode, der aus schwarzen und wei\u00dfen \u201eZellen\u201c oder Modulen besteht, die entweder in einem quadratischen oder rechteckigen Muster angeordnet sind. Die zu kodierende Information kann aus Text oder Rohdaten bestehen. Die L\u00e4nge der kodierten Daten h\u00e4ngt von den verwendeten Symboldimension ab. Es ist m\u00f6glich Fehlerkorrekturcodes einzuf\u00fcgen, um die &#8230; <a title=\"Datamatrix\" class=\"read-more\" href=\"https:\/\/www.labeljoy.com\/de\/unterstutzung\/barcode-guide\/datamatrix-de\/\" aria-label=\"Mehr Informationen \u00fcber Datamatrix\">Read more<\/a><\/p>\n","protected":false},"author":1,"featured_media":0,"parent":2342,"menu_order":0,"comment_status":"open","ping_status":"closed","template":"","meta":{"inline_featured_image":false,"_monsterinsights_skip_tracking":false,"_monsterinsights_sitenote_active":false,"_monsterinsights_sitenote_note":"","_monsterinsights_sitenote_category":0,"footnotes":""},"class_list":{"0":"post-16278","1":"page","2":"type-page","3":"status-publish","5":"infinite-scroll-item"},"aioseo_notices":[],"_links":{"self":[{"href":"https:\/\/www.labeljoy.com\/de\/wp-json\/wp\/v2\/pages\/16278","targetHints":{"allow":["GET"]}}],"collection":[{"href":"https:\/\/www.labeljoy.com\/de\/wp-json\/wp\/v2\/pages"}],"about":[{"href":"https:\/\/www.labeljoy.com\/de\/wp-json\/wp\/v2\/types\/page"}],"author":[{"embeddable":true,"href":"https:\/\/www.labeljoy.com\/de\/wp-json\/wp\/v2\/users\/1"}],"replies":[{"embeddable":true,"href":"https:\/\/www.labeljoy.com\/de\/wp-json\/wp\/v2\/comments?post=16278"}],"version-history":[{"count":7,"href":"https:\/\/www.labeljoy.com\/de\/wp-json\/wp\/v2\/pages\/16278\/revisions"}],"predecessor-version":[{"id":37634,"href":"https:\/\/www.labeljoy.com\/de\/wp-json\/wp\/v2\/pages\/16278\/revisions\/37634"}],"up":[{"embeddable":true,"href":"https:\/\/www.labeljoy.com\/de\/wp-json\/wp\/v2\/pages\/2342"}],"wp:attachment":[{"href":"https:\/\/www.labeljoy.com\/de\/wp-json\/wp\/v2\/media?parent=16278"}],"curies":[{"name":"wp","href":"https:\/\/api.w.org\/{rel}","templated":true}]}}