{"id":16280,"date":"2013-05-22T14:28:02","date_gmt":"2013-05-22T14:28:02","guid":{"rendered":"http:\/\/www.labeljoy.com\/?page_id=16280"},"modified":"2020-12-03T16:28:58","modified_gmt":"2020-12-03T16:28:58","slug":"postnet-de","status":"publish","type":"page","link":"https:\/\/www.labeljoy.com\/de\/unterstutzung\/barcode-guide\/postnet-de\/","title":{"rendered":"Postnet"},"content":{"rendered":"<h1>Postnet Barcode-Generator<\/h1>\n<p>Mit Labeljoy k\u00f6nnen Sie Postnet-Barcodes ganz einfach erstellen. Postnet (Postal Numeric Encoding Technique) ist eine Barcode-Symbologie, die vom United States Postal Service zur Postzustellung verwendet wird. Die Postleitzahl oder der ZIP+4-Code ist ein in halber und voller H\u00f6he kodierter Balken.<\/p>\n<p>Der LabelJoy Postnet-Generator erm\u00f6glicht die Kodierung von 5, 9 oder 11 Ziffern, gem\u00e4\u00df dem Postnet-Standard.<br \/>\nLaden Sie die <a href=\"http:\/\/www.labeljoy.com\/de\/vorlagen\/geburtstagseinladungen\/\" title=\"Geburtstag\">Vorlagen f\u00fcr Versandetiketten<\/a> herunter und beginnen Sie, Ihre eigenen Postnet-Etiketten zu erstellen und zu drucken.<br \/>\n<div class=\"tt-notification warning\"><p style=\"font-size:12px;\"><strong>Hinweis<\/strong>: Bei dieser Art von Symbologie wird kein visuell lesbarer Text angezeigt.<\/p><\/div>\n<figure style=\"width: 177px\" class=\"wp-caption aligncenter\"><img decoding=\"async\" alt=\"Postnet kodiert 5 Ziffern\" src=\"http:\/\/www.labeljoy.com\/images\/barcodes\/postnet_barcode.png\" width=\"187\" height=\"19\" \/><figcaption class=\"wp-caption-text\">Postnet-Kodierung mit 5 Ziffern<\/figcaption><\/figure>\n<figure style=\"width: 296px\" class=\"wp-caption aligncenter\"><img decoding=\"async\" alt=\"Postnet kodiert 9 Ziffern\" src=\"http:\/\/www.labeljoy.com\/images\/barcodes\/postnet_code.png\" width=\"306\" height=\"20\" \/><figcaption class=\"wp-caption-text\">Postnet-Kodierung mit 9 Ziffern<\/figcaption><\/figure>\n<figure style=\"width: 355px\" class=\"wp-caption aligncenter\"><img decoding=\"async\" alt=\"Postnet kodiert 11 Ziffern\" src=\"http:\/\/www.labeljoy.com\/images\/barcodes\/postnet_encoding.png\" width=\"365\" height=\"19\" \/><figcaption class=\"wp-caption-text\">Postnet-Kodierung mit 11 Ziffern<\/figcaption><\/figure>\n<div class=\"tt-notification tip\"><p style=\"font-size:12px;\">Textverkn\u00fcpfung:<br \/>\nWenn ein <strong>Postnet-Barcode durch die Verkn\u00fcpfung<\/strong> von Feldern oder Z\u00e4hlern generiert wird, gelten die folgenden Regeln: <\/p>\n<ul class=\"barcode-ul\">\n<li>Nur Ziffern sind zul\u00e4ssig.<\/li>\n<li>Es werden nur Texte mit 5, 9 oder 11 Ziffern ber\u00fccksichtigt.<\/li>\n<\/ul>\n<p>Wenn ein Wert gefunden wird, der den obigen Regeln nicht entspricht, wird der Barcode nicht angezeigt.<br \/>\n<\/p><\/div>\n<div class=\"hr hr-dotted\">&nbsp;<\/div>\n<div class=\"one_half\">\n<p style=\"text-align: center\"><a href=\"\/de\/kauf\/\" class=\"large blue tt-button\" target=\"_self\"> Postnet Generator-Software kaufen <\/a>\n<\/div>\n<div class=\"one_half\">\n<p style=\"text-align: center\"><a href=\"\/de\/download-de\/\" class=\"large green tt-button\" target=\"_self\"> Version kostenlos herunterladen <\/a>\n<\/div>\n","protected":false},"excerpt":{"rendered":"<p>Postnet Barcode-Generator Mit Labeljoy k\u00f6nnen Sie Postnet-Barcodes ganz einfach erstellen. Postnet (Postal Numeric Encoding Technique) ist eine Barcode-Symbologie, die vom United States Postal Service zur Postzustellung verwendet wird. Die Postleitzahl oder der ZIP+4-Code ist ein in halber und voller H\u00f6he kodierter Balken. Der LabelJoy Postnet-Generator erm\u00f6glicht die Kodierung von 5, 9 oder 11 Ziffern, gem\u00e4\u00df &#8230; <a title=\"Postnet\" class=\"read-more\" href=\"https:\/\/www.labeljoy.com\/de\/unterstutzung\/barcode-guide\/postnet-de\/\" aria-label=\"Mehr Informationen \u00fcber Postnet\">Read more<\/a><\/p>\n","protected":false},"author":1,"featured_media":0,"parent":2342,"menu_order":0,"comment_status":"open","ping_status":"closed","template":"page-template-left-sidebar.php","meta":{"inline_featured_image":false,"_monsterinsights_skip_tracking":false,"_monsterinsights_sitenote_active":false,"_monsterinsights_sitenote_note":"","_monsterinsights_sitenote_category":0,"footnotes":""},"class_list":{"0":"post-16280","1":"page","2":"type-page","3":"status-publish","5":"infinite-scroll-item"},"aioseo_notices":[],"_links":{"self":[{"href":"https:\/\/www.labeljoy.com\/de\/wp-json\/wp\/v2\/pages\/16280","targetHints":{"allow":["GET"]}}],"collection":[{"href":"https:\/\/www.labeljoy.com\/de\/wp-json\/wp\/v2\/pages"}],"about":[{"href":"https:\/\/www.labeljoy.com\/de\/wp-json\/wp\/v2\/types\/page"}],"author":[{"embeddable":true,"href":"https:\/\/www.labeljoy.com\/de\/wp-json\/wp\/v2\/users\/1"}],"replies":[{"embeddable":true,"href":"https:\/\/www.labeljoy.com\/de\/wp-json\/wp\/v2\/comments?post=16280"}],"version-history":[{"count":7,"href":"https:\/\/www.labeljoy.com\/de\/wp-json\/wp\/v2\/pages\/16280\/revisions"}],"predecessor-version":[{"id":34441,"href":"https:\/\/www.labeljoy.com\/de\/wp-json\/wp\/v2\/pages\/16280\/revisions\/34441"}],"up":[{"embeddable":true,"href":"https:\/\/www.labeljoy.com\/de\/wp-json\/wp\/v2\/pages\/2342"}],"wp:attachment":[{"href":"https:\/\/www.labeljoy.com\/de\/wp-json\/wp\/v2\/media?parent=16280"}],"curies":[{"name":"wp","href":"https:\/\/api.w.org\/{rel}","templated":true}]}}