{"id":16289,"date":"2013-05-22T14:29:12","date_gmt":"2013-05-22T14:29:12","guid":{"rendered":"http:\/\/www.labeljoy.com\/?page_id=16289"},"modified":"2022-01-14T14:35:52","modified_gmt":"2022-01-14T14:35:52","slug":"qr-code-de","status":"publish","type":"page","link":"https:\/\/www.labeljoy.com\/de\/qr-code-de\/","title":{"rendered":"QR-Code"},"content":{"rendered":"<h1>QR-Code<\/h1>\n<p><em>Eine neue Dimension der Kommunikation mit QR-Code &#8211; 2D-Barcode<\/em><br \/>\n<strong>QR-Codes<\/strong> sind unter zweidimensionalen Barcodes die beliebtesten. Diese speziellen 2D-Codes haben gro\u00dfe Datenspeicherkapazit\u00e4ten und sind f\u00fcr jedermann zug\u00e4nglich.<\/p>\n<h2>Was ist ein QR-Code<\/h2>\n<p><img decoding=\"async\" class=\"alignleft\" style=\"margin-bottom: 10px\" alt=\"Qr Code\" src=\"http:\/\/www.labeljoy.com\/images\/qr-code\/the-qr-code.jpg\" width=\"177\" height=\"200\">Ein QR-Code ist ein zweidimensionaler Barcode (auch&nbsp;<strong>2D-Code<\/strong> genannt) der sofort durch seine charakteristische Matrix auff\u00e4llt, die sich von gew\u00f6hnlicheren <a href=\"http:\/\/www.labeljoy.com\/de\/unterstutzung\/barcode-guide\/\" title=\"Barcode guide\">Barcodes<\/a> unterscheidet.<\/p>\n<p>Das Akronym QR steht f\u00fcr &#8220;<em>Quick Response<\/em>&#8221; (schnelle Antwort). QR-Codes wurden entwickelt um eine schnelle Dekodierung des Inhalts zu erm\u00f6glichen.<\/p>\n<p>&nbsp;<\/p>\n<h3>Erstellung eines QR-Codes<\/h3>\n<p><strong>QR Codes zu erstellen ist sehr einfach<\/strong>, da sie die Kodierung von Zahlen und Buchstaben mit einer Maximalkapazit\u00e4t von mehr als 4200 alphanumerischen Zeichen erlauben, (Zahlen, Buchstaben und Sonderzeichen), was etwa einer halben Seite Text entspricht.<\/p>\n<p>Mit LabelJoy k\u00f6nnen Sie <a href=\"http:\/\/www.labeljoy.com\/de\/barcode-druck-software\/\" title=\"Barcode-Druck Software\">QR-Codes<\/a>  einfach, schnell und sogar offline erstellen.<\/p>\n<p>Es ist m\u00f6glich, verschiedene Arten von QR-Codes zu generieren. Abh\u00e4ngig davon, wie Sie einen QR-Code erstellt haben, dekodiert der Tag-Reader auf dem Smartphone die im QR-Code enthaltenen Informationen und f\u00fchrt eine der folgenden Funktionen aus:<\/p>\n<table width=\"670\" border=\"0\" cellspacing=\"0\" cellpadding=\"20\">\n<tbody>\n<tr>\n<td width=\"110\"><img decoding=\"async\" width=\"155\" height=\"155\" style=\"width: 110px;height: 110px\" alt=\"url Qr Code\" src=\"http:\/\/www.labeljoy.com\/images\/qr-code\/url-qr-code.jpg\"><\/td>\n<td><strong>Web<\/strong><br \/>\nDer QR-Code-Generator erm\u00f6glicht den umgekehrten Prozess: Es ist m\u00f6glich, einen Text zu dekodieren, einfach zu versenden und somit grafisch darzustellen.<\/td>\n<\/tr>\n<tr>\n<td width=\"110\"><img decoding=\"async\" style=\"width: 110px;height: 110px\" alt=\"SMS Qr code\" src=\"http:\/\/www.labeljoy.com\/images\/qr-code\/sms-qr-code.jpg\" width=\"155\" height=\"155\"><\/td>\n<td><strong>SMS<\/strong><br \/>\nEin QR Code kann die Nachricht und die Telefonnummer an welche eine SMS versandt wird kodieren.<\/td>\n<\/tr>\n<tr>\n<td width=\"110\"><img decoding=\"async\" style=\"width: 110px;height: 110px\" alt=\"vCard Qr code\" src=\"http:\/\/www.labeljoy.com\/images\/qr-code\/vcard-qr-code.jpg\" width=\"155\" height=\"155\"><\/td>\n<td><strong>vCard<\/strong><br \/>\nEs ist m\u00f6glich ein vCalendar-Event zu erstellen indem Sie eine Zusammenfassung des Events (Event Summary), eine Beschreibung (Event Description), ein Anfangs- und Enddatum, einen Ort und einen Namen eingeben.<\/td>\n<\/tr>\n<tr>\n<td width=\"110\"><img decoding=\"async\" style=\"width: 110px;height: 110px\" alt=\"vCalendar QR code\" src=\"http:\/\/www.labeljoy.com\/images\/qr-code\/vcalendar-qr-code.jpg\" width=\"155\" height=\"155\"><\/td>\n<td><strong>vCalendar<\/strong><br \/>\nEs ist m\u00f6glich, vCalendar Veranstaltung durch Einf\u00fcgen von Ereignis\u00fcbersicht zu erstellen, Ereignis Descriptiom, Start \/ Ende Datum, Ort Name ein.<\/td>\n<\/tr>\n<tr>\n<td width=\"110\"><img decoding=\"async\" style=\"width: 110px;height: 110px\" alt=\"Maps Qr code\" src=\"http:\/\/www.labeljoy.com\/images\/qr-code\/maps-qr-code.jpg\" width=\"155\" height=\"155\"><\/td>\n<td><strong> Maps<\/strong><br \/>\nEin einfacher QR Code Scan kann mit einer genauen Lokalisierung \u00fcber eine Karte wie Google Maps oder Bing Map verkn\u00fcpft werden.<\/td>\n<\/tr>\n<tr>\n<td width=\"110\"><img decoding=\"async\" style=\"width: 110px;height: 110px\" alt=\"Text Qr code\" src=\"http:\/\/www.labeljoy.com\/images\/qr-code\/text-qr-code.jpg\" width=\"155\" height=\"155\"><\/td>\n<td><strong>Text<\/strong><br \/>\nDie am wenigsten verwendete M\u00f6glichkeit eines QR Codes ist die Darstellung von einfachem Text auf dem Telefon.<\/td>\n<\/tr>\n<\/tbody>\n<\/table>\n<p><a href=\"http:\/\/www.labeljoy.com\/de\/qr-code-de\/qr-codegenerator\/\" title=\"QR Code Generator\">Der QR Code Erzeuger<\/a> erlaubt den umgekehrten Prozess: Es ist m\u00f6glich, einen Text zu dekodieren, in einfacher Form zu versenden und damit graphisch darzustellen.<\/p>\n<p>Weitere Informationen entnehmen Sie bitte dem <a href=\"http:\/\/www.labeljoy.com\/de\/video-support\/strichcodes-und-qr-codes-generieren\/\" title=\"Strichcodes und QR-Codes generieren\">Video \u00fcber die Erstellung von Barcodes und QR Codes<\/a> und entdecken Sie wie einfach es ist, QR Codes mit der <strong>LabelJoy-Software zu erstellen.<\/strong><\/p>\n","protected":false},"excerpt":{"rendered":"<p>QR-Code Eine neue Dimension der Kommunikation mit QR-Code &#8211; 2D-Barcode QR-Codes sind unter zweidimensionalen Barcodes die beliebtesten. Diese speziellen 2D-Codes haben gro\u00dfe Datenspeicherkapazit\u00e4ten und sind f\u00fcr jedermann zug\u00e4nglich. Was ist ein QR-Code Ein QR-Code ist ein zweidimensionaler Barcode (auch&nbsp;2D-Code genannt) der sofort durch seine charakteristische Matrix auff\u00e4llt, die sich von gew\u00f6hnlicheren Barcodes unterscheidet. Das Akronym &#8230; <a title=\"QR-Code\" class=\"read-more\" href=\"https:\/\/www.labeljoy.com\/de\/qr-code-de\/\" aria-label=\"Mehr Informationen \u00fcber QR-Code\">Read more<\/a><\/p>\n","protected":false},"author":1,"featured_media":0,"parent":0,"menu_order":2,"comment_status":"open","ping_status":"closed","template":"","meta":{"inline_featured_image":false,"_monsterinsights_skip_tracking":false,"_monsterinsights_sitenote_active":false,"_monsterinsights_sitenote_note":"","_monsterinsights_sitenote_category":0,"footnotes":""},"class_list":{"0":"post-16289","1":"page","2":"type-page","3":"status-publish","5":"infinite-scroll-item"},"aioseo_notices":[],"_links":{"self":[{"href":"https:\/\/www.labeljoy.com\/de\/wp-json\/wp\/v2\/pages\/16289","targetHints":{"allow":["GET"]}}],"collection":[{"href":"https:\/\/www.labeljoy.com\/de\/wp-json\/wp\/v2\/pages"}],"about":[{"href":"https:\/\/www.labeljoy.com\/de\/wp-json\/wp\/v2\/types\/page"}],"author":[{"embeddable":true,"href":"https:\/\/www.labeljoy.com\/de\/wp-json\/wp\/v2\/users\/1"}],"replies":[{"embeddable":true,"href":"https:\/\/www.labeljoy.com\/de\/wp-json\/wp\/v2\/comments?post=16289"}],"version-history":[{"count":6,"href":"https:\/\/www.labeljoy.com\/de\/wp-json\/wp\/v2\/pages\/16289\/revisions"}],"predecessor-version":[{"id":36413,"href":"https:\/\/www.labeljoy.com\/de\/wp-json\/wp\/v2\/pages\/16289\/revisions\/36413"}],"wp:attachment":[{"href":"https:\/\/www.labeljoy.com\/de\/wp-json\/wp\/v2\/media?parent=16289"}],"curies":[{"name":"wp","href":"https:\/\/api.w.org\/{rel}","templated":true}]}}