{"id":18415,"date":"2012-08-22T09:57:38","date_gmt":"2012-08-22T09:57:38","guid":{"rendered":"http:\/\/www.labeljoy.com\/unterstutzung\/about-us-edisplay\/"},"modified":"2026-03-25T15:40:05","modified_gmt":"2026-03-25T15:40:05","slug":"edisplay-und-nuraxis","status":"publish","type":"page","link":"https:\/\/www.labeljoy.com\/de\/unterstutzung\/edisplay-und-nuraxis\/","title":{"rendered":"eDisplay"},"content":{"rendered":"<h1>eDisplay Software House<\/h1>\n<p><img decoding=\"async\" width=\"177\" height=\"63\" class=\"alignleft\" title=\"Labeljoy edisplay\" src=\"http:\/\/www.labeljoy.com\/images\/edisplay.jpg\" alt=\"eDisplay\" \/><\/p>\n<p><a title=\"edisplay software house label\" href=\"https:\/\/edisplay.it\/en\/\" target=\"_blank\" rel=\"noopener noreferrer\">eDisplay srl<\/a><span style=\"font-weight: 400;\"> ist ein Softwareunternehmen, das im Bereich Barcode und Etikettierung t\u00e4tig ist. Unsere Unternehmensphilosophie war schon immer, das <\/span><b>beste Produkt<\/b><span style=\"font-weight: 400;\"> zum bestm\u00f6glichen Preis anzubieten.<\/span><\/p>\n<p><span style=\"font-weight: 400;\">Wir investieren kontinuierlich in Forschung und Entwicklung. St\u00e4ndige Innovation, die Pflege positiver Beziehungen zwischen Kollegen und Mitarbeitern sowie der Respekt vor der Umwelt geh\u00f6ren zu unseren Leitprinzipien. Im Jahr 2006 wurde Labeljoy auf den Markt gebracht, ein innovatives Produkt, das l<strong>eistungsstarke Funktionen<\/strong> mit <\/span><b>Benutzerfreundlichkeit<\/b><span style=\"font-weight: 400;\"> verbindet. Bis heute haben wir 35.000 Exemplare unserer Software in 18 verschiedenen Sprachen verkauft und gew\u00e4hrleisten erstklassigen Support f\u00fcr unsere Kunden, ob gro\u00df oder klein.<\/span><\/p>\n<p><span style=\"font-weight: 400;\">Unser Unternehmen engagiert sich aktiv f\u00fcr soziale und wohlt\u00e4tige Zwecke durch zahlreiche Initiativen zur Unterst\u00fctzung des <strong>Roten Kreuzes<\/strong>,<strong> von NGOs und Freiwilligenorganisationen<\/strong> weltweit. Ohne Ihr Vertrauen w\u00e4re unsere Arbeit sinnlos: Vielen Dank, dass Sie sich f\u00fcr uns entschieden haben.<\/span><\/p>\n<h3>Unsere B\u00fcros<\/h3>\n<div class=\"hr hr-solid\">&nbsp;<\/div>\n<div class=\"one_third\">\n<p><strong>RECHTSABTEILUNG<br \/>\n<\/strong>Fonni<br \/>\nViale del Lavoro, 53<br \/>\n08023 Fonni (NU)<br \/>\nItaly<\/div>\n<div class=\"one_third\">\n<p><strong>HAUPTSITZ<br \/>\n<\/strong>Milano<br \/>\nVia Palmanova, 24<br \/>\n20132 Milano (Mi)<br \/>\nItaly <\/div>\n<div class=\"one_third\">\n<p><strong>GESCH\u00c4FTSPARTNER<br \/>\n<\/strong>San Diego<br \/>\nDelivery Tech Corp 4411\u00a0Morena Blvd #230<br \/>\nSan Diego, CA\u00a092117<br \/>\nU.S.A. <\/div>\n","protected":false},"excerpt":{"rendered":"<p>eDisplay Software House eDisplay srl ist ein Softwareunternehmen, das im Bereich Barcode und Etikettierung t\u00e4tig ist. Unsere Unternehmensphilosophie war schon immer, das beste Produkt zum bestm\u00f6glichen Preis anzubieten. Wir investieren kontinuierlich in Forschung und Entwicklung. St\u00e4ndige Innovation, die Pflege positiver Beziehungen zwischen Kollegen und Mitarbeitern sowie der Respekt vor der Umwelt geh\u00f6ren zu unseren Leitprinzipien. &#8230; <a title=\"eDisplay\" class=\"read-more\" href=\"https:\/\/www.labeljoy.com\/de\/unterstutzung\/edisplay-und-nuraxis\/\" aria-label=\"Mehr Informationen \u00fcber eDisplay\">Read more<\/a><\/p>\n","protected":false},"author":1,"featured_media":0,"parent":2136,"menu_order":0,"comment_status":"closed","ping_status":"closed","template":"","meta":{"inline_featured_image":false,"_monsterinsights_skip_tracking":false,"_monsterinsights_sitenote_active":false,"_monsterinsights_sitenote_note":"","_monsterinsights_sitenote_category":0,"footnotes":""},"class_list":{"0":"post-18415","1":"page","2":"type-page","3":"status-publish","5":"infinite-scroll-item"},"aioseo_notices":[],"_links":{"self":[{"href":"https:\/\/www.labeljoy.com\/de\/wp-json\/wp\/v2\/pages\/18415","targetHints":{"allow":["GET"]}}],"collection":[{"href":"https:\/\/www.labeljoy.com\/de\/wp-json\/wp\/v2\/pages"}],"about":[{"href":"https:\/\/www.labeljoy.com\/de\/wp-json\/wp\/v2\/types\/page"}],"author":[{"embeddable":true,"href":"https:\/\/www.labeljoy.com\/de\/wp-json\/wp\/v2\/users\/1"}],"replies":[{"embeddable":true,"href":"https:\/\/www.labeljoy.com\/de\/wp-json\/wp\/v2\/comments?post=18415"}],"version-history":[{"count":11,"href":"https:\/\/www.labeljoy.com\/de\/wp-json\/wp\/v2\/pages\/18415\/revisions"}],"predecessor-version":[{"id":45304,"href":"https:\/\/www.labeljoy.com\/de\/wp-json\/wp\/v2\/pages\/18415\/revisions\/45304"}],"up":[{"embeddable":true,"href":"https:\/\/www.labeljoy.com\/de\/wp-json\/wp\/v2\/pages\/2136"}],"wp:attachment":[{"href":"https:\/\/www.labeljoy.com\/de\/wp-json\/wp\/v2\/media?parent=18415"}],"curies":[{"name":"wp","href":"https:\/\/api.w.org\/{rel}","templated":true}]}}