{"id":2136,"date":"2012-09-06T14:51:43","date_gmt":"2012-09-06T14:51:43","guid":{"rendered":"http:\/\/www.labeljoy.com\/?page_id=2136"},"modified":"2022-01-14T14:40:50","modified_gmt":"2022-01-14T14:40:50","slug":"unterstutzung","status":"publish","type":"page","link":"https:\/\/www.labeljoy.com\/de\/unterstutzung\/","title":{"rendered":"Support"},"content":{"rendered":"<h2>Support<\/h2>\n<p><strong>Die Zufriedenheit unserer Kunden ist uns ein wichtiges Anliegen, das beinhaltet auch erstklassigen technischen Support. Das Support-Team von Labeljoy unterst\u00fctzt Sie gerne bei allen Fragen zu unserer Software<\/strong>.<\/p>\n<p>Das Support-Team von Labeljoy unterst\u00fctzt Sie gerne bei allen Fragen und Problemen. Wir haben alles daran gelegt um eine zuverl\u00e4ssige Etiketten-Software zu entwickeln.<\/p>\n<p><em>Effektive Druckl\u00f6sungen erfordern effektiven Support<\/em>.<\/p>\n<div class=\"hr hr-dotted\" style=\"height: 30px\"><\/div>\n<h2>Tickets<\/h2>\n<div class=\"one_half\"><a class=\"tt-icon icon-new-ticket\" style=\"padding-left: 72px\" title=\"\u00d6ffnen sie ein neues Ticket\" href=\"http:\/\/www.labeljoy.com\/tickets\/open.php?lang=de\" target=\"_blank\" rel=\"noopener noreferrer\"><strong>\u00d6FFNEN SIE EIN NEUES TICKET<\/strong><br \/>\num uns eine Frage zu senden, \u00fcber die Sie Informationen ben\u00f6tigen.<\/a><\/div>\n<div class=\"one_half\"><a class=\"tt-icon icon-check-ticket\" style=\"padding-left: 72px\" title=\"\u00dcberpr\u00fcfen sie den status\" href=\"http:\/\/www.labeljoy.com\/tickets\/view.php?lang=de\" target=\"_blank\" rel=\"noopener noreferrer\"><strong>PR\u00dcFEN SIE DEN STATUS<\/strong><br \/>\nIhrer bisherigen Anfragen.<\/a><\/div>\n<div class=\"hr hr-dotted\"><\/div>\n<p>Unser Support-Team steht Ihnen f\u00fcr alle Fragen zur Verf\u00fcgung, um die Verwendung unserer Software so unkompliziert und benutzerfreundlich wie m\u00f6glich zu machen. Gerne geben wir Ihnen Informationen \u00fcber alle Funktionen von LabelJoy.<\/p>\n<p>Wir empfehlen auf jeden Fall <strong>die <\/strong><a title=\"FA\" href=\"http:\/\/www.labeljoy.com\/de\/unterstutzung\/fa\/\"><strong>FAQ<\/strong><\/a> zu lesen.Ihre<br \/>\nFrage wurde m\u00f6glicherweise bereits beantwortet.<\/p>\n<p>Falls Sie weitere Fragen oder Anmerkungen haben, oder einen Fehler in der Software melden wollen,&nbsp;<a title=\"Kontakt\" href=\"http:\/\/www.labeljoy.com\/de\/unterstutzung\/contact\/\">kontaktieren Sie uns<\/a> &nbsp;bitte unter Angabe der folgenden Informationen:<\/p>\n<ul>\n<li>Produktversion (siehe Dialogfeld &#8220;Info&#8221;)<\/li>\n<li>Betriebssystemversion<\/li>\n<li>Beschreibung des Problems (so detailreich wie m\u00f6glich, damit wir das Problem nachvollziehen k\u00f6nnen)<\/li>\n<\/ul>\n<p>Sollten Sie <strong>Kommentare oder Vorschl\u00e4ge<\/strong> f\u00fcr zuk\u00fcnftige Versionen haben, senden Sie uns gerne eine <a title=\"Kontakt e-mail\" href=\"\/suggestions\/\">E-Mail<\/a>.<\/p>\n<p>&nbsp;<\/p>\n","protected":false},"excerpt":{"rendered":"<p>Support Die Zufriedenheit unserer Kunden ist uns ein wichtiges Anliegen, das beinhaltet auch erstklassigen technischen Support. Das Support-Team von Labeljoy unterst\u00fctzt Sie gerne bei allen Fragen zu unserer Software. Das Support-Team von Labeljoy unterst\u00fctzt Sie gerne bei allen Fragen und Problemen. Wir haben alles daran gelegt um eine zuverl\u00e4ssige Etiketten-Software zu entwickeln. Effektive Druckl\u00f6sungen erfordern &#8230; <a title=\"Support\" class=\"read-more\" href=\"https:\/\/www.labeljoy.com\/de\/unterstutzung\/\" aria-label=\"Mehr Informationen \u00fcber Support\">Read more<\/a><\/p>\n","protected":false},"author":1,"featured_media":0,"parent":0,"menu_order":28,"comment_status":"open","ping_status":"closed","template":"","meta":{"inline_featured_image":false,"_monsterinsights_skip_tracking":false,"_monsterinsights_sitenote_active":false,"_monsterinsights_sitenote_note":"","_monsterinsights_sitenote_category":0,"footnotes":""},"class_list":{"0":"post-2136","1":"page","2":"type-page","3":"status-publish","5":"infinite-scroll-item"},"aioseo_notices":[],"_links":{"self":[{"href":"https:\/\/www.labeljoy.com\/de\/wp-json\/wp\/v2\/pages\/2136","targetHints":{"allow":["GET"]}}],"collection":[{"href":"https:\/\/www.labeljoy.com\/de\/wp-json\/wp\/v2\/pages"}],"about":[{"href":"https:\/\/www.labeljoy.com\/de\/wp-json\/wp\/v2\/types\/page"}],"author":[{"embeddable":true,"href":"https:\/\/www.labeljoy.com\/de\/wp-json\/wp\/v2\/users\/1"}],"replies":[{"embeddable":true,"href":"https:\/\/www.labeljoy.com\/de\/wp-json\/wp\/v2\/comments?post=2136"}],"version-history":[{"count":28,"href":"https:\/\/www.labeljoy.com\/de\/wp-json\/wp\/v2\/pages\/2136\/revisions"}],"predecessor-version":[{"id":36421,"href":"https:\/\/www.labeljoy.com\/de\/wp-json\/wp\/v2\/pages\/2136\/revisions\/36421"}],"wp:attachment":[{"href":"https:\/\/www.labeljoy.com\/de\/wp-json\/wp\/v2\/media?parent=2136"}],"curies":[{"name":"wp","href":"https:\/\/api.w.org\/{rel}","templated":true}]}}