{"id":2181,"date":"2012-07-04T08:25:22","date_gmt":"2012-07-04T08:25:22","guid":{"rendered":"http:\/\/www.labeljoy.com\/hilfe\/about-qr-code\/"},"modified":"2020-12-03T16:39:51","modified_gmt":"2020-12-03T16:39:51","slug":"qr-code-guide","status":"publish","type":"page","link":"https:\/\/www.labeljoy.com\/de\/unterstutzung\/qr-code-guide\/","title":{"rendered":"QR-Code-Guide"},"content":{"rendered":"<h1>QR-Code Anleitung<\/h1>\n<h2>Was ist ein QR-Code?<\/h2>\n<p>Ein <strong>QR-Code<\/strong> (kurz f\u00fcr Quick Response) ist ein spezifischer Matrix-Barcode (oder <strong>zweidimensionaler Code<\/strong>), der von speziellen Barcode-Scannern und Smartphones gelesen werden kann. Der Code besteht aus schwarzen Modulen, die in einem quadratischen Muster auf wei\u00dfem Hintergrund angeordnet sind. Die codierte Information kann Text, URL oder andere Daten enthalten. In Japan, wo er 1994 von der Toyota-Tochter Denso-Wave entwickelt wurde, ist der <em>QR-Code<\/em> eine der beliebtesten Arten zweidimensionaler Barcodes.<\/p>\n<p>Was ist Labeljoy? Es ist eine <strong>QR-Code-Etiketten-Software<\/strong>, mit der Sie <strong>QR-Codes<\/strong> und Barcodes generieren k\u00f6nnen. Sie k\u00f6nnen Etiketten und individuelle Aufkleber mit personalisierten Barcodes f\u00fcr Ihre Produktetiketten, Visitenkarten oder Ausweise erstellen.<\/p>\n<div class=\"tt-notification success\">\n<p style=\"text-align: center\">QR-Codes und Barcodes generieren \u2013 Als JPG oder PDF exportieren \u2013 Individuelle Etiketten drucken<br \/><a class=\"small orange tt-button\" title=\"herunterladen\" href=\"http:\/\/www.labeljoy.com\/de\/download-de\/\">LABELJOY HERUNTERLADEN<\/a><\/p>\n<\/div>\n<p>Lesen Sie au\u00dferdem: <div class=\"one_third\">\n<ul>\n<li><a title=\"datamatrix\" href=\"#datamatrix\">Data Matrix<\/a><\/li>\n<li><a title=\"postlanet code\" href=\"#postnet\">Postnet<\/a><\/li>\n<\/ul>\n<\/div><div class=\"one_third\">\n<ul>\n<li><a title=\"planet code\" href=\"#planet\">Planet<\/a><\/li>\n<li><a title=\"uber strichcode\" href=\"http:\/\/www.labeljoy.com\/de\/unterstutzung\/barcode-guide\/\">Alle Barcodes<\/a>\u00a0<\/div><\/li>\n<\/ul>\n<div class=\"hr hr-solid\">&nbsp;<\/div>\n<h2>QR Code: Mikro und Standard<\/h2>\n<p>QR Code: Mikro und Standard<\/p>\n<p>QR-Code-Symbole k\u00f6nnen zweierlei Arten sein: Mikro-QR-Code oder Standard-QR-Code.<\/p>\n<p>Mikro-QR-Code ist eine kleinere Version der Symbologie und kann, abh\u00e4ngig von den Inhalten und Fehlerkorrekturlevel, bis zu 35 Ziffern oder 21 alphanumerische Zeichen darstellen. Es gibt vier Versionen von Mikro-QR-Code: Mikro-QR-Code 1 bis Mikro-QR-Code 4. Sie haben zunehmende Datenkodierungskapazit\u00e4t und physische Gr\u00f6\u00dfe.<\/p>\n<p>Der Standard-QR-Code kann bis zu 7.089 Ziffern oder 4.296 alphanumerische Zeichen umfassen. Es gibt 40 Versionen des Standard-QR-Codes: Version 1 bis Version 40.<\/p>\n<table width=\"100%\" border=\"0\" cellspacing=\"2\" cellpadding=\"2\">\n<tbody>\n<tr>\n<td align=\"middle\" valign=\"center\"><img decoding=\"async\" class=\"aligncenter size-full wp-image-783\" title=\"micro-qr-code\" src=\"\/images\/about-qr-code\/micro-qr-code.jpg\" alt=\"micro qrcode\" width=\"81\" height=\"82\" \/><\/td>\n<td align=\"middle\" valign=\"center\"><img decoding=\"async\" class=\"aligncenter size-full wp-image-783\" title=\"standard-qr-code\" src=\"\/images\/about-qr-code\/standard-qr-code.jpg\" alt=\"standard qrcode\" width=\"81\" height=\"82\" \/><\/td>\n<\/tr>\n<tr>\n<td align=\"middle\" valign=\"center\"><span style=\"font-size: small\">Micro QR Code<\/span><\/td>\n<td align=\"middle\" valign=\"center\"><span style=\"font-size: small\">Standard QR Code<\/span><\/td>\n<\/tr>\n<\/tbody>\n<\/table>\n<div class=\"hr hr-solid\">&nbsp;<\/div>\n<h3>QR-Code:\u00a0Kodierung<\/h3>\n<p>Das Kombinationsfeld Kodierung erm\u00f6glicht den Kodierungsalgorithmus zu definieren,  um die bestm\u00f6gliche Datenkompression zu erhalten, zur Reduzierung des Platzbedarfs der Symbolanzeige. Folgende Optionen sind verf\u00fcgbar:<\/p>\n<ul>\n<li>(Gemischt): Standardeinstellung. Aktiviert die Kodierung der Daten mithilfe einer Kombination aller folgenden Kodierungsmodi basierend auf der Art der gefundenen Daten. Normalerweise liefert diese Einstellung die besten Ergebnisse.<\/li>\n<li>Numerisch: erm\u00f6glicht nur die Kodierung der Ziffern 0 bis 9.<\/li>\n<li>Alphanumerisch: erm\u00f6glicht die Kodierung von Zahlen, Gro\u00dfbuchstaben und einigen Sonderzeichen. Am besten geeignet f\u00fcr alphanumerische Codes mit Gro\u00dfbuchstaben.<\/li>\n<li>Hex (Zeichenfolge): erm\u00f6glicht die Kodierung eines beliebigen Zeichens im ASCII-Set. Am besten geeignet f\u00fcr alphanumerische Codes mit Kleinbuchstaben.<\/li>\n<li>Hex (Byte): spezifische Kodierung f\u00fcr Byte-Daten zwischen 0 und 255. Mit diesem Kodierungsalgorithmus ist es m\u00f6glich, einen beliebigen Wert zwischen 0x00 und 0xFF (dezimal 0 ~ 255) zu kodieren. Um diese Kodierung zu verwenden, muss eine Zeichenfolge eingegeben werden, die 2-stellige hexadezimale Werte enth\u00e4lt, die durch ein Leerzeichen getrennt sind: z.B.: 32 FA 56 E8 12\u2026 usw.<\/li>\n<li>Kanji: erm\u00f6glicht die Kodierung von Zeichen im Shift JIS-System zur Anzeige japanischer Schriftzeichen.<\/li>\n<\/ul>\n<table width=\"100%\" cellspacing=\"0\" cellpadding=\"0\">\n<tbody>\n<tr>\n<td colspan=\"2\" align=\"middle\" valign=\"center\" style=\"max-width: 0;overflow: hidden\"><span style=\"font-size: small\">QR Code Kodierung:<br \/>\n012345678901234567890123456789012345678901234567890123456789012345678901234567890123456789<\/span><\/td>\n<\/tr>\n<tr>\n<td align=\"middle\" valign=\"center\"><img decoding=\"async\" class=\"aligncenter\" title=\"numeric encoding\" src=\"\/images\/about-qr-code\/numeric-encoding-qr-code.jpg\" alt=\"numeric encoding\" width=\"134\" height=\"134\" \/><\/td>\n<td align=\"middle\" valign=\"center\"><img decoding=\"async\" class=\"aligncenter size-full wp-image-786\" title=\"byte-encoding-qr-code\" src=\"\/images\/about-qr-code\/byte-encoding-qr-code.jpg\" alt=\"byte encoding\" width=\"134\" height=\"134\" \/><\/td>\n<\/tr>\n<tr>\n<td align=\"middle\" valign=\"center\"><span style=\"font-size: small\">Numerische\u00a0Kodierung<\/span><\/td>\n<td align=\"middle\" valign=\"center\"><span style=\"font-size: small\">Byte (String)\u00a0Kodierung<\/span><\/td>\n<\/tr>\n<\/tbody>\n<\/table>\n<div class=\"basic-divider\"><span style=\"color: #ff9900\"><a id=\"scroll_to_top\" class=\"link-top\" href=\"#\"><span style=\"color: #ff9900\">Anfang<\/span><\/a><\/span><\/div>\n<h3>QR-Code: Symbolgr\u00f6\u00dfe<\/h3>\n<p>Im Kombinationsfeld Symbolgr\u00f6\u00dfe k\u00f6nnen Sie die minimale Symbolgr\u00f6\u00dfe eingeben. Die QR-Code-Architektur zeigt Daten in einem Quadrat. Die Gr\u00f6\u00dfe des Quadrats h\u00e4ngt von der Menge der kodierten Daten ab.<\/p>\n<p>Normalerweise wird das Symbol in der kleinstm\u00f6glichen Gr\u00f6\u00dfe erzeugt, die zur Darstellung der Daten ben\u00f6tigt wird. In einigen F\u00e4llen kann es w\u00fcnschenswert sein, die Mindestgr\u00f6\u00dfe zu vergr\u00f6\u00dfern, um sicherzustellen, dass alle gedruckten Symbole unabh\u00e4ngig von der Menge der kodierten Daten die gleiche Gr\u00f6\u00dfe haben. Wenn Sie beispielsweise einen QR-Code mit dem Adressfeld einer Datenquelle verbinden, m\u00fcssen m\u00f6glicherweise alle Symbole unabh\u00e4ngig von der L\u00e4nge der einzelnen Adressen dieselbe Gr\u00f6\u00dfe haben. In einem solchen Szenario k\u00f6nnen Sie eine Mindestgr\u00f6\u00dfe f\u00fcr alle generierten Barcodes definieren.<\/p>\n<table width=\"100%\" border=\"0\" cellspacing=\"2\" cellpadding=\"2\">\n<tbody>\n<tr>\n<td colspan=\"2\" align=\"middle\" valign=\"center\"><span style=\"font-size: small\">QR Code Kodierung:<br \/>\nhttp:\/\/www.labeljoy.com\/free-label-software\/<\/span><\/td>\n<\/tr>\n<tr>\n<td align=\"middle\" valign=\"center\"><img decoding=\"async\" class=\"aligncenter size-thumbnail wp-image-792\" title=\"auto-size\" src=\"\/images\/about-qr-code\/auto-size.jpg\" alt=\"auto size qrcode\" width=\"150\" height=\"150\" \/><\/td>\n<td align=\"middle\" valign=\"center\"><img decoding=\"async\" class=\"aligncenter size-thumbnail wp-image-791\" title=\"10-size\" src=\"\/images\/about-qr-code\/10-size.jpg\" alt=\"10 size\" width=\"150\" height=\"150\" \/><\/td>\n<\/tr>\n<tr>\n<td align=\"middle\" valign=\"center\"><span style=\"font-size: small\">Mit (Auto)\u00a0Symbolgr\u00f6\u00dfe<\/span><\/td>\n<td align=\"middle\" valign=\"center\"><span style=\"font-size: small\">Mit Version 10\u00a0minimale Symbolgr\u00f6\u00dfe<\/span><\/td>\n<\/tr>\n<\/tbody>\n<\/table>\n<div class=\"hr hr-solid\">&nbsp;<\/div>\n<h3>QR-Code:\u00a0Fehlerkorrektur<\/h3>\n<p>Das Kombinationsfeld Fehlerkorrekturstufe erm\u00f6glicht die Auswahl zwischen vier verschiedenen Fehlerkorrekturen von Sch\u00e4den:<\/p>\n<ul>\n<li>L: 7 % Fehlerkorrektur.<\/li>\n<li>M (Standard): 15 % Fehlerkorrektur.<\/li>\n<li>Q: 25 % Fehlerkorrektur.<\/li>\n<li>H:  30 % Fehlerkorrektur.<\/li>\n<\/ul>\n<p>Der QR-Code implementiert eine Fehlerkorrektur, um die Lesbarkeit von teilweise besch\u00e4digten Symbolen sicherzustellen. Je h\u00f6her die Fehlerkorrekturstufe, desto gr\u00f6\u00dfer muss das Symbol sein, um die selbe Menge an Daten zu kodieren.<\/p>\n<table width=\"100%\" border=\"0\" cellspacing=\"2\" cellpadding=\"2\">\n<tbody>\n<tr>\n<td colspan=\"2\" align=\"middle\" valign=\"center\"><span style=\"font-size: small\">QR Code Kodierung:<br \/>\nhttp:\/\/www.labeljoy.com\/free-label-software\/<\/span><\/td>\n<\/tr>\n<tr>\n<td align=\"middle\" valign=\"center\"><img decoding=\"async\" class=\"aligncenter size-thumbnail wp-image-794\" title=\"l-error\" src=\"\/images\/about-qr-code\/l-error.jpg\" alt=\"l-error\" width=\"150\" height=\"150\" \/><\/td>\n<td align=\"middle\" valign=\"center\"><img decoding=\"async\" class=\"aligncenter size-thumbnail wp-image-788\" title=\"q-error\" src=\"\/images\/about-qr-code\/q-error.jpg\" alt=\"q-error code\" width=\"150\" height=\"150\" \/><\/td>\n<\/tr>\n<tr>\n<td align=\"middle\" valign=\"center\"><span style=\"font-size: small\">Mit L Fehlertoleranzstufe<\/span><\/td>\n<td align=\"middle\" valign=\"center\"><span style=\"font-size: small\">Mit Q Fehlertoleranzstufe<\/span><\/td>\n<\/tr>\n<\/tbody>\n<\/table>\n<div class=\"basic-divider\"><span style=\"color: #ff9900\"><a id=\"scroll_to_top\" class=\"link-top\" href=\"#\"><span style=\"color: #ff9900\">Anfang<\/span><\/a><\/span><\/div>\n<div class=\"one_half\">\n<img decoding=\"async\" src=\"http:\/\/www.labeljoy.com\/images\/pixel.png\" alt=\"\" width=\"30\" height=\"50\" \/><\/p>\n<p style=\"text-align: center\"><a href=\"http:\/\/www.labeljoy.com\/de\/vorlagen\/kostenlose-etiketten-vorlagen\/\" class=\"large orange tt-button\" target=\"_self\"> QR Code Etikettenvorlagen herunterladen\u00a0\u00a0<\/a>\n<\/div>\n<div class=\"one_half\">\n<p style=\"text-align: center\"><a title=\"kostenlose-etiketten-vorlagen\" href=\"http:\/\/www.labeljoy.com\/de\/vorlagen\/kostenlose-etiketten-vorlagen\/\"><img decoding=\"async\" class=\"alignnone\" title=\"Download Qrcode Vorlagen\" src=\"http:\/\/www.labeljoy.com\/images\/download\/download-free-templates.jpg\" alt=\"Free Vorlagen Download\" width=\"210\" height=\"116\" \/><\/a><\/p>\n<\/div>\n<div id=\"datamatrix\"><\/div>\n<div class=\"hr hr-solid\">&nbsp;<\/div>\n<p><img decoding=\"async\" width=\"533\" height=\"301\" class=\"alignleft size-thumbnail wp-image-793\" title=\"datamatrix\" src=\"\/images\/about-qr-code\/datamatrix.jpg\" alt=\"datamatrix code\" width=\"150\" \/><\/p>\n<h3>DATA MATRIX<\/h3>\n<p>&lt;<strong>Data Matrix<\/strong> ist ein zweidimensionaler Matrix-Barcode, der aus schwarzen und wei\u00dfen \u201eZellen\u201c oder Modulen besteht, die entweder in einem quadratischen oder rechteckigen Muster angeordnet sind. Die zu kodierende Information kann aus Text oder Rohdaten bestehen. <\/p>\n<p>Die L\u00e4nge der kodierten Daten h\u00e4ngt von den verwendeten Symboldimension ab. Es ist  m\u00f6glich Fehlerkorrekturcodes einzuf\u00fcgen, um die Symbolst\u00e4rke zu erh\u00f6hen: selbst bei teilweiser Besch\u00e4digung k\u00f6nnen sie noch gelesen werden. Ein Data Matrix-Symbol kann bis zu 2.335 alphanumerische Zeichen speichern.<\/p>\n<p>Data Matrix-Symbole k\u00f6nnen Text auf verschiedene Arten kodieren. Mit Labeloy k\u00f6nnen Sie den am besten geeigneten Kodierungsalgorithmus f\u00fcr den zu kodierenden Text definieren.<\/p>\n<div id=\"postnet\"><\/div>\n<div class=\"hr hr-solid\">&nbsp;<\/div>\n<p><img decoding=\"async\" width=\"533\" height=\"301\" class=\"size-thumbnail wp-image-787 alignleft\" title=\"postnet\" src=\"\/images\/about-qr-code\/postnet.jpg\" alt=\"postnet code 2d\" width=\"150\" \/><\/p>\n<h3>POSTNET CODE<\/h3>\n<p><strong>Postnet<\/strong> (Postal Numeric Encoding Technique) ist eine Barcode-Symbologie, die vom United States Postal Service verwendet wird, um die Post zuzustellen. Die Postleitzahl oder der ZIP+4-Code ist ein in halber und voller H\u00f6he kodierter Balken. Meistens wird der Zustellpunkt hinzugef\u00fcgt, normalerweise die letzten beiden Ziffern der Adresse oder Postfachnummer.<\/p>\n<p>Postnet-Symbole kodieren ausschlie\u00dflich 5, 9 oder 11 Ziffern.<\/p>\n<div id=\"planet\"><\/div>\n<div class=\"hr hr-solid\">&nbsp;<\/div>\n<p><img decoding=\"async\" width=\"533\" height=\"301\" class=\"size-thumbnail wp-image-796 alignleft\" title=\"planet\" src=\"\/images\/about-qr-code\/planet.jpg\" alt=\"planet code 2d\" width=\"150\" \/><\/p>\n<h3>PLANET CODE<\/h3>\n<p><strong>Planet<\/strong> (Postal Alpha Numeric Encoding Technique)-Barcode, wird vom United States Postal Service verwendet , um Postst\u00fccke w\u00e4hrend der Zustellung zu identifizieren und zu verfolgen &#8211; der \u201eCONFIRM\u201c-Dienst der Post.<\/p>\n<p>Planet-Symbole kodieren nur 12 oder 14 Ziffern, wobei die letzte Ziffer eine Pr\u00fcfziffer ist, die automatisch von LabelJoy berechnet wird. Daher k\u00f6nnen nur 11 oder 13 Ziffern eingegeben werden.<\/p>\n<div class=\"basic-divider\"><span style=\"color: #ff9900\"><a id=\"scroll_to_top\" class=\"link-top\" href=\"#\"><span style=\"color: #ff9900\">Anfang<\/span><\/a><\/span><\/div>\n<p>\u00dcBER BARCODES<\/p>\n<p>Weitere Informationen \u00fcber Code 39, Code 128, und EAN 13 erhalten Sie in der Sektion <a title=\"\u00fcber Strichcodes\" href=\"http:\/\/www.labeljoy.com\/de\/unterstutzung\/barcode-guide\/\">\u00fcber Barcodes<\/a>.<\/p>\n<p>&nbsp;<\/p>\n","protected":false},"excerpt":{"rendered":"<p>QR-Code Anleitung Was ist ein QR-Code? Ein QR-Code (kurz f\u00fcr Quick Response) ist ein spezifischer Matrix-Barcode (oder zweidimensionaler Code), der von speziellen Barcode-Scannern und Smartphones gelesen werden kann. Der Code besteht aus schwarzen Modulen, die in einem quadratischen Muster auf wei\u00dfem Hintergrund angeordnet sind. Die codierte Information kann Text, URL oder andere Daten enthalten. In &#8230; <a title=\"QR-Code-Guide\" class=\"read-more\" href=\"https:\/\/www.labeljoy.com\/de\/unterstutzung\/qr-code-guide\/\" aria-label=\"Mehr Informationen \u00fcber QR-Code-Guide\">Read more<\/a><\/p>\n","protected":false},"author":1,"featured_media":0,"parent":2136,"menu_order":4,"comment_status":"open","ping_status":"closed","template":"page-template-left-sidebar.php","meta":{"inline_featured_image":false,"_monsterinsights_skip_tracking":false,"_monsterinsights_sitenote_active":false,"_monsterinsights_sitenote_note":"","_monsterinsights_sitenote_category":0,"footnotes":""},"class_list":{"0":"post-2181","1":"page","2":"type-page","3":"status-publish","5":"infinite-scroll-item"},"aioseo_notices":[],"_links":{"self":[{"href":"https:\/\/www.labeljoy.com\/de\/wp-json\/wp\/v2\/pages\/2181","targetHints":{"allow":["GET"]}}],"collection":[{"href":"https:\/\/www.labeljoy.com\/de\/wp-json\/wp\/v2\/pages"}],"about":[{"href":"https:\/\/www.labeljoy.com\/de\/wp-json\/wp\/v2\/types\/page"}],"author":[{"embeddable":true,"href":"https:\/\/www.labeljoy.com\/de\/wp-json\/wp\/v2\/users\/1"}],"replies":[{"embeddable":true,"href":"https:\/\/www.labeljoy.com\/de\/wp-json\/wp\/v2\/comments?post=2181"}],"version-history":[{"count":53,"href":"https:\/\/www.labeljoy.com\/de\/wp-json\/wp\/v2\/pages\/2181\/revisions"}],"predecessor-version":[{"id":34414,"href":"https:\/\/www.labeljoy.com\/de\/wp-json\/wp\/v2\/pages\/2181\/revisions\/34414"}],"up":[{"embeddable":true,"href":"https:\/\/www.labeljoy.com\/de\/wp-json\/wp\/v2\/pages\/2136"}],"wp:attachment":[{"href":"https:\/\/www.labeljoy.com\/de\/wp-json\/wp\/v2\/media?parent=2181"}],"curies":[{"name":"wp","href":"https:\/\/api.w.org\/{rel}","templated":true}]}}