{"id":2186,"date":"2012-07-03T09:03:16","date_gmt":"2012-07-03T09:03:16","guid":{"rendered":"http:\/\/www.labeljoy.com\/templates-2\/"},"modified":"2022-01-14T14:44:09","modified_gmt":"2022-01-14T14:44:09","slug":"vorlagen","status":"publish","type":"page","link":"https:\/\/www.labeljoy.com\/de\/vorlagen\/","title":{"rendered":"Etikettenvorlagen"},"content":{"rendered":"<h1>Etikettenvorlagen herunterladen<\/h1>\n<h2>Erstellen Sie individuelle Etiketten mit Labeljoy<\/h2>\n<p>Ein individuelles Etikett zu erstellen&nbsp;ist wirklich einfach mit Labeljoy. Sie k\u00f6nnen ein neues Etikett erstellen&nbsp;oder <strong>unsere Vorlagen herunterladen <\/strong>und anpassen!<\/p>\n<p>Die Vorlagen sind in Kategorien sortiert, wie Sie auf der linken Seite sehen k\u00f6nnen.<\/p>\n<div class=\"tt-notification success \">\n<p style=\"font-size: 14px\">Sie k\u00f6nnen das Layout der Vorlage ver\u00e4ndern ohne die Felder dabei zu ver\u00e4ndern.<\/p>\n<\/div>\n<p><em>Individuelle Etikettenvorlagen \u2013<\/em> f\u00fcgen Sie Ihren Firmennamen, das Logo oder andere Inhalte in unsere Etikettenvorlagen ein, die f\u00fcr verschiedene&nbsp;Gesch\u00e4ftsfelder, Versand,&nbsp;Interessensgebiete, Urlaube und besondere Anl\u00e4sse entworfen wurden,&nbsp;&nbsp;um Ihre eigenen Etiketten zu erstellen.<\/p>\n<p>Individuelle Etikettenvorlagen sind Ihre L\u00f6sung f\u00fcr einzigartige Werbeprodukte.<\/p>\n<div class=\"one_half\">\n<div class=\"tt-notification tip \">\n<p style=\"font-size: 12px\">Text hinzuf\u00fcgen und bearbeiten<\/p>\n<\/div>\n<div class=\"tt-notification tip \">\n<p style=\"font-size: 12px\">Neue Bilder hinzuf\u00fcgen<\/p>\n<\/div>\n<div class=\"tt-notification tip \">\n<p style=\"font-size: 12px\">Strichcode und QR-Code einf\u00fcgen<\/p>\n<\/div>\n<\/div>\n<div class=\"one_half\">\n<div class=\"one_half\"><\/div>\n<div class=\"tt-notification tip \">\n<p style=\"font-size: 12px\">Daten aus externen Datenbanken einf\u00fcgen<\/p>\n<\/div>\n<div class=\"tt-notification tip \">\n<p style=\"font-size: 12px\">Benutzen Sie 1,500 vorinstallierte Cliparts<\/p>\n<\/div>\n<div class=\"tt-notification tip\">\n<p style=\"font-size: 12px\">In die Formate pdf und jpg exportieren<\/p>\n<\/div>\n<\/div>\n<p>Drucken Sie Etiketten mit Ihrem Laser-, Tintenstrahl- oder Rollendrucker.<\/p>\n<p style=\"text-align: center\"><div class=\"one_half\">\n<p style=\"text-align: center\"><a href=\"\/de\/funktionen\/\" class=\"large grey tt-button\" target=\"_self\"> &nbsp; &nbsp;Sehen Sie alle Funktionen von Labeljoy&nbsp; &nbsp; &nbsp; <\/a>\n<\/div>\n<div class=\"one_half\">\n<p style=\"text-align: center\"><a href=\"\/de\/download-de\/\" class=\"large green tt-button\" target=\"_self\"> &nbsp; &nbsp; &nbsp; Software herunterladen&nbsp; &nbsp; &nbsp; &nbsp;<\/a>\n<p style=\"text-align: center\"><\/div>\n","protected":false},"excerpt":{"rendered":"<p>Etikettenvorlagen herunterladen Erstellen Sie individuelle Etiketten mit Labeljoy Ein individuelles Etikett zu erstellen&nbsp;ist wirklich einfach mit Labeljoy. Sie k\u00f6nnen ein neues Etikett erstellen&nbsp;oder unsere Vorlagen herunterladen und anpassen! Die Vorlagen sind in Kategorien sortiert, wie Sie auf der linken Seite sehen k\u00f6nnen. Sie k\u00f6nnen das Layout der Vorlage ver\u00e4ndern ohne die Felder dabei zu ver\u00e4ndern. &#8230; <a title=\"Etikettenvorlagen\" class=\"read-more\" href=\"https:\/\/www.labeljoy.com\/de\/vorlagen\/\" aria-label=\"Mehr Informationen \u00fcber Etikettenvorlagen\">Read more<\/a><\/p>\n","protected":false},"author":1,"featured_media":0,"parent":0,"menu_order":43,"comment_status":"open","ping_status":"closed","template":"","meta":{"inline_featured_image":false,"_monsterinsights_skip_tracking":false,"_monsterinsights_sitenote_active":false,"_monsterinsights_sitenote_note":"","_monsterinsights_sitenote_category":0,"footnotes":""},"class_list":{"0":"post-2186","1":"page","2":"type-page","3":"status-publish","5":"infinite-scroll-item"},"aioseo_notices":[],"_links":{"self":[{"href":"https:\/\/www.labeljoy.com\/de\/wp-json\/wp\/v2\/pages\/2186","targetHints":{"allow":["GET"]}}],"collection":[{"href":"https:\/\/www.labeljoy.com\/de\/wp-json\/wp\/v2\/pages"}],"about":[{"href":"https:\/\/www.labeljoy.com\/de\/wp-json\/wp\/v2\/types\/page"}],"author":[{"embeddable":true,"href":"https:\/\/www.labeljoy.com\/de\/wp-json\/wp\/v2\/users\/1"}],"replies":[{"embeddable":true,"href":"https:\/\/www.labeljoy.com\/de\/wp-json\/wp\/v2\/comments?post=2186"}],"version-history":[{"count":17,"href":"https:\/\/www.labeljoy.com\/de\/wp-json\/wp\/v2\/pages\/2186\/revisions"}],"predecessor-version":[{"id":36427,"href":"https:\/\/www.labeljoy.com\/de\/wp-json\/wp\/v2\/pages\/2186\/revisions\/36427"}],"wp:attachment":[{"href":"https:\/\/www.labeljoy.com\/de\/wp-json\/wp\/v2\/media?parent=2186"}],"curies":[{"name":"wp","href":"https:\/\/api.w.org\/{rel}","templated":true}]}}