{"id":2199,"date":"2012-07-18T09:48:06","date_gmt":"2012-07-18T09:48:06","guid":{"rendered":"http:\/\/www.labeljoy.com\/vorlagen\/bottle-label\/"},"modified":"2020-12-04T17:53:10","modified_gmt":"2020-12-04T17:53:10","slug":"flaschenetiketten","status":"publish","type":"page","link":"https:\/\/www.labeljoy.com\/de\/vorlagen\/flaschenetiketten\/","title":{"rendered":"Flaschenetiketten"},"content":{"rendered":"<h1>Vorlagen f\u00fcr Flaschenetiketten<\/h1>\n<h2>Gestalten Sie Ihre individuellen Flaschenetiketten!<\/h2>\n<p>Mit LabelJoy k\u00f6nnen Sie Ihre <strong>individuellen Etiketten<\/strong> f\u00fcr Wasser, <a title=\"Wein Etikett\" href=\"http:\/\/www.labeljoy.com\/de\/vorlagen\/wein-etikett\/\">Wein<\/a>, \u00d6l oder andere Flaschen gestalten.<\/p>\n<p>Sie suchen <em>individuelle, professionelle Flaschenetiketten<\/em>? Kein Problem! <em>Erstellen<\/em> Sie mit wenigen Klicks Ihre <em>eigene Etikettenvorlage<\/em>.<\/p>\n<h3>Erstellen Sie individuelle Flaschenetiketten f\u00fcr jeden Anlass!<\/h3>\n<p>Beeindrucken Sie mit pers\u00f6nlichen Etiketten f\u00fcr Geburtstage, Urlaube oder Jahrestage. Mit LabelJoy k\u00f6nnen <strong>Sie komplett individuelle Flaschenetiketten erstellen<\/strong>,  \u00a0<a title=\"Software \" href=\"http:\/\/www.labeljoy.com\/de\/video-support\/Software-prasentation\/\">Text hinzuzuf\u00fcgen, Schriften und Gr\u00f6\u00dfen \u00e4ndern<\/a>,\u00a0Bilder und Grafikelemente einf\u00fcgen, Transparenzeffekte verwenden und Rahmen hinzuf\u00fcgen. Dar\u00fcber hinaus k\u00f6nnen Sie f\u00fcr gesch\u00e4ftliche Zwecke auch Barcodes einf\u00fcgen und die Textfelder mit <a title=\"Externe Datenquellen video\" href=\"http:\/\/www.labeljoy.com\/de\/video-support\/externe-datenquellen-verbinden\/\">externen Datenbanken<\/a> verkn\u00fcpfen.<\/p>\n<p>Danach k\u00f6nnen Sie Ihre benutzerdefinierten Etiketten auf dem Papiertyp ihrer Wahl mit Standard-oder Etikettendruckern ausdrucken.<\/p>\n<div class=\"one_third\"> <div class=\"img-frame full-fourth\"><div class=\"lightbox-zoom\"><a title=\"Wasserflaschenetikett\" href=\"http:\/\/www.labeljoy.com\/label-templates\/bottle\/bottle1b.jpg\" data-gal=\"prettyPhoto[bottle label]\" class=\"hover-item\"><img decoding=\"async\" width=\"197\" height=\"133\" alt=\"Wasserflaschenetikett\" src=\"https:\/\/www.labeljoy.com\/wp-content\/plugins\/sterling-shortcodes\/\/timthumb\/timthumb.php?src=http:\/\/www.labeljoy.com\/label-templates\/bottle\/bottle1s.jpg&#038;h=133&#038;w=197\"><\/a><\/div><\/div>\n<p style=\"text-align: center\"><a href=\"http:\/\/www.labeljoy.com\/label-templates\/bottle\/bottle1.lpa\" class=\"small white tt-button\" target=\"_self\"> Herunterladen<\/a>\n<\/div>\n<div class=\"one_third\"> <div class=\"img-frame full-fourth\"><div class=\"lightbox-zoom\"><a title=\"Limoncello Flaschenetikett\" href=\"http:\/\/www.labeljoy.com\/label-templates\/bottle\/bottle2b.jpg\" data-gal=\"prettyPhoto[bottle label]\" class=\"hover-item\"><img decoding=\"async\" width=\"197\" height=\"133\" alt=\"Limoncello Flaschenetikett\" src=\"https:\/\/www.labeljoy.com\/wp-content\/plugins\/sterling-shortcodes\/\/timthumb\/timthumb.php?src=http:\/\/www.labeljoy.com\/label-templates\/bottle\/bottle2s.jpg&#038;h=133&#038;w=197\"><\/a><\/div><\/div>\n<p style=\"text-align: center\"><a href=\"http:\/\/www.labeljoy.com\/label-templates\/bottle\/bottle2.lpa\" class=\"small white tt-button\" target=\"_self\"> Herunterladen<\/a>\n<\/div>\n<div class=\"one_third\"> <div class=\"img-frame full-fourth\"><div class=\"lightbox-zoom\"><a title=\"\u00d6lflaschenetikett\" href=\"http:\/\/www.labeljoy.com\/label-templates\/bottle\/bottle3b.jpg\" data-gal=\"prettyPhoto[bottle label]\" class=\"hover-item\"><img decoding=\"async\" width=\"197\" height=\"133\" alt=\"\u00d6lflaschenetikett\" src=\"https:\/\/www.labeljoy.com\/wp-content\/plugins\/sterling-shortcodes\/\/timthumb\/timthumb.php?src=http:\/\/www.labeljoy.com\/label-templates\/bottle\/bottle3s.jpg&#038;h=133&#038;w=197\"><\/a><\/div><\/div>\n<p style=\"text-align: center\"><a href=\"http:\/\/www.labeljoy.com\/label-templates\/bottle\/bottle3.lpa\" class=\"small white tt-button\" target=\"_self\"> Herunterladen<\/a>\n<\/div>\n<div class=\"hr hr-dotted\">&nbsp;<\/div>\n<div class=\"one_half\">\n<p style=\"text-align: right\"><a href=\"\/de\/kauf\/\" class=\"large blue tt-button\" target=\"\"> Software Kaufen <\/a>\n<\/p>\n<\/div>\n<div class=\"one_half\">\n<p style=\"text-align: left\">oder &nbsp;&nbsp;&nbsp;&nbsp;<a href=\"\/de\/download-de\/\" class=\"large green tt-button\" target=\"\"> kostenloser Download <\/a>\n<\/p>\n<\/div>\n","protected":false},"excerpt":{"rendered":"<p>Vorlagen f\u00fcr Flaschenetiketten Gestalten Sie Ihre individuellen Flaschenetiketten! Mit LabelJoy k\u00f6nnen Sie Ihre individuellen Etiketten f\u00fcr Wasser, Wein, \u00d6l oder andere Flaschen gestalten. Sie suchen individuelle, professionelle Flaschenetiketten? Kein Problem! Erstellen Sie mit wenigen Klicks Ihre eigene Etikettenvorlage. Erstellen Sie individuelle Flaschenetiketten f\u00fcr jeden Anlass! Beeindrucken Sie mit pers\u00f6nlichen Etiketten f\u00fcr Geburtstage, Urlaube oder Jahrestage. &#8230; <a title=\"Flaschenetiketten\" class=\"read-more\" href=\"https:\/\/www.labeljoy.com\/de\/vorlagen\/flaschenetiketten\/\" aria-label=\"Mehr Informationen \u00fcber Flaschenetiketten\">Read more<\/a><\/p>\n","protected":false},"author":1,"featured_media":0,"parent":2186,"menu_order":0,"comment_status":"open","ping_status":"closed","template":"page-template-left-sidebar.php","meta":{"inline_featured_image":false,"_monsterinsights_skip_tracking":false,"_monsterinsights_sitenote_active":false,"_monsterinsights_sitenote_note":"","_monsterinsights_sitenote_category":0,"footnotes":""},"class_list":{"0":"post-2199","1":"page","2":"type-page","3":"status-publish","5":"infinite-scroll-item"},"aioseo_notices":[],"_links":{"self":[{"href":"https:\/\/www.labeljoy.com\/de\/wp-json\/wp\/v2\/pages\/2199","targetHints":{"allow":["GET"]}}],"collection":[{"href":"https:\/\/www.labeljoy.com\/de\/wp-json\/wp\/v2\/pages"}],"about":[{"href":"https:\/\/www.labeljoy.com\/de\/wp-json\/wp\/v2\/types\/page"}],"author":[{"embeddable":true,"href":"https:\/\/www.labeljoy.com\/de\/wp-json\/wp\/v2\/users\/1"}],"replies":[{"embeddable":true,"href":"https:\/\/www.labeljoy.com\/de\/wp-json\/wp\/v2\/comments?post=2199"}],"version-history":[{"count":28,"href":"https:\/\/www.labeljoy.com\/de\/wp-json\/wp\/v2\/pages\/2199\/revisions"}],"predecessor-version":[{"id":34512,"href":"https:\/\/www.labeljoy.com\/de\/wp-json\/wp\/v2\/pages\/2199\/revisions\/34512"}],"up":[{"embeddable":true,"href":"https:\/\/www.labeljoy.com\/de\/wp-json\/wp\/v2\/pages\/2186"}],"wp:attachment":[{"href":"https:\/\/www.labeljoy.com\/de\/wp-json\/wp\/v2\/media?parent=2199"}],"curies":[{"name":"wp","href":"https:\/\/api.w.org\/{rel}","templated":true}]}}