{"id":2213,"date":"2012-07-18T09:40:41","date_gmt":"2012-07-18T09:40:41","guid":{"rendered":"http:\/\/www.labeljoy.com\/vorlagen\/healthcare-medical-label\/"},"modified":"2020-12-07T16:56:26","modified_gmt":"2020-12-07T16:56:26","slug":"medizinische-etiketten","status":"publish","type":"page","link":"https:\/\/www.labeljoy.com\/de\/vorlagen\/medizinische-etiketten\/","title":{"rendered":"Vorlagen f\u00fcr Medizin und Labortechnik"},"content":{"rendered":"<h1>Etikettenvorlagen f\u00fcr Medizin und Labortechnik<\/h1>\n<h2>Erstellen Sie benutzerdefinierte und professionelle Etiketten f\u00fcr Medizin und Labortechnik<\/h2>\n<p>LabelJoy bietet Vorlagen f\u00fcr die einfache Erstellung von <strong>professionellen Etiketten<\/strong> f\u00fcr Medizin und Labortechnik. Laden Sie die Vorlagen herunter und passen Sie sie an, um Ihre Arbeit organisierter und sicherer zu machen.<\/p>\n<p><em>Medizinische Etiketten geh\u00f6ren zu den n\u00fctzlichsten Instrumenten bei der Organisation des Gesundheitswesens<\/em>. Eine sorgf\u00e4ltige Kennzeichnung aller Artikel ist unerl\u00e4sslich, um den korrekten Verwendungszweck der Artikel zu bestimmen.<\/p>\n<p><strong>Drucken Sie Ihre benutzerdefinierten medizinischen Etiketten <\/strong> mit <a title=\"Layouts\" href=\"http:\/\/www.labeljoy.com\/de\/video-support\/layouts-verwalten\/\">Standard Laser-<\/a>\u00a0oder <a title=\"Rollendruckern\" href=\"http:\/\/www.labeljoy.com\/de\/video-support\/etikettendrucker-drucken\/\">Etikettendruckern<\/a>. F\u00fcgen Sie <a title=\"Barcode - QR Code\" href=\"http:\/\/www.labeljoy.com\/de\/video-support\/strichcodes-und-qr-codes-generieren\/\">Barcode oder QR-Code<\/a>\u00a0hinzu, um die Identifikation Ihrer Produkte einfach und sicher zu machen. Von LabelJoy erzeugte Barcodes k\u00f6nnen von jedem Barcodescanner gelesen werden.<\/p>\n<div class=\"one_third\"> <div class=\"img-frame full-fourth\"><div class=\"lightbox-zoom\"><a title=\"Chemie Etikettenvorlage\" href=\"http:\/\/www.labeljoy.com\/label-templates\/medical\/healthcare1b.jpg\" data-gal=\"prettyPhoto[price tag]\" class=\"hover-item\"><img decoding=\"async\" width=\"197\" height=\"133\" alt=\"Chemie Etikettenvorlage\" src=\"https:\/\/www.labeljoy.com\/wp-content\/plugins\/sterling-shortcodes\/\/timthumb\/timthumb.php?src=http:\/\/www.labeljoy.com\/label-templates\/medical\/healthcare1s.jpg&#038;h=133&#038;w=197\"><\/a><\/div><\/div>\n<p style=\"text-align: center\">\u00a0<a href=\"http:\/\/www.labeljoy.com\/label-templates\/medical\/healthcare1.lpa\" class=\"small white tt-button\" target=\"_self\"> Herunterladen\u00a0<\/a>\n<\/div>\n<div class=\"one_third\"> <div class=\"img-frame full-fourth\"><div class=\"lightbox-zoom\"><a title=\"Medical Allergie - Label\" href=\"http:\/\/www.labeljoy.com\/label-templates\/medical\/healthcare2b.jpg\" data-gal=\"prettyPhoto[price tag]\" class=\"hover-item\"><img decoding=\"async\" width=\"197\" height=\"133\" alt=\"Medical Allergie - Label\" src=\"https:\/\/www.labeljoy.com\/wp-content\/plugins\/sterling-shortcodes\/\/timthumb\/timthumb.php?src=http:\/\/www.labeljoy.com\/label-templates\/medical\/healthcare2s.jpg&#038;h=133&#038;w=197\"><\/a><\/div><\/div>\n<p style=\"text-align: center\">\u00a0<a href=\"http:\/\/www.labeljoy.com\/label-templates\/medical\/healthcare2.lpa\" class=\"small white tt-button\" target=\"_self\"> Herunterladen\u00a0<\/a>\n<\/div>\n<div class=\"one_third\"> <div class=\"img-frame full-fourth\"><div class=\"lightbox-zoom\"><a title=\"Healthcare - Label\" href=\"http:\/\/www.labeljoy.com\/label-templates\/medical\/healthcare3b.jpg\" data-gal=\"prettyPhoto[price tag]\" class=\"hover-item\"><img decoding=\"async\" width=\"197\" height=\"133\" alt=\"Healthcare - Label\" src=\"https:\/\/www.labeljoy.com\/wp-content\/plugins\/sterling-shortcodes\/\/timthumb\/timthumb.php?src=http:\/\/www.labeljoy.com\/label-templates\/medical\/healthcare3s.jpg&#038;h=133&#038;w=197\"><\/a><\/div><\/div>\n<p style=\"text-align: center\">\u00a0<a href=\"http:\/\/www.labeljoy.com\/label-templates\/medical\/healthcare3.lpa\" class=\"small white tt-button\" target=\"_self\"> Herunterladen\u00a0<\/a>\n<\/div>\n<div class=\"hr hr-dotted\">&nbsp;<\/div>\n<div class=\"one_third\"> <div class=\"img-frame full-fourth\"><div class=\"lightbox-zoom\"><a title=\"Blutspende -Aufkleber\" href=\"http:\/\/www.labeljoy.com\/label-templates\/medical\/healthcare4b.jpg\" data-gal=\"prettyPhoto[price tag]\" class=\"hover-item\"><img decoding=\"async\" width=\"197\" height=\"133\" alt=\"Blutspende -Aufkleber\" src=\"https:\/\/www.labeljoy.com\/wp-content\/plugins\/sterling-shortcodes\/\/timthumb\/timthumb.php?src=http:\/\/www.labeljoy.com\/label-templates\/medical\/healthcare4s.jpg&#038;h=133&#038;w=197\"><\/a><\/div><\/div>\n<p style=\"text-align: center\">\u00a0<a href=\"http:\/\/www.labeljoy.com\/label-templates\/medical\/healthcare4.lpa\" class=\"small white tt-button\" target=\"_self\"> Herunterladen\u00a0<\/a>\n<\/div>\n<div class=\"one_third\"> <div class=\"img-frame full-fourth\"><div class=\"lightbox-zoom\"><a title=\"Blutetikettenvorlage\" href=\"http:\/\/www.labeljoy.com\/label-templates\/medical\/healthcare5b.jpg\" data-gal=\"prettyPhoto[price tag]\" class=\"hover-item\"><img decoding=\"async\" width=\"197\" height=\"133\" alt=\"Blutetikettenvorlage\" src=\"https:\/\/www.labeljoy.com\/wp-content\/plugins\/sterling-shortcodes\/\/timthumb\/timthumb.php?src=http:\/\/www.labeljoy.com\/label-templates\/medical\/healthcare5s.jpg&#038;h=133&#038;w=197\"><\/a><\/div><\/div>\n<p style=\"text-align: center\">\u00a0<a href=\"http:\/\/www.labeljoy.com\/label-templates\/medical\/healthcare5.lpa\" class=\"small white tt-button\" target=\"_self\"> Herunterladen\u00a0<\/a>\n<\/div>\n<div class=\"one_third\">\n<\/div>\n<div class=\"hr hr-dotted\">&nbsp;<\/div>\n<div class=\"one_half\">\n<p style=\"text-align: right\"><a href=\"\/de\/kauf\/\" class=\"large blue tt-button\" target=\"\"> Software Kaufen\u00a0<\/a>\n<\/p>\n<\/div>\n<div class=\"one_half\">\n<p style=\"text-align: left\">oder &nbsp;&nbsp;&nbsp;&nbsp;<a href=\"\/de\/download-de\/\" class=\"large green tt-button\" target=\"\"> kostenloser Download <\/a>\n<\/p>\n<\/div>\n","protected":false},"excerpt":{"rendered":"<p>Etikettenvorlagen f\u00fcr Medizin und Labortechnik Erstellen Sie benutzerdefinierte und professionelle Etiketten f\u00fcr Medizin und Labortechnik LabelJoy bietet Vorlagen f\u00fcr die einfache Erstellung von professionellen Etiketten f\u00fcr Medizin und Labortechnik. Laden Sie die Vorlagen herunter und passen Sie sie an, um Ihre Arbeit organisierter und sicherer zu machen. Medizinische Etiketten geh\u00f6ren zu den n\u00fctzlichsten Instrumenten bei &#8230; <a title=\"Vorlagen f\u00fcr Medizin und Labortechnik\" class=\"read-more\" href=\"https:\/\/www.labeljoy.com\/de\/vorlagen\/medizinische-etiketten\/\" aria-label=\"Mehr Informationen \u00fcber Vorlagen f\u00fcr Medizin und Labortechnik\">Read more<\/a><\/p>\n","protected":false},"author":1,"featured_media":0,"parent":2186,"menu_order":0,"comment_status":"open","ping_status":"closed","template":"page-template-left-sidebar.php","meta":{"inline_featured_image":false,"_monsterinsights_skip_tracking":false,"_monsterinsights_sitenote_active":false,"_monsterinsights_sitenote_note":"","_monsterinsights_sitenote_category":0,"footnotes":""},"class_list":{"0":"post-2213","1":"page","2":"type-page","3":"status-publish","5":"infinite-scroll-item"},"aioseo_notices":[],"_links":{"self":[{"href":"https:\/\/www.labeljoy.com\/de\/wp-json\/wp\/v2\/pages\/2213","targetHints":{"allow":["GET"]}}],"collection":[{"href":"https:\/\/www.labeljoy.com\/de\/wp-json\/wp\/v2\/pages"}],"about":[{"href":"https:\/\/www.labeljoy.com\/de\/wp-json\/wp\/v2\/types\/page"}],"author":[{"embeddable":true,"href":"https:\/\/www.labeljoy.com\/de\/wp-json\/wp\/v2\/users\/1"}],"replies":[{"embeddable":true,"href":"https:\/\/www.labeljoy.com\/de\/wp-json\/wp\/v2\/comments?post=2213"}],"version-history":[{"count":29,"href":"https:\/\/www.labeljoy.com\/de\/wp-json\/wp\/v2\/pages\/2213\/revisions"}],"predecessor-version":[{"id":34516,"href":"https:\/\/www.labeljoy.com\/de\/wp-json\/wp\/v2\/pages\/2213\/revisions\/34516"}],"up":[{"embeddable":true,"href":"https:\/\/www.labeljoy.com\/de\/wp-json\/wp\/v2\/pages\/2186"}],"wp:attachment":[{"href":"https:\/\/www.labeljoy.com\/de\/wp-json\/wp\/v2\/media?parent=2213"}],"curies":[{"name":"wp","href":"https:\/\/api.w.org\/{rel}","templated":true}]}}