{"id":2218,"date":"2012-07-18T09:39:11","date_gmt":"2012-07-18T09:39:11","guid":{"rendered":"http:\/\/www.labeljoy.com\/vorlagen\/warning-labels\/"},"modified":"2020-12-07T17:13:00","modified_gmt":"2020-12-07T17:13:00","slug":"warnschilder","status":"publish","type":"page","link":"https:\/\/www.labeljoy.com\/de\/vorlagen\/warnschilder\/","title":{"rendered":"Vorlagen f\u00fcr Warnhinweise"},"content":{"rendered":"<h1>Vorlagen f\u00fcr Warnhinweise<\/h1>\n<h2>Erstellen Sie benutzerdefinierte professionelle  Etiketten f\u00fcr Chemikalien<\/h2>\n<p>LabelJoy hat Vorlagen in allen Formen und Gr\u00f6\u00dfen zum Druck von<strong>Warnhinweisen entwickelt<\/strong>.<\/p>\n<p><strong>Vorlagen f\u00fcr Warnhinweise<\/strong> k\u00f6nnen so angepasst werden, dass sie Kontaktinformationen, Logo und Notfallnummern Ihres Unternehmens sowie andere wichtige Informationen enthalten. <a title=\"labeljoy video\" href=\"http:\/\/www.labeljoy.com\/de\/video-support\/Software-prasentation\/\">Texte, Bilder und Logos k\u00f6nnen<\/a>\u00a0in der Gr\u00f6\u00dfe ver\u00e4ndert oder verschoben werden, um gewisse Inhalte besonders hervorzuheben.<\/p>\n<h2>Etiketten f\u00fcr Chemikalien, Gefahren,  Warnhinweise<\/h2>\n<p>LabelJoy bietet Ihnen eine komplette Palette von Vorlagen f\u00fcr die <em>Etikettierung von Chemikalien und Etiketten<\/em> f\u00fcr <em> Gefahren-<\/em>und <em>Warnhinweise<\/em>.<\/p>\n<p>Sie k\u00f6nnen <a title=\"barcodes strichcode\" href=\"http:\/\/www.labeljoy.com\/de\/unterstutzung\/barcode-guide\/\">20 verschiedene Barcode-Symbologien<\/a>\u00a0einschlie\u00dflich von <a title=\"strichcode QR Code\" href=\"http:\/\/www.labeljoy.com\/de\/unterstutzung\/qr-code-guide\/\">2D-Barcodes<\/a>\u00a0wie QR-Code und Data Matrix hinzuf\u00fcgen, die Ihre Organisation und Verwaltung verbessern werden.<\/p>\n<p>Eine Reihe von Vorlagen f\u00fcr Warnhinweise wurden f\u00fcr Ihre Anforderungen entwickelt. Sie k\u00f6nnen <a title=\"Daten externen Datenbanken\" href=\"http:\/\/www.labeljoy.com\/de\/video-support\/externe-datenquellen-verbinden\/\">Daten aus externen Datenbanken importieren<\/a>, um die Dateneingabe zu vereinfachen.<\/p>\n<div id=\"Layer7\">\n<p align=\"left\"><strong>Drucken Sie Ihre eigenen Warn-<\/strong> und <strong>Sicherheitshinweise<\/strong>mit Ihrem Laser-, Tintenstrahl- oder Etikettendrucker <strong>auf dem von Ihnen bevorzugten Papiertyp<\/strong> (nat\u00fcrlich auch selbstklebend).<\/p>\n<p align=\"left\">Bitte besuchen Sie diese Seite erneut f\u00fcr zuk\u00fcnftige Updates in den Vorlagen f\u00fcr Warn- und Sicherheitshinweise.<\/p>\n<\/div>\n<div class=\"one_third\"> <div class=\"img-frame full-fourth\"><div class=\"lightbox-zoom\"><a title=\"Warnetiketten\" href=\"http:\/\/www.labeljoy.com\/label-templates\/warning\/warning1b.jpg\" data-gal=\"prettyPhoto[warning label]\" class=\"hover-item\"><img decoding=\"async\" width=\"197\" height=\"133\" alt=\"Warnetiketten\" src=\"https:\/\/www.labeljoy.com\/wp-content\/plugins\/sterling-shortcodes\/\/timthumb\/timthumb.php?src=http:\/\/www.labeljoy.com\/label-templates\/warning\/warning1s.jpg&#038;h=133&#038;w=197\"><\/a><\/div><\/div>\n<p style=\"text-align: center\"><a href=\"http:\/\/www.labeljoy.com\/label-templates\/warning\/warning1.lpa\" class=\"small white tt-button\" target=\"_self\"> Herunterladen<\/a>\n<\/div>\n<div class=\"one_third\"> <div class=\"img-frame full-fourth\"><div class=\"lightbox-zoom\"><a title=\"Gefahrzettel\" href=\"http:\/\/www.labeljoy.com\/label-templates\/warning\/warning2b.jpg\" data-gal=\"prettyPhoto[warning label]\" class=\"hover-item\"><img decoding=\"async\" width=\"197\" height=\"133\" alt=\"Gefahrzettel\" src=\"https:\/\/www.labeljoy.com\/wp-content\/plugins\/sterling-shortcodes\/\/timthumb\/timthumb.php?src=http:\/\/www.labeljoy.com\/label-templates\/warning\/warning2s.jpg&#038;h=133&#038;w=197\"><\/a><\/div><\/div>\n<p style=\"text-align: center\"><a href=\"http:\/\/www.labeljoy.com\/label-templates\/warning\/warning2.lpa\" class=\"small white tt-button\" target=\"_self\"> Herunterladen<\/a>\n<\/div>\n<div class=\"one_third\"> <div class=\"img-frame full-fourth\"><div class=\"lightbox-zoom\"><a title=\"Achtung Etiketten\" href=\"http:\/\/www.labeljoy.com\/label-templates\/warning\/warning3b.jpg\" data-gal=\"prettyPhoto[warning label]\" class=\"hover-item\"><img decoding=\"async\" width=\"197\" height=\"133\" alt=\"Achtung Etiketten\" src=\"https:\/\/www.labeljoy.com\/wp-content\/plugins\/sterling-shortcodes\/\/timthumb\/timthumb.php?src=http:\/\/www.labeljoy.com\/label-templates\/warning\/warning3s.jpg&#038;h=133&#038;w=197\"><\/a><\/div><\/div>\n<p style=\"text-align: center\"><a href=\"http:\/\/www.labeljoy.com\/label-templates\/warning\/warning3.lpa\" class=\"small white tt-button\" target=\"_self\"> Herunterladen<\/a>\n<\/div>\n<div class=\"hr hr-dotted\">&nbsp;<\/div>\n<div class=\"one_half\">\n<p style=\"text-align: right\"><a href=\"\/de\/kauf\/\" class=\"large blue tt-button\" target=\"\"> Software Kaufen\u00a0<\/a>\n<\/p>\n<\/div>\n<div class=\"one_half\">\n<p style=\"text-align: left\">oder &nbsp;&nbsp;&nbsp;&nbsp;<a href=\"\/de\/download-de\/\" class=\"large green tt-button\" target=\"\"> kostenloser Download <\/a>\n<\/p>\n<\/div>\n","protected":false},"excerpt":{"rendered":"<p>Vorlagen f\u00fcr Warnhinweise Erstellen Sie benutzerdefinierte professionelle Etiketten f\u00fcr Chemikalien LabelJoy hat Vorlagen in allen Formen und Gr\u00f6\u00dfen zum Druck vonWarnhinweisen entwickelt. Vorlagen f\u00fcr Warnhinweise k\u00f6nnen so angepasst werden, dass sie Kontaktinformationen, Logo und Notfallnummern Ihres Unternehmens sowie andere wichtige Informationen enthalten. Texte, Bilder und Logos k\u00f6nnen\u00a0in der Gr\u00f6\u00dfe ver\u00e4ndert oder verschoben werden, um gewisse &#8230; <a title=\"Vorlagen f\u00fcr Warnhinweise\" class=\"read-more\" href=\"https:\/\/www.labeljoy.com\/de\/vorlagen\/warnschilder\/\" aria-label=\"Mehr Informationen \u00fcber Vorlagen f\u00fcr Warnhinweise\">Read more<\/a><\/p>\n","protected":false},"author":1,"featured_media":0,"parent":2186,"menu_order":18,"comment_status":"open","ping_status":"closed","template":"page-template-left-sidebar.php","meta":{"inline_featured_image":false,"_monsterinsights_skip_tracking":false,"_monsterinsights_sitenote_active":false,"_monsterinsights_sitenote_note":"","_monsterinsights_sitenote_category":0,"footnotes":""},"class_list":{"0":"post-2218","1":"page","2":"type-page","3":"status-publish","5":"infinite-scroll-item"},"aioseo_notices":[],"_links":{"self":[{"href":"https:\/\/www.labeljoy.com\/de\/wp-json\/wp\/v2\/pages\/2218","targetHints":{"allow":["GET"]}}],"collection":[{"href":"https:\/\/www.labeljoy.com\/de\/wp-json\/wp\/v2\/pages"}],"about":[{"href":"https:\/\/www.labeljoy.com\/de\/wp-json\/wp\/v2\/types\/page"}],"author":[{"embeddable":true,"href":"https:\/\/www.labeljoy.com\/de\/wp-json\/wp\/v2\/users\/1"}],"replies":[{"embeddable":true,"href":"https:\/\/www.labeljoy.com\/de\/wp-json\/wp\/v2\/comments?post=2218"}],"version-history":[{"count":26,"href":"https:\/\/www.labeljoy.com\/de\/wp-json\/wp\/v2\/pages\/2218\/revisions"}],"predecessor-version":[{"id":34518,"href":"https:\/\/www.labeljoy.com\/de\/wp-json\/wp\/v2\/pages\/2218\/revisions\/34518"}],"up":[{"embeddable":true,"href":"https:\/\/www.labeljoy.com\/de\/wp-json\/wp\/v2\/pages\/2186"}],"wp:attachment":[{"href":"https:\/\/www.labeljoy.com\/de\/wp-json\/wp\/v2\/media?parent=2218"}],"curies":[{"name":"wp","href":"https:\/\/api.w.org\/{rel}","templated":true}]}}