{"id":2220,"date":"2012-07-18T09:38:39","date_gmt":"2012-07-18T09:38:39","guid":{"rendered":"http:\/\/www.labeljoy.com\/vorlagen\/automotive-label\/"},"modified":"2020-12-04T17:32:00","modified_gmt":"2020-12-04T17:32:00","slug":"automotive-etiketten","status":"publish","type":"page","link":"https:\/\/www.labeljoy.com\/de\/vorlagen\/automotive-etiketten\/","title":{"rendered":"Automotive-Etiketten"},"content":{"rendered":"<h1>Vorlagen f\u00fcr Automotive-Etiketten<\/h1>\n<h2>Erstellen Sie individuelle und professionelle Etiketten f\u00fcr den Automotive Bereich<\/h2>\n<p>Mit LabelJoy k\u00f6nnen Sie Ihre <strong>eigenen Automotive-Etiketten<\/strong> erstellen und Texte, Bilder und Barcodes hinzuf\u00fcgen.<\/p>\n<p>Mit LabelJoy k\u00f6nnen Sie <a title=\"uber barcodes\" href=\"http:\/\/www.labeljoy.com\/de\/unterstutzung\/barcode-guide\/\">20 verschiedene Arten von Barcodes <\/a>\u00a0erstellen um <strong>individuelle und professionelle Automotive-Etiketten<\/strong> zu gestalten. Barcodes verleihen jeder Identifizierungsanforderung in der Lieferkette Genauigkeit, Geschwindigkeit und Zuverl\u00e4ssigkeit.<\/p>\n<p>Unsere Vorlagen f\u00fcr Automotive-Etiketten k\u00f6nnen auf fett- und \u00f6lbest\u00e4ndige Etikettenfolien gedruckt werden. Unsere Anwendungen f\u00fcr den <em>Druck kundenspezifischer Barcode-Etiketten<\/em> unterst\u00fctzen die Automatisierung von Prozessen in der Produktion und im Materialmanagement in der gesamten Lieferkette und erm\u00f6glichen die permanente Identifikation von Teilen und Komponenten.<\/p>\n<div class=\"one_third\"> <div class=\"img-frame full-fourth\"><div class=\"lightbox-zoom\"><a title=\"Automotive - Label\" href=\"http:\/\/www.labeljoy.com\/label-templates\/automotive\/automotive1b.jpg\" data-gal=\"prettyPhoto[automotive label]\" class=\"hover-item\"><img decoding=\"async\" width=\"197\" height=\"133\" alt=\"Automotive - Label\" src=\"https:\/\/www.labeljoy.com\/wp-content\/plugins\/sterling-shortcodes\/\/timthumb\/timthumb.php?src=http:\/\/www.labeljoy.com\/label-templates\/automotive\/automotive1s.jpg&#038;h=133&#038;w=197\"><\/a><\/div><\/div>\n<p style=\"text-align: center\"><a href=\"http:\/\/www.labeljoy.com\/label-templates\/automotive\/automotive1.lpa\" class=\"small white tt-button\" target=\"_self\"> Herunterladen<\/a>\n<\/div>\n<div class=\"one_third\"> <div class=\"img-frame full-fourth\"><div class=\"lightbox-zoom\"><a title=\"Gefahr Etikettenvorlage\" href=\"http:\/\/www.labeljoy.com\/label-templates\/automotive\/automotive2b.jpg\" data-gal=\"prettyPhoto[automotive label]\" class=\"hover-item\"><img decoding=\"async\" width=\"197\" height=\"133\" alt=\"Gefahr Etikettenvorlage\" src=\"https:\/\/www.labeljoy.com\/wp-content\/plugins\/sterling-shortcodes\/\/timthumb\/timthumb.php?src=http:\/\/www.labeljoy.com\/label-templates\/automotive\/automotive2s.jpg&#038;h=133&#038;w=197\"><\/a><\/div><\/div>\n<p style=\"text-align: center\"><a href=\"http:\/\/www.labeljoy.com\/label-templates\/automotive\/automotive2.lpa\" class=\"small white tt-button\" target=\"_self\"> Herunterladen<\/a>\n<\/div>\n<div class=\"one_third\">\n<\/div>\n<div class=\"hr hr-dotted\">&nbsp;<\/div>\n<div class=\"one_half\">\n<p style=\"text-align: right\"><a href=\"\/de\/kauf\/\" class=\"large blue tt-button\" target=\"\"> Software Kaufen\u00a0<\/a>\n<\/p>\n<\/div>\n<div class=\"one_half\">\n<p style=\"text-align: left\">oder &nbsp;&nbsp;&nbsp;&nbsp;<a href=\"\/de\/download-de\/\" class=\"large green tt-button\" target=\"\"> kostenloser Download <\/a>\n<\/p>\n<\/div>\n","protected":false},"excerpt":{"rendered":"<p>Vorlagen f\u00fcr Automotive-Etiketten Erstellen Sie individuelle und professionelle Etiketten f\u00fcr den Automotive Bereich Mit LabelJoy k\u00f6nnen Sie Ihre eigenen Automotive-Etiketten erstellen und Texte, Bilder und Barcodes hinzuf\u00fcgen. Mit LabelJoy k\u00f6nnen Sie 20 verschiedene Arten von Barcodes \u00a0erstellen um individuelle und professionelle Automotive-Etiketten zu gestalten. Barcodes verleihen jeder Identifizierungsanforderung in der Lieferkette Genauigkeit, Geschwindigkeit und Zuverl\u00e4ssigkeit. &#8230; <a title=\"Automotive-Etiketten\" class=\"read-more\" href=\"https:\/\/www.labeljoy.com\/de\/vorlagen\/automotive-etiketten\/\" aria-label=\"Mehr Informationen \u00fcber Automotive-Etiketten\">Read more<\/a><\/p>\n","protected":false},"author":1,"featured_media":0,"parent":2186,"menu_order":0,"comment_status":"open","ping_status":"closed","template":"page-template-left-sidebar.php","meta":{"inline_featured_image":false,"_monsterinsights_skip_tracking":false,"_monsterinsights_sitenote_active":false,"_monsterinsights_sitenote_note":"","_monsterinsights_sitenote_category":0,"footnotes":""},"class_list":{"0":"post-2220","1":"page","2":"type-page","3":"status-publish","5":"infinite-scroll-item"},"aioseo_notices":[],"_links":{"self":[{"href":"https:\/\/www.labeljoy.com\/de\/wp-json\/wp\/v2\/pages\/2220","targetHints":{"allow":["GET"]}}],"collection":[{"href":"https:\/\/www.labeljoy.com\/de\/wp-json\/wp\/v2\/pages"}],"about":[{"href":"https:\/\/www.labeljoy.com\/de\/wp-json\/wp\/v2\/types\/page"}],"author":[{"embeddable":true,"href":"https:\/\/www.labeljoy.com\/de\/wp-json\/wp\/v2\/users\/1"}],"replies":[{"embeddable":true,"href":"https:\/\/www.labeljoy.com\/de\/wp-json\/wp\/v2\/comments?post=2220"}],"version-history":[{"count":24,"href":"https:\/\/www.labeljoy.com\/de\/wp-json\/wp\/v2\/pages\/2220\/revisions"}],"predecessor-version":[{"id":34503,"href":"https:\/\/www.labeljoy.com\/de\/wp-json\/wp\/v2\/pages\/2220\/revisions\/34503"}],"up":[{"embeddable":true,"href":"https:\/\/www.labeljoy.com\/de\/wp-json\/wp\/v2\/pages\/2186"}],"wp:attachment":[{"href":"https:\/\/www.labeljoy.com\/de\/wp-json\/wp\/v2\/media?parent=2220"}],"curies":[{"name":"wp","href":"https:\/\/api.w.org\/{rel}","templated":true}]}}