{"id":2226,"date":"2012-07-18T09:08:09","date_gmt":"2012-07-18T09:08:09","guid":{"rendered":"http:\/\/www.labeljoy.com\/vorlagen\/name-tag-badges\/"},"modified":"2020-12-04T17:17:26","modified_gmt":"2020-12-04T17:17:26","slug":"namensschild-ausweise","status":"publish","type":"page","link":"https:\/\/www.labeljoy.com\/de\/vorlagen\/namensschild-ausweise\/","title":{"rendered":"Namensschilder"},"content":{"rendered":"<h1>Vorlagen f\u00fcr Namensschilder<\/h1>\n<h2>Laden Sie Vorlagen f\u00fcr Namensschilder und individuelle Badges herunter<\/h2>\n<p>Machen Sie einen guten ersten Eindruck mit unseren\u00a0<strong>Vorlagen f\u00fcr Namenschilder.<\/strong><\/p>\n<p>Sie\u00a0k\u00f6nnen unsere Vorlagen f\u00fcr <strong>Namensschilder\u00a0herunterladen<\/strong> und f\u00fcr Meetings, Konferenzen, Klassentreffen oder Partys personalisieren. Lehrer k\u00f6nnen zum Beispiel\u00a0ganz einfach <em>Namensschilder f\u00fcr ihre Sch\u00fcler erstellen<\/em>.<\/p>\n<p>Firmen k\u00f6nnen f\u00fcr ihre <strong>Mitarbeiter individuelle Namenschilder <\/strong>erstellen und die Daten einfach <a title=\"Externe Datenquellen verbinden video\" href=\"http:\/\/www.labeljoy.com\/de\/video-support\/externe-datenquellen-verbinden\/\">aus einer externen Datenbank<\/a>\u00a0laden (sehen Sie sich das Video an). Sie k\u00f6nnen den Namensschildern Berufstitel und \/ oder Firmenlogos hinzuf\u00fcgen und mit Tintenstrahl-, Laser- oder Etikettendruckern professionell drucken.<\/p>\n<div class=\"one_third\"> <div class=\"img-frame full-fourth\"><div class=\"lightbox-zoom\"><a title=\"Einfache Namensschild\" href=\"http:\/\/www.labeljoy.com\/label-templates\/name-tag\/nametag1b.jpg\" data-gal=\"prettyPhoto[name tag]\" class=\"hover-item\"><img decoding=\"async\" width=\"197\" height=\"133\" alt=\"Einfache Namensschild\" src=\"https:\/\/www.labeljoy.com\/wp-content\/plugins\/sterling-shortcodes\/\/timthumb\/timthumb.php?src=http:\/\/www.labeljoy.com\/label-templates\/name-tag\/nametag1s.jpg&#038;h=133&#038;w=197\"><\/a><\/div><\/div>\n<p style=\"text-align: center\"><a href=\"http:\/\/www.labeljoy.com\/label-templates\/name-tag\/nametag1.lpa\" class=\"small white tt-button\" target=\"_self\"> Herunterladen<\/a>\n<\/div>\n<div class=\"one_third\"> <div class=\"img-frame full-fourth\"><div class=\"lightbox-zoom\"><a title=\"Namenskarte mit Foto\" href=\"http:\/\/www.labeljoy.com\/label-templates\/name-tag\/nametag2b.jpg\" data-gal=\"prettyPhoto[name tag]\" class=\"hover-item\"><img decoding=\"async\" width=\"197\" height=\"133\" alt=\"Namenskarte mit Foto\" src=\"https:\/\/www.labeljoy.com\/wp-content\/plugins\/sterling-shortcodes\/\/timthumb\/timthumb.php?src=http:\/\/www.labeljoy.com\/label-templates\/name-tag\/nametag2s.jpg&#038;h=133&#038;w=197\"><\/a><\/div><\/div>\n<p style=\"text-align: center\"><a href=\"http:\/\/www.labeljoy.com\/label-templates\/name-tag\/nametag2.lpa\" class=\"small white tt-button\" target=\"_self\"> Herunterladen<\/a>\n<\/div>\n<div class=\"one_third\"> <div class=\"img-frame full-fourth\"><div class=\"lightbox-zoom\"><a title=\"Konferenz -Namensschild -Vorlage\" href=\"http:\/\/www.labeljoy.com\/label-templates\/name-tag\/nametag3b.jpg\" data-gal=\"prettyPhoto[name tag]\" class=\"hover-item\"><img decoding=\"async\" width=\"197\" height=\"133\" alt=\"Konferenz -Namensschild -Vorlage\" src=\"https:\/\/www.labeljoy.com\/wp-content\/plugins\/sterling-shortcodes\/\/timthumb\/timthumb.php?src=http:\/\/www.labeljoy.com\/label-templates\/name-tag\/nametag3s.jpg&#038;h=133&#038;w=197\"><\/a><\/div><\/div>\n<p style=\"text-align: center\"><a href=\"http:\/\/www.labeljoy.com\/label-templates\/name-tag\/nametag3.lpa\" class=\"small white tt-button\" target=\"_self\"> Herunterladen<\/a>\n<\/div>\n<div class=\"hr hr-dotted\">&nbsp;<\/div>\n<div class=\"one_third\"> <div class=\"img-frame full-fourth\"><div class=\"lightbox-zoom\"><a title=\"Individuelle Namensschilder\" href=\"http:\/\/www.labeljoy.com\/label-templates\/name-tag\/nametag4b.jpg\" data-gal=\"prettyPhoto[name tag]\" class=\"hover-item\"><img decoding=\"async\" width=\"197\" height=\"133\" alt=\"Individuelle Namensschilder\" src=\"https:\/\/www.labeljoy.com\/wp-content\/plugins\/sterling-shortcodes\/\/timthumb\/timthumb.php?src=http:\/\/www.labeljoy.com\/label-templates\/name-tag\/nametag4s.jpg&#038;h=133&#038;w=197\"><\/a><\/div><\/div>\n<p style=\"text-align: center\"><a href=\"http:\/\/www.labeljoy.com\/label-templates\/name-tag\/nametag4.lpa\" class=\"small white tt-button\" target=\"_self\"> Herunterladen<\/a>\n<\/div>\n<div class=\"one_third\"> <div class=\"img-frame full-fourth\"><div class=\"lightbox-zoom\"><a title=\"Schule Namensschilder f\u00fcr Kinder\" href=\"http:\/\/www.labeljoy.com\/label-templates\/name-tag\/nametag5b.jpg\" data-gal=\"prettyPhoto[name tag]\" class=\"hover-item\"><img decoding=\"async\" width=\"197\" height=\"133\" alt=\"Schule Namensschilder f\u00fcr Kinder\" src=\"https:\/\/www.labeljoy.com\/wp-content\/plugins\/sterling-shortcodes\/\/timthumb\/timthumb.php?src=http:\/\/www.labeljoy.com\/label-templates\/name-tag\/nametag5s.jpg&#038;h=133&#038;w=197\"><\/a><\/div><\/div>\n<p style=\"text-align: center\"><a href=\"http:\/\/www.labeljoy.com\/label-templates\/name-tag\/nametag5.lpa\" class=\"small white tt-button\" target=\"_self\"> Herunterladen<\/a>\n<\/div>\n<div class=\"one_third\"> <div class=\"img-frame full-fourth\"><div class=\"lightbox-zoom\"><a title=\"Professionelle Namensschild mit QR-Code\" href=\"http:\/\/www.labeljoy.com\/label-templates\/name-tag\/nametag6b.jpg\" data-gal=\"prettyPhoto[name tag]\" class=\"hover-item\"><img decoding=\"async\" width=\"197\" height=\"133\" alt=\"Professionelle Namensschild mit QR-Code\" src=\"https:\/\/www.labeljoy.com\/wp-content\/plugins\/sterling-shortcodes\/\/timthumb\/timthumb.php?src=http:\/\/www.labeljoy.com\/label-templates\/name-tag\/nametag6s.jpg&#038;h=133&#038;w=197\"><\/a><\/div><\/div>\n<p style=\"text-align: center\"><a href=\"http:\/\/www.labeljoy.com\/label-templates\/name-tag\/nametag6.lpa\" class=\"small white tt-button\" target=\"_self\"> Herunterladen<\/a>\n<\/div>\n<div class=\"hr hr-dotted\">&nbsp;<\/div>\n<div class=\"one_half\">\n<p style=\"text-align: right\"><a href=\"\/de\/kauf\/\" class=\"large blue tt-button\" target=\"\"> Software Kaufen\u00a0<\/a>\n<\/p>\n<\/div>\n<div class=\"one_half\">\n<p style=\"text-align: left\">oder &nbsp;&nbsp;&nbsp;&nbsp;<a href=\"\/de\/download-de\/\" class=\"large green tt-button\" target=\"\"> kostenloser Download <\/a>\n<\/p>\n<\/div>\n","protected":false},"excerpt":{"rendered":"<p>Vorlagen f\u00fcr Namensschilder Laden Sie Vorlagen f\u00fcr Namensschilder und individuelle Badges herunter Machen Sie einen guten ersten Eindruck mit unseren\u00a0Vorlagen f\u00fcr Namenschilder. Sie\u00a0k\u00f6nnen unsere Vorlagen f\u00fcr Namensschilder\u00a0herunterladen und f\u00fcr Meetings, Konferenzen, Klassentreffen oder Partys personalisieren. Lehrer k\u00f6nnen zum Beispiel\u00a0ganz einfach Namensschilder f\u00fcr ihre Sch\u00fcler erstellen. Firmen k\u00f6nnen f\u00fcr ihre Mitarbeiter individuelle Namenschilder erstellen und die &#8230; <a title=\"Namensschilder\" class=\"read-more\" href=\"https:\/\/www.labeljoy.com\/de\/vorlagen\/namensschild-ausweise\/\" aria-label=\"Mehr Informationen \u00fcber Namensschilder\">Read more<\/a><\/p>\n","protected":false},"author":1,"featured_media":0,"parent":2186,"menu_order":0,"comment_status":"open","ping_status":"closed","template":"page-template-left-sidebar.php","meta":{"inline_featured_image":false,"_monsterinsights_skip_tracking":false,"_monsterinsights_sitenote_active":false,"_monsterinsights_sitenote_note":"","_monsterinsights_sitenote_category":0,"footnotes":""},"class_list":{"0":"post-2226","1":"page","2":"type-page","3":"status-publish","5":"infinite-scroll-item"},"aioseo_notices":[],"_links":{"self":[{"href":"https:\/\/www.labeljoy.com\/de\/wp-json\/wp\/v2\/pages\/2226","targetHints":{"allow":["GET"]}}],"collection":[{"href":"https:\/\/www.labeljoy.com\/de\/wp-json\/wp\/v2\/pages"}],"about":[{"href":"https:\/\/www.labeljoy.com\/de\/wp-json\/wp\/v2\/types\/page"}],"author":[{"embeddable":true,"href":"https:\/\/www.labeljoy.com\/de\/wp-json\/wp\/v2\/users\/1"}],"replies":[{"embeddable":true,"href":"https:\/\/www.labeljoy.com\/de\/wp-json\/wp\/v2\/comments?post=2226"}],"version-history":[{"count":23,"href":"https:\/\/www.labeljoy.com\/de\/wp-json\/wp\/v2\/pages\/2226\/revisions"}],"predecessor-version":[{"id":34499,"href":"https:\/\/www.labeljoy.com\/de\/wp-json\/wp\/v2\/pages\/2226\/revisions\/34499"}],"up":[{"embeddable":true,"href":"https:\/\/www.labeljoy.com\/de\/wp-json\/wp\/v2\/pages\/2186"}],"wp:attachment":[{"href":"https:\/\/www.labeljoy.com\/de\/wp-json\/wp\/v2\/media?parent=2226"}],"curies":[{"name":"wp","href":"https:\/\/api.w.org\/{rel}","templated":true}]}}