{"id":2229,"date":"2012-07-18T09:07:36","date_gmt":"2012-07-18T09:07:36","guid":{"rendered":"http:\/\/www.labeljoy.com\/vorlagen\/custom-cards\/"},"modified":"2020-12-04T17:26:40","modified_gmt":"2020-12-04T17:26:40","slug":"kundenspezifischen-arten","status":"publish","type":"page","link":"https:\/\/www.labeljoy.com\/de\/vorlagen\/kundenspezifischen-arten\/","title":{"rendered":"Karten"},"content":{"rendered":"<h1>Vorlagen f\u00fcr individuelle Karten<\/h1>\n<h2>Gestalten Sie fantastische Karten in wenigen Augenblicken<\/h2>\n<p>Mit wenigen Klicks k\u00f6nnen Sie <a title=\"Software Presentation\" href=\"http:\/\/www.labeljoy.com\/de\/video-support\/Software-prasentation\/\">Texte, Bilder, Fotos oder QR-Codes hinzuf\u00fcgen<\/a> und Effekte anwenden. Geben Sie Ihren Text ein und gestalten Sie Ihre individuellen Karten.<br \/>\nPassen Sie den Hintergrund an, w\u00e4hlen Sie Schriftart und Schriftgr\u00f6\u00dfe und <strong>drucken Sie Ihre Karten<\/strong> in nur wenigen Minuten mit jedem beliebigen Druckertyp: Tintenstrahl-, Laser- oder Etikettendrucker.<\/p>\n<h2>Drucken Sie professionelle Karten zu Hause<\/h2>\n<p>Verwenden Sie unser Tool, um <strong>personalisierte Karten<\/strong>f\u00fcr fast jeden besonderen Anlass <strong>zu erstellen<\/strong> und selbst zu drucken.<br \/>\nMit LabelJoy ist es wirklich einfach <em>eigene, professionelle Karten<\/em> zu drucken!<\/p>\n<div class=\"one_third\"> <div class=\"img-frame full-fourth\"><div class=\"lightbox-zoom\"><a title=\"Kundenspezifische Karte der Welt\" href=\"http:\/\/www.labeljoy.com\/label-templates\/card\/card1b.jpg\" data-gal=\"prettyPhoto[cards label]\" class=\"hover-item\"><img decoding=\"async\" width=\"197\" height=\"133\" alt=\"Kundenspezifische Karte der Welt\" src=\"https:\/\/www.labeljoy.com\/wp-content\/plugins\/sterling-shortcodes\/\/timthumb\/timthumb.php?src=http:\/\/www.labeljoy.com\/label-templates\/card\/card1s.jpg&#038;h=133&#038;w=197\"><\/a><\/div><\/div>\n<p style=\"text-align: center\"><a href=\"http:\/\/www.labeljoy.com\/label-templates\/card\/card1.lpa\" class=\"small white tt-button\" target=\"_self\"> Herunterladen<\/a>\n<\/div>\n<div class=\"one_third\"> <div class=\"img-frame full-fourth\"><div class=\"lightbox-zoom\"><a title=\"Karte K\u00fcsse\" href=\"http:\/\/www.labeljoy.com\/label-templates\/card\/card2b.jpg\" data-gal=\"prettyPhoto[cards label]\" class=\"hover-item\"><img decoding=\"async\" width=\"197\" height=\"133\" alt=\"Karte K\u00fcsse\" src=\"https:\/\/www.labeljoy.com\/wp-content\/plugins\/sterling-shortcodes\/\/timthumb\/timthumb.php?src=http:\/\/www.labeljoy.com\/label-templates\/card\/card2s.jpg&#038;h=133&#038;w=197\"><\/a><\/div><\/div>\n<p style=\"text-align: center\"><a href=\"http:\/\/www.labeljoy.com\/label-templates\/card\/card2.lpa\" class=\"small white tt-button\" target=\"_self\"> Herunterladen<\/a>\n<\/div>\n<div class=\"one_third\"> <div class=\"img-frame full-fourth\"><div class=\"lightbox-zoom\"><a title=\"QR-Code- Karte\" href=\"http:\/\/www.labeljoy.com\/label-templates\/card\/card3b.jpg\" data-gal=\"prettyPhoto[cards label]\" class=\"hover-item\"><img decoding=\"async\" width=\"197\" height=\"133\" alt=\"QR-Code- Karte\" src=\"https:\/\/www.labeljoy.com\/wp-content\/plugins\/sterling-shortcodes\/\/timthumb\/timthumb.php?src=http:\/\/www.labeljoy.com\/label-templates\/card\/card3s.jpg&#038;h=133&#038;w=197\"><\/a><\/div><\/div>\n<p style=\"text-align: center\"><a href=\"http:\/\/www.labeljoy.com\/label-templates\/card\/card3.lpa\" class=\"small white tt-button\" target=\"_self\"> Herunterladen\u00a0<\/a>\n<\/div>\n<div class=\"hr hr-dotted\">&nbsp;<\/div>\n<div class=\"one_third\"> <div class=\"img-frame full-fourth\"><div class=\"lightbox-zoom\"><a title=\"Kundenspezifische Karte Vorlage\" href=\"http:\/\/www.labeljoy.com\/label-templates\/card\/card4b.jpg\" data-gal=\"prettyPhoto[cards label]\" class=\"hover-item\"><img decoding=\"async\" width=\"197\" height=\"133\" alt=\"Kundenspezifische Karte Vorlage\" src=\"https:\/\/www.labeljoy.com\/wp-content\/plugins\/sterling-shortcodes\/\/timthumb\/timthumb.php?src=http:\/\/www.labeljoy.com\/label-templates\/card\/card4s.jpg&#038;h=133&#038;w=197\"><\/a><\/div><\/div>\n<p style=\"text-align: center\"><a href=\"http:\/\/www.labeljoy.com\/label-templates\/card\/card4.lpa\" class=\"small white tt-button\" target=\"_self\"> Herunterladen<\/a>\n<\/div>\n<div class=\"one_third\"> <div class=\"img-frame full-fourth\"><div class=\"lightbox-zoom\"><a title=\"Druckkundenspezifische Karten\" href=\"http:\/\/www.labeljoy.com\/label-templates\/card\/card5b.jpg\" data-gal=\"prettyPhoto[cards label]\" class=\"hover-item\"><img decoding=\"async\" width=\"197\" height=\"133\" alt=\"Druckkundenspezifische Karten\" src=\"https:\/\/www.labeljoy.com\/wp-content\/plugins\/sterling-shortcodes\/\/timthumb\/timthumb.php?src=http:\/\/www.labeljoy.com\/label-templates\/card\/card5s.jpg&#038;h=133&#038;w=197\"><\/a><\/div><\/div>\n<p style=\"text-align: center\"><a href=\"http:\/\/www.labeljoy.com\/label-templates\/card\/card5.lpa\" class=\"small white tt-button\" target=\"_self\"> Herunterladen<\/a>\n<\/div>\n<div class=\"one_third\"> <div class=\"img-frame full-fourth\"><div class=\"lightbox-zoom\"><a title=\"Druckkarten\" href=\"http:\/\/www.labeljoy.com\/label-templates\/card\/card6b.jpg\" data-gal=\"prettyPhoto[cards label]\" class=\"hover-item\"><img decoding=\"async\" width=\"197\" height=\"133\" alt=\"Druckkarten\" src=\"https:\/\/www.labeljoy.com\/wp-content\/plugins\/sterling-shortcodes\/\/timthumb\/timthumb.php?src=http:\/\/www.labeljoy.com\/label-templates\/card\/card6s.jpg&#038;h=133&#038;w=197\"><\/a><\/div><\/div>\n<p style=\"text-align: center\"><a href=\"http:\/\/www.labeljoy.com\/label-templates\/card\/card6.lpa\" class=\"small white tt-button\" target=\"_self\"> Herunterladen<\/a>\n<\/div>\n<div class=\"hr hr-dotted\">&nbsp;<\/div>\n<div class=\"one_half\">\n<p style=\"text-align: right\"><a href=\"\/de\/kauf\/\" class=\"large blue tt-button\" target=\"\"> Software Kaufen\u00a0<\/a>\n<\/p>\n<\/div>\n<div class=\"one_half\">\n<p style=\"text-align: left\">oder &nbsp;&nbsp;&nbsp;&nbsp;<a href=\"\/de\/download-de\/\" class=\"large green tt-button\" target=\"\"> kostenloser Download <\/a>\n<\/p>\n<\/div>\n","protected":false},"excerpt":{"rendered":"<p>Vorlagen f\u00fcr individuelle Karten Gestalten Sie fantastische Karten in wenigen Augenblicken Mit wenigen Klicks k\u00f6nnen Sie Texte, Bilder, Fotos oder QR-Codes hinzuf\u00fcgen und Effekte anwenden. Geben Sie Ihren Text ein und gestalten Sie Ihre individuellen Karten. Passen Sie den Hintergrund an, w\u00e4hlen Sie Schriftart und Schriftgr\u00f6\u00dfe und drucken Sie Ihre Karten in nur wenigen Minuten &#8230; <a title=\"Karten\" class=\"read-more\" href=\"https:\/\/www.labeljoy.com\/de\/vorlagen\/kundenspezifischen-arten\/\" aria-label=\"Mehr Informationen \u00fcber Karten\">Read more<\/a><\/p>\n","protected":false},"author":1,"featured_media":0,"parent":2186,"menu_order":0,"comment_status":"open","ping_status":"closed","template":"page-template-left-sidebar.php","meta":{"inline_featured_image":false,"_monsterinsights_skip_tracking":false,"_monsterinsights_sitenote_active":false,"_monsterinsights_sitenote_note":"","_monsterinsights_sitenote_category":0,"footnotes":""},"class_list":{"0":"post-2229","1":"page","2":"type-page","3":"status-publish","5":"infinite-scroll-item"},"aioseo_notices":[],"_links":{"self":[{"href":"https:\/\/www.labeljoy.com\/de\/wp-json\/wp\/v2\/pages\/2229","targetHints":{"allow":["GET"]}}],"collection":[{"href":"https:\/\/www.labeljoy.com\/de\/wp-json\/wp\/v2\/pages"}],"about":[{"href":"https:\/\/www.labeljoy.com\/de\/wp-json\/wp\/v2\/types\/page"}],"author":[{"embeddable":true,"href":"https:\/\/www.labeljoy.com\/de\/wp-json\/wp\/v2\/users\/1"}],"replies":[{"embeddable":true,"href":"https:\/\/www.labeljoy.com\/de\/wp-json\/wp\/v2\/comments?post=2229"}],"version-history":[{"count":17,"href":"https:\/\/www.labeljoy.com\/de\/wp-json\/wp\/v2\/pages\/2229\/revisions"}],"predecessor-version":[{"id":30964,"href":"https:\/\/www.labeljoy.com\/de\/wp-json\/wp\/v2\/pages\/2229\/revisions\/30964"}],"up":[{"embeddable":true,"href":"https:\/\/www.labeljoy.com\/de\/wp-json\/wp\/v2\/pages\/2186"}],"wp:attachment":[{"href":"https:\/\/www.labeljoy.com\/de\/wp-json\/wp\/v2\/media?parent=2229"}],"curies":[{"name":"wp","href":"https:\/\/api.w.org\/{rel}","templated":true}]}}