{"id":2232,"date":"2012-07-18T08:54:54","date_gmt":"2012-07-18T08:54:54","guid":{"rendered":"http:\/\/www.labeljoy.com\/vorlagen\/shipping-label\/"},"modified":"2021-03-28T15:37:00","modified_gmt":"2021-03-28T15:37:00","slug":"versandetiketten","status":"publish","type":"page","link":"https:\/\/www.labeljoy.com\/de\/vorlagen\/versandetiketten\/","title":{"rendered":"Vorlagen f\u00fcr Versandetiketten"},"content":{"rendered":"<h1>Vorlagen f\u00fcr Versandetiketten<\/h1>\n<h2>Versandetiketten herunterladen und anpassen<\/h2>\n<p><strong>Ein Versandetikett <\/strong>ist ein kurzes Etikett, das auf Versand Elementen angebracht ist, z. B. auf einem Umschlag oder einer Verpackung. Dieses Etikett beinhaltet Daten \u00fcber den Inhalt, das <em>Firmenlogo und -adresse <\/em>\u00a0und kann auch\u00a0<a title=\"Strichcodes\" href=\"http:\/\/www.labeljoy.com\/de\/unterstutzung\/barcode-guide\/\">Barcodes<\/a>\u00a0und andere Elemente enthalten.<\/p>\n<p>Mit LabelJoy k\u00f6nnen Sie 20 verschiedene Typen von Barcodes erstellen, darunter auch <a title=\"QR Code\" href=\"http:\/\/www.labeljoy.com\/de\/unterstutzung\/qr-code-guide\/\">QR-Codes<\/a>.<\/p>\n<p>Die Bibliothek der Etikettenvorlagen enth\u00e4lt <strong>Vorlagen f\u00fcr Versandetiketten <\/strong>f\u00fcr eine Vielzahl von Produkten, z. B. Adressetiketten, Versandetiketten und vieles mehr.<\/p>\n<h3>Drucken Sie Ihre Versandetiketten-Vorlage<\/h3>\n<p>Drucken Sie eine dieser Vorlagen auf jedem <em>Laser-, Tintenstrahl- <\/em>oder <em>Etikettendrucker<\/em>. Erstellen Sie\u00a0<strong>individuelle Versandetiketten <\/strong>mit Barcodes mit den kostenlosen Vorlagen von LabelJoy, dann klicken Sie auf Drucken und verf\u00fcgen in k\u00fcrzester Zeit \u00fcber ihre professionellen Etiketten!<\/p>\n<h2>Video-Tutorial: Etiketten mit Rollendruckern drucken<\/h2>\n<p>Mit Labeljoy k\u00f6nnen Sie mit Tintenstrahl-, Laser- oder Rollendruckern in jedem Format drucken. Folgen Sie der Schritt-f\u00fcr-Schritt-Anleitung.<br \/>\n\n<div class=\"youtube-embed\" itemprop=\"video\" itemscope itemtype=\"https:\/\/schema.org\/VideoObject\">\n\t<meta itemprop=\"url\" content=\"https:\/\/www.youtube.com\/v\/TaA6HQikQKY\" \/>\n\t<meta itemprop=\"name\" content=\"Vorlagen f\u00fcr Versandetiketten\" \/>\n\t<meta itemprop=\"description\" content=\"Vorlagen f\u00fcr Versandetiketten\" \/>\n\t<meta itemprop=\"uploadDate\" content=\"2012-07-18T08:54:54+00:00\" \/>\n\t<meta itemprop=\"thumbnailUrl\" content=\"https:\/\/i.ytimg.com\/vi\/TaA6HQikQKY\/default.jpg\" \/>\n\t<meta itemprop=\"embedUrl\" content=\"https:\/\/www.youtube.com\/embed\/TaA6HQikQKY\" \/>\n\t<meta itemprop=\"height\" content=\"385\" \/>\n\t<meta itemprop=\"width\" content=\"640\" \/>\n\t<iframe style=\"border: 0;\" class=\"youtube-player\" width=\"640\" height=\"385\" src=\"https:\/\/www.youtube.com\/embed\/TaA6HQikQKY?modestbranding=1&fs=0&rel=0&loop=1&color=white&playlist=TaA6HQikQKY\"><\/iframe>\n<\/div>\n\n<\/p>\n<div class=\"one_third\"> <div class=\"img-frame full-fourth\"><div class=\"lightbox-zoom\"><a title=\"Fragile Versandetikett\" href=\"http:\/\/www.labeljoy.com\/label-templates\/shipping\/shipping1b.jpg\" data-gal=\"prettyPhoto[shipping label]\" class=\"hover-item\"><img decoding=\"async\" width=\"197\" height=\"133\" alt=\"Fragile Versandetikett\" src=\"https:\/\/www.labeljoy.com\/wp-content\/plugins\/sterling-shortcodes\/\/timthumb\/timthumb.php?src=http:\/\/www.labeljoy.com\/label-templates\/shipping\/shipping1s.jpg&#038;h=133&#038;w=197\"><\/a><\/div><\/div>\n<p style=\"text-align: center\"><a href=\"http:\/\/www.labeljoy.com\/label-templates\/shipping\/shipping1.lpa\" class=\"small white tt-button\" target=\"_self\"> Herunterladen<\/a>\n<\/div>\n<div class=\"one_third\"> <div class=\"img-frame full-fourth\"><div class=\"lightbox-zoom\"><a title=\"Warnaufkleber f\u00fcr den Versand\" href=\"http:\/\/www.labeljoy.com\/label-templates\/shipping\/shipping2b.jpg\" data-gal=\"prettyPhoto[shipping label]\" class=\"hover-item\"><img decoding=\"async\" width=\"197\" height=\"133\" alt=\"Warnaufkleber f\u00fcr den Versand\" src=\"https:\/\/www.labeljoy.com\/wp-content\/plugins\/sterling-shortcodes\/\/timthumb\/timthumb.php?src=http:\/\/www.labeljoy.com\/label-templates\/shipping\/shipping2s.jpg&#038;h=133&#038;w=197\"><\/a><\/div><\/div>\n<p style=\"text-align: center\"><a href=\"http:\/\/www.labeljoy.com\/label-templates\/shipping\/shipping2.lpa\" class=\"small white tt-button\" target=\"_self\"> Herunterladen<\/a>\n<\/div>\n<div class=\"one_third\"> <div class=\"img-frame full-fourth\"><div class=\"lightbox-zoom\"><a title=\"Versand-Info\" href=\"http:\/\/www.labeljoy.com\/label-templates\/shipping\/shipping3b.jpg\" data-gal=\"prettyPhoto[shipping label]\" class=\"hover-item\"><img decoding=\"async\" width=\"197\" height=\"133\" alt=\"Versand-Info\" src=\"https:\/\/www.labeljoy.com\/wp-content\/plugins\/sterling-shortcodes\/\/timthumb\/timthumb.php?src=http:\/\/www.labeljoy.com\/label-templates\/shipping\/shipping3s.jpg&#038;h=133&#038;w=197\"><\/a><\/div><\/div>\n<p style=\"text-align: center\"><a href=\"http:\/\/www.labeljoy.com\/label-templates\/shipping\/shipping3.lpa\" class=\"small white tt-button\" target=\"_self\"> Herunterladen<\/a>\n<\/div>\n<div class=\"hr hr-dotted\">&nbsp;<\/div>\n<div class=\"one_third\"> <div class=\"img-frame full-fourth\"><div class=\"lightbox-zoom\"><a title=\"Gefahrzettel f\u00fcr Sendungen\" href=\"http:\/\/www.labeljoy.com\/label-templates\/shipping\/shipping4b.jpg\" data-gal=\"prettyPhoto[shipping label]\" class=\"hover-item\"><img decoding=\"async\" width=\"197\" height=\"133\" alt=\"Gefahrzettel f\u00fcr Sendungen\" src=\"https:\/\/www.labeljoy.com\/wp-content\/plugins\/sterling-shortcodes\/\/timthumb\/timthumb.php?src=http:\/\/www.labeljoy.com\/label-templates\/shipping\/shipping4s.jpg&#038;h=133&#038;w=197\"><\/a><\/div><\/div>\n<p style=\"text-align: center\"><a href=\"http:\/\/www.labeljoy.com\/label-templates\/shipping\/shipping4.lpa\" class=\"small white tt-button\" target=\"_self\"> Herunterladen<\/a>\n<\/div>\n<div class=\"one_third\"> <div class=\"img-frame full-fourth\"><div class=\"lightbox-zoom\"><a title=\"Naval Sendungen Etiketten\" href=\"http:\/\/www.labeljoy.com\/label-templates\/shipping\/shipping5b.jpg\" data-gal=\"prettyPhoto[shipping label]\" class=\"hover-item\"><img decoding=\"async\" width=\"197\" height=\"133\" alt=\"Naval Sendungen Etiketten\" src=\"https:\/\/www.labeljoy.com\/wp-content\/plugins\/sterling-shortcodes\/\/timthumb\/timthumb.php?src=http:\/\/www.labeljoy.com\/label-templates\/shipping\/shipping5s.jpg&#038;h=133&#038;w=197\"><\/a><\/div><\/div>\n<p style=\"text-align: center\"><a href=\"http:\/\/www.labeljoy.com\/label-templates\/shipping\/shipping5.lpa\" class=\"small white tt-button\" target=\"_self\"> Herunterladen<\/a>\n<\/div>\n<div class=\"one_third\"> <div class=\"img-frame full-fourth\"><div class=\"lightbox-zoom\"><a title=\"Versand mit Barcode-Label\" href=\"http:\/\/www.labeljoy.com\/label-templates\/shipping\/shipping6b.jpg\" data-gal=\"prettyPhoto[shipping label]\" class=\"hover-item\"><img decoding=\"async\" width=\"197\" height=\"133\" alt=\"Versand mit Barcode-Label\" src=\"https:\/\/www.labeljoy.com\/wp-content\/plugins\/sterling-shortcodes\/\/timthumb\/timthumb.php?src=http:\/\/www.labeljoy.com\/label-templates\/shipping\/shipping6s.jpg&#038;h=133&#038;w=197\"><\/a><\/div><\/div>\n<p style=\"text-align: center\"><a href=\"http:\/\/www.labeljoy.com\/label-templates\/shipping\/shipping6.lpa\" class=\"small white tt-button\" target=\"_self\"> Herunterladen<\/a>\n<\/div>\n<div class=\"hr hr-dotted\">&nbsp;<\/div>\n<div class=\"one_half\">\n<p style=\"text-align: right\"><a href=\"\/de\/kauf\/\" class=\"large blue tt-button\" target=\"\"> Software Kaufen <\/a>\n<\/p>\n<\/div>\n<div class=\"one_half\">\n<p style=\"text-align: left\">oder &nbsp;&nbsp;&nbsp;&nbsp;<a href=\"\/de\/download-de\/\" class=\"large green tt-button\" target=\"\"> kostenloser Download <\/a>\n<\/p>\n<\/div>\n","protected":false},"excerpt":{"rendered":"<p>Vorlagen f\u00fcr Versandetiketten Versandetiketten herunterladen und anpassen Ein Versandetikett ist ein kurzes Etikett, das auf Versand Elementen angebracht ist, z. B. auf einem Umschlag oder einer Verpackung. Dieses Etikett beinhaltet Daten \u00fcber den Inhalt, das Firmenlogo und -adresse \u00a0und kann auch\u00a0Barcodes\u00a0und andere Elemente enthalten. Mit LabelJoy k\u00f6nnen Sie 20 verschiedene Typen von Barcodes erstellen, darunter &#8230; <a title=\"Vorlagen f\u00fcr Versandetiketten\" class=\"read-more\" href=\"https:\/\/www.labeljoy.com\/de\/vorlagen\/versandetiketten\/\" aria-label=\"Mehr Informationen \u00fcber Vorlagen f\u00fcr Versandetiketten\">Read more<\/a><\/p>\n","protected":false},"author":1,"featured_media":0,"parent":2186,"menu_order":0,"comment_status":"open","ping_status":"closed","template":"page-template-left-sidebar.php","meta":{"inline_featured_image":false,"_monsterinsights_skip_tracking":false,"_monsterinsights_sitenote_active":false,"_monsterinsights_sitenote_note":"","_monsterinsights_sitenote_category":0,"footnotes":""},"class_list":{"0":"post-2232","1":"page","2":"type-page","3":"status-publish","5":"infinite-scroll-item"},"aioseo_notices":[],"_links":{"self":[{"href":"https:\/\/www.labeljoy.com\/de\/wp-json\/wp\/v2\/pages\/2232","targetHints":{"allow":["GET"]}}],"collection":[{"href":"https:\/\/www.labeljoy.com\/de\/wp-json\/wp\/v2\/pages"}],"about":[{"href":"https:\/\/www.labeljoy.com\/de\/wp-json\/wp\/v2\/types\/page"}],"author":[{"embeddable":true,"href":"https:\/\/www.labeljoy.com\/de\/wp-json\/wp\/v2\/users\/1"}],"replies":[{"embeddable":true,"href":"https:\/\/www.labeljoy.com\/de\/wp-json\/wp\/v2\/comments?post=2232"}],"version-history":[{"count":26,"href":"https:\/\/www.labeljoy.com\/de\/wp-json\/wp\/v2\/pages\/2232\/revisions"}],"predecessor-version":[{"id":35516,"href":"https:\/\/www.labeljoy.com\/de\/wp-json\/wp\/v2\/pages\/2232\/revisions\/35516"}],"up":[{"embeddable":true,"href":"https:\/\/www.labeljoy.com\/de\/wp-json\/wp\/v2\/pages\/2186"}],"wp:attachment":[{"href":"https:\/\/www.labeljoy.com\/de\/wp-json\/wp\/v2\/media?parent=2232"}],"curies":[{"name":"wp","href":"https:\/\/api.w.org\/{rel}","templated":true}]}}