{"id":2233,"date":"2012-07-18T08:54:19","date_gmt":"2012-07-18T08:54:19","guid":{"rendered":"http:\/\/www.labeljoy.com\/vorlagen\/return-label\/"},"modified":"2020-12-07T16:51:57","modified_gmt":"2020-12-07T16:51:57","slug":"ruckversand-etiketten","status":"publish","type":"page","link":"https:\/\/www.labeljoy.com\/de\/vorlagen\/ruckversand-etiketten\/","title":{"rendered":"Absenderetiketten"},"content":{"rendered":"<h1>Vorlagen f\u00fcr Absenderetiketten<\/h1>\n<h2>Personalisieren und drucken Sie Ihre Absenderetiketten<\/h2>\n<p>Eine <strong>personalisierte R\u00fccksendeadresse <\/strong>kann manchmal den Unterschied machen.<strong><\/strong><\/p>\n<p>Laden Sie die Vorlage f\u00fcr <strong> Adressetiketten <\/strong>herunter und passen Sie sie Ihren pers\u00f6nlichen oder professionellen Bed\u00fcrfnissen an. Sie k\u00f6nnen auch Ihre Umschl\u00e4ge individuell gestalten.<\/p>\n<p> F\u00fcgen Sie Ihr Logo, ein Bild oder Grafikelement und ihre Informationen hinzu und drucken Sie direkt auf Umschl\u00e4ge oder selbstklebende Etiketten mit einem Standard- oder einem <a title=\"Rollendrucker video\" href=\"\/de\/video-support\/etikettendrucker-drucken\/\">Etikettendrucker<\/a>. <\/p>\n<p>Sie k\u00f6nnen Adressen aus <a title=\"externen Datenbank video\" href=\"http:\/\/www.labeljoy.com\/de\/video-support\/externe-datenquellen-verbinden\/\">externen Datenbanken<\/a>\u00a0wie <a title=\"Daten aus Excel laden video\" href=\"http:\/\/www.labeljoy.com\/de\/video-support\/daten-aus-excel-laden\/\">Excel<\/a>, SQL Server. Outlook, Textdateien usw. importieren.<\/p>\n<div class=\"one_third\"> <div class=\"img-frame full-fourth\"><div class=\"lightbox-zoom\"><a title=\"Adressaufkleber\" href=\"http:\/\/www.labeljoy.com\/label-templates\/return\/return1b.jpg\" data-gal=\"prettyPhoto[return label]\" class=\"hover-item\"><img decoding=\"async\" width=\"197\" height=\"133\" alt=\"Adressaufkleber\" src=\"https:\/\/www.labeljoy.com\/wp-content\/plugins\/sterling-shortcodes\/\/timthumb\/timthumb.php?src=http:\/\/www.labeljoy.com\/label-templates\/return\/return1s.jpg&#038;h=133&#038;w=197\"><\/a><\/div><\/div>\n<p style=\"text-align: center\"><a href=\"http:\/\/www.labeljoy.com\/label-templates\/return\/return1.lpa\" class=\"small white tt-button\" target=\"_self\"> Herunterladen\u00a0<\/a>\n<\/div>\n<div class=\"one_third\"> <div class=\"img-frame full-fourth\"><div class=\"lightbox-zoom\"><a title=\"Einfache Adressaufkleber\" href=\"http:\/\/www.labeljoy.com\/label-templates\/return\/return2b.jpg\" data-gal=\"prettyPhoto[return label]\" class=\"hover-item\"><img decoding=\"async\" width=\"197\" height=\"133\" alt=\"Einfache Adressaufkleber\" src=\"https:\/\/www.labeljoy.com\/wp-content\/plugins\/sterling-shortcodes\/\/timthumb\/timthumb.php?src=http:\/\/www.labeljoy.com\/label-templates\/return\/return2s.jpg&#038;h=133&#038;w=197\"><\/a><\/div><\/div>\n<p style=\"text-align: center\"><a href=\"http:\/\/www.labeljoy.com\/label-templates\/return\/return2.lpa\" class=\"small white tt-button\" target=\"_self\"> Herunterladen<\/a>\n<\/div>\n<div class=\"one_third\"> <div class=\"img-frame full-fourth\"><div class=\"lightbox-zoom\"><a title=\"Adresse Etikett mit Logo\" href=\"http:\/\/www.labeljoy.com\/label-templates\/return\/return3b.jpg\" data-gal=\"prettyPhoto[return label]\" class=\"hover-item\"><img decoding=\"async\" width=\"197\" height=\"133\" alt=\"Adresse Etikett mit Logo\" src=\"https:\/\/www.labeljoy.com\/wp-content\/plugins\/sterling-shortcodes\/\/timthumb\/timthumb.php?src=http:\/\/www.labeljoy.com\/label-templates\/return\/return3s.jpg&#038;h=133&#038;w=197\"><\/a><\/div><\/div>\n<p style=\"text-align: center\"><a href=\"http:\/\/www.labeljoy.com\/label-templates\/return\/return3.lpa\" class=\"small white tt-button\" target=\"_self\"> Herunterladen<\/a>\n<\/div>\n<div class=\"hr hr-dotted\">&nbsp;<\/div>\n<div class=\"one_half\">\n<p style=\"text-align: right\"><a href=\"\/de\/kauf\/\" class=\"large blue tt-button\" target=\"\"> Software Kaufen\u00a0<\/a>\n<\/p>\n<\/div>\n<div class=\"one_half\">\n<p style=\"text-align: left\">oder &nbsp;&nbsp;&nbsp;&nbsp;<a href=\"\/de\/download-de\/\" class=\"large green tt-button\" target=\"\"> kostenloser Download <\/a>\n<\/p>\n<\/div>\n","protected":false},"excerpt":{"rendered":"<p>Vorlagen f\u00fcr Absenderetiketten Personalisieren und drucken Sie Ihre Absenderetiketten Eine personalisierte R\u00fccksendeadresse kann manchmal den Unterschied machen. Laden Sie die Vorlage f\u00fcr Adressetiketten herunter und passen Sie sie Ihren pers\u00f6nlichen oder professionellen Bed\u00fcrfnissen an. Sie k\u00f6nnen auch Ihre Umschl\u00e4ge individuell gestalten. F\u00fcgen Sie Ihr Logo, ein Bild oder Grafikelement und ihre Informationen hinzu und drucken &#8230; <a title=\"Absenderetiketten\" class=\"read-more\" href=\"https:\/\/www.labeljoy.com\/de\/vorlagen\/ruckversand-etiketten\/\" aria-label=\"Mehr Informationen \u00fcber Absenderetiketten\">Read more<\/a><\/p>\n","protected":false},"author":1,"featured_media":0,"parent":2186,"menu_order":0,"comment_status":"open","ping_status":"closed","template":"page-template-left-sidebar.php","meta":{"inline_featured_image":false,"_monsterinsights_skip_tracking":false,"_monsterinsights_sitenote_active":false,"_monsterinsights_sitenote_note":"","_monsterinsights_sitenote_category":0,"footnotes":""},"class_list":{"0":"post-2233","1":"page","2":"type-page","3":"status-publish","5":"infinite-scroll-item"},"aioseo_notices":[],"_links":{"self":[{"href":"https:\/\/www.labeljoy.com\/de\/wp-json\/wp\/v2\/pages\/2233","targetHints":{"allow":["GET"]}}],"collection":[{"href":"https:\/\/www.labeljoy.com\/de\/wp-json\/wp\/v2\/pages"}],"about":[{"href":"https:\/\/www.labeljoy.com\/de\/wp-json\/wp\/v2\/types\/page"}],"author":[{"embeddable":true,"href":"https:\/\/www.labeljoy.com\/de\/wp-json\/wp\/v2\/users\/1"}],"replies":[{"embeddable":true,"href":"https:\/\/www.labeljoy.com\/de\/wp-json\/wp\/v2\/comments?post=2233"}],"version-history":[{"count":22,"href":"https:\/\/www.labeljoy.com\/de\/wp-json\/wp\/v2\/pages\/2233\/revisions"}],"predecessor-version":[{"id":34430,"href":"https:\/\/www.labeljoy.com\/de\/wp-json\/wp\/v2\/pages\/2233\/revisions\/34430"}],"up":[{"embeddable":true,"href":"https:\/\/www.labeljoy.com\/de\/wp-json\/wp\/v2\/pages\/2186"}],"wp:attachment":[{"href":"https:\/\/www.labeljoy.com\/de\/wp-json\/wp\/v2\/media?parent=2233"}],"curies":[{"name":"wp","href":"https:\/\/api.w.org\/{rel}","templated":true}]}}