{"id":2235,"date":"2012-07-05T15:27:38","date_gmt":"2012-07-05T15:27:38","guid":{"rendered":"http:\/\/www.labeljoy.com\/vorlagen\/free-label-templates\/"},"modified":"2020-12-03T13:48:11","modified_gmt":"2020-12-03T13:48:11","slug":"kostenlose-etiketten-vorlagen","status":"publish","type":"page","link":"https:\/\/www.labeljoy.com\/de\/vorlagen\/kostenlose-etiketten-vorlagen\/","title":{"rendered":"Kostenlose Etikettenvorlagen"},"content":{"rendered":"<h1>Kostenlose Etikettenvorlagen herunterladen<\/h1>\n<h2>Labeljoy hat eine umfangreiche Auswahl an kostenlosen Etikettenvorlagen, die nach Kategorien unterteilt sind.<\/h2>\n<p>Sie k\u00f6nnen <strong>alle diese Etikettenvorlagen kostenlos herunterladen, anpassen und drucken. <\/strong>Die Zusammenstellung umfasst Vorlagen f\u00fcr <a title=\"Versand vorlagen\" href=\"http:\/\/www.labeljoy.com\/de\/vorlagen\/adressetiketten\/\">Versand<\/a>,\u00a0<a title=\"automotive etiketten\" href=\"http:\/\/www.labeljoy.com\/de\/vorlagen\/automotive-etiketten\/\">Industrie<\/a>, \u00a0<a title=\"visitenkarten vorlagen\" href=\"http:\/\/www.labeljoy.com\/de\/vorlagen\/visitenkarten-vorlagen\/\">B\u00fcro<\/a>, <a title=\"produktetikett\" href=\"http:\/\/www.labeljoy.com\/de\/vorlagen\/produktetikett\/\">Produktion<\/a>\u00a0und <a title=\"geschenkkarten\" href=\"http:\/\/www.labeljoy.com\/de\/vorlagen\/geschenkkarten\/\">besondere Anl\u00e4sse<\/a>.<\/p>\n<p>Sie k\u00f6nnen jede Vorlage anpassen! Sobald Sie eine <strong>kostenlose Vorlage<\/strong> heruntergeladen haben, k\u00f6nnen Sie:<\/p>\n<div class=\"one_half\">\n<div class=\"tt-notification tip \">\n<p style=\"font-size: 12px\">Das Layout \u00e4ndern<\/p>\n<\/div>\n<div class=\"tt-notification tip \">\n<p style=\"font-size: 12px\">Texte hinzuf\u00fcgen und bearbeiten<\/p>\n<\/div>\n<div class=\"tt-notification tip \">\n<p style=\"font-size: 12px\">Neue Bilder einf\u00fcgen<\/p>\n<\/div>\n<div class=\"tt-notification tip \">\n<p style=\"font-size: 12px\">QR-Codes und Barcodes einf\u00fcgen<\/p>\n<\/div>\n<\/div>\n<div class=\"one_half\">\n<div class=\"one_half\"><\/div>\n<div class=\"tt-notification tip \">\n<p style=\"font-size: 12px\">Daten aus externen Datenbanken importieren<\/p>\n<\/div>\n<div class=\"tt-notification tip \">\n<p style=\"font-size: 12px\">4.500 vorinstallierte Cliparts benutzen<\/p>\n<\/div>\n<div class=\"tt-notification tip\">\n<p style=\"font-size: 12px\">Etiketten nach PDF und JPG exportieren<\/p>\n<\/div>\n<div class=\"tt-notification tip\">\n<p style=\"font-size: 12px\">Dynamisch aktualisieren<\/p>\n<\/div>\n<\/div>\n<p>Diese <em>Vorlagen<\/em> k\u00f6nnen mit jedem Standard-Laser-, Tintenstrahl- oder Etikettendrucker gedruckt werden.<\/p>\n<div class=\"one_half\">\n<p style=\"text-align: center\"><a href=\"\/de\/download-de\/\" class=\"large green tt-button\" target=\"_self\"> \u00a0 \u00a0 \u00a0 LabelJoy jetzt testen\u00a0 \u00a0 \u00a0 \u00a0<\/a>\n<\/div>\n<div class=\"one_half\">\n<p style=\"text-align: center\"><a href=\"\/de\/funktionen\/\" class=\"large grey tt-button\" target=\"_self\"> \u00a0 \u00a0Entdecken Sie alle Funktionen von LabelJoy \u00a0 \u00a0 \u00a0<\/a>\n<\/div>\n","protected":false},"excerpt":{"rendered":"<p>Kostenlose Etikettenvorlagen herunterladen Labeljoy hat eine umfangreiche Auswahl an kostenlosen Etikettenvorlagen, die nach Kategorien unterteilt sind. Sie k\u00f6nnen alle diese Etikettenvorlagen kostenlos herunterladen, anpassen und drucken. Die Zusammenstellung umfasst Vorlagen f\u00fcr Versand,\u00a0Industrie, \u00a0B\u00fcro, Produktion\u00a0und besondere Anl\u00e4sse. Sie k\u00f6nnen jede Vorlage anpassen! Sobald Sie eine kostenlose Vorlage heruntergeladen haben, k\u00f6nnen Sie: Diese Vorlagen k\u00f6nnen mit jedem &#8230; <a title=\"Kostenlose Etikettenvorlagen\" class=\"read-more\" href=\"https:\/\/www.labeljoy.com\/de\/vorlagen\/kostenlose-etiketten-vorlagen\/\" aria-label=\"Mehr Informationen \u00fcber Kostenlose Etikettenvorlagen\">Read more<\/a><\/p>\n","protected":false},"author":1,"featured_media":0,"parent":2186,"menu_order":0,"comment_status":"open","ping_status":"closed","template":"page-template-left-sidebar.php","meta":{"inline_featured_image":false,"_monsterinsights_skip_tracking":false,"_monsterinsights_sitenote_active":false,"_monsterinsights_sitenote_note":"","_monsterinsights_sitenote_category":0,"footnotes":""},"class_list":{"0":"post-2235","1":"page","2":"type-page","3":"status-publish","5":"infinite-scroll-item"},"aioseo_notices":[],"_links":{"self":[{"href":"https:\/\/www.labeljoy.com\/de\/wp-json\/wp\/v2\/pages\/2235","targetHints":{"allow":["GET"]}}],"collection":[{"href":"https:\/\/www.labeljoy.com\/de\/wp-json\/wp\/v2\/pages"}],"about":[{"href":"https:\/\/www.labeljoy.com\/de\/wp-json\/wp\/v2\/types\/page"}],"author":[{"embeddable":true,"href":"https:\/\/www.labeljoy.com\/de\/wp-json\/wp\/v2\/users\/1"}],"replies":[{"embeddable":true,"href":"https:\/\/www.labeljoy.com\/de\/wp-json\/wp\/v2\/comments?post=2235"}],"version-history":[{"count":27,"href":"https:\/\/www.labeljoy.com\/de\/wp-json\/wp\/v2\/pages\/2235\/revisions"}],"predecessor-version":[{"id":34438,"href":"https:\/\/www.labeljoy.com\/de\/wp-json\/wp\/v2\/pages\/2235\/revisions\/34438"}],"up":[{"embeddable":true,"href":"https:\/\/www.labeljoy.com\/de\/wp-json\/wp\/v2\/pages\/2186"}],"wp:attachment":[{"href":"https:\/\/www.labeljoy.com\/de\/wp-json\/wp\/v2\/media?parent=2235"}],"curies":[{"name":"wp","href":"https:\/\/api.w.org\/{rel}","templated":true}]}}