{"id":2342,"date":"2012-07-04T08:25:05","date_gmt":"2012-07-04T08:25:05","guid":{"rendered":"http:\/\/www.labeljoy.com\/support\/about-barcode\/"},"modified":"2024-08-20T13:02:49","modified_gmt":"2024-08-20T13:02:49","slug":"barcode-guide","status":"publish","type":"page","link":"https:\/\/www.labeljoy.com\/de\/unterstutzung\/barcode-guide\/","title":{"rendered":"Barcode-Arten"},"content":{"rendered":"<h1>Barcode-Arten<\/h1>\n<p>Ein <strong>Barcode<\/strong> besteht aus einer Reihe von graphischen Elementen mit hohen Kontrastwerten, die so angeordnet sind, dass sie von einem Scanner gelesen werden k\u00f6nnen, der die enthaltenen Information wiedergibt.<\/p>\n<h2>Arten von Barcodes: Den richtigen Barcode w\u00e4hlen<\/h2>\n<p>LabelJoy ist eine Barcode-Software die erm\u00f6glicht 26 verschiedene <a href=\"https:\/\/www.labeljoy.com\/barcode-generieren-kostenlos\/\" title=\"Kostenloser Online-Barcode-Generator\">Barcode-Symbologien wie <strong>Code 39<\/strong>, <strong>Code 128<\/strong>, <strong>EAN13<\/strong>, <strong>UPC-A<\/strong>, zu generieren<\/a>.<\/p>\n<p>Mit LabelJoy k\u00f6nnen Sie Barcodes komplett kostenlos drucken oder als PDF oder JPG-Datei exportieren. Die M\u00f6glichkeit Barcodes zu erstellen und zu drucken macht LabelJoy zur perfekten Wahl f\u00fcr verschiedenste professionelle Anwendungen, wie zum Beispiel Preisetikettierung, Produktbeschreibung oder Versandangaben. <a href=\"http:\/\/www.labeljoy.com\/de\/download-de\/\" title=\"Dowload Labeljoy DE\">Laden Sie Labeljoy<\/a> jetzt herunter und testen Sie es kostenlos.<\/p>\n<p><em>LabelJoy kann folgende Arten von linearen Barcodes generieren:<\/em><\/p>\n<table width=\"100%\" border=\"0\" cellspacing=\"0\" cellpadding=\"8\" class=\"bgtable\">\n<tbody>\n<tr>\n<td><a href=\"http:\/\/www.labeljoy.com\/de\/unterstutzung\/barcode-guide\/code-32-de\/\" title=\"Code 32 symbol\"><img decoding=\"async\" width=\"277\" height=\"145\" class=\"imgbarcode\" src=\"https:\/\/www.labeljoy.com\/user-guide-lj6-files\/en\/bcd_code32_1.png\" alt=\"code 32 barcode\"><\/a><br \/>\n<a href=\"http:\/\/www.labeljoy.com\/de\/unterstutzung\/barcode-guide\/code-32-de\/\" title=\"Code 32 barcode generator\">CODE 32<\/a><\/td>\n<td><a href=\"http:\/\/www.labeljoy.com\/de\/unterstutzung\/barcode-guide\/code-39-de\/\" title=\"Code 39 symbol\"><img decoding=\"async\" width=\"210\" height=\"119\" class=\"imgbarcode\" src=\"http:\/\/www.labeljoy.com\/images\/barcode-types\/code-39.jpg\" alt=\"code 39 barcode\"><\/a><br \/>\n<a href=\"http:\/\/www.labeljoy.com\/de\/unterstutzung\/barcode-guide\/code-39-de\/\" title=\"Code 39 barcode generator\">CODE 39<\/a><\/td>\n<td><a href=\"http:\/\/www.labeljoy.com\/de\/unterstutzung\/barcode-guide\/code-93-de\/\" title=\"Code 93 symbol\"><img decoding=\"async\" width=\"210\" height=\"119\" class=\"imgbarcode\" src=\"http:\/\/www.labeljoy.com\/images\/barcode-types\/code-93.jpg\" alt=\"code 93 barcode generator\"><\/a><br \/>\n<a href=\"http:\/\/www.labeljoy.com\/de\/unterstutzung\/barcode-guide\/code-93-de\/\" title=\"Code 93 barcode generator\">CODE 93<\/a><\/td>\n<\/tr>\n<tr>\n<td><a href=\"http:\/\/www.labeljoy.com\/de\/unterstutzung\/barcode-guide\/code-128-de\/\" title=\"code 128 symbol\"><img decoding=\"async\" width=\"210\" height=\"119\" class=\"imgbarcode\" src=\"http:\/\/www.labeljoy.com\/images\/barcode-types\/code-128.jpg\" alt=\"code 128 barcode generator\"><\/a><br \/>\n<a href=\"http:\/\/www.labeljoy.com\/de\/unterstutzung\/barcode-guide\/code-128-de\/\" title=\"code 128 barcode generator\">CODE 128<\/a><\/td>\n<td><a href=\"http:\/\/www.labeljoy.com\/de\/unterstutzung\/barcode-guide\/ean-13-de\/\" title=\"EAN 13 symbol\"><img decoding=\"async\" width=\"210\" height=\"119\" class=\"imgbarcode\" src=\"http:\/\/www.labeljoy.com\/images\/barcode-types\/ean-13.jpg\" alt=\"ean 13 barcode generator\"><\/a><br \/>\n<a href=\"http:\/\/www.labeljoy.com\/de\/unterstutzung\/barcode-guide\/ean-13-de\/\" title=\"EAN 13 barcode generator\">EAN 13<\/a><\/td>\n<td><a href=\"http:\/\/www.labeljoy.com\/de\/unterstutzung\/barcode-guide\/ean-128-de\/\" title=\"EAN 128 symbol\"><img decoding=\"async\" width=\"210\" height=\"119\" class=\"imgbarcode\" src=\"http:\/\/www.labeljoy.com\/images\/barcode-types\/ean-128.jpg\" alt=\"ean 128 barcode generator\"><\/a><br \/>\n<a href=\"http:\/\/www.labeljoy.com\/de\/unterstutzung\/barcode-guide\/ean-128-de\/\" title=\"EAN 128 barcode generator\">EAN 128<\/a><\/td>\n<\/tr>\n<tr>\n<td><a href=\"http:\/\/www.labeljoy.com\/de\/unterstutzung\/barcode-guide\/ean-8-de\/\" title=\"EAN 8 symbol\"><img decoding=\"async\" width=\"210\" height=\"119\" class=\"imgbarcode\" src=\"http:\/\/www.labeljoy.com\/images\/barcode-types\/ean-8.jpg\" alt=\"ean 8 barcode\"><\/a><br \/>\n<a href=\"http:\/\/www.labeljoy.com\/de\/unterstutzung\/barcode-guide\/ean-8-de\/\" title=\"EAN 8 barcode generator\">EAN 8<\/a><\/td>\n<td><a href=\"http:\/\/www.labeljoy.com\/de\/unterstutzung\/barcode-guide\/gs1-128-de\/\" title=\"GS1 128 symbol\"><img decoding=\"async\" width=\"210\" height=\"119\" class=\"imgbarcode\" src=\"http:\/\/www.labeljoy.com\/images\/barcode-types\/gs1-128.jpg\" alt=\"gs1 128 barcode\"><\/a><br \/>\n<a href=\"http:\/\/www.labeljoy.com\/de\/unterstutzung\/barcode-guide\/gs1-128-de\/\" title=\"GS1 128 barcode generator\">GS1 128<\/a><\/td>\n<td><a href=\"https:\/\/www.labeljoy.com\/de\/unterstutzung\/anleitungen\/sscc-18-barcodes-generieren\/\" title=\"SSCC-18 symbol\"><img decoding=\"async\" width=\"210\" height=\"119\" class=\"imgbarcode\" src=\"https:\/\/www.labeljoy.com\/images\/barcode-types\/SSCC-18.jpg\" alt=\"SSCC-18 barcode\"><\/a><br \/>\n<a href=\"https:\/\/www.labeljoy.com\/de\/unterstutzung\/anleitungen\/sscc-18-barcodes-generieren\/\" title=\"SSCC-18 barcode generator\">SSCC-18<\/a><\/td>\n<\/tr>\n<tr>\n<td><a href=\"http:\/\/www.labeljoy.com\/de\/unterstutzung\/barcode-guide\/itf-14-de\/\" title=\"ITF 14 symbol\"><img decoding=\"async\" width=\"210\" height=\"119\" class=\"imgbarcode\" src=\"http:\/\/www.labeljoy.com\/images\/barcode-types\/itf-14.jpg\" alt=\"itf 14 barcode\"><\/a><br \/>\n<a href=\"http:\/\/www.labeljoy.com\/de\/unterstutzung\/barcode-guide\/itf-14-de\/\" title=\"ITF 14 barcode generator\">ITF 14<\/a><\/td>\n<td><a href=\"http:\/\/www.labeljoy.com\/de\/unterstutzung\/barcode-guide\/upc-code-de\/\" title=\"UPC code symbol\"><img decoding=\"async\" width=\"210\" height=\"119\" class=\"imgbarcode\" src=\"http:\/\/www.labeljoy.com\/images\/barcode-types\/upc-a.jpg\" alt=\"upc a barcode\"><\/a><br \/>\n<a href=\"http:\/\/www.labeljoy.com\/de\/unterstutzung\/barcode-guide\/upc-code-de\/\" title=\"UPC code barcode generator\">UPC-A<\/a><\/td>\n<td><a href=\"http:\/\/www.labeljoy.com\/de\/unterstutzung\/barcode-guide\/code-11-de\/\" title=\"Code 11 symbol\"><img decoding=\"async\" width=\"210\" height=\"119\" class=\"imgbarcode\" src=\"http:\/\/www.labeljoy.com\/images\/barcode-types\/code-11.jpg\" alt=\"code 11 barcode\"><\/a><br \/>\n<a href=\"http:\/\/www.labeljoy.com\/de\/unterstutzung\/barcode-guide\/code-11-de\/\" title=\"Code 11 barcode generator\">CODE 11<\/a><\/td>\n<\/tr>\n<tr>\n<td><a href=\"http:\/\/www.labeljoy.com\/de\/unterstutzung\/barcode-guide\/interleaved-2-of-5-de\/\" title=\"Interleaved 2 of 5 symbol\"><img decoding=\"async\" width=\"210\" height=\"119\" class=\"imgbarcode\" src=\"http:\/\/www.labeljoy.com\/images\/barcode-types\/interleaved.jpg\" alt=\"interleaved barcode\"><\/a><br \/>\n<a href=\"http:\/\/www.labeljoy.com\/de\/unterstutzung\/barcode-guide\/interleaved-2-of-5-de\/\" title=\"Interleaved barcode generator\">INTERLEAVED 2 of 5<\/a><\/td>\n<td><a href=\"http:\/\/www.labeljoy.com\/de\/unterstutzung\/barcode-guide\/industrial-2-of-5-de\/\" title=\"Industrial 2 of 5 symbol\"><img decoding=\"async\" width=\"210\" height=\"119\" class=\"imgbarcode\" src=\"http:\/\/www.labeljoy.com\/images\/barcode-types\/industrial.jpg\" alt=\"industrial barcode\"><\/a><br \/>\n<a href=\"http:\/\/www.labeljoy.com\/de\/unterstutzung\/barcode-guide\/industrial-2-of-5-de\/\" title=\"Industrial barcode generator\">INDUSTRIAL 2 of 5<\/a><\/td>\n<td><a href=\"http:\/\/www.labeljoy.com\/de\/unterstutzung\/barcode-guide\/codabar-de\/\" title=\"Codabar symbol\"><img decoding=\"async\" width=\"210\" height=\"119\" class=\"imgbarcode\" src=\"http:\/\/www.labeljoy.com\/images\/barcode-types\/codabar.jpg\" alt=\"codabar barcode\"><\/a><br \/>\n<a href=\"http:\/\/www.labeljoy.com\/de\/unterstutzung\/barcode-guide\/codabar-de\/\" title=\"Codabar barcode generator\">CODABAR<\/a><\/td>\n<\/tr>\n<\/tbody>\n<\/table>\n<p>&nbsp;<\/p>\n<div class=\"hr hr-dotted\"><\/div>\n<h3 style=\"margin-bottom:10px\">2D Barcodes<\/h3>\n<table width=\"100%\" border=\"0\" cellspacing=\"0\" cellpadding=\"8\" class=\"bgtable\">\n<tbody>\n<tr>\n<td width=\"33%\"><a href=\"http:\/\/www.labeljoy.com\/de\/unterstutzung\/barcode-guide\/datamatrix-de\/\" title=\"Datamatrix symbol\"><img decoding=\"async\" width=\"102\" height=\"102\" class=\"imgbarcode\" src=\"http:\/\/www.labeljoy.com\/images\/barcode-types\/datamatrix.jpg\" alt=\"datamatrix barcode\"><\/a><br \/>\n<a href=\"http:\/\/www.labeljoy.com\/de\/unterstutzung\/barcode-guide\/datamatrix-de\/\" title=\"Datamatrix barcode generator\">DATAMATRIX<\/a><\/td>\n<td width=\"33%\"><a href=\"http:\/\/www.labeljoy.com\/de\/unterstutzung\/barcode-guide\/postnet-de\/\" title=\"Postnet barcode symbol\"><img decoding=\"async\" width=\"180\" height=\"102\" class=\"imgbarcode\" src=\"http:\/\/www.labeljoy.com\/images\/barcode-types\/postnet.jpg\" alt=\"postnet barcode\"><\/a><br \/>\n<a href=\"http:\/\/www.labeljoy.com\/de\/unterstutzung\/barcode-guide\/postnet-de\/\" title=\"Postnet barcode\">POSTNET<\/a><\/td>\n<td width=\"33%\"><a href=\"http:\/\/www.labeljoy.com\/de\/unterstutzung\/barcode-guide\/planet-code-de\/\" title=\"planet code symbol\"><img decoding=\"async\" width=\"180\" height=\"102\" class=\"imgbarcode\" src=\"http:\/\/www.labeljoy.com\/images\/barcode-types\/planet.jpg\" alt=\"planet code barcode\"><\/a><br \/>\n<a href=\"http:\/\/www.labeljoy.com\/de\/unterstutzung\/barcode-guide\/planet-code-de\/\" title=\"Planet code barcode generator\">PLANET<\/a><\/td>\n<\/tr>\n<tr>\n<td width=\"33%\"><a href=\"http:\/\/www.labeljoy.com\/de\/qr-code-de\/\" title=\"QR Code symbol\"><img decoding=\"async\" width=\"102\" height=\"102\" class=\"imgbarcode\" src=\"http:\/\/www.labeljoy.com\/images\/barcode-types\/qr-code.jpg\" alt=\"qr code barcode\"><\/a><br \/>\n<a href=\"http:\/\/www.labeljoy.com\/de\/qr-code-de\/\" title=\"QR Code barcode\">QR CODE<\/a><\/td>\n<td width=\"33%\"><a title=\"GS1 Data Matrix Barcode\" href=\"https:\/\/www.labeljoy.com\/de\/unterstutzung\/barcode-guide\/gs1-data-matrix\/\"><img decoding=\"async\" alt=\"GS1 Data Matrix Barcode\" src=\"https:\/\/www.labeljoy.com\/wp-content\/uploads\/2023\/10\/codice_a_barre_gs1_data_matrix.png\" width=\"102px\" height=\"100px\"><\/a><br \/>\n<a title=\"GS1 Data Matrix Barcode\" href=\"https:\/\/www.labeljoy.com\/de\/unterstutzung\/barcode-guide\/gs1-data-matrix\/\">GS1 DATA MATRIX<\/a><\/td>\n<td width=\"33%\"><a title=\"Aztec-Barcode\" href=\"https:\/\/www.labeljoy.com\/de\/unterstutzung\/barcode-guide\/aztec\/\"><img decoding=\"async\" alt=\"Aztec-Barcode\" src=\"https:\/\/www.labeljoy.com\/wp-content\/uploads\/2023\/10\/barcode-aztec.jpg\" width=\"120px\" height=\"108px\"><\/a><br \/>\n<a title=\"Aztec-Barcode\" href=\"https:\/\/www.labeljoy.com\/de\/unterstutzung\/barcode-guide\/aztec\/\">AZTEC<\/a><\/td>\n<\/tr>\n<\/tbody>\n<\/table>\n<p>&nbsp;<\/p>\n<p>Abh\u00e4ngig von der gew\u00e4hlten Barcode-Art m\u00fcssen Sie einige Parameter eingeben, die f\u00fcr den spezifischen Barcode erforderlich sind, wie in den Barcode-Einstellungen erl\u00e4utert.<\/p>\n<div class=\"tt-notification success\">\n<p>Codes aus Datenbanken importieren und drucken! &nbsp;&nbsp;&nbsp;&nbsp;&nbsp;&nbsp;&nbsp;&nbsp;&nbsp;<a class=\"small orange tt-button\" href=\"http:\/\/www.labeljoy.com\/de\/download-de\/\" title=\"Download Barcode Generator Software\" target=\"_self\" rel=\"noopener noreferrer\">BARCODE GENERATOR HERUNTERLADEN<\/a><\/p>\n<\/div>\n","protected":false},"excerpt":{"rendered":"<p>Barcode-Arten Ein Barcode besteht aus einer Reihe von graphischen Elementen mit hohen Kontrastwerten, die so angeordnet sind, dass sie von einem Scanner gelesen werden k\u00f6nnen, der die enthaltenen Information wiedergibt. Arten von Barcodes: Den richtigen Barcode w\u00e4hlen LabelJoy ist eine Barcode-Software die erm\u00f6glicht verschiedene Barcode-Symbologien wie Code 39, Code 128, EAN13, UPC-A, zu generieren. Mit &#8230; <a title=\"Barcode-Arten\" class=\"read-more\" href=\"https:\/\/www.labeljoy.com\/de\/unterstutzung\/barcode-guide\/\" aria-label=\"Mehr Informationen \u00fcber Barcode-Arten\">Read more<\/a><\/p>\n","protected":false},"author":1,"featured_media":0,"parent":2136,"menu_order":23,"comment_status":"closed","ping_status":"closed","template":"","meta":{"inline_featured_image":false,"_monsterinsights_skip_tracking":false,"_monsterinsights_sitenote_active":false,"_monsterinsights_sitenote_note":"","_monsterinsights_sitenote_category":0,"footnotes":""},"class_list":{"0":"post-2342","1":"page","2":"type-page","3":"status-publish","5":"infinite-scroll-item"},"aioseo_notices":[],"_links":{"self":[{"href":"https:\/\/www.labeljoy.com\/de\/wp-json\/wp\/v2\/pages\/2342","targetHints":{"allow":["GET"]}}],"collection":[{"href":"https:\/\/www.labeljoy.com\/de\/wp-json\/wp\/v2\/pages"}],"about":[{"href":"https:\/\/www.labeljoy.com\/de\/wp-json\/wp\/v2\/types\/page"}],"author":[{"embeddable":true,"href":"https:\/\/www.labeljoy.com\/de\/wp-json\/wp\/v2\/users\/1"}],"replies":[{"embeddable":true,"href":"https:\/\/www.labeljoy.com\/de\/wp-json\/wp\/v2\/comments?post=2342"}],"version-history":[{"count":58,"href":"https:\/\/www.labeljoy.com\/de\/wp-json\/wp\/v2\/pages\/2342\/revisions"}],"predecessor-version":[{"id":41360,"href":"https:\/\/www.labeljoy.com\/de\/wp-json\/wp\/v2\/pages\/2342\/revisions\/41360"}],"up":[{"embeddable":true,"href":"https:\/\/www.labeljoy.com\/de\/wp-json\/wp\/v2\/pages\/2136"}],"wp:attachment":[{"href":"https:\/\/www.labeljoy.com\/de\/wp-json\/wp\/v2\/media?parent=2342"}],"curies":[{"name":"wp","href":"https:\/\/api.w.org\/{rel}","templated":true}]}}