{"id":25809,"date":"2016-03-16T17:43:30","date_gmt":"2016-03-16T17:43:30","guid":{"rendered":"http:\/\/www.labeljoy.com\/de\/?page_id=25809"},"modified":"2024-04-12T13:09:57","modified_gmt":"2024-04-12T13:09:57","slug":"das-organisieren-von-schulen-und-bibliotheken-ist-mit-labeljoy-ganz-einfach","status":"publish","type":"page","link":"https:\/\/www.labeljoy.com\/de\/vorlagen\/das-organisieren-von-schulen-und-bibliotheken-ist-mit-labeljoy-ganz-einfach\/","title":{"rendered":"Vorlagen f\u00fcr Schulen, Universit\u00e4ten und Bibliotheken"},"content":{"rendered":"<h1>Vorlagen f\u00fcr Schulen, Universit\u00e4ten und Bibliotheken <\/h1>\n<p>Mit <strong>Labeljoy<\/strong> k\u00f6nnen Sie Sch\u00fcler-und Studentenausweise, Bibliotheksetiketten und viele weitere n\u00fctzliche L\u00f6sungen f\u00fcr das Dokumentenmanagement Ihres Instituts erstellen.<\/p>\n<p>Schulen, Fachhochschulen und Universit\u00e4ten verwenden Studentenausweise zur Schaffung einer sicheren und funktionellen Lernumgebung.<br \/>\nDurch die Implementierung von Ausweisen k\u00f6nnen Prozesse automatisiert werden:<\/p>\n<ul>\n<li>Zugang zur Mensa<\/li>\n<li>B\u00fccherverleih<\/li>\n<li>Zugang zu Vorlesungen und Versammlungen<\/li>\n<\/ul>\n<p>Mit LabelJoy k\u00f6nnen Sie Lichtbildausweise zum Nachweis der Identit\u00e4t des Sch\u00fclers oder Studenten erstellen. Die Ausweise k\u00f6nnen individuell mit QR-Code oder Barcode gestaltet werden:<\/p>\n<ul>\n<li>Vor- und Nachname<\/li>\n<li>Foto<\/li>\n<li>Geburtsdatum<\/li>\n<li>Klasse oder Studiengang<\/li>\n<li>Ablaufdatum<\/li>\n<\/ul>\n<p>Die Daten der Sch\u00fcler oder Studenten k\u00f6nnen aus externen Datenquellen wie <em>Excel, Access, DBase, Textdateien<\/em> und vielen anderen importiert werden. Alle Daten werden automatisch ausgef\u00fcllt und so kann eine gro\u00dfe Anzahl von Ausweisen in wenigen Minuten erstellt und gedruckt werden.<\/p>\n<h1>Bibliothek<\/h1>\n<p>Viele Schulen und Universit\u00e4ten verwenden Barcodes und QR-Codes um die digitalen Prozesse ihrer Bibliotheken zu \u00fcberwachen und um ausgeliehene B\u00fccher einfach und fehlerfrei zu verwalten.<br \/>\nMit Labeljoy ist es m\u00f6glich, Barcode-Etiketten zur Automatisierung der Bibliotheksprozesse zu erstellen und zu drucken.<\/p>\n<h3>Im Folgenden finden Sie einige Vorlagen f\u00fcr Ausweise und Etiketten.<\/h3>\n<div class=\"one_third\">\n<p>Studenten-Abzeichen<\/p>\n<div class=\"img-frame full-fourth\"><div class=\"lightbox-zoom\"><a title=\"Studenten-Abzeichen\" href=\"http:\/\/www.labeljoy.com\/label-templates\/school\/school_1.jpg\" data-gal=\"prettyPhoto[address label]\" class=\"hover-item\"><img decoding=\"async\" width=\"197\" height=\"133\" alt=\"Studenten-Abzeichen\" src=\"https:\/\/www.labeljoy.com\/wp-content\/plugins\/sterling-shortcodes\/\/timthumb\/timthumb.php?src=http:\/\/www.labeljoy.com\/label-templates\/school\/school.jpg&#038;h=133&#038;w=197\"><\/a><\/div><\/div>\n<p style=\"text-align: center\"><a href=\"http:\/\/www.labeljoy.com\/label-templates\/school\/school.lpa\" class=\"small white tt-button\" target=\"_self\"> Herunterladen<\/a>\n<\/div>\n<div class=\"one_third\">\n<p>Studenten-Abzeichen<\/p>\n<div class=\"img-frame full-fourth\"><div class=\"lightbox-zoom\"><a title=\"Studenten-Abzeichen 1\" href=\"http:\/\/www.labeljoy.com\/label-templates\/school\/school1_1.jpg\" data-gal=\"prettyPhoto[address label]\" class=\"hover-item\"><img decoding=\"async\" width=\"197\" height=\"133\" alt=\"Studenten-Abzeichen 1\" src=\"https:\/\/www.labeljoy.com\/wp-content\/plugins\/sterling-shortcodes\/\/timthumb\/timthumb.php?src=http:\/\/www.labeljoy.com\/label-templates\/school\/school1.jpg&#038;h=133&#038;w=197\"><\/a><\/div><\/div>\n<p style=\"text-align: center\"><a href=\"http:\/\/www.labeljoy.com\/label-templates\/school\/school2.lpa\" class=\"small white tt-button\" target=\"_self\"> Herunterladen<\/a>\n<\/div>\n<div class=\"one_third\">\n<p>Studenten-Abzeichen<\/p>\n<div class=\"img-frame full-fourth\"><div class=\"lightbox-zoom\"><a title=\"Studenten-Abzeichen 2\" href=\"http:\/\/www.labeljoy.com\/label-templates\/school\/school2_1.jpg\" data-gal=\"prettyPhoto[address label]\" class=\"hover-item\"><img decoding=\"async\" width=\"197\" height=\"133\" alt=\"Studenten-Abzeichen 2\" src=\"https:\/\/www.labeljoy.com\/wp-content\/plugins\/sterling-shortcodes\/\/timthumb\/timthumb.php?src=http:\/\/www.labeljoy.com\/label-templates\/school\/school2.jpg&#038;h=133&#038;w=197\"><\/a><\/div><\/div>\n<p style=\"text-align: center\"><a href=\"http:\/\/www.labeljoy.com\/label-templates\/school\/school3.lpa\" class=\"small white tt-button\" target=\"_self\"> Herunterladen<\/a>\n<\/div>\n<div class=\"hr hr-dotted\">&nbsp;<\/div>\n<div class=\"one_third\">\n<p>Bibliotheks-Etiketten<\/p>\n<div class=\"img-frame full-fourth\"><div class=\"lightbox-zoom\"><a title=\"Bibliotheks-Etiketten\" href=\"http:\/\/www.labeljoy.com\/label-templates\/school\/library_labels_1.jpg\" data-gal=\"prettyPhoto[address label]\" class=\"hover-item\"><img decoding=\"async\" width=\"197\" height=\"133\" alt=\"Bibliotheks-Etiketten\" src=\"https:\/\/www.labeljoy.com\/wp-content\/plugins\/sterling-shortcodes\/\/timthumb\/timthumb.php?src=http:\/\/www.labeljoy.com\/label-templates\/school\/library_label.jpg&#038;h=133&#038;w=197\"><\/a><\/div><\/div>\n<p style=\"text-align: center\"><a href=\"http:\/\/www.labeljoy.com\/label-templates\/school\/library_labels.lpa\" class=\"small white tt-button\" target=\"_self\"> Herunterladen<\/a>\n<\/div>\n<div class=\"one_third\">\n<p>Bibliotheks-Etiketten 1<\/p>\n<div class=\"img-frame full-fourth\"><div class=\"lightbox-zoom\"><a title=\"Bibliotheks-Etiketten 1\" href=\"http:\/\/www.labeljoy.com\/label-templates\/school\/library_labels1_1.jpg\" data-gal=\"prettyPhoto[address label]\" class=\"hover-item\"><img decoding=\"async\" width=\"197\" height=\"133\" alt=\"Bibliotheks-Etiketten 1\" src=\"https:\/\/www.labeljoy.com\/wp-content\/plugins\/sterling-shortcodes\/\/timthumb\/timthumb.php?src=http:\/\/www.labeljoy.com\/label-templates\/school\/library_label1.jpg&#038;h=133&#038;w=197\"><\/a><\/div><\/div>\n<p style=\"text-align: center\"><a href=\"http:\/\/www.labeljoy.com\/label-templates\/school\/library_labels1.lpa\" class=\"small white tt-button\" target=\"_self\"> Herunterladen<\/a>\n<\/div>\n<div class=\"hr hr-dotted\">&nbsp;<\/div>\n<div class=\"one_third\">\n<p>Lehreretikett<\/p>\n<div class=\"img-frame full-fourth\"><div class=\"lightbox-zoom\"><a title=\"Lehreretikett\" href=\"http:\/\/www.labeljoy.com\/label-templates\/school\/teacher_labels_1.jpg\" data-gal=\"prettyPhoto[address label]\" class=\"hover-item\"><img decoding=\"async\" width=\"197\" height=\"133\" alt=\"Lehreretikett\" src=\"https:\/\/www.labeljoy.com\/wp-content\/plugins\/sterling-shortcodes\/\/timthumb\/timthumb.php?src=http:\/\/www.labeljoy.com\/label-templates\/school\/teacher_label_1s.jpg&#038;h=133&#038;w=197\"><\/a><\/div><\/div>\n<p style=\"text-align: center\"><a href=\"http:\/\/www.labeljoy.com\/label-templates\/school\/teacher1.lpa\" class=\"small white tt-button\" target=\"_self\"> Herunterladen <\/a>\n<\/div>\n<div class=\"one_third\">\n<p>Lehreretikett 1<\/p>\n<div class=\"img-frame full-fourth\"><div class=\"lightbox-zoom\"><a title=\"Lehreretikett\" href=\"http:\/\/www.labeljoy.com\/label-templates\/school\/teacher_labels_2.jpg\" data-gal=\"prettyPhoto[address label]\" class=\"hover-item\"><img decoding=\"async\" width=\"197\" height=\"133\" alt=\"Lehreretikett\" src=\"https:\/\/www.labeljoy.com\/wp-content\/plugins\/sterling-shortcodes\/\/timthumb\/timthumb.php?src=http:\/\/www.labeljoy.com\/label-templates\/school\/teacher_label_2s.jpg&#038;h=133&#038;w=197\"><\/a><\/div><\/div>\n<p style=\"text-align: center\"><a href=\"http:\/\/www.labeljoy.com\/label-templates\/school\/teacher2.lpa\" class=\"small white tt-button\" target=\"_self\"> Herunterladen <\/a>\n<\/div>\n<div class=\"hr hr-dotted\">&nbsp;<\/div>\n<div class=\"one_half\">\n<p style=\"text-align: center\"><a href=\"\/de\/kauf\/\" class=\"large blue tt-button\" target=\"\"> Software Kaufe <\/a>\n<\/div>\n<div class=\"one_half\">\n<p style=\"text-align: center\"><a href=\"\/de\/download-de\/\" class=\"large green tt-button\" target=\"\"> Kostenloser Download <\/a>\n<\/div>\n","protected":false},"excerpt":{"rendered":"<p>Vorlagen f\u00fcr Schulen, Universit\u00e4ten und Bibliotheken Mit Labeljoy k\u00f6nnen Sie Sch\u00fcler-und Studentenausweise, Bibliotheksetiketten und viele weitere n\u00fctzliche L\u00f6sungen f\u00fcr das Dokumentenmanagement Ihres Instituts erstellen. Schulen, Fachhochschulen und Universit\u00e4ten verwenden Studentenausweise zur Schaffung einer sicheren und funktionellen Lernumgebung. Durch die Implementierung von Ausweisen k\u00f6nnen Prozesse automatisiert werden: Zugang zur Mensa B\u00fccherverleih Zugang zu Vorlesungen und Versammlungen &#8230; <a title=\"Vorlagen f\u00fcr Schulen, Universit\u00e4ten und Bibliotheken\" class=\"read-more\" href=\"https:\/\/www.labeljoy.com\/de\/vorlagen\/das-organisieren-von-schulen-und-bibliotheken-ist-mit-labeljoy-ganz-einfach\/\" aria-label=\"Mehr Informationen \u00fcber Vorlagen f\u00fcr Schulen, Universit\u00e4ten und Bibliotheken\">Read more<\/a><\/p>\n","protected":false},"author":12,"featured_media":0,"parent":2186,"menu_order":0,"comment_status":"closed","ping_status":"closed","template":"","meta":{"inline_featured_image":false,"_monsterinsights_skip_tracking":false,"_monsterinsights_sitenote_active":false,"_monsterinsights_sitenote_note":"","_monsterinsights_sitenote_category":0,"footnotes":""},"class_list":{"0":"post-25809","1":"page","2":"type-page","3":"status-publish","5":"infinite-scroll-item"},"aioseo_notices":[],"_links":{"self":[{"href":"https:\/\/www.labeljoy.com\/de\/wp-json\/wp\/v2\/pages\/25809","targetHints":{"allow":["GET"]}}],"collection":[{"href":"https:\/\/www.labeljoy.com\/de\/wp-json\/wp\/v2\/pages"}],"about":[{"href":"https:\/\/www.labeljoy.com\/de\/wp-json\/wp\/v2\/types\/page"}],"author":[{"embeddable":true,"href":"https:\/\/www.labeljoy.com\/de\/wp-json\/wp\/v2\/users\/12"}],"replies":[{"embeddable":true,"href":"https:\/\/www.labeljoy.com\/de\/wp-json\/wp\/v2\/comments?post=25809"}],"version-history":[{"count":16,"href":"https:\/\/www.labeljoy.com\/de\/wp-json\/wp\/v2\/pages\/25809\/revisions"}],"predecessor-version":[{"id":41055,"href":"https:\/\/www.labeljoy.com\/de\/wp-json\/wp\/v2\/pages\/25809\/revisions\/41055"}],"up":[{"embeddable":true,"href":"https:\/\/www.labeljoy.com\/de\/wp-json\/wp\/v2\/pages\/2186"}],"wp:attachment":[{"href":"https:\/\/www.labeljoy.com\/de\/wp-json\/wp\/v2\/media?parent=25809"}],"curies":[{"name":"wp","href":"https:\/\/api.w.org\/{rel}","templated":true}]}}