{"id":28098,"date":"2018-02-04T22:18:56","date_gmt":"2018-02-04T22:18:56","guid":{"rendered":"http:\/\/www.labeljoy.com\/de\/?page_id=28098"},"modified":"2022-01-14T14:26:55","modified_gmt":"2022-01-14T14:26:55","slug":"benutzerhandbuch-lj6","status":"publish","type":"page","link":"https:\/\/www.labeljoy.com\/de\/benutzerhandbuch-lj6\/","title":{"rendered":"Benutzerhandbuch &#8211; Labeljoy 6"},"content":{"rendered":"<h2>Benutzerhandbuch Labeljoy 6<\/h2>\n<p>Klicken Sie auf ein Thema auf der <strong> linken Men\u00fcleiste <\/strong> um das Benutzerhandbuch zu konsultieren, oder dr\u00fccken Sie einfach <strong> F1<\/strong>, w\u00e4hrend Sie Labeljoy verwenden, um die entsprechende Seite des Benutzerhandbuchs anzuzeigen.<\/p>\n<ul>\n<li><a href=\"http:\/\/www.labeljoy.com\/de\/benutzerhandbuch-lj6\/einleitung\/\">Einleitung<\/a><\/li>\n<li><a href=\"http:\/\/www.labeljoy.com\/de\/benutzerhandbuch-lj6\/labeljoys-framework\/\"> LabelJoy es Framework<\/a><\/li>\n<li><a href=\"http:\/\/www.labeljoy.com\/de\/benutzerhandbuch-lj6\/verwendung\/\"> Verwendung<\/a><\/li>\n<li><a href=\"http:\/\/www.labeljoy.com\/de\/benutzerhandbuch-lj6\/allgemeine-elemente\/\"> Allgemeine Elemente<\/a><\/li>\n<\/ul>\n","protected":false},"excerpt":{"rendered":"<p>Benutzerhandbuch Labeljoy 6 Klicken Sie auf ein Thema auf der linken Men\u00fcleiste um das Benutzerhandbuch zu konsultieren, oder dr\u00fccken Sie einfach F1, w\u00e4hrend Sie Labeljoy verwenden, um die entsprechende Seite des Benutzerhandbuchs anzuzeigen. Einleitung LabelJoy es Framework Verwendung Allgemeine Elemente<\/p>\n","protected":false},"author":12,"featured_media":0,"parent":0,"menu_order":2,"comment_status":"open","ping_status":"closed","template":"","meta":{"inline_featured_image":false,"_monsterinsights_skip_tracking":false,"_monsterinsights_sitenote_active":false,"_monsterinsights_sitenote_note":"","_monsterinsights_sitenote_category":0,"footnotes":""},"class_list":{"0":"post-28098","1":"page","2":"type-page","3":"status-publish","5":"infinite-scroll-item"},"aioseo_notices":[],"_links":{"self":[{"href":"https:\/\/www.labeljoy.com\/de\/wp-json\/wp\/v2\/pages\/28098","targetHints":{"allow":["GET"]}}],"collection":[{"href":"https:\/\/www.labeljoy.com\/de\/wp-json\/wp\/v2\/pages"}],"about":[{"href":"https:\/\/www.labeljoy.com\/de\/wp-json\/wp\/v2\/types\/page"}],"author":[{"embeddable":true,"href":"https:\/\/www.labeljoy.com\/de\/wp-json\/wp\/v2\/users\/12"}],"replies":[{"embeddable":true,"href":"https:\/\/www.labeljoy.com\/de\/wp-json\/wp\/v2\/comments?post=28098"}],"version-history":[{"count":8,"href":"https:\/\/www.labeljoy.com\/de\/wp-json\/wp\/v2\/pages\/28098\/revisions"}],"predecessor-version":[{"id":34654,"href":"https:\/\/www.labeljoy.com\/de\/wp-json\/wp\/v2\/pages\/28098\/revisions\/34654"}],"wp:attachment":[{"href":"https:\/\/www.labeljoy.com\/de\/wp-json\/wp\/v2\/media?parent=28098"}],"curies":[{"name":"wp","href":"https:\/\/api.w.org\/{rel}","templated":true}]}}