{"id":28691,"date":"2018-03-15T17:53:37","date_gmt":"2018-03-15T17:53:37","guid":{"rendered":"http:\/\/www.labeljoy.com\/de\/?page_id=28691"},"modified":"2021-05-24T08:49:59","modified_gmt":"2021-05-24T08:49:59","slug":"erstellen-verschiedener-etiketten-mit-sets","status":"publish","type":"page","link":"https:\/\/www.labeljoy.com\/de\/video\/erstellen-verschiedener-etiketten-mit-sets\/","title":{"rendered":"Verschiedene Etiketten mit Sets erstellen"},"content":{"rendered":"<h2>Verschiedene Etiketten mit Sets auf einen Etikettenbogen drucken<\/h2>\n<p>Mit Labeljoy 6 k\u00f6nnen Sie\u00a0<strong>verschiedene Etiketten<\/strong>\u00a0auf einen Etikettenbogen <strong>drucken<\/strong>,<strong> <\/strong>indem Sie die Funktion &#8220;Sets&#8221; verwenden. Sie k\u00f6nnen die Anzahl der Sets, die Anzahl der Etiketten pro Set und die Grafikeinstellungen jedes Sets nach Belieben einstellen.<\/p>\n<p>Diese\u00a0<a title=\"Funktion\" href=\"http:\/\/www.labeljoy.com\/de\/funktionen\/\">Funktion<\/a>\u00a0ist sehr n\u00fctzlich, wenn Sie Etiketten von verschiedenen\u00a0<a title=\"Produkten\" href=\"http:\/\/www.labeljoy.com\/de\/vorlagen\/produktetikett\/\">Produkten<\/a>\u00a0auf denselben Etikettenbogen drucken wollen, oder wenn Sie zum Beispiel verschiedene Farben f\u00fcr Ihre\u00a0<a title=\"Versandaufkleber\" href=\"http:\/\/www.labeljoy.com\/de\/vorlagen\/adressetiketten\/\">Versandaufkleber<\/a>\u00a0oder\u00a0<a title=\"Weihnachtskarten\" href=\"http:\/\/www.labeljoy.com\/de\/vorlagen\/weihnachtskarten\/\">Weihnachtskarten<\/a>\u00a0verwenden wollen.<\/p>\n<p><strong>Sie k\u00f6nnen 100% individuelle Etikettenb\u00f6gen erstellen!<\/strong><\/p>\n<div class=\"lyte-wrapper\" title=\"Labeljoy 6 - Erstellen verschiedener Etiketten mit Sets\" style=\"width:640px;max-width:100%;margin:5px;\"><div class=\"lyMe\" id=\"WYL_r4_AECxwuNs\" itemprop=\"video\" itemscope itemtype=\"https:\/\/schema.org\/VideoObject\"><div><meta itemprop=\"thumbnailUrl\" content=\"https:\/\/www.labeljoy.com\/wp-content\/plugins\/wp-youtube-lyte\/lyteCache.php?origThumbUrl=https%3A%2F%2Fi.ytimg.com%2Fvi%2Fr4_AECxwuNs%2Fhqdefault.jpg\" \/><meta itemprop=\"embedURL\" content=\"https:\/\/www.youtube.com\/embed\/r4_AECxwuNs\" \/><meta itemprop=\"duration\" content=\"PT4M15S\" \/><meta itemprop=\"uploadDate\" content=\"2018-03-15T18:19:02Z\" \/><\/div><div id=\"lyte_r4_AECxwuNs\" data-src=\"https:\/\/www.labeljoy.com\/wp-content\/plugins\/wp-youtube-lyte\/lyteCache.php?origThumbUrl=https%3A%2F%2Fi.ytimg.com%2Fvi%2Fr4_AECxwuNs%2Fhqdefault.jpg\" class=\"pL\"><div class=\"tC\"><div class=\"tT\" itemprop=\"name\">Labeljoy 6 - Erstellen verschiedener Etiketten mit Sets<\/div><\/div><div class=\"play\"><\/div><div class=\"ctrl\"><div class=\"Lctrl\"><\/div><div class=\"Rctrl\"><\/div><\/div><\/div><noscript><a href=\"https:\/\/youtu.be\/r4_AECxwuNs\" rel=\"nofollow\"><img decoding=\"async\" src=\"https:\/\/www.labeljoy.com\/wp-content\/plugins\/wp-youtube-lyte\/lyteCache.php?origThumbUrl=https%3A%2F%2Fi.ytimg.com%2Fvi%2Fr4_AECxwuNs%2F0.jpg\" alt=\"Labeljoy 6 - Erstellen verschiedener Etiketten mit Sets\" width=\"640\" height=\"340\" \/><br \/>Dieses Video auf YouTube ansehen<\/a><\/noscript><meta itemprop=\"description\" content=\"Mit Labeljoy 6 k\u00f6nnen Sie mit der \u201eSET\u201c-Funktion verschiedene Etiketten auf ein und demselben Bogen drucken. F\u00fcgen Sie f\u00fcr jedes Etikett ein neues Set hinzu, w\u00e4hlen Sie die Anzahl der Etiketten f\u00fcr jedes Set und \u00e4ndern Sie den Inhalt und die Einstellungen jedes Sets nach Ihren Anforderungen. Mehr Informationen \u00fcber das Hinzuf\u00fcgen eines neuen Sets: https:\/\/www.labeljoy.com\/de\/benutzerhandbuch-lj6\/hinzufuegen-eines-neuen-sets\/\"><\/div><\/div><div class=\"lL\" style=\"max-width:100%;width:640px;margin:5px;\"><\/div>\n<div class=\"lj-video-button hide\">\n  <a href=\"https:\/\/www.youtube.com\/embed\/r4_AECxwuNs?rel=0&autoplay=1\" data-featherlight=\"iframe\" data-featherlight-iframe-width=\"800\" data-featherlight-iframe-height=\"610\" data-featherlight-iframe-frameborder=\"0\" data-featherlight-iframe-allow=\"autoplay; encrypted-media\" data-featherlight-iframe-allowfullscreen=\"true\" title=\"Video-Tutorial abspielen\">Video-Tutorial abspielen <i class=\"fa fa-play-circle fa-2x\"><\/i><\/a>\n<\/div>\n","protected":false},"excerpt":{"rendered":"<p>Verschiedene Etiketten mit Sets auf einen Etikettenbogen drucken Mit Labeljoy 6 k\u00f6nnen Sie\u00a0verschiedene Etiketten\u00a0auf einen Etikettenbogen drucken, indem Sie die Funktion &#8220;Sets&#8221; verwenden. Sie k\u00f6nnen die Anzahl der Sets, die Anzahl der Etiketten pro Set und die Grafikeinstellungen jedes Sets nach Belieben einstellen. Diese\u00a0Funktion\u00a0ist sehr n\u00fctzlich, wenn Sie Etiketten von verschiedenen\u00a0Produkten\u00a0auf denselben Etikettenbogen drucken wollen, &#8230; <a title=\"Verschiedene Etiketten mit Sets erstellen\" class=\"read-more\" href=\"https:\/\/www.labeljoy.com\/de\/video\/erstellen-verschiedener-etiketten-mit-sets\/\" aria-label=\"Mehr Informationen \u00fcber Verschiedene Etiketten mit Sets erstellen\">Read more<\/a><\/p>\n","protected":false},"author":12,"featured_media":0,"parent":28657,"menu_order":0,"comment_status":"open","ping_status":"closed","template":"page-template-left-sidebar.php","meta":{"inline_featured_image":false,"_monsterinsights_skip_tracking":false,"_monsterinsights_sitenote_active":false,"_monsterinsights_sitenote_note":"","_monsterinsights_sitenote_category":0,"footnotes":""},"class_list":{"0":"post-28691","1":"page","2":"type-page","3":"status-publish","5":"infinite-scroll-item"},"aioseo_notices":[],"_links":{"self":[{"href":"https:\/\/www.labeljoy.com\/de\/wp-json\/wp\/v2\/pages\/28691","targetHints":{"allow":["GET"]}}],"collection":[{"href":"https:\/\/www.labeljoy.com\/de\/wp-json\/wp\/v2\/pages"}],"about":[{"href":"https:\/\/www.labeljoy.com\/de\/wp-json\/wp\/v2\/types\/page"}],"author":[{"embeddable":true,"href":"https:\/\/www.labeljoy.com\/de\/wp-json\/wp\/v2\/users\/12"}],"replies":[{"embeddable":true,"href":"https:\/\/www.labeljoy.com\/de\/wp-json\/wp\/v2\/comments?post=28691"}],"version-history":[{"count":9,"href":"https:\/\/www.labeljoy.com\/de\/wp-json\/wp\/v2\/pages\/28691\/revisions"}],"predecessor-version":[{"id":35771,"href":"https:\/\/www.labeljoy.com\/de\/wp-json\/wp\/v2\/pages\/28691\/revisions\/35771"}],"up":[{"embeddable":true,"href":"https:\/\/www.labeljoy.com\/de\/wp-json\/wp\/v2\/pages\/28657"}],"wp:attachment":[{"href":"https:\/\/www.labeljoy.com\/de\/wp-json\/wp\/v2\/media?parent=28691"}],"curies":[{"name":"wp","href":"https:\/\/api.w.org\/{rel}","templated":true}]}}