{"id":28699,"date":"2018-03-15T22:26:26","date_gmt":"2018-03-15T22:26:26","guid":{"rendered":"http:\/\/www.labeljoy.com\/de\/?page_id=28699"},"modified":"2021-05-24T08:51:37","modified_gmt":"2021-05-24T08:51:37","slug":"dynamische-datenaktualisierung","status":"publish","type":"page","link":"https:\/\/www.labeljoy.com\/de\/video\/dynamische-datenaktualisierung\/","title":{"rendered":"Dynamische Datenaktualisierung"},"content":{"rendered":"<h2>Dynamische Datenaktualisierung<\/h2>\n<p>Labeljoy 6 erm\u00f6glicht, Daten aus einer externen Datenbank<strong>\u00a0schnell und unkompliziert zu aktualisieren<\/strong>. Die Funktion <em>Daten aktualisieren<\/em> spart viel Zeit und erleichtert Ihre Arbeit.<\/p>\n<div class=\"lyte-wrapper\" title=\"Labeljoy 6 - Dynamische Datenaktualisierung\" style=\"width:640px;max-width:100%;margin:5px;\"><div class=\"lyMe\" id=\"WYL_0Vy18sWv4cE\" itemprop=\"video\" itemscope itemtype=\"https:\/\/schema.org\/VideoObject\"><div><meta itemprop=\"thumbnailUrl\" content=\"https:\/\/www.labeljoy.com\/wp-content\/plugins\/wp-youtube-lyte\/lyteCache.php?origThumbUrl=https%3A%2F%2Fi.ytimg.com%2Fvi%2F0Vy18sWv4cE%2Fhqdefault.jpg\" \/><meta itemprop=\"embedURL\" content=\"https:\/\/www.youtube.com\/embed\/0Vy18sWv4cE\" \/><meta itemprop=\"duration\" content=\"PT1M49S\" \/><meta itemprop=\"uploadDate\" content=\"2018-03-15T22:28:29Z\" \/><\/div><div id=\"lyte_0Vy18sWv4cE\" data-src=\"https:\/\/www.labeljoy.com\/wp-content\/plugins\/wp-youtube-lyte\/lyteCache.php?origThumbUrl=https%3A%2F%2Fi.ytimg.com%2Fvi%2F0Vy18sWv4cE%2Fhqdefault.jpg\" class=\"pL\"><div class=\"tC\"><div class=\"tT\" itemprop=\"name\">Labeljoy 6 - Dynamische Datenaktualisierung<\/div><\/div><div class=\"play\"><\/div><div class=\"ctrl\"><div class=\"Lctrl\"><\/div><div class=\"Rctrl\"><\/div><\/div><\/div><noscript><a href=\"https:\/\/youtu.be\/0Vy18sWv4cE\" rel=\"nofollow\"><img decoding=\"async\" src=\"https:\/\/www.labeljoy.com\/wp-content\/plugins\/wp-youtube-lyte\/lyteCache.php?origThumbUrl=https%3A%2F%2Fi.ytimg.com%2Fvi%2F0Vy18sWv4cE%2F0.jpg\" alt=\"Labeljoy 6 - Dynamische Datenaktualisierung\" width=\"640\" height=\"340\" \/><br \/>Dieses Video auf YouTube ansehen<\/a><\/noscript><meta itemprop=\"description\" content=\"Mit Labeljoy k\u00f6nnen Sie die mit einer externen Datenbank verkn\u00fcpften Daten einfach aktualisieren. Die Datenaktualisierung spart Zeit und erleichtert Ihre Arbeit. Mehr dar\u00fcber erfahren Sie hier: https:\/\/www.labeljoy.com\/de\/benutzerhandbuch-lj6\/aktualisieren-der-datenquelle\/\"><\/div><\/div><div class=\"lL\" style=\"max-width:100%;width:640px;margin:5px;\"><\/div>\n<div class=\"lj-video-button hide\">\n  <a href=\"https:\/\/www.youtube.com\/embed\/0Vy18sWv4cE?rel=0&autoplay=1\" data-featherlight=\"iframe\" data-featherlight-iframe-width=\"800\" data-featherlight-iframe-height=\"610\" data-featherlight-iframe-frameborder=\"0\" data-featherlight-iframe-allow=\"autoplay; encrypted-media\" data-featherlight-iframe-allowfullscreen=\"true\" title=\"Video-Tutorial abspielen\">Video-Tutorial abspielen <i class=\"fa fa-play-circle fa-2x\"><\/i><\/a>\n<\/div>\n","protected":false},"excerpt":{"rendered":"<p>Dynamische Datenaktualisierung Labeljoy 6 erm\u00f6glicht, Daten aus einer externen Datenbank\u00a0schnell und unkompliziert zu aktualisieren. Die Funktion Daten aktualisieren spart viel Zeit und erleichtert Ihre Arbeit.<\/p>\n","protected":false},"author":12,"featured_media":0,"parent":28657,"menu_order":0,"comment_status":"open","ping_status":"closed","template":"page-template-left-sidebar.php","meta":{"inline_featured_image":false,"_monsterinsights_skip_tracking":false,"_monsterinsights_sitenote_active":false,"_monsterinsights_sitenote_note":"","_monsterinsights_sitenote_category":0,"footnotes":""},"class_list":{"0":"post-28699","1":"page","2":"type-page","3":"status-publish","5":"infinite-scroll-item"},"aioseo_notices":[],"_links":{"self":[{"href":"https:\/\/www.labeljoy.com\/de\/wp-json\/wp\/v2\/pages\/28699","targetHints":{"allow":["GET"]}}],"collection":[{"href":"https:\/\/www.labeljoy.com\/de\/wp-json\/wp\/v2\/pages"}],"about":[{"href":"https:\/\/www.labeljoy.com\/de\/wp-json\/wp\/v2\/types\/page"}],"author":[{"embeddable":true,"href":"https:\/\/www.labeljoy.com\/de\/wp-json\/wp\/v2\/users\/12"}],"replies":[{"embeddable":true,"href":"https:\/\/www.labeljoy.com\/de\/wp-json\/wp\/v2\/comments?post=28699"}],"version-history":[{"count":5,"href":"https:\/\/www.labeljoy.com\/de\/wp-json\/wp\/v2\/pages\/28699\/revisions"}],"predecessor-version":[{"id":35774,"href":"https:\/\/www.labeljoy.com\/de\/wp-json\/wp\/v2\/pages\/28699\/revisions\/35774"}],"up":[{"embeddable":true,"href":"https:\/\/www.labeljoy.com\/de\/wp-json\/wp\/v2\/pages\/28657"}],"wp:attachment":[{"href":"https:\/\/www.labeljoy.com\/de\/wp-json\/wp\/v2\/media?parent=28699"}],"curies":[{"name":"wp","href":"https:\/\/api.w.org\/{rel}","templated":true}]}}