{"id":28704,"date":"2018-03-15T22:50:18","date_gmt":"2018-03-15T22:50:18","guid":{"rendered":"http:\/\/www.labeljoy.com\/de\/?page_id=28704"},"modified":"2021-05-24T08:54:53","modified_gmt":"2021-05-24T08:54:53","slug":"exportieren-von-etiketten-in-gaengige-formate","status":"publish","type":"page","link":"https:\/\/www.labeljoy.com\/de\/video\/exportieren-von-etiketten-in-gaengige-formate\/","title":{"rendered":"Etiketten in g\u00e4ngige Formate exportieren"},"content":{"rendered":"<p>Mit Labeljoy k\u00f6nnen Sie Ihre Projekte in Jpg, Pdf und andere, g\u00e4ngige Formate exportieren<\/p>\n<div class=\"lyte-wrapper\" title=\"Labeljoy 6 - Exportieren von Etiketten in g&auml;ngige Formate\" style=\"width:640px;max-width:100%;margin:5px;\"><div class=\"lyMe\" id=\"WYL_bOAroHrodpI\" itemprop=\"video\" itemscope itemtype=\"https:\/\/schema.org\/VideoObject\"><div><meta itemprop=\"thumbnailUrl\" content=\"https:\/\/www.labeljoy.com\/wp-content\/plugins\/wp-youtube-lyte\/lyteCache.php?origThumbUrl=https%3A%2F%2Fi.ytimg.com%2Fvi%2FbOAroHrodpI%2Fhqdefault.jpg\" \/><meta itemprop=\"embedURL\" content=\"https:\/\/www.youtube.com\/embed\/bOAroHrodpI\" \/><meta itemprop=\"duration\" content=\"PT1M4S\" \/><meta itemprop=\"uploadDate\" content=\"2018-03-15T22:55:40Z\" \/><\/div><div id=\"lyte_bOAroHrodpI\" data-src=\"https:\/\/www.labeljoy.com\/wp-content\/plugins\/wp-youtube-lyte\/lyteCache.php?origThumbUrl=https%3A%2F%2Fi.ytimg.com%2Fvi%2FbOAroHrodpI%2Fhqdefault.jpg\" class=\"pL\"><div class=\"tC\"><div class=\"tT\" itemprop=\"name\">Labeljoy 6 - Exportieren von Etiketten in g\u00e4ngige Formate<\/div><\/div><div class=\"play\"><\/div><div class=\"ctrl\"><div class=\"Lctrl\"><\/div><div class=\"Rctrl\"><\/div><\/div><\/div><noscript><a href=\"https:\/\/youtu.be\/bOAroHrodpI\" rel=\"nofollow\"><img decoding=\"async\" src=\"https:\/\/www.labeljoy.com\/wp-content\/plugins\/wp-youtube-lyte\/lyteCache.php?origThumbUrl=https%3A%2F%2Fi.ytimg.com%2Fvi%2FbOAroHrodpI%2F0.jpg\" alt=\"Labeljoy 6 - Exportieren von Etiketten in g&auml;ngige Formate\" width=\"640\" height=\"340\" \/><br \/>Dieses Video auf YouTube ansehen<\/a><\/noscript><meta itemprop=\"description\" content=\"Mit Labeljoy k\u00f6nnen Sie Ihre Arbeit in Jpg, Pdf und anderen Formaten exportieren. Erfahren Sie mehr dar\u00fcber hier: https:\/\/www.labeljoy.com\/de\/benutzerhandbuch-lj6\/export\/\"><\/div><\/div><div class=\"lL\" style=\"max-width:100%;width:640px;margin:5px;\"><\/div>\n<div class=\"lj-video-button hide\">\n  <a href=\"https:\/\/www.youtube.com\/embed\/bOAroHrodpI?rel=0&autoplay=1\" data-featherlight=\"iframe\" data-featherlight-iframe-width=\"800\" data-featherlight-iframe-height=\"610\" data-featherlight-iframe-frameborder=\"0\" data-featherlight-iframe-allow=\"autoplay; encrypted-media\" data-featherlight-iframe-allowfullscreen=\"true\" title=\"Video-Tutorial abspielen\">Video-Tutorial abspielen <i class=\"fa fa-play-circle fa-2x\"><\/i><\/a>\n<\/div>\n","protected":false},"excerpt":{"rendered":"<p>Mit Labeljoy k\u00f6nnen Sie Ihre Projekte in Jpg, Pdf und andere, g\u00e4ngige Formate exportieren<\/p>\n","protected":false},"author":12,"featured_media":0,"parent":28657,"menu_order":0,"comment_status":"open","ping_status":"closed","template":"page-template-left-sidebar.php","meta":{"inline_featured_image":false,"_monsterinsights_skip_tracking":false,"_monsterinsights_sitenote_active":false,"_monsterinsights_sitenote_note":"","_monsterinsights_sitenote_category":0,"footnotes":""},"class_list":{"0":"post-28704","1":"page","2":"type-page","3":"status-publish","5":"infinite-scroll-item"},"aioseo_notices":[],"_links":{"self":[{"href":"https:\/\/www.labeljoy.com\/de\/wp-json\/wp\/v2\/pages\/28704","targetHints":{"allow":["GET"]}}],"collection":[{"href":"https:\/\/www.labeljoy.com\/de\/wp-json\/wp\/v2\/pages"}],"about":[{"href":"https:\/\/www.labeljoy.com\/de\/wp-json\/wp\/v2\/types\/page"}],"author":[{"embeddable":true,"href":"https:\/\/www.labeljoy.com\/de\/wp-json\/wp\/v2\/users\/12"}],"replies":[{"embeddable":true,"href":"https:\/\/www.labeljoy.com\/de\/wp-json\/wp\/v2\/comments?post=28704"}],"version-history":[{"count":6,"href":"https:\/\/www.labeljoy.com\/de\/wp-json\/wp\/v2\/pages\/28704\/revisions"}],"predecessor-version":[{"id":35779,"href":"https:\/\/www.labeljoy.com\/de\/wp-json\/wp\/v2\/pages\/28704\/revisions\/35779"}],"up":[{"embeddable":true,"href":"https:\/\/www.labeljoy.com\/de\/wp-json\/wp\/v2\/pages\/28657"}],"wp:attachment":[{"href":"https:\/\/www.labeljoy.com\/de\/wp-json\/wp\/v2\/media?parent=28704"}],"curies":[{"name":"wp","href":"https:\/\/api.w.org\/{rel}","templated":true}]}}