{"id":28716,"date":"2018-03-15T23:28:07","date_gmt":"2018-03-15T23:28:07","guid":{"rendered":"http:\/\/www.labeljoy.com\/de\/?page_id=28716"},"modified":"2021-05-24T08:50:34","modified_gmt":"2021-05-24T08:50:34","slug":"verwendung-von-rollendruckern","status":"publish","type":"page","link":"https:\/\/www.labeljoy.com\/de\/video\/verwendung-von-rollendruckern\/","title":{"rendered":"Verwendung von Etikettendruckern"},"content":{"rendered":"<h2>Verwendung von Etikettendruckern<\/h2>\n<p>In diesem Video erkl\u00e4ren wir Ihnen die Verwendung von <strong>Etikettendruckern<\/strong><strong>. <\/strong>Labeljoy erm\u00f6glicht in jedem Format mit\u00a0<strong>Tintenstrahl-<\/strong>,\u00a0<strong><\/strong><strong>Laser-<\/strong>\u00a0oder\u00a0<strong>Etikettendruckern<\/strong><strong> <\/strong><strong>zu<\/strong><strong> <\/strong><strong>drucken<\/strong>. Stellen Sie einfach die richtige Gr\u00f6\u00dfe ein, wie es im Video gezeigt wird und drucken Sie Ihre individuellen Etiketten oder Umschl\u00e4ge mit\u00a0\u00a0<a title=\"importierten Adressdaten aus Excel\" href=\"http:\/\/www.labeljoy.com\/de\/video-support\/daten-aus-excel-laden\/\">importierten Adressdaten aus Excel<\/a>.<\/p>\n<div class=\"lyte-wrapper\" title=\"Labeljoy 6 - Verwendung von Etikettendruckern\" style=\"width:640px;max-width:100%;margin:5px;\"><div class=\"lyMe\" id=\"WYL_TaA6HQikQKY\" itemprop=\"video\" itemscope itemtype=\"https:\/\/schema.org\/VideoObject\"><div><meta itemprop=\"thumbnailUrl\" content=\"https:\/\/www.labeljoy.com\/wp-content\/plugins\/wp-youtube-lyte\/lyteCache.php?origThumbUrl=https%3A%2F%2Fi.ytimg.com%2Fvi%2FTaA6HQikQKY%2Fhqdefault.jpg\" \/><meta itemprop=\"embedURL\" content=\"https:\/\/www.youtube.com\/embed\/TaA6HQikQKY\" \/><meta itemprop=\"duration\" content=\"PT2M28S\" \/><meta itemprop=\"uploadDate\" content=\"2018-03-23T20:55:27Z\" \/><\/div><div id=\"lyte_TaA6HQikQKY\" data-src=\"https:\/\/www.labeljoy.com\/wp-content\/plugins\/wp-youtube-lyte\/lyteCache.php?origThumbUrl=https%3A%2F%2Fi.ytimg.com%2Fvi%2FTaA6HQikQKY%2Fhqdefault.jpg\" class=\"pL\"><div class=\"tC\"><div class=\"tT\" itemprop=\"name\">Labeljoy 6 - Verwendung von Etikettendruckern<\/div><\/div><div class=\"play\"><\/div><div class=\"ctrl\"><div class=\"Lctrl\"><\/div><div class=\"Rctrl\"><\/div><\/div><\/div><noscript><a href=\"https:\/\/youtu.be\/TaA6HQikQKY\" rel=\"nofollow\"><img decoding=\"async\" src=\"https:\/\/www.labeljoy.com\/wp-content\/plugins\/wp-youtube-lyte\/lyteCache.php?origThumbUrl=https%3A%2F%2Fi.ytimg.com%2Fvi%2FTaA6HQikQKY%2F0.jpg\" alt=\"Labeljoy 6 - Verwendung von Etikettendruckern\" width=\"640\" height=\"340\" \/><br \/>Dieses Video auf YouTube ansehen<\/a><\/noscript><meta itemprop=\"description\" content=\"Dieses Video zeigt Ihnen, wie Sie Ihre Etiketten mit einem Etikettendrucker auf Rolle drucken k\u00f6nnen. Rollendrucker betrachten jedes Etikett als eine einzelne Seite, daher m\u00fcssen Sie zun\u00e4chst das Layout festlegen. Hier finden Sie eine schrittweise Anleitung: https:\/\/www.labeljoy.com\/de\/unterstutzung\/anleitungen\/mit-rollendruckern-arbeiten\/\"><\/div><\/div><div class=\"lL\" style=\"max-width:100%;width:640px;margin:5px;\"><\/div>\n<div class=\"lj-video-button hide\">\n  <a href=\"https:\/\/www.youtube.com\/embed\/TaA6HQikQKY?rel=0&autoplay=1\" data-featherlight=\"iframe\" data-featherlight-iframe-width=\"800\" data-featherlight-iframe-height=\"610\" data-featherlight-iframe-frameborder=\"0\" data-featherlight-iframe-allow=\"autoplay; encrypted-media\" data-featherlight-iframe-allowfullscreen=\"true\" title=\"Video-Tutorial abspielen\">Video-Tutorial abspielen <i class=\"fa fa-play-circle fa-2x\"><\/i><\/a>\n<\/div>\n<p style=\"text-align:center\">Siehe auch das Tutorial:<\/p>\n<ul class=\"lp-2013 clearfix\">\n<li style=\"float:none\">\n<a style=\"margin: 0 auto\" title=\"Arbeiten Sie mit Rollendruckern\" href=\"http:\/\/www.labeljoy.com\/de\/unterstutzung\/anleitungen\/mit-rollendruckern-arbeiten\/\"> <span class=\"lp-2013-title\">Arbeiten Sie mit Rollendruckern<\/span><span class=\"lp-2013-description\">&#8211; Seitenlayout bestimmen<br \/>&#8211; R\u00e4nder anpassen<br \/>&#8211; Drucken<\/span><img decoding=\"async\" width=\"48\" height=\"48\" src=\"http:\/\/www.labeljoy.com\/images\/how-to\/icons\/roll-print.png\" alt=\"Rollendruckern\"><\/a><\/li>\n<\/ul>\n","protected":false},"excerpt":{"rendered":"<p>Verwendung von Etikettendruckern In diesem Video erkl\u00e4ren wir Ihnen die Verwendung von Etikettendruckern. Labeljoy erm\u00f6glicht in jedem Format mit\u00a0Tintenstrahl-,\u00a0Laser-\u00a0oder\u00a0Etikettendruckern zu drucken. Stellen Sie einfach die richtige Gr\u00f6\u00dfe ein, wie es im Video gezeigt wird und drucken Sie Ihre individuellen Etiketten oder Umschl\u00e4ge mit\u00a0\u00a0importierten Adressdaten aus Excel. Siehe auch das Tutorial: Arbeiten Sie mit Rollendruckern&#8211; Seitenlayout &#8230; <a title=\"Verwendung von Etikettendruckern\" class=\"read-more\" href=\"https:\/\/www.labeljoy.com\/de\/video\/verwendung-von-rollendruckern\/\" aria-label=\"Mehr Informationen \u00fcber Verwendung von Etikettendruckern\">Read more<\/a><\/p>\n","protected":false},"author":12,"featured_media":0,"parent":28657,"menu_order":0,"comment_status":"open","ping_status":"closed","template":"page-template-left-sidebar.php","meta":{"inline_featured_image":false,"_monsterinsights_skip_tracking":false,"_monsterinsights_sitenote_active":false,"_monsterinsights_sitenote_note":"","_monsterinsights_sitenote_category":0,"footnotes":""},"class_list":{"0":"post-28716","1":"page","2":"type-page","3":"status-publish","5":"infinite-scroll-item"},"aioseo_notices":[],"_links":{"self":[{"href":"https:\/\/www.labeljoy.com\/de\/wp-json\/wp\/v2\/pages\/28716","targetHints":{"allow":["GET"]}}],"collection":[{"href":"https:\/\/www.labeljoy.com\/de\/wp-json\/wp\/v2\/pages"}],"about":[{"href":"https:\/\/www.labeljoy.com\/de\/wp-json\/wp\/v2\/types\/page"}],"author":[{"embeddable":true,"href":"https:\/\/www.labeljoy.com\/de\/wp-json\/wp\/v2\/users\/12"}],"replies":[{"embeddable":true,"href":"https:\/\/www.labeljoy.com\/de\/wp-json\/wp\/v2\/comments?post=28716"}],"version-history":[{"count":10,"href":"https:\/\/www.labeljoy.com\/de\/wp-json\/wp\/v2\/pages\/28716\/revisions"}],"predecessor-version":[{"id":35772,"href":"https:\/\/www.labeljoy.com\/de\/wp-json\/wp\/v2\/pages\/28716\/revisions\/35772"}],"up":[{"embeddable":true,"href":"https:\/\/www.labeljoy.com\/de\/wp-json\/wp\/v2\/pages\/28657"}],"wp:attachment":[{"href":"https:\/\/www.labeljoy.com\/de\/wp-json\/wp\/v2\/media?parent=28716"}],"curies":[{"name":"wp","href":"https:\/\/api.w.org\/{rel}","templated":true}]}}