{"id":28845,"date":"2018-03-23T21:03:28","date_gmt":"2018-03-23T21:03:28","guid":{"rendered":"http:\/\/www.labeljoy.com\/de\/?page_id=28845"},"modified":"2020-12-09T18:23:50","modified_gmt":"2020-12-09T18:23:50","slug":"einstellung-der-etikettenanzahl-aus-der-datenquelldatei","status":"publish","type":"page","link":"https:\/\/www.labeljoy.com\/de\/video\/einstellung-der-etikettenanzahl-aus-der-datenquelldatei\/","title":{"rendered":"Einstellung der Etikettenanzahl aus der Datenquelldatei"},"content":{"rendered":"<h2>Einstellen der Etikettenanzahl aus der Datenquelldatei<\/h2>\n<p>Diese Funktion ist n\u00fctzlich, wenn die Anzahl der zu druckenden Labels in einer zu importierenden Datenbank gespeichert ist. Sie k\u00f6nnen zu jeder Zeit dynamisch die Anzahl der Etiketten aktualisieren und direkt den Wert in der Datenbank \u00e4ndern.<\/p>\n<p>Weitere Informationen finden Sie in dem Video-Tutorial \u00fcber <a href=\"http:\/\/www.labeljoy.com\/de\/video-support\/externe-datenquellen-verbinden\/\" title=\"Externe Datenquellen verbinden\">Verbindung externer Datenquellen<\/a> und <a href=\"http:\/\/www.labeljoy.com\/de\/video\/dynamische-datenaktualisierung\/\" title=\"Dynamisches Update\">Dynamische Datenaktualisierung<\/a>.<\/p>\n\n<div class=\"youtube-embed\" itemprop=\"video\" itemscope itemtype=\"https:\/\/schema.org\/VideoObject\">\n\t<meta itemprop=\"url\" content=\"https:\/\/www.youtube.com\/v\/JCY0CU8h3IQ\" \/>\n\t<meta itemprop=\"name\" content=\"Einstellung der Etikettenanzahl aus der Datenquelldatei\" \/>\n\t<meta itemprop=\"description\" content=\"Einstellung der Etikettenanzahl aus der Datenquelldatei\" \/>\n\t<meta itemprop=\"uploadDate\" content=\"2018-03-23T21:03:28+00:00\" \/>\n\t<meta itemprop=\"thumbnailUrl\" content=\"https:\/\/i.ytimg.com\/vi\/JCY0CU8h3IQ\/default.jpg\" \/>\n\t<meta itemprop=\"embedUrl\" content=\"https:\/\/www.youtube.com\/embed\/JCY0CU8h3IQ\" \/>\n\t<meta itemprop=\"height\" content=\"385\" \/>\n\t<meta itemprop=\"width\" content=\"640\" \/>\n\t<iframe style=\"border: 0;\" class=\"youtube-player\" width=\"640\" height=\"385\" src=\"https:\/\/www.youtube.com\/embed\/JCY0CU8h3IQ?modestbranding=1&fs=0&rel=0&loop=1&color=white&playlist=JCY0CU8h3IQ\"><\/iframe>\n<\/div>\n\n","protected":false},"excerpt":{"rendered":"<p>Einstellen der Etikettenanzahl aus der Datenquelldatei Diese Funktion ist n\u00fctzlich, wenn die Anzahl der zu druckenden Labels in einer zu importierenden Datenbank gespeichert ist. Sie k\u00f6nnen zu jeder Zeit dynamisch die Anzahl der Etiketten aktualisieren und direkt den Wert in der Datenbank \u00e4ndern. Weitere Informationen finden Sie in dem Video-Tutorial \u00fcber Verbindung externer Datenquellen und &#8230; <a title=\"Einstellung der Etikettenanzahl aus der Datenquelldatei\" class=\"read-more\" href=\"https:\/\/www.labeljoy.com\/de\/video\/einstellung-der-etikettenanzahl-aus-der-datenquelldatei\/\" aria-label=\"Mehr Informationen \u00fcber Einstellung der Etikettenanzahl aus der Datenquelldatei\">Read more<\/a><\/p>\n","protected":false},"author":12,"featured_media":0,"parent":28657,"menu_order":0,"comment_status":"open","ping_status":"closed","template":"page-template-left-sidebar.php","meta":{"inline_featured_image":false,"_monsterinsights_skip_tracking":false,"_monsterinsights_sitenote_active":false,"_monsterinsights_sitenote_note":"","_monsterinsights_sitenote_category":0,"footnotes":""},"class_list":{"0":"post-28845","1":"page","2":"type-page","3":"status-publish","5":"infinite-scroll-item"},"aioseo_notices":[],"_links":{"self":[{"href":"https:\/\/www.labeljoy.com\/de\/wp-json\/wp\/v2\/pages\/28845","targetHints":{"allow":["GET"]}}],"collection":[{"href":"https:\/\/www.labeljoy.com\/de\/wp-json\/wp\/v2\/pages"}],"about":[{"href":"https:\/\/www.labeljoy.com\/de\/wp-json\/wp\/v2\/types\/page"}],"author":[{"embeddable":true,"href":"https:\/\/www.labeljoy.com\/de\/wp-json\/wp\/v2\/users\/12"}],"replies":[{"embeddable":true,"href":"https:\/\/www.labeljoy.com\/de\/wp-json\/wp\/v2\/comments?post=28845"}],"version-history":[{"count":7,"href":"https:\/\/www.labeljoy.com\/de\/wp-json\/wp\/v2\/pages\/28845\/revisions"}],"predecessor-version":[{"id":34565,"href":"https:\/\/www.labeljoy.com\/de\/wp-json\/wp\/v2\/pages\/28845\/revisions\/34565"}],"up":[{"embeddable":true,"href":"https:\/\/www.labeljoy.com\/de\/wp-json\/wp\/v2\/pages\/28657"}],"wp:attachment":[{"href":"https:\/\/www.labeljoy.com\/de\/wp-json\/wp\/v2\/media?parent=28845"}],"curies":[{"name":"wp","href":"https:\/\/api.w.org\/{rel}","templated":true}]}}