{"id":28855,"date":"2018-03-23T21:38:17","date_gmt":"2018-03-23T21:38:17","guid":{"rendered":"http:\/\/www.labeljoy.com\/de\/?page_id=28855"},"modified":"2020-12-10T15:00:56","modified_gmt":"2020-12-10T15:00:56","slug":"verbindung-externer-datenquellen","status":"publish","type":"page","link":"https:\/\/www.labeljoy.com\/de\/video\/verbindung-externer-datenquellen\/","title":{"rendered":"Verbindung externer Datenquellen"},"content":{"rendered":"<h2>Verbindung externer Datenquellen<\/h2>\n<p>In diesem Video zeigen wir Ihnen, wie einfach es ist <strong>Labeljoy mit externen Datenquellen zu verbinden<\/strong>.\u00a0Im Video wird gezeigt, wie Sie Ihre Etiketten mit Daten aus einer CSV-Textdatei verbinden.<\/p>\n<p>Zus\u00e4tzlich k\u00f6nnen Sie einfache und intuitive Filter und Sortierungen entsprechend bestimmter Parameter anwenden.<\/p>\n<p>Sie k\u00f6nnen professionelle <a title=\"Produktetiketten\" href=\"http:\/\/www.labeljoy.com\/de\/vorlagen\/produktetikett\/\">Produktetiketten<\/a>\u00a0oder\u00a0<a title=\"Barcode Preisschilder\" href=\"http:\/\/www.labeljoy.com\/de\/vorlagen\/strichcode-preisschild\/\">Barcode-Preisschilder<\/a>\u00a0erstellen!<\/p>\n\n<div class=\"youtube-embed\" itemprop=\"video\" itemscope itemtype=\"https:\/\/schema.org\/VideoObject\">\n\t<meta itemprop=\"url\" content=\"https:\/\/www.youtube.com\/v\/vJzxQxugD5M\" \/>\n\t<meta itemprop=\"name\" content=\"Verbindung externer Datenquellen\" \/>\n\t<meta itemprop=\"description\" content=\"Verbindung externer Datenquellen\" \/>\n\t<meta itemprop=\"uploadDate\" content=\"2018-03-23T21:38:17+00:00\" \/>\n\t<meta itemprop=\"thumbnailUrl\" content=\"https:\/\/i.ytimg.com\/vi\/vJzxQxugD5M\/default.jpg\" \/>\n\t<meta itemprop=\"embedUrl\" content=\"https:\/\/www.youtube.com\/embed\/vJzxQxugD5M\" \/>\n\t<meta itemprop=\"height\" content=\"385\" \/>\n\t<meta itemprop=\"width\" content=\"640\" \/>\n\t<iframe style=\"border: 0;\" class=\"youtube-player\" width=\"640\" height=\"385\" src=\"https:\/\/www.youtube.com\/embed\/vJzxQxugD5M?modestbranding=1&fs=0&rel=0&loop=1&color=white&playlist=vJzxQxugD5M\"><\/iframe>\n<\/div>\n\n","protected":false},"excerpt":{"rendered":"<p>Verbindung externer Datenquellen In diesem Video zeigen wir Ihnen, wie einfach es ist Labeljoy mit externen Datenquellen zu verbinden.\u00a0Im Video wird gezeigt, wie Sie Ihre Etiketten mit Daten aus einer CSV-Textdatei verbinden. Zus\u00e4tzlich k\u00f6nnen Sie einfache und intuitive Filter und Sortierungen entsprechend bestimmter Parameter anwenden. Sie k\u00f6nnen professionelle Produktetiketten\u00a0oder\u00a0Barcode-Preisschilder\u00a0erstellen!<\/p>\n","protected":false},"author":12,"featured_media":0,"parent":28657,"menu_order":0,"comment_status":"open","ping_status":"closed","template":"page-template-left-sidebar.php","meta":{"inline_featured_image":false,"_monsterinsights_skip_tracking":false,"_monsterinsights_sitenote_active":false,"_monsterinsights_sitenote_note":"","_monsterinsights_sitenote_category":0,"footnotes":""},"class_list":{"0":"post-28855","1":"page","2":"type-page","3":"status-publish","5":"infinite-scroll-item"},"aioseo_notices":[],"_links":{"self":[{"href":"https:\/\/www.labeljoy.com\/de\/wp-json\/wp\/v2\/pages\/28855","targetHints":{"allow":["GET"]}}],"collection":[{"href":"https:\/\/www.labeljoy.com\/de\/wp-json\/wp\/v2\/pages"}],"about":[{"href":"https:\/\/www.labeljoy.com\/de\/wp-json\/wp\/v2\/types\/page"}],"author":[{"embeddable":true,"href":"https:\/\/www.labeljoy.com\/de\/wp-json\/wp\/v2\/users\/12"}],"replies":[{"embeddable":true,"href":"https:\/\/www.labeljoy.com\/de\/wp-json\/wp\/v2\/comments?post=28855"}],"version-history":[{"count":6,"href":"https:\/\/www.labeljoy.com\/de\/wp-json\/wp\/v2\/pages\/28855\/revisions"}],"predecessor-version":[{"id":34594,"href":"https:\/\/www.labeljoy.com\/de\/wp-json\/wp\/v2\/pages\/28855\/revisions\/34594"}],"up":[{"embeddable":true,"href":"https:\/\/www.labeljoy.com\/de\/wp-json\/wp\/v2\/pages\/28657"}],"wp:attachment":[{"href":"https:\/\/www.labeljoy.com\/de\/wp-json\/wp\/v2\/media?parent=28855"}],"curies":[{"name":"wp","href":"https:\/\/api.w.org\/{rel}","templated":true}]}}