{"id":28871,"date":"2018-03-23T22:51:46","date_gmt":"2018-03-23T22:51:46","guid":{"rendered":"http:\/\/www.labeljoy.com\/de\/?page_id=28871"},"modified":"2025-02-13T15:02:11","modified_gmt":"2025-02-13T15:02:11","slug":"verwaltung-und-auswahl-von-layouts","status":"publish","type":"page","link":"https:\/\/www.labeljoy.com\/de\/video\/verwaltung-und-auswahl-von-layouts\/","title":{"rendered":"Verwaltung und Auswahl von Layouts"},"content":{"rendered":"<h2>Verwaltung und Auswahl von Layouts<\/h2>\n<p>Labeljoy 6 erm\u00f6glicht, <strong>Layouts komplett individuell<\/strong>\u00a0an die gew\u00fcnschte Gr\u00f6\u00dfe <strong>anzupassen<\/strong>.<br \/>\nSie k\u00f6nnen das Layout manuell anpassen, indem Sie die Anzahl der Zeilen und Spalten auf dem Blatt ver\u00e4ndern und die R\u00e4nder und Abst\u00e4nde zwischen den Etiketten ver\u00e4ndern.<\/p>\n<p>Oder w\u00e4hlen Sie Ihr Layout unter den <strong>\u00a0vorinstallierten Layouts<\/strong>\u00a0der wichtigsten Etikettenhersteller aus. Mit einer Suche nach Seriennummer finden Sie das richtige Layout innerhalb von wenigen Sekunden.<\/p>\n<div class=\"lyte-wrapper\" title=\"Labeljoy 6 - Layouts gestalten oder ausw&auml;hlen\" style=\"width:640px;max-width:100%;margin:5px;\"><div class=\"lyMe\" id=\"WYL_hVcep4w5L7w\" itemprop=\"video\" itemscope itemtype=\"https:\/\/schema.org\/VideoObject\"><div><meta itemprop=\"thumbnailUrl\" content=\"https:\/\/www.labeljoy.com\/wp-content\/plugins\/wp-youtube-lyte\/lyteCache.php?origThumbUrl=https%3A%2F%2Fi.ytimg.com%2Fvi%2FhVcep4w5L7w%2Fhqdefault.jpg\" \/><meta itemprop=\"embedURL\" content=\"https:\/\/www.youtube.com\/embed\/hVcep4w5L7w\" \/><meta itemprop=\"duration\" content=\"PT2M41S\" \/><meta itemprop=\"uploadDate\" content=\"2018-03-23T22:58:33Z\" \/><\/div><div id=\"lyte_hVcep4w5L7w\" data-src=\"https:\/\/www.labeljoy.com\/wp-content\/plugins\/wp-youtube-lyte\/lyteCache.php?origThumbUrl=https%3A%2F%2Fi.ytimg.com%2Fvi%2FhVcep4w5L7w%2Fhqdefault.jpg\" class=\"pL\"><div class=\"tC\"><div class=\"tT\" itemprop=\"name\">Labeljoy 6 - Layouts gestalten oder ausw\u00e4hlen<\/div><\/div><div class=\"play\"><\/div><div class=\"ctrl\"><div class=\"Lctrl\"><\/div><div class=\"Rctrl\"><\/div><\/div><\/div><noscript><a href=\"https:\/\/youtu.be\/hVcep4w5L7w\" rel=\"nofollow\"><img decoding=\"async\" src=\"https:\/\/www.labeljoy.com\/wp-content\/plugins\/wp-youtube-lyte\/lyteCache.php?origThumbUrl=https%3A%2F%2Fi.ytimg.com%2Fvi%2FhVcep4w5L7w%2F0.jpg\" alt=\"Labeljoy 6 - Layouts gestalten oder ausw&auml;hlen\" width=\"640\" height=\"340\" \/><br \/>Dieses Video auf YouTube ansehen<\/a><\/noscript><meta itemprop=\"description\" content=\"Mit Labeljoy k\u00f6nnen Sie das Layout individuell gestalten. Geben Sie Papierformat, die Anzahl der Spalten und Zeilen auf dem Bogen, Zeilen- und Spaltenabst\u00e4nde sowie Seitenr\u00e4nder manuell ein. Oder w\u00e4hlen Sie unter den 11.000 vorinstallierten Layouts der wichtigsten Etikettenhersteller. Suchen Sie nach Marke und Modell um das gew\u00fcnschte Layout in Sekundenschnelle zu finden. Mehr Infos: https:\/\/www.labeljoy.com\/de\/video\/verwaltung-und-auswahl-von-layouts\/\"><\/div><\/div><div class=\"lL\" style=\"max-width:100%;width:640px;margin:5px;\"><\/div>\n<div class=\"lj-video-button hide\">\n  <a href=\"https:\/\/www.youtube.com\/embed\/hVcep4w5L7w?rel=0&autoplay=1\" data-featherlight=\"iframe\" data-featherlight-iframe-width=\"800\" data-featherlight-iframe-height=\"610\" data-featherlight-iframe-frameborder=\"0\" data-featherlight-iframe-allow=\"autoplay; encrypted-media\" data-featherlight-iframe-allowfullscreen=\"true\" title=\"Video-Tutorial abspielen\">Video-Tutorial abspielen <i class=\"fa fa-play-circle fa-2x\"><\/i><\/a>\n<\/div>\n","protected":false},"excerpt":{"rendered":"<p>Verwaltung und Auswahl von Layouts Labeljoy 6 erm\u00f6glicht, Layouts komplett individuell\u00a0an die gew\u00fcnschte Gr\u00f6\u00dfe anzupassen. Sie k\u00f6nnen das Layout manuell anpassen, indem Sie die Anzahl der Zeilen und Spalten auf dem Blatt ver\u00e4ndern und die R\u00e4nder und Abst\u00e4nde zwischen den Etiketten ver\u00e4ndern. Oder w\u00e4hlen Sie Ihr Layout unter den \u00a0vorinstallierten Layouts\u00a0der wichtigsten Etikettenhersteller aus. Mit &#8230; <a title=\"Verwaltung und Auswahl von Layouts\" class=\"read-more\" href=\"https:\/\/www.labeljoy.com\/de\/video\/verwaltung-und-auswahl-von-layouts\/\" aria-label=\"Mehr Informationen \u00fcber Verwaltung und Auswahl von Layouts\">Read more<\/a><\/p>\n","protected":false},"author":12,"featured_media":0,"parent":28657,"menu_order":0,"comment_status":"closed","ping_status":"closed","template":"","meta":{"inline_featured_image":false,"_monsterinsights_skip_tracking":false,"_monsterinsights_sitenote_active":false,"_monsterinsights_sitenote_note":"","_monsterinsights_sitenote_category":0,"footnotes":""},"class_list":{"0":"post-28871","1":"page","2":"type-page","3":"status-publish","5":"infinite-scroll-item"},"aioseo_notices":[],"_links":{"self":[{"href":"https:\/\/www.labeljoy.com\/de\/wp-json\/wp\/v2\/pages\/28871","targetHints":{"allow":["GET"]}}],"collection":[{"href":"https:\/\/www.labeljoy.com\/de\/wp-json\/wp\/v2\/pages"}],"about":[{"href":"https:\/\/www.labeljoy.com\/de\/wp-json\/wp\/v2\/types\/page"}],"author":[{"embeddable":true,"href":"https:\/\/www.labeljoy.com\/de\/wp-json\/wp\/v2\/users\/12"}],"replies":[{"embeddable":true,"href":"https:\/\/www.labeljoy.com\/de\/wp-json\/wp\/v2\/comments?post=28871"}],"version-history":[{"count":7,"href":"https:\/\/www.labeljoy.com\/de\/wp-json\/wp\/v2\/pages\/28871\/revisions"}],"predecessor-version":[{"id":42940,"href":"https:\/\/www.labeljoy.com\/de\/wp-json\/wp\/v2\/pages\/28871\/revisions\/42940"}],"up":[{"embeddable":true,"href":"https:\/\/www.labeljoy.com\/de\/wp-json\/wp\/v2\/pages\/28657"}],"wp:attachment":[{"href":"https:\/\/www.labeljoy.com\/de\/wp-json\/wp\/v2\/media?parent=28871"}],"curies":[{"name":"wp","href":"https:\/\/api.w.org\/{rel}","templated":true}]}}