{"id":28991,"date":"2018-03-30T12:58:54","date_gmt":"2018-03-30T12:58:54","guid":{"rendered":"http:\/\/www.labeljoy.com\/de\/?page_id=28991"},"modified":"2018-03-30T15:32:31","modified_gmt":"2018-03-30T15:32:31","slug":"wat-is-nieuw-in-labeljoy-6","status":"publish","type":"page","link":"https:\/\/www.labeljoy.com\/de\/wat-is-nieuw-in-labeljoy-6\/","title":{"rendered":"Wat is nieuw in Labeljoy 6?"},"content":{"rendered":"<div class=\"lj6-new-features\">\n<p style=\"text-align: center\"><a href=\"\/de\/download-de\/\" class=\"jumbo lime-green tt-button\" target=\"_self\"> Labeljoy Demo-Version herunterladen <\/a>\u00a0<a href=\"\/de\/kauf\/\" class=\"jumbo orange tt-button\" target=\"_self\"> W\u00e4hlen Sie Ihre Version <\/a>\n<div class=\"hr hr-solid\">&nbsp;<\/div>\n<div class=\"one_half\"><div class=\"img-frame full-half\"><img decoding=\"async\" src=\"https:\/\/www.labeljoy.com\/wp-content\/uploads\/2018\/03\/1.png\" alt=\"\" width=\"445\" height=\"273\"\/><\/div><\/div>\n<div class=\"one_half\">\n<h2>Multi-Formatierung von Inhalten<\/h2>\n<p>Dank des neuen und leistungsf\u00e4higen Content Editors k\u00f6nnen Sie jedes <strong>einzelne Element<\/strong> mit <strong>mehrfacher Formatierung anpassen<\/strong>. W\u00e4hlen Sie verschiedene Schriftarten, Gr\u00f6\u00dfen, Farben und Attribute innerhalb eines Textes.<\/p>\n<h3>Kreativit\u00e4t und Design ohne Grenzen<\/h3>\n<\/div>\n<div class=\"hr hr-solid\">&nbsp;<\/div>\n<div class=\"one_half\">\n<h2>Interaktives Management der Felder<\/h2>\n<p>Erstellen und beleben Sie Ihr Etikett mit wenigen Klicks dank der <strong>vollst\u00e4ndig dynamischen Schnittstelle<\/strong> f\u00fcr benutzerdefinierte Felder. W\u00e4hlen Sie Daten aus Ihrer Datenbank und <strong>platzieren Sie sie, wo immer Sie es w\u00fcnschen<\/strong> auf Ihrem Etikett. Sie k\u00f6nnen schnell und pr\u00e4zise arbeiten.<\/p>\n<h3>Schnelle und pr\u00e4zise Bearbeitung<\/h3>\n<\/div>\n<div class=\"one_half\"><div class=\"img-frame full-half\"><img decoding=\"async\" src=\"https:\/\/www.labeljoy.com\/wp-content\/uploads\/2018\/03\/2.png\" alt=\"\" width=\"445\" height=\"273\"\/><\/div><\/div>\n<div class=\"hr hr-solid\">&nbsp;<\/div>\n<div class=\"one_half\"><div class=\"img-frame full-half\"><img decoding=\"async\" src=\"https:\/\/www.labeljoy.com\/wp-content\/uploads\/2018\/03\/3.png\" alt=\"\" width=\"445\" height=\"273\"\/><\/div><\/div>\n<div class=\"one_half\">\n<h2>Neue intuitive Benutzeroberfl\u00e4che<\/h2>\n<p><strong>Neue Labeljoy 6-Schnittstelle<\/strong> ist das Ergebnis all Ihrer \u00fcber die Jahre gesammelten Feedbacks. Erkennbar f\u00fcr jedermann, einschlie\u00dflich der Personen mit geringerem Expertenwissen \u00fcber digitale Dashboards, ist es <strong>einfach<\/strong>, <strong>intuitiv<\/strong> und erlaubt Ihnen, Ihre Etiketten in <strong>nur wenigen Klicks<\/strong> anzupassen.<\/p>\n<h3>Dynamische und interaktive Schnittstelle<\/h3>\n<\/div>\n<div class=\"hr hr-solid\">&nbsp;<\/div>\n<div class=\"one_half\">\n<h2>Praktischer Datenbank-Filter<\/h2>\n<p>Mit dem <strong>neuen Filterwerkzeug<\/strong> k\u00f6nnen Sie <strong>Ihre Datenbank in Sekunden<\/strong> segmentieren und nur n\u00fctzliche Daten f\u00fcr Ihre Labels\u00e4tze ausw\u00e4hlen. <strong>Erstellen Sie Ihre Filter<\/strong> und das Dashboard zeigt Ihnen die Kontakte an, die dem von Ihnen gew\u00e4hlten Variablenbereich entsprechen.<\/p>\n<h3>Neue Segment-Werkzeuge f\u00fcr Ihre Datenbank<\/h3>\n<\/div>\n<div class=\"one_half\"><div class=\"img-frame full-half\"><img decoding=\"async\" src=\"https:\/\/www.labeljoy.com\/wp-content\/uploads\/2018\/03\/4.png\" alt=\"\" width=\"445\" height=\"273\"\/><\/div><\/div>\n<div class=\"hr hr-solid\">&nbsp;<\/div>\n<div class=\"one_half\"><div class=\"img-frame full-half\"><img decoding=\"async\" src=\"https:\/\/www.labeljoy.com\/wp-content\/uploads\/2018\/03\/5.png\" alt=\"\" width=\"445\" height=\"273\"\/><\/div><\/div>\n<div class=\"one_half\">\n<h2>Exportieren zu PDF<\/h2>\n<p>Drucken Sie schneller denn je! Das neue .pdf-Export-Tool f\u00fcr Ihre Seiten, Etiketten und Barcodes garantiert einen sehr genauen Druck. Au\u00dferdem haben Sie <strong>Dateien in leichtem Format<\/strong>, die Sie verwalten oder m\u00f6glicherweise senden k\u00f6nnen.<\/p>\n<h3>Schnelles Arbeiten dank leichter Dateien<\/h3>\n<\/div>\n<div class=\"hr hr-solid\">&nbsp;<\/div>\n<div class=\"one_half\">\n<h2>Neue Barcodes<\/h2>\n<p>Die Labeljoy <strong>Barcodes Liste w\u00e4chst<\/strong>! Neueinsteiger sind der <strong>MSI Plessey<\/strong> Code, der haupts\u00e4chlich in Bibliotheken und bei der Regalbeschriftung verwendet wird, und der <strong>Aztec Code<\/strong>, der f\u00fcr die Etikettierung von Kleinverpackungen verwendet wird.<\/p>\n<h3>Barcodes f\u00fcr alle Anforderungen<\/h3>\n<\/div>\n<div class=\"one_half\"><div class=\"img-frame full-half\"><img decoding=\"async\" src=\"https:\/\/www.labeljoy.com\/wp-content\/uploads\/2018\/03\/6.png\" alt=\"\" width=\"445\" height=\"273\"\/><\/div><\/div>\n<div class=\"hr hr-solid\">&nbsp;<\/div>\n<p style=\"text-align: center\"><a href=\"\/de\/kauf\/\" class=\"jumbo orange tt-button\" target=\"_self\"> W\u00e4hlen Sie Ihre Version <\/a>\n<\/div>\n","protected":false},"excerpt":{"rendered":"<p>\u00a0<\/p>\n","protected":false},"author":2,"featured_media":0,"parent":0,"menu_order":2,"comment_status":"open","ping_status":"closed","template":"","meta":{"inline_featured_image":false,"_monsterinsights_skip_tracking":false,"_monsterinsights_sitenote_active":false,"_monsterinsights_sitenote_note":"","_monsterinsights_sitenote_category":0,"footnotes":""},"class_list":{"0":"post-28991","1":"page","2":"type-page","3":"status-publish","5":"infinite-scroll-item"},"aioseo_notices":[],"_links":{"self":[{"href":"https:\/\/www.labeljoy.com\/de\/wp-json\/wp\/v2\/pages\/28991","targetHints":{"allow":["GET"]}}],"collection":[{"href":"https:\/\/www.labeljoy.com\/de\/wp-json\/wp\/v2\/pages"}],"about":[{"href":"https:\/\/www.labeljoy.com\/de\/wp-json\/wp\/v2\/types\/page"}],"author":[{"embeddable":true,"href":"https:\/\/www.labeljoy.com\/de\/wp-json\/wp\/v2\/users\/2"}],"replies":[{"embeddable":true,"href":"https:\/\/www.labeljoy.com\/de\/wp-json\/wp\/v2\/comments?post=28991"}],"version-history":[{"count":4,"href":"https:\/\/www.labeljoy.com\/de\/wp-json\/wp\/v2\/pages\/28991\/revisions"}],"predecessor-version":[{"id":28995,"href":"https:\/\/www.labeljoy.com\/de\/wp-json\/wp\/v2\/pages\/28991\/revisions\/28995"}],"wp:attachment":[{"href":"https:\/\/www.labeljoy.com\/de\/wp-json\/wp\/v2\/media?parent=28991"}],"curies":[{"name":"wp","href":"https:\/\/api.w.org\/{rel}","templated":true}]}}