{"id":30329,"date":"2018-07-19T21:29:24","date_gmt":"2018-07-19T21:29:24","guid":{"rendered":"https:\/\/www.labeljoy.com\/de\/?page_id=30329"},"modified":"2020-12-09T17:01:02","modified_gmt":"2020-12-09T17:01:02","slug":"verordnung-eu-2016679-dsgvo","status":"publish","type":"page","link":"https:\/\/www.labeljoy.com\/de\/verordnung-eu-2016679-dsgvo\/","title":{"rendered":"Verordnung (EU) 2016\/679 \u2013 DSGVO"},"content":{"rendered":"<p><strong>Der Schutz der Privatsph\u00e4re unserer Nutzer hat f\u00fcr uns Priorit\u00e4t<\/strong>, deshalb ergreifen wir die gr\u00f6\u00dftm\u00f6glichen Ma\u00dfnahmen und Best Practices zum Datenschutz. Unsere Arbeit basiert auf Privacy by Design.<\/p>\n<p>Unser Unternehmen hat unsere Standards bereits nach der <strong>DSGVO<\/strong> (Datenschutz-Grundverordnung) angehoben. F\u00fcr uns ist es ein wichtiger Schritt, um die <strong>Sicherheit Ihrer Daten zu erh\u00f6hen.<\/strong><\/p>\n<p>Wir wollen Sie dar\u00fcber informieren, <strong>was wir getan haben, um mehr Sicherheit zu gew\u00e4hrleisten<\/strong>, au\u00dferdem wollen wir Ihnen helfen, <strong>die DSGVO einzuhalten<\/strong>.<\/p>\n<p>Wenn Sie die DSGVO-Grundkonzepte \u00fcberpr\u00fcfen m\u00f6chten, k\u00f6nnen Sie einen Blick auf <a href=\"\/de\/dsgvo-grundlegende-konzepte\/\"><strong>unseren Leitfaden<\/strong><\/a>, werfen, der nur f\u00fcr Sie geschrieben wurde..<\/p>\n<p>&nbsp;<\/p>\n<h2>Ihre Daten sind bei uns sicher<\/h2>\n<p>Vor einiger Zeit hat unser Team einige Verbesserungen zum Schutz Ihrer Daten und Ihrer Privatsph\u00e4re vorgenommen. Damit sind wir bereits jetzt perfekt im Einklang mit der DSGVO.<\/p>\n<p><strong>Unser Engagement ist kontinuierlich.<\/strong>Tats\u00e4chlich \u00fcberpr\u00fcfen wir regelm\u00e4\u00dfig die Effizienz und Angemessenheit der getroffenen und durchgef\u00fchrten Ma\u00dfnahmen, um den Schutz der Datenbank, der Rechte und Grundfreiheiten der Menschen und die Anwendung der Datenverarbeitung durch diejenigen zu gew\u00e4hrleisten, die unsere Dienste in Anspruch nehmen.<\/p>\n<p>In der folgenden Tabelle finden Sie alle Details \u00fcber die geleistete Arbeit, die es Ihnen erm\u00f6glicht, unsere Produkte und Dienstleistungen sicher zu nutzen.<\/p>\n<table class=\"gdpr-table\">\n<tbody>\n<tr>\n<td align=\"left\" valign=\"center\">Wir haben einen Datenschutzbeauftragten ernannt.<\/td>\n<td align=\"center\" valign=\"top\" width=\"100\"><img decoding=\"async\" width=\"28\" height=\"28\" src=\"\/images\/check-ok.png\" alt=\"\" \/><\/td>\n<\/tr>\n<tr>\n<td align=\"left\" valign=\"center\">Wir haben ein Team ausgebildet, das sich mit der Datenverarbeitung und den damit verbundenen Kontrollt\u00e4tigkeiten besch\u00e4ftigt.<\/td>\n<td align=\"center\" valign=\"top\" width=\"100\"><img decoding=\"async\" width=\"28\" height=\"28\" src=\"\/images\/check-ok.png\" alt=\"\" \/><\/td>\n<\/tr>\n<tr>\n<td align=\"left\" valign=\"center\">Unsere Richtlinie \u00fcber die Rechte des Betroffenen und die Verfahren zum Nachweis der Zustimmung zur Verarbeitung der Daten wurden aktualisiert.<\/td>\n<td align=\"center\" valign=\"top\" width=\"100\"><img decoding=\"async\" width=\"28\" height=\"28\" src=\"\/images\/check-ok.png\" alt=\"\" \/><\/td>\n<\/tr>\n<tr>\n<td align=\"left\" valign=\"center\">Wir haben eine detaillierte und angemessene, leicht verst\u00e4ndliche Offenlegung der DSGVO erstellt, damit die Betroffenen wissen, wie sie ihre Rechte wahrnehmen k\u00f6nnen.<\/td>\n<td align=\"center\" valign=\"top\" width=\"100\"><img decoding=\"async\" width=\"28\" height=\"28\" src=\"\/images\/check-ok.png\" alt=\"\" \/><\/td>\n<\/tr>\n<tr>\n<td align=\"left\" valign=\"center\">Im Falle eines Versto\u00dfes gegen personenbezogene Daten sind unsere Antwortverfahren schnell und erfolgen ohne Verz\u00f6gerung, nachdem die Anomalie festgestellt wurde.<\/td>\n<td align=\"center\" valign=\"top\" width=\"100\"><img decoding=\"async\" width=\"28\" height=\"28\" src=\"\/images\/check-ok.png\" alt=\"\" \/><\/td>\n<\/tr>\n<tr>\n<td align=\"left\" valign=\"center\">Wir haben die DPIA durchgef\u00fchrt, das ist die Bewertung der Auswirkungen auf den Datenschutz.<\/td>\n<td align=\"center\" valign=\"top\" width=\"100\"><img decoding=\"async\" width=\"28\" height=\"28\" src=\"\/images\/check-ok.png\" alt=\"\" \/><\/td>\n<\/tr>\n<tr>\n<td align=\"left\" valign=\"center\">Wir haben die DSGVO-Grunds\u00e4tze auf verschiedene Aspekte der Datenverarbeitung angewandt: Aktivit\u00e4ten, Ziele, Beschreibung der Kategorien von Empf\u00e4ngern und eventuelle Daten\u00fcbermittlungen.<\/td>\n<td align=\"center\" valign=\"top\" width=\"100\"><img decoding=\"async\" width=\"28\" height=\"28\" src=\"\/images\/check-ok.png\" alt=\"\" \/><\/td>\n<\/tr>\n<tr>\n<td align=\"left\" valign=\"center\">Unsere technischen und organisatorischen Ma\u00dfnahmen wurden konsolidiert.<\/td>\n<td align=\"center\" valign=\"top\" width=\"100\"><img decoding=\"async\" width=\"28\" height=\"28\" src=\"\/images\/check-ok.png\" alt=\"\" \/><\/td>\n<\/tr>\n<tr>\n<td align=\"left\" valign=\"center\">Wir garantieren die Daten\u00fcbertragungsrechte von und zu Drittsystemen.<\/td>\n<td align=\"center\" valign=\"top\" width=\"100\"><img decoding=\"async\" width=\"28\" height=\"28\" src=\"\/images\/check-ok.png\" alt=\"\" \/><\/td>\n<\/tr>\n<tr>\n<td align=\"left\" valign=\"center\">Das Schutzniveau f\u00fcr die Daten\u00fcbermittlung in Nicht-EU-L\u00e4nder wurde durch entsprechende Protokolle verst\u00e4rkt.<\/td>\n<td align=\"center\" valign=\"top\" width=\"100\"><img decoding=\"async\" width=\"28\" height=\"28\" src=\"\/images\/check-ok.png\" alt=\"\" \/><\/td>\n<\/tr>\n<tr>\n<td align=\"left\" valign=\"center\">Vor einiger Zeit haben wir uns f\u00fcr Privacy by Design entschieden, um die Prinzipien der DSGVO in Datenschutz und Datenverarbeitung effizient umzusetzen.<\/td>\n<td align=\"center\" valign=\"top\" width=\"100\"><img decoding=\"async\" width=\"28\" height=\"28\" src=\"\/images\/check-ok.png\" alt=\"\" \/><\/td>\n<\/tr>\n<tr>\n<td align=\"left\" valign=\"center\">Am 24. Mai 2018 werden wir die neue Offenlegung ver\u00f6ffentlichen.<\/td>\n<td align=\"center\" valign=\"top\" width=\"100\"><img decoding=\"async\" width=\"28\" height=\"28\" src=\"\/images\/check-ok.png\" alt=\"\" \/><\/td>\n<\/tr>\n<\/tbody>\n<\/table>\n","protected":false},"excerpt":{"rendered":"<p>Der Schutz der Privatsph\u00e4re unserer Nutzer hat f\u00fcr uns Priorit\u00e4t, deshalb ergreifen wir die gr\u00f6\u00dftm\u00f6glichen Ma\u00dfnahmen und Best Practices zum Datenschutz. Unsere Arbeit basiert auf Privacy by Design. Unser Unternehmen hat unsere Standards bereits nach der DSGVO (Datenschutz-Grundverordnung) angehoben. F\u00fcr uns ist es ein wichtiger Schritt, um die Sicherheit Ihrer Daten zu erh\u00f6hen. Wir wollen &#8230; <a title=\"Verordnung (EU) 2016\/679 \u2013 DSGVO\" class=\"read-more\" href=\"https:\/\/www.labeljoy.com\/de\/verordnung-eu-2016679-dsgvo\/\" aria-label=\"Mehr Informationen \u00fcber Verordnung (EU) 2016\/679 \u2013 DSGVO\">Read more<\/a><\/p>\n","protected":false},"author":12,"featured_media":0,"parent":0,"menu_order":2,"comment_status":"open","ping_status":"closed","template":"","meta":{"inline_featured_image":false,"_monsterinsights_skip_tracking":false,"_monsterinsights_sitenote_active":false,"_monsterinsights_sitenote_note":"","_monsterinsights_sitenote_category":0,"footnotes":""},"class_list":{"0":"post-30329","1":"page","2":"type-page","3":"status-publish","5":"infinite-scroll-item"},"aioseo_notices":[],"_links":{"self":[{"href":"https:\/\/www.labeljoy.com\/de\/wp-json\/wp\/v2\/pages\/30329","targetHints":{"allow":["GET"]}}],"collection":[{"href":"https:\/\/www.labeljoy.com\/de\/wp-json\/wp\/v2\/pages"}],"about":[{"href":"https:\/\/www.labeljoy.com\/de\/wp-json\/wp\/v2\/types\/page"}],"author":[{"embeddable":true,"href":"https:\/\/www.labeljoy.com\/de\/wp-json\/wp\/v2\/users\/12"}],"replies":[{"embeddable":true,"href":"https:\/\/www.labeljoy.com\/de\/wp-json\/wp\/v2\/comments?post=30329"}],"version-history":[{"count":2,"href":"https:\/\/www.labeljoy.com\/de\/wp-json\/wp\/v2\/pages\/30329\/revisions"}],"predecessor-version":[{"id":30333,"href":"https:\/\/www.labeljoy.com\/de\/wp-json\/wp\/v2\/pages\/30329\/revisions\/30333"}],"wp:attachment":[{"href":"https:\/\/www.labeljoy.com\/de\/wp-json\/wp\/v2\/media?parent=30329"}],"curies":[{"name":"wp","href":"https:\/\/api.w.org\/{rel}","templated":true}]}}