{"id":30334,"date":"2018-07-19T22:00:19","date_gmt":"2018-07-19T22:00:19","guid":{"rendered":"https:\/\/www.labeljoy.com\/de\/?page_id=30334"},"modified":"2020-12-04T16:38:17","modified_gmt":"2020-12-04T16:38:17","slug":"grundsaetzliche-information","status":"publish","type":"page","link":"https:\/\/www.labeljoy.com\/de\/dsgvo-einfuehrung-ziele\/grundsaetzliche-information\/","title":{"rendered":"Grunds\u00e4tzliche Information"},"content":{"rendered":"<p><img decoding=\"async\" class=\"alignnone size-full wp-image-29573\" src=\"https:\/\/www.labeljoy.com\/wp-content\/uploads\/2018\/05\/gdpr-base.png\" alt=\"\" width=\"1280\" height=\"700\" srcset=\"https:\/\/www.labeljoy.com\/wp-content\/uploads\/2018\/05\/gdpr-base.png 1280w, https:\/\/www.labeljoy.com\/wp-content\/uploads\/2018\/05\/gdpr-base-300x164.png 300w, https:\/\/www.labeljoy.com\/wp-content\/uploads\/2018\/05\/gdpr-base-768x420.png 768w, https:\/\/www.labeljoy.com\/wp-content\/uploads\/2018\/05\/gdpr-base-1024x560.png 1024w\" sizes=\"(max-width: 1280px) 100vw, 1280px\" \/><\/p>\n<div class=\"one_third\">\n<h4>Wer wir sind<\/h4>\n<\/div>\n<div class=\"two_thirds\">\n<p>Delivery Tech ist ein Unternehmen mit Sitz in den Vereinigten Staaten von Amerika (USA) und operiert von Kalifornien aus.<br \/>\nDa unser Unternehmen weltweit Dienstleistungen anbietet, haben wir eDisplay Srl zu unserem europ\u00e4ischen Repr\u00e4sentanten ernannt. eDisplay Srl ist verantwortlich f\u00fcr die Zusammenarbeit mit der Datenschutzbeh\u00f6rde und dem europ\u00e4ischen Kundenkreis. Auf unseren Seiten finden Sie eine Reihe von Referenzen zu eDisplay Srl.<\/p>\n<ul>\n<li><strong>Delivery Tech Corp., 4411 Morena Blvd #105, San Diego, CA 92117<\/strong><\/li>\n<li><strong>eDisplay Srl, Viale del Lavoro 53, 08023, Fonni (NU)<\/strong><\/li>\n<\/ul>\n<\/div>\n<div class=\"hr hr-solid\">&nbsp;<\/div>\n<div class=\"one_third\">\n<h4>Umfang der EU-konformen Datenschutz- und Sicherheitsbestimmungen \u2013 Europ\u00e4ische Anforderungen<\/h4>\n<\/div>\n<div class=\"two_thirds\">\n<p>Da sich Delivery Tech in Kalifornien befindet, unterliegt unser Unternehmen auch dem US-Gesetz bez\u00fcglich Sicherheits- und Datenschutzbestimmungen.<br \/>\n<strong>Diese Mitteilung gilt nur, wenn Delivery Tech Kundendaten mit Kontaktlisten verarbeitet, die die pers\u00f6nlichen Daten von EU-Unternehmen enthalten. F\u00fcr alle anderen Kunden gelten die Datenschutzbestimmungen des Landes, in dem die Daten erhoben werden.<\/strong><br \/>\nWir sind immer sehr aufmerksam bei der Privatsph\u00e4re und Sicherheit unserer Kunden auf der ganzen Welt, deshalb haben wir Schritte unternommen, um den sichersten und transparentesten Service zu gew\u00e4hrleisten. Dazu geh\u00f6rt auch die Ausweitung unserer Datenschutzerkl\u00e4rung auf die EU-Verordnung 2016\/79, die am 25. Mai in Kraft getreten ist.<br \/>\nDurch die Nutzung unserer Websites und unserer Dienstleistungen erkl\u00e4ren Sie sich mit der Erhebung, Speicherung, Verarbeitung und Weitergabe Ihrer Daten an unsere Einrichtungen in den USA sowie an Dritte einverstanden. Diese Dritten sind in der Lage, diese Daten gem\u00e4\u00df den in dieser Erkl\u00e4rung beschriebenen Bedingungen und Methoden zu verwenden.<br \/>\nUm die Daten von europ\u00e4ischen B\u00fcrgern zu sch\u00fctzen, die von unseren Nutzern in unsere Systeme eingegeben werden, wenden wir ein Modell der Datenschutzvereinbarung (DPA) an. Wir zeigen die Behandlungsmethoden, die Zusammenarbeit und die Bedingungen f\u00fcr den Dienst, die wir \u00fcbernommen haben.<br \/>\nRegistrierte Benutzer in der EU (ob Abonnenten oder Benutzer von kostenlosen Versionen), die Delivery Tech f\u00fcr kommerzielle Zwecke nutzen, m\u00fcssen unserer DPA beitreten, um unsere Anwendungen weiterhin nutzen zu k\u00f6nnen.<\/p>\n<\/div>\n<div class=\"hr hr-solid\">&nbsp;<\/div>\n<div class=\"one_third\">\n<h4>Datenverantwortliche<\/h4>\n<\/div>\n<div class=\"two_thirds\">\n<p>Bei Delivery Tech Corp. fungieren wir auch als Datenverantwortliche, aber nur, wenn wir Ihre personenbezogenen Daten f\u00fcr unseren eigenen Gebrauch w\u00e4hrend der Lieferung der von Ihnen erworbenen Dienstleistungen sammeln. In diesem Moment stellen wir eine direkte Beziehung zwischen Ihnen und uns her.<br \/>\nAls Datenverantwortliche garantieren wir die Einhaltung der Vorschriften zum Schutz personenbezogener Daten. Wir stellen alle n\u00fctzlichen Informationen \u00fcber die Verarbeitung von Daten zur Verf\u00fcgung, sowohl Informationen, die direkt und freiwillig \u00fcbermittelt werden, als auch alle Informationen, die das System w\u00e4hrend der Navigation auf der Website und bei der Nutzung unserer Dienste sammelt.<br \/>\nInsbesondere wird der Datenverarbeiter der Delivery Tech Corp. ihr pro-tempor\u00e4rer Administrator, unterst\u00fctzt durch den Datenschutzbeauftragten (DPO), der die Einhaltung der von der DSGVO auferlegten Regeln garantiert.<br \/>\nSie k\u00f6nnen unseren Datenverwalter \u00fcber diese E-Mail-Adresse kontaktieren: <a href=\"mailto:privacy@edisplay.it\" target=\"_blank\" rel=\"noopener noreferrer\">privacy@edisplay.it<\/a><\/p>\n<\/div>\n<div class=\"hr hr-solid\">&nbsp;<\/div>\n<div class=\"one_third\">\n<h4>Datenverarbeiter<\/h4>\n<\/div>\n<div class=\"two_thirds\">\n<p>Wenn Sie unsere Dienste nutzen, k\u00f6nnen Sie Daten zusammen mit den pers\u00f6nlichen Informationen, die Sie von Ihren Abonnenten oder anderen Personen gesammelt haben, in Ihr System importieren. In diesem Fall, da wir keine direkte Beziehung zu Ihren Mitgliedern oder anderen Personen als Ihnen haben, werden Sie der Datenverantwortliche. Es wird Ihre Aufgabe sein, daf\u00fcr zu sorgen, dass Sie die entsprechende Berechtigung haben, Informationen zu den verschiedenen Themen zu sammeln und zu verarbeiten.<br \/>\nIn \u00dcbereinstimmung mit der Verwendung der verarbeiteten personenbezogenen Daten schlie\u00dfen Sie mit Delivery Tech als Dienstleister f\u00fcr Ihre Abonnenten \u00fcber unsere Plattformen eine Datenschutzvereinbarung (DPA) ab. Die Vereinbarung dient der Sicherstellung der korrekten Verwendung der Daten mit den entsprechenden Garantien, die wir Ihnen als Datenverarbeiter geben.<br \/>\nIn diesem Fall werden wir personenbezogene Daten, die im Auftrag unserer Nutzer verarbeitet werden, so lange wie n\u00f6tig aufbewahren:<\/p>\n<ul style=\"list-style-type: upper-latin\">\n<li>um unsere Dienste anzubieten<\/li>\n<li>um unsere gesetzlichen Verpflichtungen zu erf\u00fcllen;<\/li>\n<li>um Streitigkeiten zu l\u00f6sen;<\/li>\n<li>um Missbrauch verhindern.<\/li>\n<li>um unsere Vereinbarungen durchzusetzen.<\/li>\n<\/ul>\n<\/div>\n<div class=\"hr hr-solid\">&nbsp;<\/div>\n<div class=\"one_third\">\n<h4>EU-Vertreter des Datenverantwortlichen<\/h4>\n<\/div>\n<div class=\"two_thirds\">\n<p>In dem speziellen Fall, in dem wir bei Delivery Tech die Datenverantwortlichen f\u00fcr einen europ\u00e4ischen B\u00fcrger sind, benennen wir einen EU-Vertreter, der im Auftrag von Delivery Tech w\u00e4hrend der Zusammenarbeit mit den Kontrollbeh\u00f6rden handelt.<br \/>\nDer EU-Vertreter der Delivery Tech Corp. ist eDisplay Srl. Da sich unser Hauptsitz in Kalifornien befindet und wir von den USA aus operieren, ist dies eine wichtige Aufgabe, die es uns erm\u00f6glicht, Sie optimal zu unterst\u00fctzen.<br \/>\nF\u00fcr europ\u00e4ische Kunden stellt eDisplay Srl auch Rechnungen aus und minimiert den Datentransfer von und in die USA.<\/p>\n<\/div>\n<div class=\"hr hr-solid\">&nbsp;<\/div>\n<div class=\"one_third\">\n<h4>Data Privacy Shield (Daten-Schutzschild)<\/h4>\n<\/div>\n<div class=\"two_thirds\">\n<p>Delivery Tech erwartet die Genehmigung zur Ausstellung eines Konformit\u00e4tszertifikats vom EU-US Privacy Shield Framework. Wir verpflichten uns, alle personenbezogenen Daten, die wir von den EU-Mitgliedstaaten erhalten, so zu \u00fcbermitteln, dass sie den Grunds\u00e4tzen des Privacy Shield Framework entsprechen.<br \/>\nF\u00fcr weitere Informationen zum Privacy Shield Framework besuchen Sie bitte die Privacy Shield Website des US-Handelsministeriums:\u00a0<a href=\"https:\/\/www.privacyshield.gov\/welcome\">https:\/\/www.privacyshield.gov\/welcome<\/a><\/p>\n<\/div>\n","protected":false},"excerpt":{"rendered":"","protected":false},"author":12,"featured_media":0,"parent":30326,"menu_order":0,"comment_status":"open","ping_status":"closed","template":"page-template-left-sidebar.php","meta":{"inline_featured_image":false,"_monsterinsights_skip_tracking":false,"_monsterinsights_sitenote_active":false,"_monsterinsights_sitenote_note":"","_monsterinsights_sitenote_category":0,"footnotes":""},"class_list":{"0":"post-30334","1":"page","2":"type-page","3":"status-publish","5":"infinite-scroll-item"},"aioseo_notices":[],"_links":{"self":[{"href":"https:\/\/www.labeljoy.com\/de\/wp-json\/wp\/v2\/pages\/30334","targetHints":{"allow":["GET"]}}],"collection":[{"href":"https:\/\/www.labeljoy.com\/de\/wp-json\/wp\/v2\/pages"}],"about":[{"href":"https:\/\/www.labeljoy.com\/de\/wp-json\/wp\/v2\/types\/page"}],"author":[{"embeddable":true,"href":"https:\/\/www.labeljoy.com\/de\/wp-json\/wp\/v2\/users\/12"}],"replies":[{"embeddable":true,"href":"https:\/\/www.labeljoy.com\/de\/wp-json\/wp\/v2\/comments?post=30334"}],"version-history":[{"count":6,"href":"https:\/\/www.labeljoy.com\/de\/wp-json\/wp\/v2\/pages\/30334\/revisions"}],"predecessor-version":[{"id":34488,"href":"https:\/\/www.labeljoy.com\/de\/wp-json\/wp\/v2\/pages\/30334\/revisions\/34488"}],"up":[{"embeddable":true,"href":"https:\/\/www.labeljoy.com\/de\/wp-json\/wp\/v2\/pages\/30326"}],"wp:attachment":[{"href":"https:\/\/www.labeljoy.com\/de\/wp-json\/wp\/v2\/media?parent=30334"}],"curies":[{"name":"wp","href":"https:\/\/api.w.org\/{rel}","templated":true}]}}