{"id":30342,"date":"2018-07-19T22:28:36","date_gmt":"2018-07-19T22:28:36","guid":{"rendered":"https:\/\/www.labeljoy.com\/de\/?page_id=30342"},"modified":"2018-07-19T22:29:04","modified_gmt":"2018-07-19T22:29:04","slug":"wie-delivery-tech-ihre-informationen-verwendet","status":"publish","type":"page","link":"https:\/\/www.labeljoy.com\/de\/dsgvo-einfuehrung-ziele\/wie-delivery-tech-ihre-informationen-verwendet\/","title":{"rendered":"Wie Delivery Tech Ihre Informationen verwendet"},"content":{"rendered":"<p><img decoding=\"async\" class=\"alignnone size-full wp-image-29570\" src=\"https:\/\/www.labeljoy.com\/wp-content\/uploads\/2018\/05\/GDPR-intro.png\" alt=\"\" width=\"1280\" height=\"700\" srcset=\"https:\/\/www.labeljoy.com\/wp-content\/uploads\/2018\/05\/GDPR-intro.png 1280w, https:\/\/www.labeljoy.com\/wp-content\/uploads\/2018\/05\/GDPR-intro-300x164.png 300w, https:\/\/www.labeljoy.com\/wp-content\/uploads\/2018\/05\/GDPR-intro-768x420.png 768w, https:\/\/www.labeljoy.com\/wp-content\/uploads\/2018\/05\/GDPR-intro-1024x560.png 1024w\" sizes=\"(max-width: 1280px) 100vw, 1280px\" \/><\/p>\n<div class=\"one_third\">\n<h4>Zweck und Ziel der Datenverarbeitung \u2013 Rechtsgrundlage als Datenverantwortlicher<\/h4>\n<\/div>\n<div class=\"two_thirds\">\n<p>Wir verarbeiten Ihre Daten, um unsere Ziele und die von Dritten zu verfolgen, und wenden angemessene Schutzvorkehrungen an, um Ihre Privatsph\u00e4re zu sch\u00fctzen.<\/p>\n<p>Der Hauptzweck der Erhebung personenbezogener Daten ist es, ein sicheres, optimales, effizientes und personalisiertes Erlebnis zu bieten. Um dieses Ziel zu erreichen, informieren wir Sie, dass wir berechtigte Interessen verfolgen, wie in Artikel 6 der DSGVO \u00fcber die Rechtm\u00e4\u00dfigkeit der Datenverarbeitung vorgesehen: \u201cEs ist auch ein berechtigtes Interesse des betroffenen Datenverantwortlichen, personenbezogene Daten zu verarbeiten, die f\u00fcr die Betrugspr\u00e4vention unbedingt erforderlich sind. Es kann als berechtigtes Interesse angesehen werden, personenbezogene Daten f\u00fcr Direktmarketingzwecke zu verarbeiten.\u201d<\/p>\n<p>Wir versichern Ihnen, dass Ihre Daten nur f\u00fcr die folgenden Zwecke verwendet werden:<\/p>\n<ul>\n<li><strong>um die Nutzung unserer Dienste zu f\u00f6rdern<\/strong>. Wenn Sie Informationen anfordern oder sich f\u00fcr kostenlose Dienste registrieren und uns Ihre Daten hinterlassen, k\u00f6nnen wir Sie telefonisch oder per E-Mail kontaktieren:\n<ul style=\"list-style-type: lower-alpha;\">\n<li><span style=\"font-weight: 400;\">um Ihr Feedback zu erbitten;<\/span><\/li>\n<li><span style=\"font-weight: 400;\">um Ihnen vorzuschlagen, sich f\u00fcr einen unserer Dienste, Anwendungen oder Software zu registrieren.<\/span><\/li>\n<\/ul>\n<p>Wenn Sie bereits einen unserer Dienste (kostenlos oder kostenpflichtig) nutzen und wir glauben, dass Sie von der Nutzung eines anderen Lieferservices, einer anderen Anwendung oder Software profitieren k\u00f6nnten, k\u00f6nnten wir Ihnen eine E-Mail \u00fcber diese M\u00f6glichkeit senden oder Sie kontaktieren, um Ihnen Informationen und Werbeinhalte in \u00dcbereinstimmung mit Ihren Marketingpr\u00e4ferenzen zu senden.<\/li>\n<li><strong>Rechnung oder Versand von Zahlungsaufforderungen<\/strong>. Wir k\u00f6nnen Ihre Informationen verwenden, um Ihnen E-Mails mit Rechnungen, Quittungen oder Insolvenzmitteilungen zu senden. Wir verwenden Dritte, um Kreditkartentransaktionen sicher abzuwickeln und die Rechnungsdaten an diese Dritten zur Abwicklung Ihrer Bestellungen und Zahlungen zu \u00fcbermitteln.<\/li>\n<li><strong>Zum Senden von Systemwarnmeldungen<\/strong>.Sie erhalten m\u00f6glicherweise Mitteilungen \u00fcber die von Ihnen verwendeten Dienste, Anwendungen oder technische Software. Der Zweck ist es, Sie zu warnen, im Falle von:\n<ul style=\"list-style-type: lower-alpha;\">\n<li>tempor\u00e4ren oder dauerhaften \u00c4nderungen an unseren Diensten, Anwendungen oder Software;<\/li>\n<li>\u00c4nderung der Nutzungsbedingungen;<\/li>\n<li>geplanten Unterbrechungen;<\/li>\n<li>neuen Funktionen<\/li>\n<li>Versions-Updates;<\/li>\n<li>Hinweisen auf Missbrauch oder Datenschutzverletzungen (auch \u201cData breach\u201d genannt);<\/li>\n<li>Aktualisierungen und \u00c4nderungen unserer Datenschutzerkl\u00e4rung.<\/li>\n<\/ul>\n<\/li>\n<li><strong>um Hilfe bereitzustellen<\/strong>.Wir k\u00f6nnen mit Ihnen oder mit Mitgliedern Ihrer Kontaktliste kommunizieren, um Hilfe und Unterst\u00fctzung in Bezug auf die verwendeten Dienste, Anwendungen und Software bereitzustellen.<\/li>\n<li><strong>Aus rechtlichen Gr\u00fcnden<\/strong>. Sie k\u00f6nnen Mitteilungen rechtlicher Art erhalten, wie z.B. die Einhaltung von Gerichtsbeschl\u00fcssen.<\/li>\n<li><strong>um Informationen f\u00fcr Vertreter und Berater<\/strong>, einschlie\u00dflich Anw\u00e4lte und Buchhalter, zu liefern. M\u00f6glicherweise m\u00fcssen wir Ihre Daten verwenden, um die gesetzlichen, buchhalterischen oder sicherheitstechnischen Anforderungen zu erf\u00fcllen.<\/li>\n<li><strong>um auf legitime Anfragen von Beh\u00f6rden zu reagieren<\/strong>. Wenn eine Beh\u00f6rde einen legitimen Antrag stellt, der durch die Einhaltung der nationalen Sicherheitsanforderungen oder durch die Strafverfolgung motiviert ist, k\u00f6nnen Ihre Daten verwendet werden.<\/li>\n<li><strong>zur \u00dcbermittlung Ihrer Daten bei Verkauf, Fusion, Konsolidierung, Liquidation, Reorganisation oder Erwerb<\/strong>.  In diesem Fall unterliegt jeder K\u00e4ufer unseren Verpflichtungen im Rahmen dieser Datenschutzrichtlinie, einschlie\u00dflich der Zugangs- und Auswahlrechte. Wir werden Sie \u00fcber die \u00c4nderung informieren, indem wir Ihnen eine E-Mail senden oder eine Mitteilung auf unserer Website ver\u00f6ffentlichen.<\/li>\n<\/ul>\n<\/div>\n<div class=\"hr hr-solid\">&nbsp;<\/div>\n<div class=\"one_third\">\n<h4>Wenn Delivery Tech Ihre Daten weitergibt \u2013 Empf\u00e4nger der Daten<\/h4>\n<\/div>\n<div class=\"two_thirds\">\n<p>Die personenbezogenen Daten, die wir sammeln, sind dazu bestimmt, die kommerziellen, buchhalterischen und technischen Dienstleistungen von Delivery Tech zu erbringen. Sie k\u00f6nnen auch an Vertragsunternehmen geschickt werden, die Delivery Tech zur Ausf\u00fchrung von Dienstleistungen nutzt, wie z.B. eDisplay Srl, ein Unternehmen, das Delivery Tech in der EU vertritt.<br \/>\nEine Weitergabe personenbezogener Daten an Dritte zu Marketingzwecken ist ohne Ihre ausdr\u00fcckliche Zustimmung nicht m\u00f6glich. Die Weitergabe von personenbezogenen Daten, die Sie uns zur Verf\u00fcgung gestellt haben, an Dritte kann nur in den folgenden F\u00e4llen erfolgen:<\/p>\n<ul>\n<li>mit Ihrer Erlaubnis;<\/li>\n<li>auf Antrag der zust\u00e4ndigen Justizbeh\u00f6rden bei gerichtlichen Ermittlungen oder im Rahmen einer gerichtlichen Auseinandersetzung.<\/li>\n<\/ul>\n<\/div>\n<div class=\"hr hr-solid\">&nbsp;<\/div>\n<div class=\"one_third\">\n<h4>Zweck und Ziel der Datenverarbeitung als verantwortlicher B2B-Nutzer<\/h4>\n<\/div>\n<div class=\"two_thirds\">\n<p>Wenn Sie unsere Dienste nutzen, k\u00f6nnen Sie Daten zusammen mit den pers\u00f6nlichen Informationen, die Sie von Ihren Abonnenten oder anderen Personen gesammelt haben, in Ihr System importieren. Wir haben keine direkte Beziehung zu Ihren Abonnenten, daher ist es Ihre Aufgabe sicherzustellen, dass Sie \u00fcber die entsprechende Berechtigung f\u00fcr die Erhebung und Verarbeitung von Daten zu diesen Themen verf\u00fcgen.<br \/>\nIn \u00dcbereinstimmung mit der DSGVO k\u00f6nnen wir Ihre pers\u00f6nlichen Daten oder Abonnenten-Informationen an Unternehmen weitergeben, die uns unterst\u00fctzen und uns helfen, unsere Dienstleistungen zu gew\u00e4hrleisten.<br \/>\nF\u00fcr statistische oder Forschungszwecke k\u00f6nnen wir die \u00fcber unsere Dienste gesammelten Informationen kategorisieren. Dies betrifft insbesondere:<\/p>\n<ul>\n<li>Daten, die Sie uns direkt zur Verf\u00fcgung gestellt haben;<\/li>\n<li>von Ihnen gesammelten Daten;<\/li>\n<li>Daten, die von den Mitgliedern Ihrer Listen auf unklare Weise gesammelt wurden.<\/li>\n<\/ul>\n<\/div>\n<div class=\"hr hr-solid\">&nbsp;<\/div>\n<div class=\"one_third\">\n<h4>Datenverarbeitung zur Erbringung, Unterst\u00fctzung und Verbesserung der von uns angebotenen Dienstleistungen und zur Unterbreitung von Vorschl\u00e4gen<\/h4>\n<\/div>\n<div class=\"two_thirds\">\n<p>Wir sammeln Daten f\u00fcr legitime und pr\u00e4zise Zwecke:<\/p>\n<ul>\n<li>um bessere Dienstleistungen anzubieten und Ihnen genauere Statistiken zur Verf\u00fcgung zu stellen, die Ihnen helfen, die Leistung Ihrer Kampagnen und den Prozentsatz der E-Mail-Zustellung zu erh\u00f6hen;<\/li>\n<li>um neue Funktionen hinzuzuf\u00fcgen, um unseren Nutzern das beste Angebot zu garantieren;<\/li>\n<li>um Produkte oder Dienstleistungen vorzuschlagen, die f\u00fcr Sie oder die Abonnenten Ihrer Listen interessant oder relevant sein k\u00f6nnten. (Einige dieser Vorschl\u00e4ge werden von unseren \u201cdata science\u201d-Algorithmen generiert.)<\/li>\n<\/ul>\n<p>Profiling erlaubt es uns, pers\u00f6nliche Informationen mit anderen Informationen zu kombinieren, die wir von Ihnen sammeln oder erhalten (wie z.B. Informationen von unseren Partnern, die Kreditkartenzahlungen verwalten), um Sie auf eine personalisierte Art und Weise entsprechend Ihren Pr\u00e4ferenzen oder Einschr\u00e4nkungen zu bedienen, oder f\u00fcr Werbe- oder Targetingzwecke in \u00dcbereinstimmung mit dieser Datenschutzrichtlinie.<br \/>\nWenn wir personenbezogene Daten mit anderen Informationen auf diese Weise kombinieren, behandeln wir diese Informationen gewissenhaft, um sicherzustellen, dass alle Sicherheitsma\u00dfnahmen bei der Verarbeitung personenbezogener Daten wie in dieser Mitteilung beschrieben angewendet werden.<br \/>\n<\/div>\n<div class=\"hr hr-solid\">&nbsp;<\/div>\n<div class=\"one_third\">\n<h4>Profilerstellung<\/h4>\n<\/div>\n<div class=\"two_thirds\">\n<p>Wir nutzen Ihre Daten auch f\u00fcr Direktmarketingzwecke. Sie k\u00f6nnen diese Art von Aktivit\u00e4t jederzeit ablehnen. Sie sind und werden immer dar\u00fcber informiert, wie, wo und wann wir diese Ma\u00dfnahme ergreifen. Unsere Dienstleistungen beinhalten keine automatischen Ma\u00dfnahmen, die Sie rechtlich oder erheblich beeintr\u00e4chtigen k\u00f6nnen.<\/p>\n<\/div>\n","protected":false},"excerpt":{"rendered":"","protected":false},"author":12,"featured_media":0,"parent":30326,"menu_order":0,"comment_status":"open","ping_status":"closed","template":"page-template-left-sidebar.php","meta":{"inline_featured_image":false,"_monsterinsights_skip_tracking":false,"_monsterinsights_sitenote_active":false,"_monsterinsights_sitenote_note":"","_monsterinsights_sitenote_category":0,"footnotes":""},"class_list":{"0":"post-30342","1":"page","2":"type-page","3":"status-publish","5":"infinite-scroll-item"},"aioseo_notices":[],"_links":{"self":[{"href":"https:\/\/www.labeljoy.com\/de\/wp-json\/wp\/v2\/pages\/30342","targetHints":{"allow":["GET"]}}],"collection":[{"href":"https:\/\/www.labeljoy.com\/de\/wp-json\/wp\/v2\/pages"}],"about":[{"href":"https:\/\/www.labeljoy.com\/de\/wp-json\/wp\/v2\/types\/page"}],"author":[{"embeddable":true,"href":"https:\/\/www.labeljoy.com\/de\/wp-json\/wp\/v2\/users\/12"}],"replies":[{"embeddable":true,"href":"https:\/\/www.labeljoy.com\/de\/wp-json\/wp\/v2\/comments?post=30342"}],"version-history":[{"count":1,"href":"https:\/\/www.labeljoy.com\/de\/wp-json\/wp\/v2\/pages\/30342\/revisions"}],"predecessor-version":[{"id":30343,"href":"https:\/\/www.labeljoy.com\/de\/wp-json\/wp\/v2\/pages\/30342\/revisions\/30343"}],"up":[{"embeddable":true,"href":"https:\/\/www.labeljoy.com\/de\/wp-json\/wp\/v2\/pages\/30326"}],"wp:attachment":[{"href":"https:\/\/www.labeljoy.com\/de\/wp-json\/wp\/v2\/media?parent=30342"}],"curies":[{"name":"wp","href":"https:\/\/api.w.org\/{rel}","templated":true}]}}