{"id":30345,"date":"2018-07-19T22:32:35","date_gmt":"2018-07-19T22:32:35","guid":{"rendered":"https:\/\/www.labeljoy.com\/de\/?page_id=30345"},"modified":"2018-07-19T22:34:11","modified_gmt":"2018-07-19T22:34:11","slug":"zugriff-export-aenderung-und-entfernung-von-informationen","status":"publish","type":"page","link":"https:\/\/www.labeljoy.com\/de\/dsgvo-einfuehrung-ziele\/zugriff-export-aenderung-und-entfernung-von-informationen\/","title":{"rendered":"Zugriff, Export, \u00c4nderung und Entfernung von Informationen"},"content":{"rendered":"<p><img decoding=\"async\" class=\"alignnone size-full wp-image-29568\" src=\"https:\/\/www.labeljoy.com\/wp-content\/uploads\/2018\/05\/gdpr-esporta.png\" alt=\"\" width=\"1280\" height=\"700\" srcset=\"https:\/\/www.labeljoy.com\/wp-content\/uploads\/2018\/05\/gdpr-esporta.png 1280w, https:\/\/www.labeljoy.com\/wp-content\/uploads\/2018\/05\/gdpr-esporta-300x164.png 300w, https:\/\/www.labeljoy.com\/wp-content\/uploads\/2018\/05\/gdpr-esporta-768x420.png 768w, https:\/\/www.labeljoy.com\/wp-content\/uploads\/2018\/05\/gdpr-esporta-1024x560.png 1024w\" sizes=\"(max-width: 1280px) 100vw, 1280px\" \/><\/p>\n<div class=\"one_third\">\n<h4>Recht auf Zugriff, Berichtigung und Widerspruch<\/h4>\n<\/div>\n<div class=\"two_thirds\">\n<p>Wir haben Mechanismen und Verfahren etabliert, die Ihnen jederzeit und aus legitimen Gr\u00fcnden die M\u00f6glichkeit garantieren:<\/p>\n<ul>\n<li>sich der Datenverarbeitung zu widersetzen;<\/li>\n<li>die L\u00f6schung, \u00c4nderung oder Aktualisierung aller Ihrer personenbezogenen Daten, die sich in unserem Besitz befinden, zu beantragen.<\/li>\n<\/ul>\n<p>Delivery Tech erm\u00f6glicht es Ihnen auch, Ihre Daten jederzeit zu \u00e4ndern, indem Sie \u00fcber unsere Portale auf Ihr Profil zugreifen oder sich an die E-Mail-Adresse wenden, die im Abschnitt \u201cDatenschutz\u201d der Website angegeben ist, auf die sich der jeweilige Dienst bezieht.<br \/>\nSie k\u00f6nnen sich von unserem Newsletter abmelden oder w\u00e4hlen, keine kommerziellen Mitteilungen per E-Mail erhalten. Benutzen Sie einfach den Abmeldelink, der in jeder E-Mail enthalten ist.<br \/>\nSie k\u00f6nnen Antr\u00e4ge auf L\u00f6schung, \u00c4nderung oder Aktualisierung aller personenbezogenen Daten elektronisch \u00fcber die entsprechenden Formulare oder per E-Mail an uns weiterleiten.<br \/>\nDiese Antr\u00e4ge werden innerhalb einer Frist von maximal 30 Tagen bearbeitet, es sei denn, es liegt eine begr\u00fcndete Verz\u00f6gerung vor.<br \/>\nWenn Delivery Tech der Datenverarbeiter ist, helfen wir dem Datenverantwortlichen, die oben genannten Anforderungen zu erf\u00fcllen.<\/p>\n<\/div>\n<div class=\"hr hr-solid\">&nbsp;<\/div>\n<div class=\"one_third\">\n<h4>Recht auf Vergessenwerden<\/h4>\n<\/div>\n<div class=\"two_thirds\">\n<p>Wir haben alle notwendigen Verfahren entwickelt, um Ihr Recht auf Vergessen zu garantieren, damit Sie Ihre pers\u00f6nlichen Daten korrigieren k\u00f6nnen.<br \/>\nAuf Ihre berechtigte Anfrage hin l\u00f6schen wir Ihre Daten, die nicht mehr verarbeitet werden. Wir verwenden Ihre Daten auch nicht f\u00fcr andere Zwecke als die, f\u00fcr die sie zuvor erhoben oder verarbeitet wurden.<br \/>\nSie haben das Recht, Ihre Einwilligung zu widerrufen oder der Verarbeitung von Daten zu widersprechen, wenn Sie der Meinung sind, dass diese nicht dieser Regelung entsprechen.<br \/>\nUm von diesem Recht Gebrauch machen zu k\u00f6nnen, m\u00fcssen Sie die Berechtigung zur Beantragung durch Zusendung von Dokumenten, die Ihre Identit\u00e4t belegen, nachweisen. Bitte denken Sie daran, Ihre Entscheidung zu erl\u00e4utern.<br \/>\nSobald wir Ihre Mitteilung erhalten haben, werden wir so schnell wie m\u00f6glich antworten, um die L\u00f6schung Ihrer Daten zu best\u00e4tigen und nachzuweisen.<\/p>\n<\/div>\n<div class=\"hr hr-solid\">&nbsp;<\/div>\n<div class=\"one_third\">\n<h4>Recht auf Daten\u00fcbertragbarkeit<\/h4>\n<\/div>\n<div class=\"two_thirds\">\n<p>Um die Kontrolle \u00fcber die automatisch verarbeiteten Daten weiter zu st\u00e4rken, haben Sie das Recht, diese Daten aus unseren Anwendungen herunterzuladen.<br \/>\nDie Daten werden in einem strukturierten Format vorliegen, das von einem elektronischen Ger\u00e4t (z.B. Computer, Smartphones, Tablets usw.) verwendet und gelesen werden kann.<br \/>\nDie Dateien mit Ihren pers\u00f6nlichen Daten k\u00f6nnen an einen anderen \u00e4hnlichen Datenverantwortlichen \u00fcbermittelt werden, wodurch Ihr Recht auf Daten\u00fcbertragbarkeit gew\u00e4hrleistet ist.<\/p>\n<\/div>\n<div class=\"hr hr-solid\">&nbsp;<\/div>\n<div class=\"one_third\">\n<h4>Recht auf Widerruf der Einwilligung in die Datenverarbeitung<\/h4>\n<\/div>\n<div class=\"two_thirds\">\n<p>Wenn Sie unsere Werbe-E-Mails nicht mehr erhalten m\u00f6chten, k\u00f6nnen Sie den Anweisungen zum Entfernen aus unserer Kontaktliste folgen, die in jeder E-Mail enthalten ist.<br \/>\nZur Erinnerung: Der Widerruf der Einwilligung zur Datenverarbeitung, beschr\u00e4nkt sich auf die Nutzung eines kostenfreien Dienstes, unterbricht ipso jure die Lieferung.<\/p>\n<\/div>\n<div class=\"hr hr-solid\">&nbsp;<\/div>\n<div class=\"one_third\">\n<h4>Recht auf Widerruf der Einwilligung zur Datenverarbeitung f\u00fcr Mitglieder von Kundenlisten<\/h4>\n<\/div>\n<div class=\"two_thirds\">\n<p>Wenn Sie die Kontaktliste eines unserer Nutzer abonniert haben, erinnern wir Sie daran, dass wir f\u00fcr die Datenverarbeitung allein verantwortlich sind. Der Benutzer ist der Datenverantwortliche, und es obliegt diesem Benutzer, Ihre Daten zu l\u00f6schen oder zu aktualisieren.<br \/>\nWenn Sie keine Mitteilungen von einem unserer Benutzer mehr erhalten m\u00f6chten, laden wir Sie ein, sich \u00fcber den in der erhaltenen E-Mail verf\u00fcgbaren Link abzumelden oder sich direkt an den betreffenden Benutzer zu wenden, um Ihre Aufforderung zu vermitteln.<br \/>\nEine an uns gerichtete Aufforderung, Ihre Einwilligung zur Verarbeitung Ihrer Daten zu widerrufen, wird dem Nutzer, der Ihre Kontaktdaten in seiner Liste hat, mitgeteilt. Dieser Benutzer muss Ihre Daten l\u00f6schen oder aktualisieren.<\/p>\n<\/div>\n","protected":false},"excerpt":{"rendered":"","protected":false},"author":12,"featured_media":0,"parent":30326,"menu_order":0,"comment_status":"open","ping_status":"closed","template":"page-template-left-sidebar.php","meta":{"inline_featured_image":false,"_monsterinsights_skip_tracking":false,"_monsterinsights_sitenote_active":false,"_monsterinsights_sitenote_note":"","_monsterinsights_sitenote_category":0,"footnotes":""},"class_list":{"0":"post-30345","1":"page","2":"type-page","3":"status-publish","5":"infinite-scroll-item"},"aioseo_notices":[],"_links":{"self":[{"href":"https:\/\/www.labeljoy.com\/de\/wp-json\/wp\/v2\/pages\/30345","targetHints":{"allow":["GET"]}}],"collection":[{"href":"https:\/\/www.labeljoy.com\/de\/wp-json\/wp\/v2\/pages"}],"about":[{"href":"https:\/\/www.labeljoy.com\/de\/wp-json\/wp\/v2\/types\/page"}],"author":[{"embeddable":true,"href":"https:\/\/www.labeljoy.com\/de\/wp-json\/wp\/v2\/users\/12"}],"replies":[{"embeddable":true,"href":"https:\/\/www.labeljoy.com\/de\/wp-json\/wp\/v2\/comments?post=30345"}],"version-history":[{"count":2,"href":"https:\/\/www.labeljoy.com\/de\/wp-json\/wp\/v2\/pages\/30345\/revisions"}],"predecessor-version":[{"id":30348,"href":"https:\/\/www.labeljoy.com\/de\/wp-json\/wp\/v2\/pages\/30345\/revisions\/30348"}],"up":[{"embeddable":true,"href":"https:\/\/www.labeljoy.com\/de\/wp-json\/wp\/v2\/pages\/30326"}],"wp:attachment":[{"href":"https:\/\/www.labeljoy.com\/de\/wp-json\/wp\/v2\/media?parent=30345"}],"curies":[{"name":"wp","href":"https:\/\/api.w.org\/{rel}","templated":true}]}}