{"id":30349,"date":"2018-07-19T22:41:16","date_gmt":"2018-07-19T22:41:16","guid":{"rendered":"https:\/\/www.labeljoy.com\/de\/?page_id=30349"},"modified":"2018-07-19T22:41:47","modified_gmt":"2018-07-19T22:41:47","slug":"sicherheit","status":"publish","type":"page","link":"https:\/\/www.labeljoy.com\/de\/dsgvo-einfuehrung-ziele\/sicherheit\/","title":{"rendered":"Sicherheit"},"content":{"rendered":"<p><img decoding=\"async\" class=\"alignnone size-full wp-image-29571\" src=\"https:\/\/www.labeljoy.com\/wp-content\/uploads\/2018\/05\/gdpr-protect.png\" alt=\"\" width=\"1280\" height=\"700\" srcset=\"https:\/\/www.labeljoy.com\/wp-content\/uploads\/2018\/05\/gdpr-protect.png 1280w, https:\/\/www.labeljoy.com\/wp-content\/uploads\/2018\/05\/gdpr-protect-300x164.png 300w, https:\/\/www.labeljoy.com\/wp-content\/uploads\/2018\/05\/gdpr-protect-768x420.png 768w, https:\/\/www.labeljoy.com\/wp-content\/uploads\/2018\/05\/gdpr-protect-1024x560.png 1024w\" sizes=\"(max-width: 1280px) 100vw, 1280px\" \/><\/p>\n<div class=\"one_third\">\n<h4>Technische Ma\u00dfnahmen<\/h4>\n<\/div>\n<div class=\"two_thirds\">\n<p>Delivery Tech legt gr\u00f6\u00dften Wert auf die Sicherheit und Integrit\u00e4t Ihrer pers\u00f6nlichen Daten.<br \/>\nIn \u00dcbereinstimmung mit der DSGVO verpflichten wir uns t\u00e4glich, alle notwendigen Vorkehrungen zu treffen, um die Sicherheit Ihrer Daten zu gew\u00e4hrleisten und sie insbesondere zu sch\u00fctzen vor:<\/p>\n<ul>\n<li>versehentlicher oder nicht erlaubter Zerst\u00f6rung;<\/li>\n<li>unbeabsichtigtem oder nicht erlaubtem Verlust;<\/li>\n<li>versehentlicher oder nicht erlaubter Korruption;<\/li>\n<li>Weitergabe oder Offenlegung an Unbefugte;<\/li>\n<li>unbefugtem Zugriff;<\/li>\n<li>rechtswidriger Verarbeitung.<\/li>\n<\/ul>\n<p>Zu diesem Zweck haben wir branchen\u00fcbliche technische Sicherheitsvorkehrungen getroffen:<\/p>\n<ul>\n<li>eine mehrstufige Firewall;<\/li>\n<li>bew\u00e4hrte Antiviren- und Intrusion-Detection-Software;<\/li>\n<li>verschl\u00fcsselte \u00dcbertragung der Daten durch SSL \/ HTTPS \/ VPN Technologie<\/li>\n<\/ul>\n<p>Zum Schutz personenbezogener Daten vor unbefugter Weitergabe haben wir speziell entwickelte Verschl\u00fcsselungsverfahren sowie Algorithmen eingesetzt, die die Sicherheit von Transaktionen, Zugriffen und Datensicherungen gew\u00e4hrleisten.<br \/>\nWir garantieren die Richtigkeit und korrekte Verwendung der Daten:<\/p>\n<ul>\n<li>mit geeigneten elektronischen, physischen und organisatorischen Verfahren, um die durch unsere Dienste gesammelten Daten zu sch\u00fctzen und zu bewahren;<\/li>\n<li>mit der entsprechenden Schulung der Mitarbeiter, die eine besondere Berechtigung zum Zugriff auf die Daten gem\u00e4\u00df den Bestimmungen der GPDR erhalten haben.<\/li>\n<\/ul>\n<p>Es gibt jedoch keine absolute Verteidigung gegen Piraterieangriffe oder Hacker. Im Falle eines Sicherheitsversto\u00dfes (ein \u201cDatenversto\u00df\u201d) sind wir verpflichtet, Sie unverz\u00fcglich zu informieren und werden uns nach besten Kr\u00e4ften bem\u00fchen, das Eindringen zu neutralisieren und die Auswirkungen zu minimieren. Sollten Sie aufgrund einer Sicherheitsverletzung einen Schaden erleiden, sind wir verpflichtet, Ihnen alle Hilfe zu leisten, die Sie ben\u00f6tigen, um Ihre Rechte geltend machen zu k\u00f6nnen.<br \/>\nIst der Schaden ausnahmsweise auf ein schwerwiegendes Verschulden von Delivery Tech zur\u00fcckzuf\u00fchren, leisten wir Schadenersatz im Rahmen der in unseren Allgemeinen Nutzungsbedingungen festgelegten Haftungsgrenzen.<br \/>\nWenn ein Benutzer, ein Abonnent von Kontaktlisten oder ein Hacker einen Sicherheitsversto\u00df entdeckt und ausnutzt, ist eine solche Person f\u00fcr die Strafverfolgung verantwortlich. Delivery Tech wird alle Ma\u00dfnahmen ergreifen, einschlie\u00dflich der Einreichung einer Beschwerde und\/oder rechtlicher Schritte, um die Daten und Rechte seiner Nutzer und uns selbst zu sch\u00fctzen und jegliche Auswirkungen zu begrenzen.<br \/>\nDie vorgenannten Ma\u00dfnahmen sind diejenigen, die wir zum Schutz Ihrer Daten ergreifen. Als Nutzer unserer Dienste, Anwendungen oder Software m\u00fcssen Sie die folgenden Aktionen durchf\u00fchren:<\/p>\n<ul>\n<li>die Authentifizierung von Personen, die auf die Daten zugreifen, \u00fcberpr\u00fcfen;<\/li>\n<li>ein eindeutiges und ausreichend sicheres Passwort verwenden, das Sie regelm\u00e4\u00dfig \u00e4ndern und nie unbeaufsichtigt lassen sollten;<\/li>\n<li>sicherstellen, dass Sie Sicherheitsma\u00dfnahmen f\u00fcr Daten ergreifen, die von Delivery Tech verarbeitet werden und die Sie auf nicht sicheren Kommunikationskan\u00e4len gemeinsam nutzen.<\/li>\n<\/ul>\n<p>Zweck dieser technischen Ma\u00dfnahmen ist es, Ihre Daten f\u00fcr Unbefugte unverst\u00e4ndlich oder unzug\u00e4nglich zu machen.<br \/>\nBei Fragen zur Sicherheit unserer Dienste, Anwendungen und Software wenden Sie sich bitte an unseren technischen Support, der \u00fcber unsere offiziellen Kan\u00e4le E-Mail, Online-Chat und Telefon erreichbar ist.<\/p>\n<\/div>\n<div class=\"hr hr-solid\">&nbsp;<\/div>\n<div class=\"one_third\">\n<h4>Zugriff auf autorisierte Daten f\u00fcr Kundenbetreuung und technische Unterst\u00fctzung<\/h4>\n<\/div>\n<div class=\"two_thirds\">\n<p>Die gesammelten Daten werden verwendet, wenn es notwendig oder zweckdienlich ist f\u00fcr:<\/p>\n<ul>\n<li>die technische Unterst\u00fctzung der Benutzer f\u00fcr die von Delivery Tech angebotenen Dienste, die sich auf die Datenverantwortlichen oder deren Kontaktlisten auswirken;<\/li>\n<li>den Abschluss von Gesch\u00e4ftsverhandlungen per Telefon oder E-Mail;<\/li>\n<li>die direkte oder indirekte kommerzielle Beratung.<\/li>\n<\/ul>\n<p>Ihre Daten k\u00f6nnen von Mitarbeitern von Delivery Tech oder Dritten verarbeitet werden, die gegebenenfalls als externe Bearbeiter eingesetzt werden. Der Inhaber oder der Datenverantwortliche wird von Zeit zu Zeit \u00fcber die Behandlungsmethoden informiert.<\/p>\n<\/div>\n<div class=\"hr hr-solid\">&nbsp;<\/div>\n<div class=\"one_third\">\n<h4>Minimierung der Datenverarbeitung und -archivierung<\/h4>\n<\/div>\n<div class=\"two_thirds\">\n<p>Wir haben technische und organisatorische Ma\u00dfnahmen vorbereitet, um das Prinzip der Minimierung der Datenverarbeitung zu gew\u00e4hrleisten. Jede Datenverarbeitung ist stets angemessen, relevant und auf die Erreichung der angegebenen Zwecke beschr\u00e4nkt.<br \/>\nDie Verarbeitung der Daten zu statistischen Zwecken, die Archivierung im \u00f6ffentlichen Interesse, die wissenschaftliche oder historische Forschung unterliegt Garantien, die den Rechten und Freiheiten des Betroffenen gem\u00e4\u00df den Bestimmungen der DSGVO entsprechen.<\/p>\n<\/div>\n","protected":false},"excerpt":{"rendered":"","protected":false},"author":12,"featured_media":0,"parent":30326,"menu_order":0,"comment_status":"open","ping_status":"closed","template":"page-template-left-sidebar.php","meta":{"inline_featured_image":false,"_monsterinsights_skip_tracking":false,"_monsterinsights_sitenote_active":false,"_monsterinsights_sitenote_note":"","_monsterinsights_sitenote_category":0,"footnotes":""},"class_list":{"0":"post-30349","1":"page","2":"type-page","3":"status-publish","5":"infinite-scroll-item"},"aioseo_notices":[],"_links":{"self":[{"href":"https:\/\/www.labeljoy.com\/de\/wp-json\/wp\/v2\/pages\/30349","targetHints":{"allow":["GET"]}}],"collection":[{"href":"https:\/\/www.labeljoy.com\/de\/wp-json\/wp\/v2\/pages"}],"about":[{"href":"https:\/\/www.labeljoy.com\/de\/wp-json\/wp\/v2\/types\/page"}],"author":[{"embeddable":true,"href":"https:\/\/www.labeljoy.com\/de\/wp-json\/wp\/v2\/users\/12"}],"replies":[{"embeddable":true,"href":"https:\/\/www.labeljoy.com\/de\/wp-json\/wp\/v2\/comments?post=30349"}],"version-history":[{"count":1,"href":"https:\/\/www.labeljoy.com\/de\/wp-json\/wp\/v2\/pages\/30349\/revisions"}],"predecessor-version":[{"id":30350,"href":"https:\/\/www.labeljoy.com\/de\/wp-json\/wp\/v2\/pages\/30349\/revisions\/30350"}],"up":[{"embeddable":true,"href":"https:\/\/www.labeljoy.com\/de\/wp-json\/wp\/v2\/pages\/30326"}],"wp:attachment":[{"href":"https:\/\/www.labeljoy.com\/de\/wp-json\/wp\/v2\/media?parent=30349"}],"curies":[{"name":"wp","href":"https:\/\/api.w.org\/{rel}","templated":true}]}}