{"id":32047,"date":"2019-06-06T20:38:25","date_gmt":"2019-06-06T20:38:25","guid":{"rendered":"https:\/\/www.labeljoy.com\/de\/?page_id=32047"},"modified":"2025-02-28T16:40:42","modified_gmt":"2025-02-28T16:40:42","slug":"incremental-counters","status":"publish","type":"page","link":"https:\/\/www.labeljoy.com\/de\/unterstutzung\/anleitungen\/incremental-counters\/","title":{"rendered":"Incremental counters"},"content":{"rendered":"<p>Eine der n\u00fctzlichsten Funktionen des <a title=\"Kostenloser Online-Barcode-Generator\" href=\"https:\/\/www.labeljoy.com\/barcode-generieren-kostenlos\/\">Barcode-Generators<\/a> von Labeljoy ist die M\u00f6glichkeit, <strong>Inkrementalz\u00e4hler zu erstellen<\/strong>: dynamische Codes, die entsprechend den von Ihnen festgelegten Parametern schrittweise erh\u00f6ht werden.<\/p>\n<h2>Automatisch Hunderte von Barcodes generieren<\/h2>\n<p>Mit Inkrementalz\u00e4hlern k\u00f6nnen Sie <strong>Hunderte von Barcodes drucken, ohne jeden Code einzeln eingeben zu m\u00fcssen<\/strong>: Labeljoy generiert den Z\u00e4hler gem\u00e4\u00df Ihren Anweisungen. Z\u00e4hlertyp (dezimal, alphanumerisch, hexadezimal), Schritt (der Wert, um den der Z\u00e4hler erh\u00f6ht wird), Anzahl der m\u00f6glichen Wiederholungen: Das sind einige der Funktionen, die Sie ganz einfach anpassen k\u00f6nnen.<\/p>\n<p>Sie k\u00f6nnen <strong>Barcodes in den von Ihnen bevorzugten Formaten<\/strong> (z. B. PDF, JPG, PNG oder TIFF) <strong>exportieren oder direkt auf Ihre Etiketten drucken<\/strong>.<\/p>\n<h3>Verwendung des Inkrementalz\u00e4hlers<\/h3>\n<p>In diesem Tutorial wird erkl\u00e4rt, wie Sie sequentielle Barcode-Etiketten erstellen, <strong>ohne Codes manuell eingeben zu m\u00fcssen<\/strong>.<\/p>\n<p>1) Doppelklicken Sie auf das Barcode-Feld.<\/p>\n<p><a href=\"https:\/\/www.labeljoy.com\/wp-content\/uploads\/2025\/02\/1-Doppelklicken-Sie-auf-das-Barcode-Feld.-Imgur-300x178.png\"><img decoding=\"async\" class=\"alignnone wp-image-42983 size-full\" src=\"https:\/\/www.labeljoy.com\/wp-content\/uploads\/2025\/02\/1-Doppelklicken-Sie-auf-das-Barcode-Feld.-Imgur.png\" alt=\"1) Doppelklicken Sie auf das Barcode-Feld. - Imgur\" width=\"1920\" height=\"1142\" srcset=\"https:\/\/www.labeljoy.com\/wp-content\/uploads\/2025\/02\/1-Doppelklicken-Sie-auf-das-Barcode-Feld.-Imgur.png 1920w, https:\/\/www.labeljoy.com\/wp-content\/uploads\/2025\/02\/1-Doppelklicken-Sie-auf-das-Barcode-Feld.-Imgur-300x178.png 300w, https:\/\/www.labeljoy.com\/wp-content\/uploads\/2025\/02\/1-Doppelklicken-Sie-auf-das-Barcode-Feld.-Imgur-1024x609.png 1024w, https:\/\/www.labeljoy.com\/wp-content\/uploads\/2025\/02\/1-Doppelklicken-Sie-auf-das-Barcode-Feld.-Imgur-768x457.png 768w, https:\/\/www.labeljoy.com\/wp-content\/uploads\/2025\/02\/1-Doppelklicken-Sie-auf-das-Barcode-Feld.-Imgur-1536x914.png 1536w\" sizes=\"(max-width: 1920px) 100vw, 1920px\" \/><\/a><\/p>\n<h4>Fixe + dynamische Teile<\/h4>\n<p>2) In diesem Fall wurden ein <strong>fixer Teil<\/strong> (00000) und ein dynamischer Teil durch Klicken auf das <strong>Z\u00e4hlersymbol<\/strong> eingef\u00fcgt.<\/p>\n<p><a href=\"https:\/\/www.labeljoy.com\/wp-content\/uploads\/2025\/02\/2-In-diesem-Fall-wurden-ein-fixer-Teil-00000-und-ein-dynamischer-Teil-durch-Klicken-auf-das-Zahlersymbol-eingefugt.-Imgur-300x255.png\"><img decoding=\"async\" class=\"alignnone wp-image-42974 size-full\" src=\"https:\/\/www.labeljoy.com\/wp-content\/uploads\/2025\/02\/2-In-diesem-Fall-wurden-ein-fixer-Teil-00000-und-ein-dynamischer-Teil-durch-Klicken-auf-das-Zahlersymbol-eingefugt.-Imgur.png\" alt=\"2) In diesem Fall wurden ein fixer Teil (00000) und ein dynamischer Teil durch Klicken auf das Z\u00e4hlersymbol eingef\u00fcgt.\u00a0 - Imgur\" width=\"862\" height=\"733\" srcset=\"https:\/\/www.labeljoy.com\/wp-content\/uploads\/2025\/02\/2-In-diesem-Fall-wurden-ein-fixer-Teil-00000-und-ein-dynamischer-Teil-durch-Klicken-auf-das-Zahlersymbol-eingefugt.-Imgur.png 862w, https:\/\/www.labeljoy.com\/wp-content\/uploads\/2025\/02\/2-In-diesem-Fall-wurden-ein-fixer-Teil-00000-und-ein-dynamischer-Teil-durch-Klicken-auf-das-Zahlersymbol-eingefugt.-Imgur-300x255.png 300w, https:\/\/www.labeljoy.com\/wp-content\/uploads\/2025\/02\/2-In-diesem-Fall-wurden-ein-fixer-Teil-00000-und-ein-dynamischer-Teil-durch-Klicken-auf-das-Zahlersymbol-eingefugt.-Imgur-768x653.png 768w\" sizes=\"(max-width: 862px) 100vw, 862px\" \/><\/a><\/p>\n<p>3) Klicken Sie auf <em>Z\u00e4hler 0-9<\/em>, um das Einstellungsfenster zu \u00f6ffnen.<\/p>\n<p><a href=\"https:\/\/www.labeljoy.com\/wp-content\/uploads\/2025\/02\/3-Klicken-Sie-auf-Zahler-0-9-um-das-Einstellungsfenster-zu-offnen.-Imgur-300x256.png\"><img decoding=\"async\" class=\"alignnone wp-image-42965 size-full\" src=\"https:\/\/www.labeljoy.com\/wp-content\/uploads\/2025\/02\/3-Klicken-Sie-auf-Zahler-0-9-um-das-Einstellungsfenster-zu-offnen.-Imgur.png\" alt=\"3) Klicken Sie auf Z\u00e4hler 0-9, um das Einstellungsfenster zu \u00f6ffnen. - Imgur\" width=\"864\" height=\"738\" srcset=\"https:\/\/www.labeljoy.com\/wp-content\/uploads\/2025\/02\/3-Klicken-Sie-auf-Zahler-0-9-um-das-Einstellungsfenster-zu-offnen.-Imgur.png 864w, https:\/\/www.labeljoy.com\/wp-content\/uploads\/2025\/02\/3-Klicken-Sie-auf-Zahler-0-9-um-das-Einstellungsfenster-zu-offnen.-Imgur-300x256.png 300w, https:\/\/www.labeljoy.com\/wp-content\/uploads\/2025\/02\/3-Klicken-Sie-auf-Zahler-0-9-um-das-Einstellungsfenster-zu-offnen.-Imgur-768x656.png 768w\" sizes=\"(max-width: 864px) 100vw, 864px\" \/><\/a><\/p>\n<p>4) Mit dem Formular &#8220;Z\u00e4hler \u00e4ndern&#8221; k\u00f6nnen Sie einige Eigenschaften (<a title=\"Manage counters\" href=\"http:\/\/www.labeljoy.com\/help\/manage-counters\/\">weitere Details hier<\/a>)<\/p>\n<p><a href=\"https:\/\/www.labeljoy.com\/wp-content\/uploads\/2025\/02\/4-Mit-dem-Formular-Zahler-andern-konnen-Sie-einige-Eigenschaften-weitere-Details-hier-Imgur-300x256.png\"><img decoding=\"async\" class=\"alignnone wp-image-42956 size-full\" src=\"https:\/\/www.labeljoy.com\/wp-content\/uploads\/2025\/02\/4-Mit-dem-Formular-Zahler-andern-konnen-Sie-einige-Eigenschaften-weitere-Details-hier-Imgur.png\" alt=\"4) Mit dem Formular \u201cZ\u00e4hler \u00e4ndern\u201d k\u00f6nnen Sie einige Eigenschaften (weitere Details hier)\u00a0 \u00a0\u00a0 - Imgur\" width=\"863\" height=\"735\" srcset=\"https:\/\/www.labeljoy.com\/wp-content\/uploads\/2025\/02\/4-Mit-dem-Formular-Zahler-andern-konnen-Sie-einige-Eigenschaften-weitere-Details-hier-Imgur.png 863w, https:\/\/www.labeljoy.com\/wp-content\/uploads\/2025\/02\/4-Mit-dem-Formular-Zahler-andern-konnen-Sie-einige-Eigenschaften-weitere-Details-hier-Imgur-300x256.png 300w, https:\/\/www.labeljoy.com\/wp-content\/uploads\/2025\/02\/4-Mit-dem-Formular-Zahler-andern-konnen-Sie-einige-Eigenschaften-weitere-Details-hier-Imgur-768x654.png 768w\" sizes=\"(max-width: 863px) 100vw, 863px\" \/><\/a><\/p>\n<p>5) Klicken Sie auf OK: <strong>Barcodes werden automatisch generiert!<\/strong><\/p>\n<p><a href=\"https:\/\/www.labeljoy.com\/wp-content\/uploads\/2025\/02\/5-Klicken-Sie-auf-OK-Barcodes-werden-automatisch-generiert-Imgur-300x220.png\"><img decoding=\"async\" class=\"alignnone wp-image-42947 size-large\" src=\"https:\/\/www.labeljoy.com\/wp-content\/uploads\/2025\/02\/5-Klicken-Sie-auf-OK-Barcodes-werden-automatisch-generiert-Imgur-1024x751.png\" alt=\"5) Klicken Sie auf OK Barcodes werden automatisch generiert!\u00a0 \u00a0 \u00a0 \u00a0 - Imgur\" width=\"1024\" height=\"751\" srcset=\"https:\/\/www.labeljoy.com\/wp-content\/uploads\/2025\/02\/5-Klicken-Sie-auf-OK-Barcodes-werden-automatisch-generiert-Imgur-1024x751.png 1024w, https:\/\/www.labeljoy.com\/wp-content\/uploads\/2025\/02\/5-Klicken-Sie-auf-OK-Barcodes-werden-automatisch-generiert-Imgur-300x220.png 300w, https:\/\/www.labeljoy.com\/wp-content\/uploads\/2025\/02\/5-Klicken-Sie-auf-OK-Barcodes-werden-automatisch-generiert-Imgur-768x563.png 768w, https:\/\/www.labeljoy.com\/wp-content\/uploads\/2025\/02\/5-Klicken-Sie-auf-OK-Barcodes-werden-automatisch-generiert-Imgur.png 1433w\" sizes=\"(max-width: 1024px) 100vw, 1024px\" \/><\/a><\/p>\n<hr style=\"margin: 20px 0;\" \/>\n<h4>Verkettung mehrerer Inkrementalz\u00e4hler<\/h4>\n<p><a href=\"https:\/\/www.labeljoy.com\/wp-content\/uploads\/2025\/02\/Verkettung-mehrerer-Inkrementalzahler-Imgur-300x254.png\"><img decoding=\"async\" class=\"alignnone wp-image-43019 size-full\" src=\"https:\/\/www.labeljoy.com\/wp-content\/uploads\/2025\/02\/Verkettung-mehrerer-Inkrementalzahler-Imgur.png\" alt=\"Verkettung mehrerer Inkrementalz\u00e4hler\u00a0 - Imgur\" width=\"869\" height=\"737\" srcset=\"https:\/\/www.labeljoy.com\/wp-content\/uploads\/2025\/02\/Verkettung-mehrerer-Inkrementalzahler-Imgur.png 869w, https:\/\/www.labeljoy.com\/wp-content\/uploads\/2025\/02\/Verkettung-mehrerer-Inkrementalzahler-Imgur-300x254.png 300w, https:\/\/www.labeljoy.com\/wp-content\/uploads\/2025\/02\/Verkettung-mehrerer-Inkrementalzahler-Imgur-768x651.png 768w\" sizes=\"(max-width: 869px) 100vw, 869px\" \/><\/a><\/p>\n<p>&nbsp;<\/p>\n<p>1) Stellen Sie <strong>Dezimalz\u00e4hler<\/strong> ein.<\/p>\n<p><a href=\"https:\/\/www.labeljoy.com\/wp-content\/uploads\/2025\/02\/1-Stellen-Sie-Dezimalzahler-ein.-Imgur-300x254.png\"><img decoding=\"async\" class=\"alignnone wp-image-43010 size-full\" src=\"https:\/\/www.labeljoy.com\/wp-content\/uploads\/2025\/02\/1-Stellen-Sie-Dezimalzahler-ein.-Imgur.png\" alt=\"1) Stellen Sie Dezimalz\u00e4hler ein. - Imgur\" width=\"866\" height=\"733\" srcset=\"https:\/\/www.labeljoy.com\/wp-content\/uploads\/2025\/02\/1-Stellen-Sie-Dezimalzahler-ein.-Imgur.png 866w, https:\/\/www.labeljoy.com\/wp-content\/uploads\/2025\/02\/1-Stellen-Sie-Dezimalzahler-ein.-Imgur-300x254.png 300w, https:\/\/www.labeljoy.com\/wp-content\/uploads\/2025\/02\/1-Stellen-Sie-Dezimalzahler-ein.-Imgur-768x650.png 768w\" sizes=\"(max-width: 866px) 100vw, 866px\" \/><\/a><\/p>\n<p>2) Stellen Sie <strong>Alphabetisch Gro\u00df <\/strong>ein.<\/p>\n<p><a href=\"https:\/\/www.labeljoy.com\/wp-content\/uploads\/2025\/02\/2-Stellen-Sie-Alphabetisch-Gros-ein.-Imgur-300x255.png\"><img decoding=\"async\" class=\"alignnone wp-image-43001 size-full\" src=\"https:\/\/www.labeljoy.com\/wp-content\/uploads\/2025\/02\/2-Stellen-Sie-Alphabetisch-Gros-ein.-Imgur.png\" alt=\"2) Stellen Sie Alphabetisch Gro\u00df ein. - Imgur\" width=\"865\" height=\"736\" srcset=\"https:\/\/www.labeljoy.com\/wp-content\/uploads\/2025\/02\/2-Stellen-Sie-Alphabetisch-Gros-ein.-Imgur.png 865w, https:\/\/www.labeljoy.com\/wp-content\/uploads\/2025\/02\/2-Stellen-Sie-Alphabetisch-Gros-ein.-Imgur-300x255.png 300w, https:\/\/www.labeljoy.com\/wp-content\/uploads\/2025\/02\/2-Stellen-Sie-Alphabetisch-Gros-ein.-Imgur-768x653.png 768w\" sizes=\"(max-width: 865px) 100vw, 865px\" \/><\/a><\/p>\n<p>3) Hier sind Ihre Barcodes!<\/p>\n<p><a href=\"https:\/\/www.labeljoy.com\/wp-content\/uploads\/2025\/02\/3-Hier-sind-Ihre-Barcodes-Imgur-300x220.png\"><img decoding=\"async\" class=\"alignnone wp-image-42992 size-large\" src=\"https:\/\/www.labeljoy.com\/wp-content\/uploads\/2025\/02\/3-Hier-sind-Ihre-Barcodes-Imgur-1024x750.png\" alt=\"3) Hier sind Ihre Barcodes!\u00a0 \u00a0 - Imgur\" width=\"1024\" height=\"750\" srcset=\"https:\/\/www.labeljoy.com\/wp-content\/uploads\/2025\/02\/3-Hier-sind-Ihre-Barcodes-Imgur-1024x750.png 1024w, https:\/\/www.labeljoy.com\/wp-content\/uploads\/2025\/02\/3-Hier-sind-Ihre-Barcodes-Imgur-300x220.png 300w, https:\/\/www.labeljoy.com\/wp-content\/uploads\/2025\/02\/3-Hier-sind-Ihre-Barcodes-Imgur-768x562.png 768w, https:\/\/www.labeljoy.com\/wp-content\/uploads\/2025\/02\/3-Hier-sind-Ihre-Barcodes-Imgur.png 1435w\" sizes=\"(max-width: 1024px) 100vw, 1024px\" \/><\/a><\/p>\n<div class=\"also-like\">\n<p><strong>K\u00f6nnte Sie auch interessieren:<\/strong><\/p>\n<ul>\n<li><a title=\"Manage Counter\" href=\"http:\/\/www.labeljoy.com\/help\/manage-counters\/\">Benutzerhandbuch: Z\u00e4hler verwalten <\/a><\/li>\n<li><a title=\"Video incremental counters\" href=\"http:\/\/www.labeljoy.com\/video\/incremental-counter\/\">Video: Inkrementalz\u00e4hler<\/a><\/li>\n<\/ul>\n<\/div>\n","protected":false},"excerpt":{"rendered":"<p>Eine der n\u00fctzlichsten Funktionen des Barcode-Generators von Labeljoy ist die M\u00f6glichkeit, Inkrementalz\u00e4hler zu erstellen: dynamische Codes, die entsprechend den von Ihnen festgelegten Parametern schrittweise erh\u00f6ht werden. Automatisch Hunderte von Barcodes generieren Mit Inkrementalz\u00e4hlern k\u00f6nnen Sie Hunderte von Barcodes drucken, ohne jeden Code einzeln eingeben zu m\u00fcssen: Labeljoy generiert den Z\u00e4hler gem\u00e4\u00df Ihren Anweisungen. Z\u00e4hlertyp (dezimal, &#8230; <a title=\"Incremental counters\" class=\"read-more\" href=\"https:\/\/www.labeljoy.com\/de\/unterstutzung\/anleitungen\/incremental-counters\/\" aria-label=\"Mehr Informationen \u00fcber Incremental counters\">Read more<\/a><\/p>\n","protected":false},"author":12,"featured_media":0,"parent":2172,"menu_order":0,"comment_status":"closed","ping_status":"closed","template":"","meta":{"inline_featured_image":false,"_monsterinsights_skip_tracking":false,"_monsterinsights_sitenote_active":false,"_monsterinsights_sitenote_note":"","_monsterinsights_sitenote_category":0,"footnotes":""},"class_list":{"0":"post-32047","1":"page","2":"type-page","3":"status-publish","5":"infinite-scroll-item"},"aioseo_notices":[],"_links":{"self":[{"href":"https:\/\/www.labeljoy.com\/de\/wp-json\/wp\/v2\/pages\/32047","targetHints":{"allow":["GET"]}}],"collection":[{"href":"https:\/\/www.labeljoy.com\/de\/wp-json\/wp\/v2\/pages"}],"about":[{"href":"https:\/\/www.labeljoy.com\/de\/wp-json\/wp\/v2\/types\/page"}],"author":[{"embeddable":true,"href":"https:\/\/www.labeljoy.com\/de\/wp-json\/wp\/v2\/users\/12"}],"replies":[{"embeddable":true,"href":"https:\/\/www.labeljoy.com\/de\/wp-json\/wp\/v2\/comments?post=32047"}],"version-history":[{"count":5,"href":"https:\/\/www.labeljoy.com\/de\/wp-json\/wp\/v2\/pages\/32047\/revisions"}],"predecessor-version":[{"id":43029,"href":"https:\/\/www.labeljoy.com\/de\/wp-json\/wp\/v2\/pages\/32047\/revisions\/43029"}],"up":[{"embeddable":true,"href":"https:\/\/www.labeljoy.com\/de\/wp-json\/wp\/v2\/pages\/2172"}],"wp:attachment":[{"href":"https:\/\/www.labeljoy.com\/de\/wp-json\/wp\/v2\/media?parent=32047"}],"curies":[{"name":"wp","href":"https:\/\/api.w.org\/{rel}","templated":true}]}}