{"id":33115,"date":"2020-06-10T09:17:57","date_gmt":"2020-06-10T09:17:57","guid":{"rendered":"https:\/\/www.labeljoy.com\/?page_id=33115"},"modified":"2025-01-23T14:08:30","modified_gmt":"2025-01-23T14:08:30","slug":"labeljoy-6-softwarepraesentation","status":"publish","type":"page","link":"https:\/\/www.labeljoy.com\/de\/video\/labeljoy-6-softwarepraesentation\/","title":{"rendered":"Labeljoy 6 \u2013 Softwarepr\u00e4sentation"},"content":{"rendered":"<h1>Labeljoy 6 &#8211; Softwarepr\u00e4sentation<\/h1>\n<p><span style=\"font-weight: 400;\"><strong>Labeljoy 6 ist eine professionelle Software zur Erstellung von Etiketten, die das volle Potenzial der Barcode-Technologie aussch\u00f6pft<\/strong>. Die intuitive Benutzeroberfl\u00e4che macht es m\u00f6glich mit nur wenigen Klicks individuelle Etiketten erstellen. Die breite Palette an unterst\u00fctzten Barcodes in Kombination mit der M\u00f6glichkeit, Daten aus externen Datenbanken zu importieren, macht Labeljoy 6 zum idealen Werkzeug f\u00fcr die Automatisierung der Etikettenerstellung in allen Bereichen von der Logistik bis zur Produktion.<\/span><\/p>\n<p>Sehen Sie Sich auch unsere\u00a0<a title=\"Vorlagenbibliothek\" href=\"http:\/\/www.labeljoy.com\/de\/vorlagen\/kostenlose-etiketten-vorlagen\/\">Vorlagenbibliothek<\/a>\u00a0an, die nach Kategorien organisiert ist. Wie im Video gezeigt wird, ist es einfach,\u00a0<strong>individuelle Etiketten zu gestalten<\/strong>: <a title=\"Verwaltung und Auswahl von Layouts\" href=\"http:\/\/www.labeljoy.com\/de\/video-support\/layouts-verwalten\/\">ein Layout auszuw\u00e4hlen<\/a>, Bilder und Texte hinzuzuf\u00fcgen und zu drucken. Dar\u00fcber hinaus ist es m\u00f6glich, Labeljoy mit\u00a0<a title=\"Verbindung externer Datenquellen\" href=\"http:\/\/www.labeljoy.com\/de\/video\/verbindung-externer-datenquellen\/\">externen Datenbanken<\/a>\u00a0wie\u00a0<a title=\"Daten aus Excel laden\" href=\"http:\/\/www.labeljoy.com\/de\/video\/daten-aus-excel-laden\/\">Excel<\/a>, Outlook, SQL &#8230; zu verbinden,\u00a0<a title=\"Barcode und QR-Code generieren\" href=\"http:\/\/www.labeljoy.com\/de\/video\/barcode-und-qr-code-generieren\/\">QR-Codes<\/a>\u00a0und lineare Barcodes hinzuzuf\u00fcgen, die von der Software automatisch generiert werden und dynamische Felder zu benutzen, die mit Ihrer Datenquelle <a title=\"dynamische Datenaktualisierung\" href=\"http:\/\/www.labeljoy.com\/de\/video\/dynamische-datenaktualisierung\/\">in Echtzeit aktualisiert<\/a>\u00a0werden.<\/p>\n<div class=\"lyte-wrapper\" title=\"Labeljoy 6 Einf&uuml;hrung in die Barcode Software\" style=\"width:640px;max-width:100%;margin:5px;\"><div class=\"lyMe\" id=\"WYL_fD2elImyVUs\" itemprop=\"video\" itemscope itemtype=\"https:\/\/schema.org\/VideoObject\"><div><meta itemprop=\"thumbnailUrl\" content=\"https:\/\/www.labeljoy.com\/wp-content\/plugins\/wp-youtube-lyte\/lyteCache.php?origThumbUrl=https%3A%2F%2Fi.ytimg.com%2Fvi%2FfD2elImyVUs%2Fhqdefault.jpg\" \/><meta itemprop=\"embedURL\" content=\"https:\/\/www.youtube.com\/embed\/fD2elImyVUs\" \/><meta itemprop=\"duration\" content=\"PT3M2S\" \/><meta itemprop=\"uploadDate\" content=\"2020-03-29T22:06:29Z\" \/><\/div><div id=\"lyte_fD2elImyVUs\" data-src=\"https:\/\/www.labeljoy.com\/wp-content\/plugins\/wp-youtube-lyte\/lyteCache.php?origThumbUrl=https%3A%2F%2Fi.ytimg.com%2Fvi%2FfD2elImyVUs%2Fhqdefault.jpg\" class=\"pL\"><div class=\"tC\"><div class=\"tT\" itemprop=\"name\">Labeljoy 6 Einf\u00fchrung in die Barcode Software<\/div><\/div><div class=\"play\"><\/div><div class=\"ctrl\"><div class=\"Lctrl\"><\/div><div class=\"Rctrl\"><\/div><\/div><\/div><noscript><a href=\"https:\/\/youtu.be\/fD2elImyVUs\" rel=\"nofollow\"><img decoding=\"async\" src=\"https:\/\/www.labeljoy.com\/wp-content\/plugins\/wp-youtube-lyte\/lyteCache.php?origThumbUrl=https%3A%2F%2Fi.ytimg.com%2Fvi%2FfD2elImyVUs%2F0.jpg\" alt=\"Labeljoy 6 Einf&uuml;hrung in die Barcode Software\" width=\"640\" height=\"340\" \/><br \/>Dieses Video auf YouTube ansehen<\/a><\/noscript><meta itemprop=\"description\" content=\"Dieses Video zeigt die Hauptfunktionen der professionellen Etikettierungssoftware Labeljoy 6. Labeljoy 6 ist eine Software zur Erstellung von Barcodes, die es Ihnen erm\u00f6glicht, mit wenigen Klicks professionelle Etiketten oder Etiketten f\u00fcr den privaten Gebrauch zu erstellen. Erfahren Sie, wie einfach die Erstellung individueller Etiketten sein kann: Beginnen Sie mit der Einstellung des Layouts, f\u00fcgen Sie Bilder, Texte und Barcodes ein und drucken Sie auf jedem beliebigen Drucker. Dar\u00fcber hinaus kann sich Labeljoy mit externen Datenbanken wie Excel, Outlook, SQL... verbinden, dynamische Felder verwenden, die in Echtzeit aus Ihrer pers\u00f6nlichen Datenbank aktualisiert werden k\u00f6nnen, und automatisch QR-Codes und lineare Barcodes erzeugen. Labeljoy erlaubt Etiketten und Barcodes in g\u00e4ngige Grafikformaten wie JPG, png, GIF und PDF zu exportieren. Mehr erfahren Sie hier: https:\/\/www.labeljoy.com\/de\/funktionen\/\"><\/div><\/div><div class=\"lL\" style=\"max-width:100%;width:640px;margin:5px;\"><\/div>\n<div class=\"lj-video-button hide\">\n  <a href=\"https:\/\/www.youtube.com\/embed\/fD2elImyVUs?rel=0&autoplay=1\" data-featherlight=\"iframe\" data-featherlight-iframe-width=\"800\" data-featherlight-iframe-height=\"610\" data-featherlight-iframe-frameborder=\"0\" data-featherlight-iframe-allow=\"autoplay; encrypted-media\" data-featherlight-iframe-allowfullscreen=\"true\" title=\"Softwarepr\u00e4sentation abspielen\">Softwarepr\u00e4sentation abspielen <i class=\"fa fa-play-circle fa-2x\"><\/i><\/a>\n<\/div>\n","protected":false},"excerpt":{"rendered":"<p>Labeljoy 6 &#8211; Softwarepr\u00e4sentation Labeljoy 6 ist eine professionelle Software zur Erstellung von Etiketten, die das volle Potenzial der Barcode-Technologie aussch\u00f6pft. Die intuitive Benutzeroberfl\u00e4che macht es m\u00f6glich mit nur wenigen Klicks individuelle Etiketten erstellen. Die breite Palette an unterst\u00fctzten Barcodes in Kombination mit der M\u00f6glichkeit, Daten aus externen Datenbanken zu importieren, macht Labeljoy 6 zum &#8230; <a title=\"Labeljoy 6 \u2013 Softwarepr\u00e4sentation\" class=\"read-more\" href=\"https:\/\/www.labeljoy.com\/de\/video\/labeljoy-6-softwarepraesentation\/\" aria-label=\"Mehr Informationen \u00fcber Labeljoy 6 \u2013 Softwarepr\u00e4sentation\">Read more<\/a><\/p>\n","protected":false},"author":12,"featured_media":0,"parent":28657,"menu_order":0,"comment_status":"closed","ping_status":"closed","template":"","meta":{"inline_featured_image":false,"_monsterinsights_skip_tracking":false,"_monsterinsights_sitenote_active":false,"_monsterinsights_sitenote_note":"","_monsterinsights_sitenote_category":0,"footnotes":""},"class_list":{"0":"post-33115","1":"page","2":"type-page","3":"status-publish","5":"infinite-scroll-item"},"aioseo_notices":[],"_links":{"self":[{"href":"https:\/\/www.labeljoy.com\/de\/wp-json\/wp\/v2\/pages\/33115","targetHints":{"allow":["GET"]}}],"collection":[{"href":"https:\/\/www.labeljoy.com\/de\/wp-json\/wp\/v2\/pages"}],"about":[{"href":"https:\/\/www.labeljoy.com\/de\/wp-json\/wp\/v2\/types\/page"}],"author":[{"embeddable":true,"href":"https:\/\/www.labeljoy.com\/de\/wp-json\/wp\/v2\/users\/12"}],"replies":[{"embeddable":true,"href":"https:\/\/www.labeljoy.com\/de\/wp-json\/wp\/v2\/comments?post=33115"}],"version-history":[{"count":15,"href":"https:\/\/www.labeljoy.com\/de\/wp-json\/wp\/v2\/pages\/33115\/revisions"}],"predecessor-version":[{"id":42902,"href":"https:\/\/www.labeljoy.com\/de\/wp-json\/wp\/v2\/pages\/33115\/revisions\/42902"}],"up":[{"embeddable":true,"href":"https:\/\/www.labeljoy.com\/de\/wp-json\/wp\/v2\/pages\/28657"}],"wp:attachment":[{"href":"https:\/\/www.labeljoy.com\/de\/wp-json\/wp\/v2\/media?parent=33115"}],"curies":[{"name":"wp","href":"https:\/\/api.w.org\/{rel}","templated":true}]}}