{"id":34035,"date":"2020-09-14T09:43:06","date_gmt":"2020-09-14T09:43:06","guid":{"rendered":"https:\/\/www.labeljoy.com\/?page_id=34035"},"modified":"2022-06-23T07:46:18","modified_gmt":"2022-06-23T07:46:18","slug":"sscc-18-barcodes-generieren","status":"publish","type":"page","link":"https:\/\/www.labeljoy.com\/de\/unterstutzung\/anleitungen\/sscc-18-barcodes-generieren\/","title":{"rendered":"SSCC-18 Barcodes generieren"},"content":{"rendered":"<h2>Erstellung eines SSCC-18 Barcodes<\/h2>\n<div class=\"lyte-wrapper\" title=\"GS1-Barcodes mit Labeljoy lernen\" style=\"width:640px;max-width:100%;margin:5px;\"><div class=\"lyMe\" id=\"WYL_wCbRz2clY8g\" itemprop=\"video\" itemscope itemtype=\"https:\/\/schema.org\/VideoObject\"><div><meta itemprop=\"thumbnailUrl\" content=\"https:\/\/www.labeljoy.com\/wp-content\/plugins\/wp-youtube-lyte\/lyteCache.php?origThumbUrl=https%3A%2F%2Fi.ytimg.com%2Fvi%2FwCbRz2clY8g%2Fhqdefault.jpg\" \/><meta itemprop=\"embedURL\" content=\"https:\/\/www.youtube.com\/embed\/wCbRz2clY8g\" \/><meta itemprop=\"duration\" content=\"PT1M20S\" \/><meta itemprop=\"uploadDate\" content=\"2020-10-12T22:48:35Z\" \/><\/div><div id=\"lyte_wCbRz2clY8g\" data-src=\"https:\/\/www.labeljoy.com\/wp-content\/plugins\/wp-youtube-lyte\/lyteCache.php?origThumbUrl=https%3A%2F%2Fi.ytimg.com%2Fvi%2FwCbRz2clY8g%2Fhqdefault.jpg\" class=\"pL\"><div class=\"tC\"><div class=\"tT\" itemprop=\"name\">GS1-Barcodes mit Labeljoy lernen<\/div><\/div><div class=\"play\"><\/div><div class=\"ctrl\"><div class=\"Lctrl\"><\/div><div class=\"Rctrl\"><\/div><\/div><\/div><noscript><a href=\"https:\/\/youtu.be\/wCbRz2clY8g\" rel=\"nofollow\"><img decoding=\"async\" src=\"https:\/\/www.labeljoy.com\/wp-content\/plugins\/wp-youtube-lyte\/lyteCache.php?origThumbUrl=https%3A%2F%2Fi.ytimg.com%2Fvi%2FwCbRz2clY8g%2F0.jpg\" alt=\"GS1-Barcodes mit Labeljoy lernen\" width=\"640\" height=\"340\" \/><br \/>Dieses Video auf YouTube ansehen<\/a><\/noscript><meta itemprop=\"description\" content=\"In diesem Video zeigt uns John, wie wir GS1-Codes f\u00fcr unsere Sendungen verwenden, druckt Ihre GS1-Etiketten mit Labeljoy und bringt sie auf Ihre Produkte, Verpackungen und Paletten auf. Mehr Informationen \u00fcber GS1 Barcodes: https:\/\/www.labeljoy.com\/support\/how-to\/generate-gs1-128-barcodes\/ Credits Vektor-Bilder : Vecteezy.com - freevector.com\"><\/div><\/div><div class=\"lL\" style=\"max-width:100%;width:640px;margin:5px;\"><\/div>\n<div class=\"lj-video-button hide\">\n  <a href=\"https:\/\/www.youtube.com\/embed\/wCbRz2clY8g?rel=0&autoplay=1\" data-featherlight=\"iframe\" data-featherlight-iframe-width=\"800\" data-featherlight-iframe-height=\"610\" data-featherlight-iframe-frameborder=\"0\" data-featherlight-iframe-allow=\"autoplay; encrypted-media\" data-featherlight-iframe-allowfullscreen=\"true\" title=\"Video-Tutorial abspielen\">Video-Tutorial abspielen <i class=\"fa fa-play-circle fa-2x\"><\/i><\/a>\n<\/div>\n<p>Beginnen Sie mit der Erstellung eines neuen Etiketts, das einen SSCC-18-Barcode (Serial Shipping Container Code) enth\u00e4lt, der in GS1 AI 00 entspricht. Um diesen Barcode zu erstellen, werden folgende Informationen ben\u00f6tigt:&lt;<\/p>\n<ul>\n<li><strong>Das GS1-Firmenvorzeichen<\/strong>. Diese Information wird von der lokalen GS1-Beh\u00f6rde ausgegeben. Die L\u00e4nge kann zwischen 7 und 10 Ziffern variieren.<\/li>\n<li><strong>Die Seriennummer<\/strong>. Diese Information kann eine beliebige Nummer mit einer L\u00e4nge zwischen 6 und 9 Ziffern, sein.<\/li>\n<\/ul>\n<p>Wie der Name sagt, enth\u00e4lt das SSCC-18-Symbol 18 Ziffern, die wie folgt organisiert sind:<\/p>\n<ul>\n<li><strong>Pr\u00e4fix<\/strong>: 1 Ziffer, freie Verwendung. Kann verwendet werden um die Seriennummer zu erweitern.<\/li>\n<li><strong>Das GS1-Firmenvorzeichen<\/strong>: 7 bis 10 Ziffern.<\/li>\n<li><strong>Die Seriennummer<\/strong>: 6 bis 9 Ziffern, abh\u00e4ngig von der L\u00e4nge des GS1-Firmenvorzeichens.<\/li>\n<li><strong>Pr\u00fcfziffer<\/strong>: Modul-10 Pr\u00fcfziffer, 1 Ziffer.<\/li>\n<\/ul>\n<p>In diesem Beispiel nehmen wir an, dass das GS1-Firmenvorzeichen die folgende 8-stellige Nummer ist: 12345678. Die Versandseriennummer lautet 4567.<br \/>\nUm diese Informationen in einen g\u00fcltigen SSCC-18-Barcode umzuwandeln, muss folgendes in LabelJoy eingegeben werden:<\/p>\n<ul>\n<li><strong>(00):<\/strong> SSCC-18 Applikationsidentifikator.<\/li>\n<li><strong>0:<\/strong> Pr\u00e4fix (die Seriennummer muss nicht erweitert werden).<\/li>\n<li><strong>12345678: <\/strong>Pr\u00e4fix  (die Seriennummer muss nicht erweitert werden).<\/li>\n<li><strong>00004567: <\/strong>Seriennummer. Diese Zahl muss mit Nullen aufgef\u00fcllt werden, sodass der SSCC-18-Code 18-stellig ist.<\/li>\n<li><strong>0:<\/strong> Pr\u00fcfziffer. Hier wird einfach eine Null eingegeben, LabelJoy berechnet die Pr\u00fcfziffer f\u00fcr uns.<br \/>\nDaraus ergibt sich folgende Nummer, die wir in LabelJoy eingeben: (00)012345678000045670:<\/li>\n<\/ul>\n<div><a class=\"hover-item\" href=\"http:\/\/www.labeljoy.com\/images\/how-to\/gs1-128\/image002.png\"><img decoding=\"async\" alt=\"Lablejoy GS1-128 creator\" src=\"http:\/\/www.labeljoy.com\/images\/how-to\/gs1-128\/image002.png\" width=\"636\" height=\"483\"><\/a><\/div>\n<p>Und dies ist das entsprechend generierte Barcode Symbol:<\/p>\n<p><a class=\"hover-item\" href=\"http:\/\/www.labeljoy.com\/images\/how-to\/gs1-128\/image003.png\"><img decoding=\"async\" class=\"aligncenter\" alt=\"SSCC-18 Strichcode\" src=\"http:\/\/www.labeljoy.com\/images\/how-to\/gs1-128\/image003.png\" width=\"285\" height=\"97\"><\/a><\/p>\n<p style=\"text-align: center\"><a href=\"http:\/\/www.labeljoy.com\/images\/how-to\/gs1-128\/GS1-128a.lpa\" class=\"large green tt-button\" target=\"_self\">&nbsp;Diese Datei herunterladen <\/a>\n<p>Wie Sie sehen, ist die letzte Ziffer jetzt 8, da es sich um die korrekte Modul-10-Pr\u00fcfziffer handelt.<br \/>\nBeachten Sie auch, dass die Option AI Sequenz \u00fcberpr\u00fcfen deaktiviert ist, da diese spezifische AI unabh\u00e4ngig von anderen besteht. H\u00e4tten wir diese Option aktiviert, h\u00e4tte sich nichts ge\u00e4ndert.<br \/>\n<em>Credits Vektorbilder in diesem Video: Vecteezy.com &#8211; freevector.com<\/em><\/p>\n<div class=\"also-like\">\n<strong>K\u00f6nnte Sie auch interessieren:<\/strong><\/p>\n<ul>\n<li><a href=\"https:\/\/www.labeljoy.com\/barcode-generieren-kostenlos\/\" title=\"Kostenloser Online-Barcode-Generator\">Kostenloser Online-Barcode-Generator<\/a><\/li>\n<\/ul>\n<\/div>\n","protected":false},"excerpt":{"rendered":"<p>Erstellung eines SSCC-18 Barcodes Beginnen Sie mit der Erstellung eines neuen Etiketts, das einen SSCC-18-Barcode (Serial Shipping Container Code) enth\u00e4lt, der in GS1 AI 00 entspricht. Um diesen Barcode zu erstellen, werden folgende Informationen ben\u00f6tigt:&lt; Das GS1-Firmenvorzeichen. Diese Information wird von der lokalen GS1-Beh\u00f6rde ausgegeben. Die L\u00e4nge kann zwischen 7 und 10 Ziffern variieren. Die &#8230; <a title=\"SSCC-18 Barcodes generieren\" class=\"read-more\" href=\"https:\/\/www.labeljoy.com\/de\/unterstutzung\/anleitungen\/sscc-18-barcodes-generieren\/\" aria-label=\"Mehr Informationen \u00fcber SSCC-18 Barcodes generieren\">Read more<\/a><\/p>\n","protected":false},"author":2,"featured_media":0,"parent":2172,"menu_order":0,"comment_status":"open","ping_status":"closed","template":"","meta":{"inline_featured_image":false,"_monsterinsights_skip_tracking":false,"_monsterinsights_sitenote_active":false,"_monsterinsights_sitenote_note":"","_monsterinsights_sitenote_category":0,"footnotes":""},"class_list":{"0":"post-34035","1":"page","2":"type-page","3":"status-publish","5":"infinite-scroll-item"},"aioseo_notices":[],"_links":{"self":[{"href":"https:\/\/www.labeljoy.com\/de\/wp-json\/wp\/v2\/pages\/34035","targetHints":{"allow":["GET"]}}],"collection":[{"href":"https:\/\/www.labeljoy.com\/de\/wp-json\/wp\/v2\/pages"}],"about":[{"href":"https:\/\/www.labeljoy.com\/de\/wp-json\/wp\/v2\/types\/page"}],"author":[{"embeddable":true,"href":"https:\/\/www.labeljoy.com\/de\/wp-json\/wp\/v2\/users\/2"}],"replies":[{"embeddable":true,"href":"https:\/\/www.labeljoy.com\/de\/wp-json\/wp\/v2\/comments?post=34035"}],"version-history":[{"count":8,"href":"https:\/\/www.labeljoy.com\/de\/wp-json\/wp\/v2\/pages\/34035\/revisions"}],"predecessor-version":[{"id":37637,"href":"https:\/\/www.labeljoy.com\/de\/wp-json\/wp\/v2\/pages\/34035\/revisions\/37637"}],"up":[{"embeddable":true,"href":"https:\/\/www.labeljoy.com\/de\/wp-json\/wp\/v2\/pages\/2172"}],"wp:attachment":[{"href":"https:\/\/www.labeljoy.com\/de\/wp-json\/wp\/v2\/media?parent=34035"}],"curies":[{"name":"wp","href":"https:\/\/api.w.org\/{rel}","templated":true}]}}