{"id":35486,"date":"2021-03-25T11:19:43","date_gmt":"2021-03-25T11:19:43","guid":{"rendered":"https:\/\/www.labeljoy.com\/?page_id=35486"},"modified":"2021-03-25T11:19:52","modified_gmt":"2021-03-25T11:19:52","slug":"erweiterte-texteinstellungen","status":"publish","type":"page","link":"https:\/\/www.labeljoy.com\/de\/video\/erweiterte-texteinstellungen\/","title":{"rendered":"Erweiterte Texteinstellungen"},"content":{"rendered":"<h2>Erweiterte Texteinstellungen<\/h2>\n<p>In diesem Video zeigen wir Ihnen, wie Sie das Format von Feldern \u00e4ndern k\u00f6nnen, die mit einer externen Datenquelle, <a href=\"https:\/\/www.labeljoy.com\/de\/video\/daten-aus-excel-laden\/\" title=\"Daten aus Excel laden\">z. B. einer Excel-Tabelle, verbunden sind<\/a>.<\/p>\n<p>Mit den erweiterten Texteinstellungen von Labeljoy k\u00f6nnen Sie nicht nur Schriftart, Farben, Ausrichtung und Gr\u00f6\u00dfe einzelner Felder \u00e4ndern, sondern auch ganz einfach verschiedene Formate f\u00fcr unterschiedliche numerische Werte, wie W\u00e4hrungen, Prozents\u00e4tze und Datums-\/Zeitformate definieren<\/p>\n\n<div class=\"youtube-embed\" itemprop=\"video\" itemscope itemtype=\"https:\/\/schema.org\/VideoObject\">\n\t<meta itemprop=\"url\" content=\"https:\/\/www.youtube.com\/v\/rTAOxi-LDp4\" \/>\n\t<meta itemprop=\"name\" content=\"Erweiterte Texteinstellungen\" \/>\n\t<meta itemprop=\"description\" content=\"Erweiterte Texteinstellungen\" \/>\n\t<meta itemprop=\"uploadDate\" content=\"2021-03-25T11:19:43+00:00\" \/>\n\t<meta itemprop=\"thumbnailUrl\" content=\"https:\/\/i.ytimg.com\/vi\/rTAOxi-LDp4\/default.jpg\" \/>\n\t<meta itemprop=\"embedUrl\" content=\"https:\/\/www.youtube.com\/embed\/rTAOxi-LDp4\" \/>\n\t<meta itemprop=\"height\" content=\"385\" \/>\n\t<meta itemprop=\"width\" content=\"640\" \/>\n\t<iframe style=\"border: 0;\" class=\"youtube-player\" width=\"640\" height=\"385\" src=\"https:\/\/www.youtube.com\/embed\/rTAOxi-LDp4?modestbranding=1&fs=0&rel=0&loop=1&color=white&playlist=rTAOxi-LDp4\"><\/iframe>\n<\/div>\n\n","protected":false},"excerpt":{"rendered":"<p>Erweiterte Texteinstellungen In diesem Video zeigen wir Ihnen, wie Sie das Format von Feldern \u00e4ndern k\u00f6nnen, die mit einer externen Datenquelle, z. B. einer Excel-Tabelle, verbunden sind. Mit den erweiterten Texteinstellungen von Labeljoy k\u00f6nnen Sie nicht nur Schriftart, Farben, Ausrichtung und Gr\u00f6\u00dfe einzelner Felder \u00e4ndern, sondern auch ganz einfach verschiedene Formate f\u00fcr unterschiedliche numerische Werte, &#8230; <a title=\"Erweiterte Texteinstellungen\" class=\"read-more\" href=\"https:\/\/www.labeljoy.com\/de\/video\/erweiterte-texteinstellungen\/\" aria-label=\"Mehr Informationen \u00fcber Erweiterte Texteinstellungen\">Read more<\/a><\/p>\n","protected":false},"author":12,"featured_media":0,"parent":28657,"menu_order":0,"comment_status":"open","ping_status":"closed","template":"page-template-left-sidebar.php","meta":{"inline_featured_image":false,"_monsterinsights_skip_tracking":false,"_monsterinsights_sitenote_active":false,"_monsterinsights_sitenote_note":"","_monsterinsights_sitenote_category":0,"footnotes":""},"class_list":{"0":"post-35486","1":"page","2":"type-page","3":"status-publish","5":"infinite-scroll-item"},"aioseo_notices":[],"_links":{"self":[{"href":"https:\/\/www.labeljoy.com\/de\/wp-json\/wp\/v2\/pages\/35486","targetHints":{"allow":["GET"]}}],"collection":[{"href":"https:\/\/www.labeljoy.com\/de\/wp-json\/wp\/v2\/pages"}],"about":[{"href":"https:\/\/www.labeljoy.com\/de\/wp-json\/wp\/v2\/types\/page"}],"author":[{"embeddable":true,"href":"https:\/\/www.labeljoy.com\/de\/wp-json\/wp\/v2\/users\/12"}],"replies":[{"embeddable":true,"href":"https:\/\/www.labeljoy.com\/de\/wp-json\/wp\/v2\/comments?post=35486"}],"version-history":[{"count":1,"href":"https:\/\/www.labeljoy.com\/de\/wp-json\/wp\/v2\/pages\/35486\/revisions"}],"predecessor-version":[{"id":35487,"href":"https:\/\/www.labeljoy.com\/de\/wp-json\/wp\/v2\/pages\/35486\/revisions\/35487"}],"up":[{"embeddable":true,"href":"https:\/\/www.labeljoy.com\/de\/wp-json\/wp\/v2\/pages\/28657"}],"wp:attachment":[{"href":"https:\/\/www.labeljoy.com\/de\/wp-json\/wp\/v2\/media?parent=35486"}],"curies":[{"name":"wp","href":"https:\/\/api.w.org\/{rel}","templated":true}]}}