{"id":36736,"date":"2022-01-20T14:26:12","date_gmt":"2022-01-20T14:26:12","guid":{"rendered":"https:\/\/www.labeljoy.com\/?page_id=36736"},"modified":"2022-01-20T14:26:15","modified_gmt":"2022-01-20T14:26:15","slug":"labeljoy-reader","status":"publish","type":"page","link":"https:\/\/www.labeljoy.com\/de\/labeljoy-reader\/","title":{"rendered":"Labeljoy Reader"},"content":{"rendered":"<h1>Labeljoy Reader<\/h1>\n<h2>Der beste Reader f\u00fcr die beste Barcoding- und Labeling Software<\/h2>\n<p><img decoding=\"async\" src=\"https:\/\/www.labeljoy.com\/wp-content\/uploads\/2022\/01\/lebeljoy_reader.png\" alt=\"Labeljoy Reader\" width=\"670\" height=\"81\"><\/p>\n<p>Labeljoy Reader ist eine Anwendung zum Exportieren und Drucken Ihrer Etikettenprojekte.<br \/>\nDownload und Verwendung sind kostenlos &#8211; f\u00fcr immer!<\/p>\n<p>&nbsp;<\/p>\n<h2>Labeljoy pr\u00e4sentiert Labeljoy Reader<\/h2>\n<p><a class=\"hover-item\" href=\"https:\/\/www.labeljoy.com\/wp-content\/uploads\/2022\/01\/lebeljoy_reader_02.png\" data-gal=\"prettyPhoto\"><img decoding=\"async\" style=\"border: none\" src=\"https:\/\/www.labeljoy.com\/wp-content\/uploads\/2022\/01\/lebeljoy_reader_02.png\" alt=\"Labeljoy Reader\" width=\"670\" height=\"575\"><\/a><\/p>\n<p>Labeljoy Reader ist eine erg\u00e4nzende Anwendung zu Labeljoy 6, um Ihre Projekte ganz einfach in das hochaufl\u00f6sende Format LJR zu exportieren und zu drucken.<\/p>\n<p>Es ist eine Freeware-Anwendung, die Sie von der Labeljoy-Website herunterladen k\u00f6nnen;<br \/>\nMit Labeljoy Reader k\u00f6nnen Sie LJR-Dateien \u00f6ffnen, durchsuchen und drucken, aber nicht bearbeiten.<\/p>\n","protected":false},"excerpt":{"rendered":"<p>Labeljoy Reader Der beste Reader f\u00fcr die beste Barcoding- und Labeling Software Labeljoy Reader ist eine Anwendung zum Exportieren und Drucken Ihrer Etikettenprojekte. Download und Verwendung sind kostenlos &#8211; f\u00fcr immer! &nbsp; Labeljoy pr\u00e4sentiert Labeljoy Reader Labeljoy Reader ist eine erg\u00e4nzende Anwendung zu Labeljoy 6, um Ihre Projekte ganz einfach in das hochaufl\u00f6sende Format LJR &#8230; <a title=\"Labeljoy Reader\" class=\"read-more\" href=\"https:\/\/www.labeljoy.com\/de\/labeljoy-reader\/\" aria-label=\"Mehr Informationen \u00fcber Labeljoy Reader\">Read more<\/a><\/p>\n","protected":false},"author":8,"featured_media":0,"parent":0,"menu_order":2,"comment_status":"closed","ping_status":"closed","template":"","meta":{"inline_featured_image":false,"_monsterinsights_skip_tracking":false,"_monsterinsights_sitenote_active":false,"_monsterinsights_sitenote_note":"","_monsterinsights_sitenote_category":0,"footnotes":""},"class_list":{"0":"post-36736","1":"page","2":"type-page","3":"status-publish","5":"infinite-scroll-item"},"aioseo_notices":[],"_links":{"self":[{"href":"https:\/\/www.labeljoy.com\/de\/wp-json\/wp\/v2\/pages\/36736","targetHints":{"allow":["GET"]}}],"collection":[{"href":"https:\/\/www.labeljoy.com\/de\/wp-json\/wp\/v2\/pages"}],"about":[{"href":"https:\/\/www.labeljoy.com\/de\/wp-json\/wp\/v2\/types\/page"}],"author":[{"embeddable":true,"href":"https:\/\/www.labeljoy.com\/de\/wp-json\/wp\/v2\/users\/8"}],"replies":[{"embeddable":true,"href":"https:\/\/www.labeljoy.com\/de\/wp-json\/wp\/v2\/comments?post=36736"}],"version-history":[{"count":1,"href":"https:\/\/www.labeljoy.com\/de\/wp-json\/wp\/v2\/pages\/36736\/revisions"}],"predecessor-version":[{"id":36737,"href":"https:\/\/www.labeljoy.com\/de\/wp-json\/wp\/v2\/pages\/36736\/revisions\/36737"}],"wp:attachment":[{"href":"https:\/\/www.labeljoy.com\/de\/wp-json\/wp\/v2\/media?parent=36736"}],"curies":[{"name":"wp","href":"https:\/\/api.w.org\/{rel}","templated":true}]}}